{"id":14675,"date":"2018-08-08T13:23:12","date_gmt":"2018-08-08T13:23:12","guid":{"rendered":"https:\/\/globecore.com?page_id=14675"},"modified":"2026-03-09T10:35:57","modified_gmt":"2026-03-09T10:35:57","slug":"uvb-2-l-bitumen-modification-laboratory-system","status":"publish","type":"page","link":"https:\/\/globecore.com\/fr\/products\/laboratory-system\/uvb-2-l-bitumen-modification-laboratory-system\/","title":{"rendered":"USB-3 L\u2019unit\u00e9 labo \u00e0 modification de bitume"},"content":{"rendered":"","protected":false},"excerpt":{"rendered":"<p>Le syst\u00e8me de laboratoire USB-3 pour la modification du bitume est con\u00e7u pour la pr\u00e9paration de petits lots de bitume modifi\u00e9 d\u2019un volume allant jusqu\u2019\u00e0 10 litres par cycle.<br \/>\nLe syst\u00e8me fonctionne selon un proc\u00e9d\u00e9 continu de m\u00e9lange du bitume, suivi de la dispersion du bitume et du polym\u00e8re dans un broyeur. Sa conception permet l\u2019introduction de composants liquides suppl\u00e9mentaires au cours du processus de modification, offrant ainsi une grande flexibilit\u00e9 dans le d\u00e9veloppement des formulations.<\/p>\n","protected":false},"author":7,"featured_media":30849,"parent":15373,"menu_order":0,"comment_status":"closed","ping_status":"closed","template":"templates\/single-product.php","meta":{"_acf_changed":false,"_bbp_topic_count":0,"_bbp_reply_count":0,"_bbp_total_topic_count":0,"_bbp_total_reply_count":0,"_bbp_voice_count":0,"_bbp_anonymous_reply_count":0,"_bbp_topic_count_hidden":0,"_bbp_reply_count_hidden":0,"_bbp_forum_subforum_count":0,"footnotes":""},"categories":[1383],"class_list":["post-14675","page","type-page","status-publish","has-post-thumbnail","hentry","category-production-de-bitume","oil_type-industrie-du-batiment","process_type-broyage","process_type-melange"],"acf":{"add_tab":[{"tab_title":"Description","tab_content":"<p style=\"text-align: justify;\">L\u2019unit\u00e9 labo \u00e0 modification de bitume USB-3 est con\u00e7ue pour pr\u00e9parer de petits (jusqu\u2019\u00e0 10 litres) \u00e9chantillons du bitume modifi\u00e9.<\/p>\r\n<p style=\"text-align: justify;\">Son fonctionnement est bas\u00e9 sur le processus continu de m\u00e9lange de bitume avec la dispersion ult\u00e9rieure du bitume et du polym\u00e8re dans le moulin. La conception de l'unit\u00e9 permet l'ajout d'autres composants liquides dans le processus de modification du bitume.<\/p>\r\n<p style=\"text-align: justify;\">L\u2019unit\u00e9 peut \u00eatre utilis\u00e9e par les installations p\u00e9trochimiques pour l\u2019optimisation du processus de production de bitume modifi\u00e9, la d\u00e9termination de la quantit\u00e9 requise d\u2019additifs modificateurs et l\u2019utilisation du bitume pr\u00e9par\u00e9 comme \u00e9chantillon de laboratoire.<\/p>\r\n<p style=\"text-align: center;\"><strong>L\u2019unit\u00e9 labo \u00e0 modification de GlobeCore<\/strong><\/p>\r\n<p style=\"text-align: justify;\">Cette unit\u00e9 est con\u00e7ue aux essais de formules connues d\u2019\u00e9mulsions, d\u2019appr\u00eats et de caoutchouc liquide. On peut \u00e9galement s\u2019en servir pour le d\u00e9veloppement de nouveaux mat\u00e9riaux et \u00e9mulsifiants, au cours d'\u00e9tudes et d'exp\u00e9riences pertinentes.<\/p>\r\n<p style=\"text-align: justify;\">Le fonctionnement est bas\u00e9 sur le processus continu de m\u00e9lange de bitume suivi de la dispersion ult\u00e9rieure du bitume et du polym\u00e8re dans le moulin. Sa conception fait possible l\u2019addition des autres composants liquides lors de la modification du bitume.<\/p>\r\n<p style=\"text-align: justify;\">L\u2019unit\u00e9 peut \u00eatre utilis\u00e9e par les installations p\u00e9trochimiques pour l\u2019optimisation du processus de production de bitume modifi\u00e9, la d\u00e9termination de la quantit\u00e9 requise d\u2019additifs modificateurs et l\u2019utilisation du bitume pr\u00e9par\u00e9 comme \u00e9chantillon de laboratoire. L\u2019unit\u00e9 labo \u00e0 modification de bitume USB-3 est con\u00e7ue pour pr\u00e9parer de petits (jusqu\u2019\u00e0 10 litres) \u00e9chantillons du bitume modifi\u00e9.<\/p>"}],"add_def_tab":[{"tab_title":"Caract\u00e9ristiques","tab_content":"<table width=\"441\">\r\n<tbody>\r\n<tr>\r\n<td width=\"312\">\r\n<p style=\"text-align: center;\"><strong>Sp\u00e9cifications<\/strong><\/p>\r\n<\/td>\r\n<td style=\"text-align: center;\" width=\"128\"><strong>Valeur<\/strong><\/td>\r\n<\/tr>\r\n<tr>\r\n<td width=\"312\">\r\n<p style=\"text-align: left;\">Volume du r\u00e9servoir principal de chargement, litres<\/p>\r\n<\/td>\r\n<td width=\"128\">\r\n<p style=\"text-align: center;\">24<\/p>\r\n<\/td>\r\n<\/tr>\r\n<tr>\r\n<td width=\"312\">\r\n<p style=\"text-align: left;\">Chargement minimal de bitume, litres<\/p>\r\n<\/td>\r\n<td width=\"128\">\r\n<p style=\"text-align: center;\">10<\/p>\r\n<\/td>\r\n<\/tr>\r\n<tr>\r\n<td width=\"312\">\r\n<p style=\"text-align: left;\">Chargement maximal de bitume, litres<\/p>\r\n<\/td>\r\n<td width=\"128\">\r\n<p style=\"text-align: center;\">12<\/p>\r\n<\/td>\r\n<\/tr>\r\n<tr>\r\n<td width=\"312\">Proc\u00e9d\u00e9 de pr\u00e9paration du bitume modifi\u00e9<\/td>\r\n<td width=\"128\">\r\n<p style=\"text-align: center;\">Dispersion de bitume et de polym\u00e8re dans le moulin<\/p>\r\n<\/td>\r\n<\/tr>\r\n<tr>\r\n<td width=\"312\">\r\n<p style=\"text-align: left;\">Capacit\u00e9 de la pompe, l\/min<\/p>\r\n<\/td>\r\n<td width=\"128\">\r\n<p style=\"text-align: center;\">30<\/p>\r\n<\/td>\r\n<\/tr>\r\n<tr>\r\n<td width=\"312\">\r\n<p style=\"text-align: left;\">Temp\u00e9rature maximale de pr\u00e9paration du bitume, <em>\u00b0<\/em>C<\/p>\r\n<\/td>\r\n<td width=\"128\">\r\n<p style=\"text-align: center;\">180<\/p>\r\n<\/td>\r\n<\/tr>\r\n<tr>\r\n<td width=\"312\">\r\n<p style=\"text-align: left;\">Temp\u00e9rature minimale du bitume lors de chargement, <em>\u00b0<\/em>C<\/p>\r\n<\/td>\r\n<td width=\"128\">\r\n<p style=\"text-align: center;\">160<\/p>\r\n<\/td>\r\n<\/tr>\r\n<tr>\r\n<td width=\"312\">\r\n<p style=\"text-align: left;\">Chauffage du liquide dans les r\u00e9servoirs et les circuits<\/p>\r\n<\/td>\r\n<td width=\"128\">\r\n<p style=\"text-align: center;\">Par liquide caloporteur<\/p>\r\n<\/td>\r\n<\/tr>\r\n<tr>\r\n<td width=\"312\">\r\n<p style=\"text-align: left;\">Puissance du r\u00e9chauffeur, kW<\/p>\r\n<\/td>\r\n<td width=\"128\">\r\n<p style=\"text-align: center;\">1.2<\/p>\r\n<\/td>\r\n<\/tr>\r\n<tr>\r\n<td width=\"312\">\r\n<p style=\"text-align: left;\">Commande<\/p>\r\n<\/td>\r\n<td width=\"128\">\r\n<p style=\"text-align: center;\">Manuel<\/p>\r\n<\/td>\r\n<\/tr>\r\n<tr>\r\n<td width=\"312\">\r\n<p style=\"text-align: left;\">Commande<\/p>\r\n<\/td>\r\n<td width=\"128\">\r\n<p style=\"text-align: center;\">Automatisation assist\u00e9e<\/p>\r\n<\/td>\r\n<\/tr>\r\n<tr>\r\n<td width=\"312\">\r\n<p style=\"text-align: left;\">Consommation \u00e9lectrique maximale, kW<\/p>\r\n<\/td>\r\n<td width=\"128\">\r\n<p style=\"text-align: center;\">6<\/p>\r\n<\/td>\r\n<\/tr>\r\n<tr>\r\n<td width=\"312\">\r\n<p style=\"text-align: left;\">Dimensions (L \/ W \/ H), mm<\/p>\r\n<\/td>\r\n<td width=\"128\">\r\n<p style=\"text-align: center;\">1175\/845\/1500<\/p>\r\n<\/td>\r\n<\/tr>\r\n<tr>\r\n<td width=\"312\">\r\n<p style=\"text-align: left;\">Poids net max.<\/p>\r\n<\/td>\r\n<td width=\"128\">\r\n<p style=\"text-align: center;\">320<\/p>\r\n<\/td>\r\n<\/tr>\r\n<\/tbody>\r\n<\/table>"},{"tab_title":"Avantages","tab_content":"<ul>\r\n \t<li>peut \u00eatre utilis\u00e9 par des laboratoires et des \u00e9tablissements de recherche;<\/li>\r\n \t<li>produit des \u00e9chantillons de bitume modifi\u00e9 pour les tests en laboratoire;<\/li>\r\n \t<li>teste l\u2019efficacit\u00e9 de divers additifs pour bitume et l\u2019optimisation des formules de mat\u00e9riaux liants \u00e0 base de bitume.<\/li>\r\n<\/ul>"},{"tab_title":"Application","tab_content":"[product_oil_types]"},{"tab_title":"Webinaire","tab_content":"<div class=\"responsive-embed widescreen\">\r\n<div class=\"responsive-embed widescreen\">\r\n<div class=\"responsive-embed widescreen\">\r\n<div class=\"responsive-embed widescreen\">\r\n<div class=\"responsive-embed widescreen\">\r\n<div class=\"responsive-embed widescreen\"><iframe title=\"Production de bitume modifi\u00e9. Approche moderne\" src=\"https:\/\/www.youtube.com\/embed\/Q0SRGxA9L4g?feature=oembed\" width=\"500\" height=\"281\" frameborder=\"0\" allowfullscreen=\"allowfullscreen\"><\/iframe><\/div>\r\n<\/div>\r\n<\/div>\r\n<\/div>\r\n<\/div>\r\n<\/div>"}],"add_video_tab":[{"video_tab_title":"Vid\u00e9o","add_video_id":[{"video_id":"B-VX5VdEIJQ"},{"video_id":"RZK3ca482pk"}]}],"add_gallery_tab":[{"gallery_tab_title":"Photo","add_img":[13603,13600,60174,60183]}],"add_price_tab":[{"price_tab_title":"Obtenir le prix"}]},"language":"fr","_links":{"self":[{"href":"https:\/\/globecore.com\/fr\/wp-json\/wp\/v2\/pages\/14675","targetHints":{"allow":["GET"]}}],"collection":[{"href":"https:\/\/globecore.com\/fr\/wp-json\/wp\/v2\/pages"}],"about":[{"href":"https:\/\/globecore.com\/fr\/wp-json\/wp\/v2\/types\/page"}],"author":[{"embeddable":true,"href":"https:\/\/globecore.com\/fr\/wp-json\/wp\/v2\/users\/7"}],"replies":[{"embeddable":true,"href":"https:\/\/globecore.com\/fr\/wp-json\/wp\/v2\/comments?post=14675"}],"version-history":[{"count":1,"href":"https:\/\/globecore.com\/fr\/wp-json\/wp\/v2\/pages\/14675\/revisions"}],"predecessor-version":[{"id":341857,"href":"https:\/\/globecore.com\/fr\/wp-json\/wp\/v2\/pages\/14675\/revisions\/341857"}],"up":[{"embeddable":true,"href":"https:\/\/globecore.com\/fr\/wp-json\/wp\/v2\/pages\/15373"}],"wp:featuredmedia":[{"embeddable":true,"href":"https:\/\/globecore.com\/fr\/wp-json\/wp\/v2\/media\/30849"}],"wp:attachment":[{"href":"https:\/\/globecore.com\/fr\/wp-json\/wp\/v2\/media?parent=14675"}],"wp:term":[{"taxonomy":"category","embeddable":true,"href":"https:\/\/globecore.com\/fr\/wp-json\/wp\/v2\/categories?post=14675"}],"curies":[{"name":"wp","href":"https:\/\/api.w.org\/{rel}","templated":true}]}}