{"id":14680,"date":"2018-08-08T13:31:30","date_gmt":"2018-08-08T13:31:30","guid":{"rendered":"https:\/\/globecore.com?page_id=14680"},"modified":"2025-12-19T07:57:42","modified_gmt":"2025-12-19T07:57:42","slug":"bitumen-modification-unit-4-m3hour-production-capacity","status":"publish","type":"page","link":"https:\/\/globecore.com\/fr\/products\/modification-de-bitume\/bitumen-modification-unit-4-m3hour-production-capacity\/","title":{"rendered":"L\u2018unit\u00e9 \u00e0 modification de bitume USB-3 (4 m\u00b3\/heure)"},"content":{"rendered":"","protected":false},"excerpt":{"rendered":"<p>L\u2019usine de modification du bitume USB-3 est con\u00e7ue pour modifier le bitume destin\u00e9 \u00e0 la construction routi\u00e8re en ajoutant des polym\u00e8res, des additifs d\u2019adh\u00e9sion et des plastifiants. Le bitume modifi\u00e9 est utilis\u00e9 pour les couches de surface en asphalte et en b\u00e9ton, les couches de protection en ciment et les mastics de fissures. L\u2019unit\u00e9 dispose d\u2019une capacit\u00e9 de production minimale de 4\u202fm\u00b3\/h et peut r\u00e9aliser pratiquement tous les proc\u00e9d\u00e9s de modification du bitume en utilisant une large gamme de modificateurs, y compris des polym\u00e8res et des cires.<\/p>\n","protected":false},"author":7,"featured_media":14683,"parent":14755,"menu_order":0,"comment_status":"closed","ping_status":"closed","template":"templates\/single-product.php","meta":{"_acf_changed":false,"_bbp_topic_count":0,"_bbp_reply_count":0,"_bbp_total_topic_count":0,"_bbp_total_reply_count":0,"_bbp_voice_count":0,"_bbp_anonymous_reply_count":0,"_bbp_topic_count_hidden":0,"_bbp_reply_count_hidden":0,"_bbp_forum_subforum_count":0,"footnotes":""},"categories":[1310],"class_list":["post-14680","page","type-page","status-publish","has-post-thumbnail","hentry","category-news"],"acf":{"add_tab":[{"tab_title":"Description","tab_content":"<p style=\"text-align: justify;\">L\u2018unit\u00e9 \u00e0 modification de bitume USB-3 est con\u00e7ue pour la modification du bitume en ajoutant des polym\u00e8res, des additifs d\u2019adh\u00e9sion et des plastifiants dans le bitume routier visqueux.\u00a0 Le bitume modifi\u00e9 est utilis\u00e9 dans la formation de couche sup\u00e9rieure d\u2019asphalte-b\u00e9ton, de couches de protection de ciment et de produits de scellement de fissures.<\/p>\r\n<p style=\"text-align: justify;\">L\u2019utilisation de bitume modifi\u00e9 au lieu de m\u00e9langes asphalte-b\u00e9ton permet d\u2019augmenter la plage de temp\u00e9rature du fonctionnement de rev\u00eatement d\u2019asphalte pendant les fluctuations de temp\u00e9rature saisonni\u00e8res, assure la r\u00e9sistance \u00e0 la d\u00e9formation (fissuration et orni\u00e9rage) et prolonge la dur\u00e9e de vie des routes.<\/p>\r\n<p style=\"text-align: justify;\">Presque tout proc\u00e9d\u00e9 de modification du bitume et l\u2019utilisation d\u2019une large gamme de modificateurs de polym\u00e8res (polym\u00e8res, cires, etc.) peut \u00eatre r\u00e9alis\u00e9 dans cette unit\u00e9.<\/p>\r\n<p style=\"text-align: justify;\">La compatibilit\u00e9 du bitume et des polym\u00e8res est essentielle pour obtenir un produit final de haute qualit\u00e9. Le polym\u00e8re est capable d\u2019absorber les composants p\u00e9troliers du liant, en pr\u00e9servant la structure. En raison du processus de modification, le bitume est transform\u00e9 en un \u00e9lastom\u00e8re qui poss\u00e8de une meilleure \u00e9lasticit\u00e9.<\/p>\r\n<p style=\"text-align: justify;\">Les professionnels de l\u2019industrie p\u00e9trochimique moderne tentent de maximiser le rendement des produits p\u00e9troliers l\u00e9gers et d\u2019extraire des fractions paraffine-napht\u00e9niques du bitume dans toute la mesure possible.\u00a0 Cela r\u00e9duit sa flexibilit\u00e9 \u00e0 basse temp\u00e9rature et r\u00e9duit le point de ramollissement \u00e0 des temp\u00e9ratures \u00e9lev\u00e9es. G\u00e9n\u00e9ralement, le bitume moderne perd de son \u00e9lasticit\u00e9 \u00e0 environ 220<sup>o <\/sup>C, et commence \u00e0 se ramollir \u00e0 +45<sup>o <\/sup>C - 48<sup>o\u00a0 <\/sup>\u0421. L\u2019utilisation de bitume non modifi\u00e9 dans la construction de routes, qui n\u00e9cessite un liant avec une plage de temp\u00e9rature de -40<sup>o<\/sup>C \u00e0 +70<sup>o <\/sup>C, et pour les mat\u00e9riaux de toiture, souvent soumis \u00e0 des temp\u00e9ratures allant jusqu\u2019\u00e0 90<sup>o <\/sup>C, est inefficace. Heureusement, il existe des moyens de changer et d\u2019am\u00e9liorer les propri\u00e9t\u00e9s de bitume en le m\u00e9langeant \u00e0 divers additifs. Ceci est mieux r\u00e9alis\u00e9 par une unit\u00e9 sp\u00e9ciale \u00e0 modification de bitume, par exemple<\/p>"}],"add_def_tab":[{"tab_title":"Specification","tab_content":"<table width=\"405\">\n<tbody>\n<tr>\n<td width=\"273\">\n<p style=\"text-align: center;\"><strong>Sp\u00e9cifications<\/strong><\/p>\n<\/td>\n<td style=\"text-align: center;\" width=\"132\"><strong>Valeur<\/strong><\/td>\n<\/tr>\n<tr>\n<td width=\"273\">\n<p style=\"text-align: left;\">Capacit\u00e9, pas moins de, <em>m\u00b3\/heure<\/em><\/p>\n<\/td>\n<td width=\"132\">\n<p style=\"text-align: center;\">4<\/p>\n<\/td>\n<\/tr>\n<tr>\n<td width=\"273\">\n<p style=\"text-align: left;\">Consommation de polym\u00e8re par 1m\u00b3 de bitume, <em>kg<\/em><\/p>\n<\/td>\n<td width=\"132\">\n<p style=\"text-align: center;\">10\u2013100<\/p>\n<\/td>\n<\/tr>\n<tr>\n<td width=\"273\">\n<p style=\"text-align: left;\">Mode de fonctionnement<\/p>\n<\/td>\n<td width=\"132\">\n<p style=\"text-align: center;\">Par dosage \/Cons\u00e9cutif<\/p>\n<\/td>\n<\/tr>\n<tr>\n<td width=\"273\">\n<p style=\"text-align: left;\">Quantit\u00e9 de r\u00e9acteurs<\/p>\n<\/td>\n<td width=\"132\">\n<p style=\"text-align: center;\">2<\/p>\n<\/td>\n<\/tr>\n<tr>\n<td width=\"273\">\n<p style=\"text-align: left;\">Puissance nominale, <em>kW<\/em><\/p>\n<\/td>\n<td width=\"132\"><\/td>\n<\/tr>\n<tr>\n<td width=\"273\">\n<p style=\"text-align: left;\">\u25cf moulin<\/p>\n<\/td>\n<td width=\"132\">\n<p style=\"text-align: center;\">45<\/p>\n<\/td>\n<\/tr>\n<tr>\n<td width=\"273\">\n<p style=\"text-align: left;\">\u25cf pompe d\u2019alimentation de moulin en bitume<\/p>\n<\/td>\n<td width=\"132\">\n<p style=\"text-align: center;\">7.5<\/p>\n<\/td>\n<\/tr>\n<tr>\n<td width=\"273\">\n<p style=\"text-align: left;\">\u25cf pompe d\u2019alimentation\/sortie de bitume<\/p>\n<\/td>\n<td width=\"132\">\n<p style=\"text-align: center;\">7.5<\/p>\n<\/td>\n<\/tr>\n<tr>\n<td width=\"273\">\n<p style=\"text-align: left;\">\u25cf entrainement d\u2019agitateur<\/p>\n<\/td>\n<td width=\"132\">\n<p style=\"text-align: center;\">2\u00d75.5<\/p>\n<\/td>\n<\/tr>\n<tr>\n<td width=\"273\">\n<p style=\"text-align: left;\">\u25cf puissance du r\u00e9chauffeur (totale)<\/p>\n<\/td>\n<td width=\"132\">\n<p style=\"text-align: center;\">4\u00d727<\/p>\n<\/td>\n<\/tr>\n<tr>\n<td width=\"273\">\n<p style=\"text-align: left;\">\u25cf pompe d\u2019alimentation en caloporteur<\/p>\n<\/td>\n<td width=\"132\">\n<p style=\"text-align: center;\">3<\/p>\n<\/td>\n<\/tr>\n<tr>\n<td width=\"273\">\n<p style=\"text-align: left;\">\u25cf syst\u00e8me de commande<\/p>\n<\/td>\n<td width=\"132\">\n<p style=\"text-align: center;\">0.8<\/p>\n<\/td>\n<\/tr>\n<tr>\n<td width=\"273\">\n<p style=\"text-align: left;\">\u25cf pompe d\u2019alimentation en plastifiant<\/p>\n<\/td>\n<td width=\"132\">\n<p style=\"text-align: center;\">3<\/p>\n<\/td>\n<\/tr>\n<tr>\n<td width=\"273\">\n<p style=\"text-align: left;\">\u25cf pompe d\u2019alimentation en additif d\u2019adh\u00e9sion<\/p>\n<\/td>\n<td width=\"132\">\n<p style=\"text-align: center;\">0.25<\/p>\n<\/td>\n<\/tr>\n<tr>\n<td width=\"273\">\n<p style=\"text-align: left;\">\u25cf total<\/p>\n<\/td>\n<td width=\"132\">\n<p style=\"text-align: center;\">190<\/p>\n<\/td>\n<\/tr>\n<tr>\n<td width=\"273\">\n<p style=\"text-align: left;\">Alimentation \u00e9lectrique<\/p>\n<\/td>\n<td width=\"132\"><\/td>\n<\/tr>\n<tr>\n<td width=\"273\">\n<p style=\"text-align: left;\">\u25cf tension, <em>V<\/em><\/p>\n<\/td>\n<td width=\"132\">\n<p style=\"text-align: center;\">380<\/p>\n<\/td>\n<\/tr>\n<tr>\n<td width=\"273\">\n<p style=\"text-align: left;\">\u25cf fr\u00e9quence, <em>Hz<\/em><\/p>\n<\/td>\n<td width=\"132\">\n<p style=\"text-align: center;\">50<\/p>\n<\/td>\n<\/tr>\n<tr>\n<td width=\"273\">\n<p style=\"text-align: left;\">Dimensions, sans pi\u00e8ces d\u00e9mont\u00e9es \u00e0 l\u2019acheminement (L\/W\/H), <em>mm<\/em><\/p>\n<\/td>\n<td width=\"132\">&nbsp;<\/p>\n<p style=\"text-align: center;\">5200\/3200\/2400<\/p>\n<\/td>\n<\/tr>\n<tr>\n<td width=\"273\">\n<p style=\"text-align: left;\">Poids max., <em>kg<\/em><\/p>\n<\/td>\n<td width=\"132\">\n<p style=\"text-align: center;\">5600<\/p>\n<\/td>\n<\/tr>\n<\/tbody>\n<\/table>\n<p style=\"text-align: justify;\">\n"},{"tab_title":"Avantages","tab_content":"<ul>\n<li style=\"text-align: justify;\">fonctionnement ext\u00e9rieur ou \u00e0 l&#8217;int\u00e9rieur;<\/li>\n<li style=\"text-align: justify;\">mode manuel et automatique;<\/li>\n<li style=\"text-align: justify;\">facilit\u00e9 d&#8217;entretien et fonctionnement;<\/li>\n<li style=\"text-align: justify;\">int\u00e9gration simple de l&#8217;\u00e9quipement dans l&#8217;ensemble d&#8217;une usine d&#8217;asphalte;<\/li>\n<li style=\"text-align: justify;\">des modificateurs sous forme de poudres, de granul\u00e9s et de liquides;<\/li>\n<li style=\"text-align: justify;\">adaptation des dimensions au transport routier et maritime;<\/li>\n<li style=\"text-align: justify;\">rin\u00e7age automatique de l&#8217;unit\u00e9 \u00e0 la fin des travaux;<\/li>\n<li style=\"text-align: justify;\">s\u00e9curit\u00e9 op\u00e9rationnelle;<\/li>\n<li style=\"text-align: justify;\">peut travailler en plein champ gr\u00e2ce au montage conteneuris\u00e9.<\/li>\n<\/ul>\n"},{"tab_title":"Application","tab_content":"[product_oil_types]"}],"add_video_tab":[{"video_tab_title":"Vid\u00e9o","add_video_id":[{"video_id":"RZK3ca482pk"}]}],"add_gallery_tab":[{"gallery_tab_title":"Galerie","add_img":[13603,13600,13594]}],"add_price_tab":[{"price_tab_title":"Obtenir le prix"}]},"language":"fr","_links":{"self":[{"href":"https:\/\/globecore.com\/fr\/wp-json\/wp\/v2\/pages\/14680","targetHints":{"allow":["GET"]}}],"collection":[{"href":"https:\/\/globecore.com\/fr\/wp-json\/wp\/v2\/pages"}],"about":[{"href":"https:\/\/globecore.com\/fr\/wp-json\/wp\/v2\/types\/page"}],"author":[{"embeddable":true,"href":"https:\/\/globecore.com\/fr\/wp-json\/wp\/v2\/users\/7"}],"replies":[{"embeddable":true,"href":"https:\/\/globecore.com\/fr\/wp-json\/wp\/v2\/comments?post=14680"}],"version-history":[{"count":0,"href":"https:\/\/globecore.com\/fr\/wp-json\/wp\/v2\/pages\/14680\/revisions"}],"up":[{"embeddable":true,"href":"https:\/\/globecore.com\/fr\/wp-json\/wp\/v2\/pages\/14755"}],"wp:featuredmedia":[{"embeddable":true,"href":"https:\/\/globecore.com\/fr\/wp-json\/wp\/v2\/media\/14683"}],"wp:attachment":[{"href":"https:\/\/globecore.com\/fr\/wp-json\/wp\/v2\/media?parent=14680"}],"wp:term":[{"taxonomy":"category","embeddable":true,"href":"https:\/\/globecore.com\/fr\/wp-json\/wp\/v2\/categories?post=14680"}],"curies":[{"name":"wp","href":"https:\/\/api.w.org\/{rel}","templated":true}]}}