{"id":14685,"date":"2018-08-08T13:39:25","date_gmt":"2018-08-08T13:39:25","guid":{"rendered":"https:\/\/globecore.com?page_id=14685"},"modified":"2026-04-20T11:36:49","modified_gmt":"2026-04-20T11:36:49","slug":"cmm-4t-turbine-oil-filtration","status":"publish","type":"page","link":"https:\/\/globecore.com\/fr\/products\/degazage-a-lhuile\/cmm-4t-turbine-oil-filtration\/","title":{"rendered":"CMM-4,0T Le syst\u00e8me de filtration d\u2019huile de turbine"},"content":{"rendered":"","protected":false},"excerpt":{"rendered":"<p>La GlobeCore CMM-4,0T est une station mobile d\u2019huile con\u00e7ue pour le traitement d\u2019huile de turbine, incluant la purification, l\u2019\u00e9limination des particules solides et de l\u2019eau. L\u2019unit\u00e9 a une capacit\u00e9 de 4 m\u00b3\/h. L\u2019utilisation de la CMM-4,0T prolonge la dur\u00e9e de vie de l\u2019huile de turbine, des machines \u00e0 gaz et \u00e0 vapeur, des \u00e9quipements de turbine, des centrales \u00e9lectriques et d\u2019autres installations industrielles. L\u2019huile contamin\u00e9e peut provoquer divers probl\u00e8mes, c\u2019est pourquoi l\u2019entretien appropri\u00e9 des \u00e9quipements remplis d\u2019huile est essentiel. La filtration de l\u2019huile constitue une alternative efficace \u00e0 l\u2019achat de produits neufs co\u00fbteux. Le syst\u00e8me CMM-4,0T peut \u00eatre utilis\u00e9 pour la purification, la d\u00e9shydratation, le d\u00e9gazage et l\u2019\u00e9vacuation de l\u2019huile. Il convient \u00e0 l\u2019huile de turbine avec une viscosit\u00e9 ne d\u00e9passant pas 280 cSt \u00e0 50\u202f\u00b0C.<\/p>\n","protected":false},"author":7,"featured_media":31395,"parent":15380,"menu_order":0,"comment_status":"closed","ping_status":"closed","template":"templates\/single-product.php","meta":{"_acf_changed":false,"_bbp_topic_count":0,"_bbp_reply_count":0,"_bbp_total_topic_count":0,"_bbp_total_reply_count":0,"_bbp_voice_count":0,"_bbp_anonymous_reply_count":0,"_bbp_topic_count_hidden":0,"_bbp_reply_count_hidden":0,"_bbp_forum_subforum_count":0,"footnotes":""},"categories":[1339],"class_list":["post-14685","page","type-page","status-publish","has-post-thumbnail","hentry","category-oil-maintenance-fr","oil_type-fluide-dielectrique-fr3","oil_type-fluide-dielectrique-midel-7131","oil_type-fluide-ignifuge-fyrquel","oil_type-huile-de-silicone","oil_type-huile-de-transmission","oil_type-huile-hydraulique","oil_type-huile-industrielle","oil_type-huile-pour-cables","oil_type-huile-pour-compresseur","oil_type-huile-pour-transformateur","oil_type-huile-pour-turbine","oil_type-huile-shell-diala","process_type-degazage","process_type-deshydratation","process_type-filtration-fr"],"acf":{"add_tab":[{"tab_title":"Description","tab_content":"<p style=\"text-align: justify;\">Unit\u00e9\u00a0<strong><em>CMM-4,0T <\/em><\/strong>est con\u00e7u pour filtrer l\u2019huile de turbine. Sa t\u00e2che <em>est de purifier l\u2019huile de transformateur, \u00e9liminer de particules et de l\u2019eau.<\/em><\/p>\r\n<p style=\"text-align: justify;\">Capacit\u00e9 de l\u2019unit\u00e9 - <strong><em>4 m<sup>3<\/sup>\/heure<\/em><\/strong>.<\/p>\r\n<p style=\"text-align: justify;\">Cette unit\u00e9 peut prolonger la dur\u00e9e de vie d\u2019huile de turbine, de l\u2019\u00e9quipement \u00e0 gaz et vapeur, des turbines, des centrales \u00e9lectriques et d'autres installations industrielles.<\/p>\r\n<p style=\"text-align: justify;\">La contamination de l'huile industrielle entra\u00eene un certain nombre de probl\u00e8mes. L'\u00e9quipement rempli d'huile n\u00e9cessite un entretien appropri\u00e9. La filtration d'huile au lieu d'acheter une nouvelle huile co\u00fbteuse est la solution optimale.<\/p>\r\n<p style=\"text-align: justify;\"><strong><em>Le syst\u00e8me de filtration d\u2019huile de turbine CMM-4,0T <\/em><\/strong>peut \u00eatre utilis\u00e9 dans la purification, d\u00e9shydratation et d\u00e9gazage. La mise sous vide d'un \u00e9quipement de tiers est \u00e9galement possible.<\/p>\r\n<p style=\"text-align: justify;\">L\u2019unit\u00e9 est utilis\u00e9e pour les huiles de turbine d\u2019une viscosit\u00e9 inf\u00e9rieure ou \u00e9gale \u00e0 280 cSt \u00e0 50\u00b0C.<\/p>\r\n\r\n<h2 style=\"text-align: center;\" data-start=\"58\" data-end=\"462\">Installation d'un filtre sp\u00e9cial GC de filtration fine (optionnel)<\/h2>\r\n<p class=\"\" style=\"text-align: justify;\" data-start=\"58\" data-end=\"462\">\u00c0 la demande du client, l'unit\u00e9 CMM-4T peut \u00eatre \u00e9quip\u00e9e d'un filtre sp\u00e9cial de filtration fine \u00e0 haute efficacit\u00e9 de <em><strong>GlobeCore<\/strong><\/em>. La principale caract\u00e9ristique de ce filtre est son taux de filtration \u00e9lev\u00e9 (\u03b2 &gt; 4000), ce qui permet une \u00e9limination plus approfondie des impuret\u00e9s m\u00e9caniques et une finesse de filtration de 3 microns.<\/p>\r\n<p class=\"\" style=\"text-align: justify;\" data-start=\"464\" data-end=\"575\">Vous pouvez trouver des informations plus d\u00e9taill\u00e9es sur la description et les sp\u00e9cifications de ce filtre <a href=\"https:\/\/globecore.com\/fr\/products\/accessoires\/filters\/fine-filter-with-filtration-coefficient-beta-4000\/\"><strong>ici<\/strong><\/a>.<\/p>"}],"add_def_tab":[{"tab_title":"Caract\u00e9ristiques","tab_content":"<table width=\"640\">\r\n<tbody>\r\n<tr>\r\n<td width=\"30\"><strong>\u2116<\/strong><\/td>\r\n<td width=\"510\">\r\n<p style=\"text-align: center;\"><strong>Sp\u00e9cification<\/strong><\/p>\r\n<\/td>\r\n<td width=\"99\">\r\n<p style=\"text-align: center;\"><strong>Valeur<\/strong><\/p>\r\n<\/td>\r\n<\/tr>\r\n<tr>\r\n<td width=\"30\">1<\/td>\r\n<td width=\"510\">Capacit\u00e9, m<sup>3<\/sup>\/heure\u00a0(gpm)<\/td>\r\n<td width=\"99\">\r\n<p style=\"text-align: center;\">4\u00a0(17.6)<\/p>\r\n<\/td>\r\n<\/tr>\r\n<tr>\r\n<td width=\"30\">2<\/td>\r\n<td width=\"510\">\r\n<p style=\"text-align: left;\">Sp\u00e9cifications d\u2019huile trait\u00e9e:<\/p>\r\n<p style=\"text-align: left;\">\u2014 Teneur en humidit\u00e9 par masse, ppm, pas plus de<\/p>\r\n<p style=\"text-align: left;\">\u2014 Finesse de filtration, \u00b5,<\/p>\r\n<\/td>\r\n<td width=\"99\">\r\n<p style=\"text-align: center;\">10 ppm ou 5 ppm ou 5 ppm+ (en option)<\/p>\r\n<p style=\"text-align: center;\">5 \u00b5 ou 3 \u00b5 (en option)<\/p>\r\n<\/td>\r\n<\/tr>\r\n<tr>\r\n<td width=\"30\">3<\/td>\r\n<td width=\"510\">\r\n<p style=\"text-align: left;\">Temp\u00e9rature max. d\u2019huile \u00e0 la sortie, \u00ba\u0421\u00a0(\u00baF)<\/p>\r\n<\/td>\r\n<td width=\"99\">\r\n<p style=\"text-align: center;\">55\u00a0(131)<\/p>\r\n<\/td>\r\n<\/tr>\r\n<tr>\r\n<td width=\"30\">4<\/td>\r\n<td width=\"510\">\r\n<p style=\"text-align: left;\">Pression de service, MPa\u00a0(psi)<\/p>\r\n<\/td>\r\n<td width=\"99\">\r\n<p style=\"text-align: center;\">0,4\u00a0(58)<\/p>\r\n<\/td>\r\n<\/tr>\r\n<tr>\r\n<td width=\"30\">5<\/td>\r\n<td width=\"510\">\r\n<p style=\"text-align: left;\">Vide de service<\/p>\r\n<p style=\"text-align: left;\">\u2013 pompe \u00e0 vide<\/p>\r\n<\/td>\r\n<td width=\"99\">\r\n<p style=\"text-align: center;\">-0,75 \u2026 -0,85<\/p>\r\n<\/td>\r\n<\/tr>\r\n<tr>\r\n<td width=\"30\"><\/td>\r\n<td width=\"510\">\r\n<p style=\"text-align: left;\">\u2013 chambre \u00e0 vide<\/p>\r\n<\/td>\r\n<td width=\"99\">\r\n<p style=\"text-align: center;\">-0,65 \u2026 -0,75<\/p>\r\n<\/td>\r\n<\/tr>\r\n<tr>\r\n<td width=\"30\">6<\/td>\r\n<td width=\"510\">\r\n<p style=\"text-align: left;\">Puissance r\u00e9chauffeur d\u2019huile, kW<\/p>\r\n<\/td>\r\n<td width=\"99\">\r\n<p style=\"text-align: center;\">29<\/p>\r\n<\/td>\r\n<\/tr>\r\n<tr>\r\n<td width=\"30\">7<\/td>\r\n<td width=\"510\">\r\n<p style=\"text-align: left;\">Puissance sp\u00e9cifique du r\u00e9chauffeur, W\/cm<sup>2<\/sup><\/p>\r\n<\/td>\r\n<td width=\"99\">\r\n<p style=\"text-align: center;\">1,2<\/p>\r\n<\/td>\r\n<\/tr>\r\n<tr>\r\n<td width=\"30\">8<\/td>\r\n<td width=\"510\">\r\n<p style=\"text-align: left;\">Consommation \u00e9lectrique maximale, kW<\/p>\r\n<\/td>\r\n<td width=\"99\">\r\n<p style=\"text-align: center;\">38<\/p>\r\n<\/td>\r\n<\/tr>\r\n<tr>\r\n<td width=\"30\">9<\/td>\r\n<td width=\"510\">\r\n<p style=\"text-align: left;\">Alimentation \u00e9lectrique<\/p>\r\n<p style=\"text-align: left;\">\u2014 tension, V<\/p>\r\n<p style=\"text-align: left;\">\u2014 Fr\u00e9quence courant alternatif, Hz<\/p>\r\n<\/td>\r\n<td width=\"99\">\r\n<p style=\"text-align: center;\">380<\/p>\r\n<p style=\"text-align: center;\">50<\/p>\r\n<\/td>\r\n<\/tr>\r\n<tr>\r\n<td width=\"30\"><\/td>\r\n<td width=\"510\">\r\n<p style=\"text-align: left;\">Dimensions, mm (po)<\/p>\r\n<p style=\"text-align: left;\">\u2014 longueur<\/p>\r\n<p style=\"text-align: left;\">\u2014 largeur<\/p>\r\n<p style=\"text-align: left;\">\u2014 hauteur<\/p>\r\n<\/td>\r\n<td width=\"99\">\r\n<p style=\"text-align: center;\">2060\u00a0(81.1)<\/p>\r\n<p style=\"text-align: center;\">1130\u00a0(44.5)<\/p>\r\n<p style=\"text-align: center;\">1980\u00a0(78)<\/p>\r\n<\/td>\r\n<\/tr>\r\n<tr>\r\n<td width=\"30\">11<\/td>\r\n<td width=\"510\">\r\n<p style=\"text-align: left;\">Poids, kg, (lb)<\/p>\r\n<\/td>\r\n<td width=\"99\">\r\n<p style=\"text-align: center;\">700\u00a0(1,543)<\/p>\r\n<\/td>\r\n<\/tr>\r\n<\/tbody>\r\n<\/table>"},{"tab_title":"Avantages","tab_content":"<ul>\r\n \t<li class=\"1\" style=\"text-align: justify;\"><span lang=\"FR\">\u00e0 la demande du client, l\u2019unit\u00e9 peut \u00eatre fabriqu\u00e9e: les version fixes (conteneuris\u00e9e, mont\u00e9e sur ch\u00e2ssis, sous tente) ou bien mobiles (sur roues, sur remorque).<\/span><\/li>\r\n \t<li class=\"1\" style=\"text-align: justify;\"><span lang=\"FR\">simplicit\u00e9 de fonctionnement.<\/span><\/li>\r\n \t<li class=\"1\" style=\"text-align: justify;\"><span lang=\"FR\">apr\u00e8s purification, les performances de l\u2019huile sont pleinement conformes aux normes et standards en vigueur;<\/span><\/li>\r\n \t<li class=\"1\" style=\"text-align: justify;\"><span lang=\"FR\">\u00e9conomie de l\u2019espace au stockage d\u2019huile us\u00e9e.<\/span><\/li>\r\n \t<li class=\"1\" style=\"text-align: justify;\"><span lang=\"FR\">\u00e9conomie de d\u00e9penses \u00e0 l\u2019achat d\u2019huile neuve et au recyclage d\u2019huile usag\u00e9e;<\/span><\/li>\r\n \t<li class=\"1\" style=\"text-align: justify;\"><span lang=\"FR\">efficacit\u00e9 \u00e9nerg\u00e9tique.<\/span><\/li>\r\n<\/ul>"},{"tab_title":"Application","tab_content":"[product_oil_types]"},{"tab_title":"Webinaire","tab_content":"<div class=\"responsive-embed widescreen\">\r\n<div class=\"responsive-embed widescreen\">\r\n<div class=\"responsive-embed widescreen\">\r\n<div class=\"responsive-embed widescreen\">\r\n<div class=\"responsive-embed widescreen\">\r\n<div class=\"responsive-embed widescreen\"><iframe title=\"Maintenance du transformateur\" src=\"https:\/\/www.youtube.com\/embed\/wrpThx7GLbw?feature=oembed\" width=\"500\" height=\"281\" frameborder=\"0\" allowfullscreen=\"allowfullscreen\"><\/iframe><\/div>\r\n<\/div>\r\n<\/div>\r\n<\/div>\r\n<\/div>\r\n<\/div>"}],"add_video_tab":[{"video_tab_title":"Vid\u00e9o","add_video_id":[{"video_id":"PijZCn0BXh4"},{"video_id":"hMcLcVeWUDs"},{"video_id":"z2f2tEdfHik"}]}],"add_gallery_tab":[{"gallery_tab_title":"Photo","add_img":[318314,318312,318313,318315]}],"add_price_tab":[{"price_tab_title":"Obtenir le prix"}]},"language":"fr","_links":{"self":[{"href":"https:\/\/globecore.com\/fr\/wp-json\/wp\/v2\/pages\/14685","targetHints":{"allow":["GET"]}}],"collection":[{"href":"https:\/\/globecore.com\/fr\/wp-json\/wp\/v2\/pages"}],"about":[{"href":"https:\/\/globecore.com\/fr\/wp-json\/wp\/v2\/types\/page"}],"author":[{"embeddable":true,"href":"https:\/\/globecore.com\/fr\/wp-json\/wp\/v2\/users\/7"}],"replies":[{"embeddable":true,"href":"https:\/\/globecore.com\/fr\/wp-json\/wp\/v2\/comments?post=14685"}],"version-history":[{"count":4,"href":"https:\/\/globecore.com\/fr\/wp-json\/wp\/v2\/pages\/14685\/revisions"}],"predecessor-version":[{"id":343036,"href":"https:\/\/globecore.com\/fr\/wp-json\/wp\/v2\/pages\/14685\/revisions\/343036"}],"up":[{"embeddable":true,"href":"https:\/\/globecore.com\/fr\/wp-json\/wp\/v2\/pages\/15380"}],"wp:featuredmedia":[{"embeddable":true,"href":"https:\/\/globecore.com\/fr\/wp-json\/wp\/v2\/media\/31395"}],"wp:attachment":[{"href":"https:\/\/globecore.com\/fr\/wp-json\/wp\/v2\/media?parent=14685"}],"wp:term":[{"taxonomy":"category","embeddable":true,"href":"https:\/\/globecore.com\/fr\/wp-json\/wp\/v2\/categories?post=14685"}],"curies":[{"name":"wp","href":"https:\/\/api.w.org\/{rel}","templated":true}]}}