{"id":14689,"date":"2018-08-09T05:25:04","date_gmt":"2018-08-09T05:25:04","guid":{"rendered":"https:\/\/globecore.com?page_id=14689"},"modified":"2026-03-09T09:42:10","modified_gmt":"2026-03-09T09:42:10","slug":"uvb-1-bitumen-emulsion-unit-8-m3hour-production-capacity","status":"publish","type":"page","link":"https:\/\/globecore.com\/fr\/products\/demulsion-de-bitume\/uvb-1-bitumen-emulsion-unit-8-m3hour-production-capacity\/","title":{"rendered":"USB-2 Installation \u00e0 \u00e9mulsion de bitume (8 m3\/heure)"},"content":{"rendered":"","protected":false},"excerpt":{"rendered":"<p>L\u2019usine d\u2019\u00e9mulsion de bitume USB-2, avec une capacit\u00e9 de production de 8\u202fm\u00b3\/h, est construite dans diff\u00e9rents types de conteneurs, y compris des conteneurs ouverts, des conteneurs avec portes coulissantes et des conteneurs antivandalisme. L\u2019usine produit tous les types d\u2019\u00e9mulsions\u2014CRS, CMS, CSS-1,2,3\u2014ainsi que les \u00e9mulsions anioniques correspondantes, y compris le sous-type h. Tous les produits sont conformes aux normes ASTM D2397-98 et ASTM D977-98.<\/p>\n","protected":false},"author":7,"featured_media":23315,"parent":15500,"menu_order":0,"comment_status":"closed","ping_status":"closed","template":"templates\/single-product.php","meta":{"_acf_changed":false,"_bbp_topic_count":0,"_bbp_reply_count":0,"_bbp_total_topic_count":0,"_bbp_total_reply_count":0,"_bbp_voice_count":0,"_bbp_anonymous_reply_count":0,"_bbp_topic_count_hidden":0,"_bbp_reply_count_hidden":0,"_bbp_forum_subforum_count":0,"footnotes":""},"categories":[1383],"class_list":["post-14689","page","type-page","status-publish","has-post-thumbnail","hentry","category-production-de-bitume","oil_type-industrie-du-batiment","process_type-broyage","process_type-melange"],"acf":{"add_tab":[{"tab_title":"Description","tab_content":"<p style=\"text-align: justify;\">Pour l\u2019utilisation en ext\u00e9rieur, l\u2019installation peut \u00eatre fabriqu\u00e9e en conteneur \u00e0 porte roulante ou d\u2019une conception anti-intrusion.<\/p>\r\n<p style=\"text-align: justify;\">Pour l\u2019utilisation \u00e0 l\u2019int\u00e9rieur ou sous un auvent, l\u2019installation est fabriqu\u00e9e dans un conteneur ouvert.<\/p>\r\n<p style=\"text-align: justify;\">Les installations USB-2 d\u2019une capacit\u00e9 de production de 1 m<sup>3<\/sup>\/h et 2 m<sup>3<\/sup>\/h sont fabriqu\u00e9es dans les conteneurs ouverts et dans les conteneurs \u00e0 porte roulante. L\u2019installation USB-2 d\u2019une capacit\u00e9 de 8 m<sup>3<\/sup>\/heure est fabriqu\u00e9e dans des conteneurs ouverts, des conteneurs \u00e0 porte roulante et dans des conteneurs anti-intrusion.<\/p>\r\n\r\n<h2 style=\"text-align: justify;\"><strong>Installations \u00e0 \u00e9mulsion de bitume<\/strong><\/h2>\r\n<p style=\"text-align: justify;\"><strong>Qualit\u00e9.<\/strong> Haute qualit\u00e9 de processus sans avoir \u00e0 chauffer le mat\u00e9riau min\u00e9ral et liant.\u00a0 Ce ph\u00e9nom\u00e8ne pourrait \u00e9conomiser \u00e0 lui seul jusqu'\u00e0 40% d'\u00e9nergie par rapport au processus \"chaud\" habituel.<\/p>\r\n<p style=\"text-align: justify;\"><strong>Consid\u00e9rations environnementales. <\/strong>\u00a0L'\u00e9mulsion de bitume ne provoque pas d'\u00e9missions nocives dans l'atmosph\u00e8re, il n'y a pas de risque d'explosion ou de br\u00fblure pendant le transport ou le traitement de la solution de bitume.<\/p>\r\n<p style=\"text-align: justify;\"><strong>Transport d\u2019\u00e9mulsion de bitume.<\/strong><\/p>\r\n<p style=\"text-align: justify;\">Les \u00e9mulsions de bitume sont transport\u00e9es dans des r\u00e9servoirs sp\u00e9ciaux, des camions \u00e0 bitume, des cuves cubiques et des f\u00fbts m\u00e9talliques.<\/p>\r\n<p style=\"text-align: justify;\">Les \u00e9mulsions de bitume sont stock\u00e9es dans des r\u00e9servoirs sp\u00e9ciaux ou d\u2019autres r\u00e9cipients cylindriques.\u00a0 Les r\u00e9cipients doivent \u00eatre propres: i Ils ne doivent pas contenir d\u2019\u00e9mulsions r\u00e9siduelles, de bitume, d\u2019huile ou d'autres mati\u00e8res acides ou alcalines.<\/p>\r\n<p style=\"text-align: justify;\">Les \u00e9mulsions de composition diff\u00e9rente ne doivent pas \u00eatre m\u00e9lang\u00e9es dans un seul r\u00e9cipient.\u00a0 Les r\u00e9servoirs doivent \u00eatre herm\u00e9tiquement ferm\u00e9s pour emp\u00eacher l'entr\u00e9e de corps \u00e9trangers et l'\u00e9vaporation de l'eau. La temp\u00e9rature de stockage doit \u00eatre d\u2019au moins 5\u00b0C. Si le volume d\u2019\u00e9mulsion est sup\u00e9rieur \u00e0 1 m<sup>3<\/sup>, les r\u00e9servoirs doivent \u00eatre \u00e9quip\u00e9s d\u2019agitateurs sp\u00e9ciaux.<\/p>\r\n<p style=\"text-align: justify;\">Notre soci\u00e9t\u00e9 propose des r\u00e9servoirs sp\u00e9ciaux verticales de stockage d\u2019\u00e9mulsions de bitume SBE et de bitume modifi\u00e9 SMB. Ces r\u00e9servoirs sont \u00e9quip\u00e9s de syst\u00e8mes de chauffage et de circulation et peuvent facilement s\u2019int\u00e9grer dans le processus de production existant.<\/p>"}],"add_def_tab":[{"tab_title":"Caract\u00e9ristiques","tab_content":"<table width=\"413\">\r\n<tbody>\r\n<tr>\r\n<td width=\"293\">\r\n<p style=\"text-align: center;\"><strong>Sp\u00e9cifications<\/strong><\/p>\r\n<\/td>\r\n<td style=\"text-align: center;\" width=\"120\"><strong>Valeur<\/strong><\/td>\r\n<\/tr>\r\n<tr>\r\n<td width=\"293\">\r\n<p style=\"text-align: left;\">Capacit\u00e9 de production maximale (temps de pr\u00e9paration inclus), <em>m<\/em><sup>3<\/sup><em>\/heure<\/em><\/p>\r\n<\/td>\r\n<td width=\"120\">\r\n<p style=\"text-align: center;\">8 *<\/p>\r\n<\/td>\r\n<\/tr>\r\n<tr>\r\n<td width=\"293\">\r\n<p style=\"text-align: left;\">Consommation minimale de bitume, <em>m<sup>3<\/sup>\/h<\/em><\/p>\r\n<\/td>\r\n<td width=\"120\">\r\n<p style=\"text-align: center;\">10.5<\/p>\r\n<\/td>\r\n<\/tr>\r\n<tr>\r\n<td width=\"293\">\r\n<p style=\"text-align: left;\">Consommation d\u2019eau, <em>m<\/em><sup>3<\/sup><em>\/heure<\/em><\/p>\r\n<\/td>\r\n<td width=\"120\">\r\n<p style=\"text-align: center;\">5\u201310 *<\/p>\r\n<\/td>\r\n<\/tr>\r\n<tr>\r\n<td width=\"293\">\r\n<p style=\"text-align: left;\">Consommation de mati\u00e8re diluante, <em>dm<\/em><sup>3<\/sup><em>\/heure<\/em><\/p>\r\n<\/td>\r\n<td width=\"120\">\r\n<p style=\"text-align: center;\">50\u2013250 *<\/p>\r\n<\/td>\r\n<\/tr>\r\n<tr>\r\n<td width=\"293\">\r\n<p style=\"text-align: left;\">Consommation d\u2019acide, <em>dm<\/em><sup>3<\/sup><em>\/heure<\/em><\/p>\r\n<\/td>\r\n<td width=\"120\">\r\n<p style=\"text-align: center;\">50\u2013150 *<\/p>\r\n<\/td>\r\n<\/tr>\r\n<tr>\r\n<td width=\"293\">\r\n<p style=\"text-align: left;\">Consommation d\u2019\u00e9mulsifiant, <em>dm<\/em><sup>3<\/sup><em>\/heure<\/em><\/p>\r\n<\/td>\r\n<td width=\"120\">\r\n<p style=\"text-align: center;\">50 *<\/p>\r\n<\/td>\r\n<\/tr>\r\n<tr>\r\n<td width=\"293\">\r\n<p style=\"text-align: left;\">Pression maximale d\u2019entr\u00e9e de bitume, <em>\u041cPa<\/em><\/p>\r\n<\/td>\r\n<td width=\"120\">\r\n<p style=\"text-align: center;\">0,2<\/p>\r\n<\/td>\r\n<\/tr>\r\n<tr>\r\n<td width=\"293\">\r\n<p style=\"text-align: left;\">Pression de bitume avant agitateur, <em>\u041cPa<\/em><\/p>\r\n<\/td>\r\n<td width=\"120\">\r\n<p style=\"text-align: center;\">1.4<\/p>\r\n<\/td>\r\n<\/tr>\r\n<tr>\r\n<td width=\"293\">\r\n<p style=\"text-align: left;\">Pression phase d\u2019eau avant agitateur, <em>\u041cPa<\/em><\/p>\r\n<\/td>\r\n<td width=\"120\">\r\n<p style=\"text-align: center;\">0,2<\/p>\r\n<\/td>\r\n<\/tr>\r\n<tr>\r\n<td width=\"293\">\r\n<p style=\"text-align: left;\">Temp\u00e9rature d\u2019entr\u00e9e du bitume, <em>\u00b0\u0421<\/em><\/p>\r\n<\/td>\r\n<td width=\"120\">\r\n<p style=\"text-align: center;\">140-160<\/p>\r\n<\/td>\r\n<\/tr>\r\n<tr>\r\n<td width=\"293\">\r\n<p style=\"text-align: left;\">Temp\u00e9rature d\u2019entr\u00e9e d\u2019eau, <em>\u00b0\u0421<\/em><\/p>\r\n<\/td>\r\n<td width=\"120\">\r\n<p style=\"text-align: center;\">40\u201360<\/p>\r\n<\/td>\r\n<\/tr>\r\n<tr>\r\n<td width=\"293\">\r\n<p style=\"text-align: left;\">Hauteur d\u2019\u00e9l\u00e9vation d\u2019\u00e9mulsion max, <em>m<\/em><\/p>\r\n<\/td>\r\n<td width=\"120\">\r\n<p style=\"text-align: center;\">10<\/p>\r\n<\/td>\r\n<\/tr>\r\n<tr>\r\n<td width=\"293\">\r\n<p style=\"text-align: left;\">Puissance nominale, pas plus de, <em>kW<\/em><\/p>\r\n<\/td>\r\n<td width=\"120\">\r\n<p style=\"text-align: center;\">33<\/p>\r\n<\/td>\r\n<\/tr>\r\n<tr>\r\n<td width=\"293\">\r\n<p style=\"text-align: left;\">Tension du courant alternatif 50 Hz, <em>V<\/em><\/p>\r\n<\/td>\r\n<td width=\"120\">\r\n<p style=\"text-align: center;\">380\/220<\/p>\r\n<\/td>\r\n<\/tr>\r\n<tr>\r\n<td width=\"293\">\r\n<p style=\"text-align: left;\">Dimensions (L\/W\/H)<em>, mm<\/em><\/p>\r\n<\/td>\r\n<td width=\"120\">\r\n<p style=\"text-align: center;\">4500\/2250\/1800<\/p>\r\n<\/td>\r\n<\/tr>\r\n<tr>\r\n<td width=\"293\">\r\n<p style=\"text-align: left;\">Masse maximale, <em>kg<\/em><\/p>\r\n<\/td>\r\n<td width=\"120\">\r\n<p style=\"text-align: center;\">1800<\/p>\r\n<\/td>\r\n<\/tr>\r\n<\/tbody>\r\n<\/table>\r\n<p style=\"text-align: justify;\">* D\u00e9pend de la formule du produit<\/p>"},{"tab_title":"Avantages","tab_content":"<ul>\r\n \t<li style=\"text-align: justify;\">production de tous types d\u2019\u00e9mulsions cationiques de bitume: CRS, CMS et CSS-1,2, ainsi que des \u00e9mulsions anioniques des types correspondants, y compris le type d\u00e9riv\u00e9 h;<\/li>\r\n \t<li style=\"text-align: justify;\">le concentr\u00e9 de m\u00e9lange est dilu\u00e9 avec de l\u2019eau dans l\u2019unit\u00e9 ;<\/li>\r\n \t<li style=\"text-align: justify;\">s\u00e9curit\u00e9 du travail;<\/li>\r\n \t<li style=\"text-align: justify;\">l\u2019\u00e9mulsion est conforme aux exigences des normes ASTM D 2397-98 et D977-98;<\/li>\r\n \t<li style=\"text-align: justify;\">\u00a0facilit\u00e9 d\u2019entretien et de fonctionnement.<\/li>\r\n<\/ul>"},{"tab_title":"Application","tab_content":"[product_oil_types]"},{"tab_title":"Webinaire","tab_content":"<div class=\"responsive-embed widescreen\">\r\n<div class=\"responsive-embed widescreen\">\r\n<div class=\"responsive-embed widescreen\">\r\n<div class=\"responsive-embed widescreen\">\r\n<div class=\"responsive-embed widescreen\">\r\n<div class=\"responsive-embed widescreen\"><iframe title=\"Webinaire - Nouvelles applications des \u00e9mulsions de bitume (28.10.2021)\" src=\"https:\/\/www.youtube.com\/embed\/Xp4ZWBrR2YU?feature=oembed\" width=\"500\" height=\"281\" frameborder=\"0\" allowfullscreen=\"allowfullscreen\"><\/iframe><\/div>\r\n<\/div>\r\n<\/div>\r\n<\/div>\r\n<\/div>\r\n<\/div>"}],"add_video_tab":[{"video_tab_title":"Vid\u00e9o","add_video_id":[{"video_id":"RZK3ca482pk"},{"video_id":"N6Hn04OPOLc"}]}],"add_gallery_tab":[{"gallery_tab_title":"Photo","add_img":[13558,13573,13567,14299]}],"add_price_tab":[{"price_tab_title":"Obtenir le prix"}]},"language":"fr","_links":{"self":[{"href":"https:\/\/globecore.com\/fr\/wp-json\/wp\/v2\/pages\/14689","targetHints":{"allow":["GET"]}}],"collection":[{"href":"https:\/\/globecore.com\/fr\/wp-json\/wp\/v2\/pages"}],"about":[{"href":"https:\/\/globecore.com\/fr\/wp-json\/wp\/v2\/types\/page"}],"author":[{"embeddable":true,"href":"https:\/\/globecore.com\/fr\/wp-json\/wp\/v2\/users\/7"}],"replies":[{"embeddable":true,"href":"https:\/\/globecore.com\/fr\/wp-json\/wp\/v2\/comments?post=14689"}],"version-history":[{"count":1,"href":"https:\/\/globecore.com\/fr\/wp-json\/wp\/v2\/pages\/14689\/revisions"}],"predecessor-version":[{"id":341827,"href":"https:\/\/globecore.com\/fr\/wp-json\/wp\/v2\/pages\/14689\/revisions\/341827"}],"up":[{"embeddable":true,"href":"https:\/\/globecore.com\/fr\/wp-json\/wp\/v2\/pages\/15500"}],"wp:featuredmedia":[{"embeddable":true,"href":"https:\/\/globecore.com\/fr\/wp-json\/wp\/v2\/media\/23315"}],"wp:attachment":[{"href":"https:\/\/globecore.com\/fr\/wp-json\/wp\/v2\/media?parent=14689"}],"wp:term":[{"taxonomy":"category","embeddable":true,"href":"https:\/\/globecore.com\/fr\/wp-json\/wp\/v2\/categories?post=14689"}],"curies":[{"name":"wp","href":"https:\/\/api.w.org\/{rel}","templated":true}]}}