{"id":14692,"date":"2018-08-09T05:31:26","date_gmt":"2018-08-09T05:31:26","guid":{"rendered":"https:\/\/globecore.com?page_id=14692"},"modified":"2026-03-09T09:35:54","modified_gmt":"2026-03-09T09:35:54","slug":"uvb-1-bitumen-emulsion-unit-2-m3hour-production-capacity","status":"publish","type":"page","link":"https:\/\/globecore.com\/fr\/products\/demulsion-de-bitume\/uvb-1-bitumen-emulsion-unit-2-m3hour-production-capacity\/","title":{"rendered":"USB-2 Installation \u00e0 \u00e9mulsion de bitume (2 m3\/heure)"},"content":{"rendered":"","protected":false},"excerpt":{"rendered":"<p>L\u2019unit\u00e9 d\u2019\u00e9mulsion de bitume USB-2, d\u2019une capacit\u00e9 de production de 2\u202fm\u00b3\/h, m\u00e9lange cons\u00e9cutivement les composants dans des m\u00e9langeurs hydrodynamiques \u00e0 pression et temp\u00e9rature contr\u00f4l\u00e9es. Sa conception unique permet un m\u00e9lange instantan\u00e9 des flux de composants, rendant l\u2019unit\u00e9 compacte et \u00e9conome en \u00e9nergie. L\u2019\u00e9tape finale de production d\u2019une \u00e9mulsion eau-bitume uniforme se fait dans un moulin collo\u00efdal, assurant une haute qualit\u00e9 du produit.<br \/>\nL\u2019unit\u00e9 est \u00e9quip\u00e9e d\u2019instruments de contr\u00f4le de proc\u00e9d\u00e9, permettant un fonctionnement manuel ou semi-automatique.<\/p>\n","protected":false},"author":7,"featured_media":66408,"parent":15500,"menu_order":0,"comment_status":"closed","ping_status":"closed","template":"templates\/single-product.php","meta":{"_acf_changed":false,"_bbp_topic_count":0,"_bbp_reply_count":0,"_bbp_total_topic_count":0,"_bbp_total_reply_count":0,"_bbp_voice_count":0,"_bbp_anonymous_reply_count":0,"_bbp_topic_count_hidden":0,"_bbp_reply_count_hidden":0,"_bbp_forum_subforum_count":0,"footnotes":""},"categories":[1383],"class_list":["post-14692","page","type-page","status-publish","has-post-thumbnail","hentry","category-production-de-bitume","oil_type-industrie-du-batiment","process_type-broyage","process_type-melange"],"acf":{"add_tab":[{"tab_title":"Description","tab_content":"<p style=\"text-align: justify;\">L\u2019installation \u00e0 \u00e9mulsion de bitume m\u00e9lange cons\u00e9cutivement des composants dans les m\u00e9langeurs hydrodynamiques sous pression et temp\u00e9rature.pr\u00e9d\u00e9termin\u00e9e.\u00a0 Gr\u00e2ce \u00e0 sa conception unique, le m\u00e9langeur hydrodynamique fait m\u00e9langer instantan\u00e9ment les courants de composants, ce qui rend l\u2019installation compacte et r\u00e9duit la consommation d'\u00e9nergie.\u00a0 La derni\u00e8re \u00e9tape de pr\u00e9paration d\u2019\u00e9mulsion homog\u00e8ne eau\/bitume a lieu dans un moulin collo\u00efdal, ce qui garantit la haute qualit\u00e9 du produit.<\/p>\r\n<p style=\"text-align: justify;\">L\u2019installation comporte de commandes, ce qui permet le fonctionnement manuel ou en mode semi-automatique.<\/p>\r\n<p style=\"text-align: justify;\"><strong>L\u2019\u00e9mulsion eau\/bitume<\/strong> - est un liquide brun fonc\u00e9. L\u2019\u00e9mulsion est faite en dispersant du bitume dans l\u2019eau avec l\u2019addition d\u2019un surfactant.<\/p>\r\n<p style=\"text-align: justify;\">Les \u00e9mulsions de bitume sont indispensables aux diverses travaux de construction de routes. Elles forment une couche protectrice d\u2019autoroutes (d\u2019asphalte, gravier ou b\u00e9ton).<\/p>\r\n<p style=\"text-align: justify;\">Les domaines sp\u00e9cifiques d'application sont:<\/p>\r\n\r\n<ul>\r\n \t<li style=\"text-align: justify;\">Formation d'une couche d'accrochage pour la construction de routes;<\/li>\r\n \t<li style=\"text-align: justify;\">Impr\u00e9gnation et traitement de surface;<\/li>\r\n \t<li style=\"text-align: justify;\">Cr\u00e9ation d\u2019une couche d'usure en film mince;<\/li>\r\n \t<li style=\"text-align: justify;\">R\u00e9parations des nids-de-poule (dans la composition du m\u00e9lange avec mati\u00e8re min\u00e9rale).<\/li>\r\n<\/ul>"}],"add_def_tab":[{"tab_title":"Caract\u00e9ristiques","tab_content":"<table width=\"&quot;406&lt;tbody\">\r\n<tbody>\r\n<tr>\r\n<td width=\"285\">\r\n<p style=\"text-align: center;\"><strong>Sp\u00e9cifications<\/strong><\/p>\r\n<\/td>\r\n<td style=\"text-align: center;\" width=\"120\"><strong>Valeur<\/strong><\/td>\r\n<\/tr>\r\n<tr>\r\n<td width=\"285\">\r\n<p style=\"text-align: left;\">Capacit\u00e9 de production maximale (temps de pr\u00e9paration inclus), <em>m<sup>3<\/sup>\/heure<\/em><\/p>\r\n<\/td>\r\n<td width=\"120\">\r\n<p style=\"text-align: center;\">2-3 *<\/p>\r\n<\/td>\r\n<\/tr>\r\n<tr>\r\n<td width=\"285\">\r\n<p style=\"text-align: left;\">Consommation minimale de bitume, <em>m<sup>3<\/sup>\/heure<\/em><\/p>\r\n<\/td>\r\n<td width=\"120\">\r\n<p style=\"text-align: center;\">1.8<\/p>\r\n<\/td>\r\n<\/tr>\r\n<tr>\r\n<td width=\"285\">\r\n<p style=\"text-align: left;\">Consommation d\u2019eau, <em>m<sup>3<\/sup>\/heure<\/em><\/p>\r\n<\/td>\r\n<td width=\"120\">\r\n<p style=\"text-align: center;\">0.6\u20132.0 *<\/p>\r\n<\/td>\r\n<\/tr>\r\n<tr>\r\n<td width=\"285\">\r\n<p style=\"text-align: left;\">Consommation de mati\u00e8re diluante, <em>dm<sup>3<\/sup>\/heure<\/em><\/p>\r\n<\/td>\r\n<td width=\"120\">\r\n<p style=\"text-align: center;\">0\u201372 *<\/p>\r\n<\/td>\r\n<\/tr>\r\n<tr>\r\n<td width=\"285\">\r\n<p style=\"text-align: left;\">Consommation d\u2019acide, <em>dm<sup>3<\/sup>\/heure<\/em><\/p>\r\n<\/td>\r\n<td width=\"120\">\r\n<p style=\"text-align: center;\">5\u201320 *<\/p>\r\n<\/td>\r\n<\/tr>\r\n<tr>\r\n<td width=\"285\">\r\n<p style=\"text-align: left;\">Consommation d\u2019\u00e9mulsifiant, <em>dm<sup>3<\/sup>\/heure<\/em><\/p>\r\n<\/td>\r\n<td width=\"120\">\r\n<p style=\"text-align: center;\">5\u201320 *<\/p>\r\n<\/td>\r\n<\/tr>\r\n<tr>\r\n<td width=\"285\">\r\n<p style=\"text-align: left;\">Consommation d\u2019additif d\u2019adh\u00e9sion, <em>dm<sup>3<\/sup>\/heure<\/em><\/p>\r\n<\/td>\r\n<td width=\"120\">\r\n<p style=\"text-align: center;\">1\u201320 *<\/p>\r\n<\/td>\r\n<\/tr>\r\n<tr>\r\n<td width=\"285\">\r\n<p style=\"text-align: left;\">Pression maximale d\u2019entr\u00e9e de bitume, <em>\u041cPa<\/em><\/p>\r\n<\/td>\r\n<td width=\"120\">\r\n<p style=\"text-align: center;\">0.2<\/p>\r\n<\/td>\r\n<\/tr>\r\n<tr>\r\n<td width=\"285\">\r\n<p style=\"text-align: left;\">Pression de bitume avant agitateur, <em>\u041cP\u0430<\/em><\/p>\r\n<\/td>\r\n<td width=\"120\">\r\n<p style=\"text-align: center;\">1.4\u20131.6<\/p>\r\n<\/td>\r\n<\/tr>\r\n<tr>\r\n<td width=\"285\">\r\n<p style=\"text-align: left;\">Pression d\u2019eau avant agitateur, <em>\u041cP\u0430<\/em><\/p>\r\n<\/td>\r\n<td width=\"120\">\r\n<p style=\"text-align: center;\">0.2<\/p>\r\n<\/td>\r\n<\/tr>\r\n<tr>\r\n<td width=\"285\">\r\n<p style=\"text-align: left;\">\u0422\u0435mp\u00e9rature de bitume \u00e0 l\u2019entr\u00e9e, <em>\u00b0\u0421<\/em><\/p>\r\n<\/td>\r\n<td width=\"120\">\r\n<p style=\"text-align: center;\">140\u2013160<\/p>\r\n<\/td>\r\n<\/tr>\r\n<tr>\r\n<td width=\"285\">\r\n<p style=\"text-align: left;\">Temp\u00e9rature d\u2019eau \u00e0 l\u2019entr\u00e9e, <em>\u00b0\u0421<\/em><\/p>\r\n<\/td>\r\n<td width=\"120\">\r\n<p style=\"text-align: center;\">40\u201360 *<\/p>\r\n<\/td>\r\n<\/tr>\r\n<tr>\r\n<td width=\"285\">\r\n<p style=\"text-align: left;\">Hauteur max.d\u2019\u00e9l\u00e9vation du produit, <em>m<\/em><\/p>\r\n<\/td>\r\n<td width=\"120\">\r\n<p style=\"text-align: center;\">15<\/p>\r\n<\/td>\r\n<\/tr>\r\n<tr>\r\n<td width=\"285\">\r\n<p style=\"text-align: left;\">Puissance nominale max., <em>kW<\/em><\/p>\r\n<\/td>\r\n<td width=\"120\">\r\n<p style=\"text-align: center;\">18<\/p>\r\n<\/td>\r\n<\/tr>\r\n<tr>\r\n<td width=\"285\">\r\n<p style=\"text-align: left;\">Tension du courant alternatif 50 Hz, <em>V<\/em><\/p>\r\n<\/td>\r\n<td width=\"120\">\r\n<p style=\"text-align: center;\">380<\/p>\r\n<\/td>\r\n<\/tr>\r\n<tr>\r\n<td width=\"285\">\r\n<p style=\"text-align: left;\">Pression d\u2019entr\u00e9e air comprim\u00e9, <em>bar<\/em><\/p>\r\n<\/td>\r\n<td width=\"120\">\r\n<p style=\"text-align: center;\">4\u20136<\/p>\r\n<\/td>\r\n<\/tr>\r\n<tr>\r\n<td width=\"285\">\r\n<p style=\"text-align: left;\">Consommation d\u2019air, <em>dm3\/heure<\/em><\/p>\r\n<\/td>\r\n<td width=\"120\">\r\n<p style=\"text-align: center;\">250<\/p>\r\n<\/td>\r\n<\/tr>\r\n<tr>\r\n<td width=\"285\">\r\n<p style=\"text-align: left;\">Dimensions (L\/W\/H), <em>mm<\/em><\/p>\r\n<\/td>\r\n<td width=\"120\">\r\n<p style=\"text-align: center;\">2080\/2340\/1934<\/p>\r\n<\/td>\r\n<\/tr>\r\n<tr>\r\n<td width=\"285\">\r\n<p style=\"text-align: left;\">Masse maximale, <em>kg<\/em><\/p>\r\n<\/td>\r\n<td width=\"120\">\r\n<p style=\"text-align: center;\">1200<\/p>\r\n<\/td>\r\n<\/tr>\r\n<\/tbody>\r\n<\/table>\r\n<p style=\"text-align: justify;\">* D\u00e9pend de la formule du proc\u00e9d\u00e9<\/p>"},{"tab_title":"Avantages","tab_content":"<ul>\r\n \t<li style=\"text-align: justify;\">production de tous types d\u2019\u00e9mulsions cationiques de bitume: CRS, CMS et CSS-1,2, ainsi que des \u00e9mulsions anioniques des types correspondants, y compris le type d\u00e9riv\u00e9 h;<\/li>\r\n \t<li style=\"text-align: justify;\">le concentr\u00e9 de m\u00e9lange est dilu\u00e9 avec de l\u2019eau dans l\u2019unit\u00e9 ;<\/li>\r\n \t<li style=\"text-align: justify;\">s\u00e9curit\u00e9 du travail;<\/li>\r\n \t<li style=\"text-align: justify;\">l\u2019\u00e9mulsion est conforme aux exigences des normes ASTM D 2397-98 et D977-98;<\/li>\r\n \t<li style=\"text-align: justify;\">\u00a0facilit\u00e9 d\u2019entretien et de fonctionnement.<\/li>\r\n<\/ul>"},{"tab_title":"Application","tab_content":"[product_oil_types]"},{"tab_title":"Webinaire","tab_content":"<div class=\"responsive-embed widescreen\">\r\n<div class=\"responsive-embed widescreen\">\r\n<div class=\"responsive-embed widescreen\">\r\n<div class=\"responsive-embed widescreen\">\r\n<div class=\"responsive-embed widescreen\">\r\n<div class=\"responsive-embed widescreen\"><iframe title=\"Webinaire - Nouvelles applications des \u00e9mulsions de bitume (28.10.2021)\" src=\"https:\/\/www.youtube.com\/embed\/Xp4ZWBrR2YU?feature=oembed\" width=\"500\" height=\"281\" frameborder=\"0\" allowfullscreen=\"allowfullscreen\"><\/iframe><\/div>\r\n<\/div>\r\n<\/div>\r\n<\/div>\r\n<\/div>\r\n<\/div>"}],"add_video_tab":[{"video_tab_title":"Vid\u00e9o","add_video_id":[{"video_id":"RZK3ca482pk"},{"video_id":"N6Hn04OPOLc"}]}],"add_gallery_tab":[{"gallery_tab_title":"Photo","add_img":[13558,13573,13567]}],"add_price_tab":[{"price_tab_title":"Obtenir le prix"}]},"language":"fr","_links":{"self":[{"href":"https:\/\/globecore.com\/fr\/wp-json\/wp\/v2\/pages\/14692","targetHints":{"allow":["GET"]}}],"collection":[{"href":"https:\/\/globecore.com\/fr\/wp-json\/wp\/v2\/pages"}],"about":[{"href":"https:\/\/globecore.com\/fr\/wp-json\/wp\/v2\/types\/page"}],"author":[{"embeddable":true,"href":"https:\/\/globecore.com\/fr\/wp-json\/wp\/v2\/users\/7"}],"replies":[{"embeddable":true,"href":"https:\/\/globecore.com\/fr\/wp-json\/wp\/v2\/comments?post=14692"}],"version-history":[{"count":1,"href":"https:\/\/globecore.com\/fr\/wp-json\/wp\/v2\/pages\/14692\/revisions"}],"predecessor-version":[{"id":341823,"href":"https:\/\/globecore.com\/fr\/wp-json\/wp\/v2\/pages\/14692\/revisions\/341823"}],"up":[{"embeddable":true,"href":"https:\/\/globecore.com\/fr\/wp-json\/wp\/v2\/pages\/15500"}],"wp:featuredmedia":[{"embeddable":true,"href":"https:\/\/globecore.com\/fr\/wp-json\/wp\/v2\/media\/66408"}],"wp:attachment":[{"href":"https:\/\/globecore.com\/fr\/wp-json\/wp\/v2\/media?parent=14692"}],"wp:term":[{"taxonomy":"category","embeddable":true,"href":"https:\/\/globecore.com\/fr\/wp-json\/wp\/v2\/categories?post=14692"}],"curies":[{"name":"wp","href":"https:\/\/api.w.org\/{rel}","templated":true}]}}