{"id":14696,"date":"2018-08-09T06:06:46","date_gmt":"2018-08-09T06:06:46","guid":{"rendered":"https:\/\/globecore.com?page_id=14696"},"modified":"2026-03-06T12:08:43","modified_gmt":"2026-03-06T12:08:43","slug":"systeme-tss-transformer-safety-system","status":"publish","type":"page","link":"https:\/\/globecore.com\/fr\/products\/transformer-maintenance\/systeme-tss-transformer-safety-system\/","title":{"rendered":"TSS Syst\u00e8me de protection de transformateur"},"content":{"rendered":"","protected":false},"excerpt":{"rendered":"<p>Le Syst\u00e8me de S\u00e9curit\u00e9 pour Transformateurs (TSS) relie les unit\u00e9s de filtration, de d\u00e9gazage et de s\u00e9chage d\u2019huile aux transformateurs, permettant un traitement s\u00fbr de l\u2019huile m\u00eame sur des transformateurs sous tension. Il se connecte via des ports sup\u00e9rieurs et inf\u00e9rieurs avec des vannes automatiques qui arr\u00eatent le syst\u00e8me si les niveaux d\u2019huile sont anormaux ou en cas de fuite. Une soupape de d\u00e9charge d\u2019air emp\u00eache les d\u00e9clenchements involontaires dus \u00e0 l\u2019air dans les tuyaux, tandis que les unit\u00e9s connect\u00e9es nettoient l\u2019huile, \u00e9liminent l\u2019humidit\u00e9 et les gaz, et maintiennent ses propri\u00e9t\u00e9s di\u00e9lectriques.<\/p>\n","protected":false},"author":7,"featured_media":32462,"parent":112870,"menu_order":0,"comment_status":"closed","ping_status":"closed","template":"templates\/single-product.php","meta":{"_acf_changed":false,"_bbp_topic_count":0,"_bbp_reply_count":0,"_bbp_total_topic_count":0,"_bbp_total_reply_count":0,"_bbp_voice_count":0,"_bbp_anonymous_reply_count":0,"_bbp_topic_count_hidden":0,"_bbp_reply_count_hidden":0,"_bbp_forum_subforum_count":0,"footnotes":""},"categories":[2480],"class_list":["post-14696","page","type-page","status-publish","has-post-thumbnail","hentry","category-maintenance-des-transformateurs","oil_type-transformateurs-a-usage-special","oil_type-transformateurs-abaisseurs","oil_type-transformateurs-de-distribution","oil_type-transformateurs-elevateurs","process_type-securite"],"acf":{"add_tab":[{"tab_title":"La description","tab_content":"<p style=\"text-align: justify;\">La purification et la r\u00e9g\u00e9n\u00e9ration des huiles isolantes font partie int\u00e9grante du complexe de mesures visant \u00e0 am\u00e9liorer la fiabilit\u00e9 et \u00e0 prolonger la dur\u00e9e de vie des transformateurs de puissance. <span class=\"tlid-translation translation\" lang=\"fr\"><span class=\"\" title=\"\">La protection de transformateur joue \u00e9galement un r\u00f4le important.<\/span><\/span><\/p>\r\n<p style=\"text-align: justify;\">Au cours du traitement d\u2019huile, les situations d\u2019urgence peuvent survenir (fuites d\u2019huile, de l\u2019air dans les circuits, etc.), ce qui entra\u00eene les pertes de temps et, dans certains cas, des d\u00e9penses impr\u00e9vues.<\/p>\r\n<p style=\"text-align: justify;\">Pour am\u00e9liorer la s\u00e9curit\u00e9 du traitement d\u2019huile, <strong><em>GlobeCore<\/em><\/strong> propose la connexion indirecte des installations \u00e0 huile, mais \u00e0 travers le syst\u00e8me TSS. Ce syst\u00e8me peut \u00eatre utilis\u00e9 \u00e0 la fois dans l\u2019industrie \u00e9lectrique et dans les entreprises qui s'occupant de l'entretien des \u00e9quipements remplis d'huile.<\/p>\r\n\r\n<h2 style=\"text-align: justify;\"><strong>Syst\u00e8me standard TSS est compos\u00e9 de:<\/strong><\/h2>\r\n<ul style=\"text-align: justify;\">\r\n \t<li>Deux soupapes;<\/li>\r\n \t<li>Capteur du niveau d\u2019huile;<\/li>\r\n \t<li>Lot c\u00e2bles;<\/li>\r\n \t<li>Panneau de commande.<\/li>\r\n<\/ul>\r\n<h2 style=\"text-align: justify;\"><strong>Syst\u00e8me TSS (Transformer Safety System) est utilis\u00e9 \u00e0 raccorder au transformateur l\u2019\u00e9quipement suivant:<\/strong><\/h2>\r\n<ul style=\"text-align: justify;\">\r\n \t<li>\u00c9quipement \u00e0 la filtration d\u2019huile;<\/li>\r\n \t<li>Syst\u00e8mes de d\u00e9gazage d\u2019huile;<\/li>\r\n \t<li>Installations de d\u00e9shydratation d\u2019huile.<\/li>\r\n<\/ul>\r\n<p style=\"text-align: justify;\">L\u2019installation de purification d\u2019huile est connect\u00e9 au transformateur \u00e0 travers un connecteur inf\u00e9rieur et sup\u00e9rieur. Chacun est \u00e9quip\u00e9 d\u2019une soupape automatique qui arr\u00eate l\u2019installation si n\u00e9cessaire, par exemple, si la fuite d'huile est d\u00e9tect\u00e9e.<\/p>\r\n<p style=\"text-align: justify;\">L\u2019op\u00e9rateur peut r\u00e9gler les niveaux d\u2019huile sup\u00e9rieurs et inf\u00e9rieurs normaux dans la cuve du transformateur. Si le niveau n\u2019atteint pas la valeur normale, le capteur fait commander l\u2019arr\u00eat du processus et ferme la liaison au transformateur.<\/p>\r\n<p style=\"text-align: justify;\">L\u2019air qui p\u00e9n\u00e8tre dans les manchons provoque l\u2019actionnement de la soupape de d\u00e9charge d\u2019air, ce qui exclue le faux actionnement du relais \u00e0 gaz.<\/p>"}],"add_def_tab":[{"tab_title":"Caract\u00e9ristiques","tab_content":"<table width=\"602\">\r\n<tbody>\r\n<tr>\r\n<th>\u2116<\/th>\r\n<th>Nom du param\u00e8tre<\/th>\r\n<th>Valeur<\/th>\r\n<\/tr>\r\n<tr>\r\n<td>1<\/td>\r\n<td>Diam\u00e8tre nominal, Dn, mm<\/td>\r\n<td style=\"text-align: center;\">25<\/td>\r\n<\/tr>\r\n<tr>\r\n<td>2<\/td>\r\n<td>Param\u00e8tres du courant \u00e9lectrique :<\/td>\r\n<td><\/td>\r\n<\/tr>\r\n<tr>\r\n<td><\/td>\r\n<td>\u2014 Tension, V<\/td>\r\n<td style=\"text-align: center;\">Sur demande<\/td>\r\n<\/tr>\r\n<tr>\r\n<td><\/td>\r\n<td>\u2014 Fr\u00e9quence du courant alternatif, Hz<\/td>\r\n<td><\/td>\r\n<\/tr>\r\n<tr>\r\n<td>3<\/td>\r\n<td>Dimensions globales, mm, max :<\/td>\r\n<td><\/td>\r\n<\/tr>\r\n<tr>\r\n<td><\/td>\r\n<td>\u2014 Longueur<\/td>\r\n<td style=\"text-align: center;\">850<\/td>\r\n<\/tr>\r\n<tr>\r\n<td><\/td>\r\n<td>\u2014 Largeur<\/td>\r\n<td style=\"text-align: center;\">790<\/td>\r\n<\/tr>\r\n<tr>\r\n<td><\/td>\r\n<td>\u2014 Hauteur<\/td>\r\n<td style=\"text-align: center;\">1590<\/td>\r\n<\/tr>\r\n<tr>\r\n<td>4<\/td>\r\n<td>Poids, kg, max<\/td>\r\n<td style=\"text-align: center;\">210<\/td>\r\n<\/tr>\r\n<\/tbody>\r\n<\/table>"},{"tab_title":"Avantages","tab_content":"<ul>\r\n \t<li style=\"text-align: justify;\">Ind\u00e9pendance. Ce syst\u00e8me peut \u00eatre utilis\u00e9 avec n\u2019importe quel \u00e9quipement, fabriqu\u00e9 par <strong><em>GlobeCore<\/em><\/strong> ou par tout autre fabricant;<\/li>\r\n \t<li style=\"text-align: justify;\">Versatilit\u00e9. Le syst\u00e8me est adapt\u00e9 aux installations de purification, de filtration et de r\u00e9g\u00e9n\u00e9ration d\u2019huile;<\/li>\r\n \t<li style=\"text-align: justify;\">Connexion facile. Un op\u00e9rateur au comp\u00e9tence de base peut effectuer toutes les connexions n\u00e9cessaires en seulement cinq minutes;<\/li>\r\n \t<li style=\"text-align: justify;\">Permet le fonctionnement de l\u2019\u00e9quipement avec des transformateurs sous tension;<\/li>\r\n \t<li style=\"text-align: justify;\">Le panneau de commande TSS peut \u00eatre plac\u00e9 soit sur l\u2019\u00e9quipement de traitement d\u2019huile (temporairement ou de mani\u00e8re permanente) ou mont\u00e9 sur un support s\u00e9par\u00e9;<\/li>\r\n<\/ul>\r\n<p style=\"text-align: justify;\">Le module GSM optionnel permet la commande \u00e0 distance par t\u00e9l\u00e9phone portable.<\/p>"},{"tab_title":"Application","tab_content":"[product_oil_types]"},{"tab_title":"Webinaire","tab_content":"<div class=\"responsive-embed widescreen\">\r\n<div class=\"responsive-embed widescreen\">\r\n<div class=\"responsive-embed widescreen\">\r\n<div class=\"responsive-embed widescreen\">\r\n<div class=\"responsive-embed widescreen\">\r\n<div class=\"responsive-embed widescreen\"><iframe title=\"Maintenance du transformateur\" src=\"https:\/\/www.youtube.com\/embed\/wrpThx7GLbw?feature=oembed\" width=\"500\" height=\"281\" frameborder=\"0\" allowfullscreen=\"allowfullscreen\"><\/iframe><\/div>\r\n<\/div>\r\n<\/div>\r\n<\/div>\r\n<\/div>\r\n<\/div>"}],"add_video_tab":[{"video_tab_title":"Vid\u00e9o","add_video_id":[{"video_id":"QUkeMd5K0Hw"},{"video_id":"Ilq2xC2O5-I"}]}],"add_gallery_tab":null,"add_price_tab":[{"price_tab_title":"Obtenir le prix"}]},"language":"fr","_links":{"self":[{"href":"https:\/\/globecore.com\/fr\/wp-json\/wp\/v2\/pages\/14696","targetHints":{"allow":["GET"]}}],"collection":[{"href":"https:\/\/globecore.com\/fr\/wp-json\/wp\/v2\/pages"}],"about":[{"href":"https:\/\/globecore.com\/fr\/wp-json\/wp\/v2\/types\/page"}],"author":[{"embeddable":true,"href":"https:\/\/globecore.com\/fr\/wp-json\/wp\/v2\/users\/7"}],"replies":[{"embeddable":true,"href":"https:\/\/globecore.com\/fr\/wp-json\/wp\/v2\/comments?post=14696"}],"version-history":[{"count":2,"href":"https:\/\/globecore.com\/fr\/wp-json\/wp\/v2\/pages\/14696\/revisions"}],"predecessor-version":[{"id":336155,"href":"https:\/\/globecore.com\/fr\/wp-json\/wp\/v2\/pages\/14696\/revisions\/336155"}],"up":[{"embeddable":true,"href":"https:\/\/globecore.com\/fr\/wp-json\/wp\/v2\/pages\/112870"}],"wp:featuredmedia":[{"embeddable":true,"href":"https:\/\/globecore.com\/fr\/wp-json\/wp\/v2\/media\/32462"}],"wp:attachment":[{"href":"https:\/\/globecore.com\/fr\/wp-json\/wp\/v2\/media?parent=14696"}],"wp:term":[{"taxonomy":"category","embeddable":true,"href":"https:\/\/globecore.com\/fr\/wp-json\/wp\/v2\/categories?post=14696"}],"curies":[{"name":"wp","href":"https:\/\/api.w.org\/{rel}","templated":true}]}}