{"id":14699,"date":"2018-08-09T06:13:55","date_gmt":"2018-08-09T06:13:55","guid":{"rendered":"https:\/\/globecore.com?page_id=14699"},"modified":"2026-03-05T14:44:21","modified_gmt":"2026-03-05T14:44:21","slug":"laboratory-oil-filtration-unit-uvr-l","status":"publish","type":"page","link":"https:\/\/globecore.com\/fr\/products\/regeneration-de-lhuile\/laboratory-oil-filtration-unit-uvr-l\/","title":{"rendered":"\u0421\u041c\u041c-0,001U Unit\u00e9 labo de filtration d\u2019huile"},"content":{"rendered":"","protected":false},"excerpt":{"rendered":"<p>La GlobeCore CMM-0.001U est une unit\u00e9 de laboratoire con\u00e7ue pour la purification et la r\u00e9g\u00e9n\u00e9ration de produits p\u00e9trochimiques en petits volumes. Elle r\u00e9g\u00e9n\u00e8re de petits \u00e9chantillons d\u2019huile de transformateur, d\u2019huile industrielle, d\u2019huile de turbine, d\u2019huile hydraulique, de diesel, de fioul, d\u2019huile sous vide, de k\u00e9ros\u00e8ne, d\u2019huile de transmission et autres. Le syst\u00e8me utilise un module de filtration rempli de sorbant et un filtre pour \u00e9liminer les impuret\u00e9s et restaurer la qualit\u00e9 de l\u2019huile. Compacte et facile \u00e0 transporter, elle se connecte \u00e0 une prise \u00e9lectrique standard et permet des essais d\u2019\u00e9chantillons d\u2019huile sur site. L\u2019unit\u00e9 offre un fonctionnement silencieux et des capacit\u00e9s de r\u00e9g\u00e9n\u00e9ration de 2 \u00e0 5 L\/h selon le type d\u2019huile.<\/p>\n","protected":false},"author":7,"featured_media":26774,"parent":14664,"menu_order":0,"comment_status":"closed","ping_status":"closed","template":"templates\/single-product.php","meta":{"_acf_changed":false,"_bbp_topic_count":0,"_bbp_reply_count":0,"_bbp_total_topic_count":0,"_bbp_total_reply_count":0,"_bbp_voice_count":0,"_bbp_anonymous_reply_count":0,"_bbp_topic_count_hidden":0,"_bbp_reply_count_hidden":0,"_bbp_forum_subforum_count":0,"footnotes":""},"categories":[1339],"class_list":["post-14699","page","type-page","status-publish","has-post-thumbnail","hentry","category-oil-maintenance-fr","oil_type-fluide-dielectrique-fr3","oil_type-fluide-dielectrique-midel-7131","oil_type-fluide-ignifuge-fyrquel","oil_type-huile-de-silicone","oil_type-huile-de-transmission","oil_type-huile-hydraulique","oil_type-huile-industrielle","oil_type-huile-pour-cables","oil_type-huile-pour-compresseur","oil_type-huile-pour-transformateur","oil_type-huile-pour-turbine","process_type-regeneration-fr"],"acf":{"add_tab":[{"tab_title":"Description","tab_content":"<p style=\"text-align: justify;\">Le but de l\u2019unit\u00e9 labo \u0421\u041c\u041c-0,001U est de v\u00e9rifier la possibilit\u00e9 de purifier un produit p\u00e9trochimique sp\u00e9cifique.<\/p>\r\n<p style=\"text-align: justify;\">Les types d\u2019huiles min\u00e9rales \u00e0 r\u00e9g\u00e9n\u00e9rer et filtrer:<\/p>\r\n\r\n<ul style=\"text-align: justify;\">\r\n \t<li>huile industrielle;<\/li>\r\n \t<li>huile de transformateur;<\/li>\r\n \t<li>huile de turbine;<\/li>\r\n \t<li>diesel;<\/li>\r\n \t<li>huile de chauffage;<\/li>\r\n \t<li>huile hydraulique;<\/li>\r\n \t<li>huile vacuum;<\/li>\r\n \t<li>huile de transmission;<\/li>\r\n \t<li>condensat de gaz;<\/li>\r\n \t<li>k\u00e9ros\u00e8ne;<\/li>\r\n \t<li>huile moteur (cependant, les additifs sont \u00e9galement \u00e9limin\u00e9s de l\u2019huile dans le processus et ils doivent \u00eatre r\u00e9introduits)<\/li>\r\n<\/ul>\r\n<h2 style=\"text-align: center;\"><strong>CONCEPTION<\/strong><\/h2>\r\n<p style=\"text-align: justify;\">L\u2019unit\u00e9 est compos\u00e9e de:<\/p>\r\n\r\n<ul style=\"text-align: justify;\">\r\n \t<li>capsule de filtration<\/li>\r\n \t<li>cadre;<\/li>\r\n \t<li>chambre \u00e0 vide;<\/li>\r\n \t<li>pompe \u00e0 vide:<\/li>\r\n \t<li>tuyauterie;<\/li>\r\n<\/ul>\r\n<p style=\"text-align: justify;\">La capsule de filtration est un r\u00e9cipient rempli \u00e0 moiti\u00e9 de sorbant qui r\u00e9g\u00e9n\u00e8re l\u2019huile qui coule \u00e0 travers.\u00a0 Le sorbant et l\u2019huile sont charg\u00e9s dans la capsule par le haut.<\/p>\r\n<p style=\"text-align: justify;\">Au fond de la capsule il y a un couvercle, \u00e0 travers lequel elle est mise sous vide et \u00e0 travers lequel le sorbant satur\u00e9 est extrait.\u00a0 L\u2019huile purifi\u00e9e est \u00e9galement \u00e0 \u00e9vacuer par le bas.<\/p>\r\n<p style=\"text-align: justify;\">La surface externe de la capsule est envelopp\u00e9e d\u2019un r\u00e9chauffeur \u00e9lectrique et isol\u00e9e.<\/p>\r\n<p style=\"text-align: justify;\">Le cadre est une structure m\u00e9tallique englobant tous les composants de l\u2019unit\u00e9.<\/p>\r\n<p style=\"text-align: justify;\">La chambre \u00e0 vide est un r\u00e9cipient rectangulaire rempli d\u2019huile r\u00e9g\u00e9n\u00e9r\u00e9e. La partie sup\u00e9rieure du r\u00e9cipient est \u00e9quip\u00e9e d\u2019une soupape \u00e0 bille pour relier la chambre \u00e0 la pompe \u00e0 vide. Le fond de la chambre est \u00e9quip\u00e9 d\u2019une soupape \u00e0 bille, \u00e0 travers laquelle l\u2019huile est aspir\u00e9e dans le r\u00e9cipient \u00e0 vide, et d\u2019une vanne pour vidanger l\u2019huile. La chambre \u00e0 vide est \u00e9galement \u00e9quip\u00e9e d\u2019un indicateur visuel de niveau de liquide et d\u2019une jauge de vide.<\/p>\r\n<p style=\"text-align: justify;\">La pompe \u00e0 vide est \u00e0 cr\u00e9er la d\u00e9pression dans la chambre.<\/p>\r\n<p style=\"text-align: justify;\">Le soutien en temps opportun et l\u2019interaction avec les clients est une des priorit\u00e9s les plus \u00e9lev\u00e9es de la soci\u00e9t\u00e9 GlobeCore, quel que soit l\u2019emplacement du client, gr\u00e2ce au r\u00e9seau bien d\u00e9velopp\u00e9 des repr\u00e9sentations et des centres de services.<\/p>\r\n<p style=\"text-align: justify;\">Les experts de la soci\u00e9t\u00e9 GlobeCore sont toujours pr\u00eats \u00e0 rendre leur soutien en l'entretien et la r\u00e9paration des \u00e9quipements. Les sp\u00e9cialistes de la soci\u00e9t\u00e9 assurent la r\u00e9paration et l\u2019entretien de l\u2019\u00e9quipement pour la purification des huiles transformateur, turbine, industrielle et d\u2019autres types d\u2019huile ainsi que des installation \u00e0 \u00e9mulsion de bitume et des unit\u00e9s \u00e0 produire du bitume modifi\u00e9.<\/p>\r\n<p style=\"text-align: justify;\">En ce qui concerne le partenariat avec les clients, notre soci\u00e9t\u00e9 est guid\u00e9e par les principes suivants:<\/p>\r\n\r\n<ul>\r\n \t<li style=\"text-align: justify;\">Conseils gratuits. En choisissant de l\u2019\u00e9quipement vous pourrez toujours obtenir l\u2019avis des sp\u00e9cialistes qualifi\u00e9s et d\u00e9cider quelles solutions seraient appropri\u00e9es.<\/li>\r\n \t<li style=\"text-align: justify;\">Approche individualis\u00e9e. Chaque installation est con\u00e7ue et fabriqu\u00e9e en tenant compte de tous les besoins et demandes du client<\/li>\r\n \t<li style=\"text-align: justify;\">Travaux de la mise en route et de r\u00e9glage Si n\u00e9cessaire, les sp\u00e9cialistes de l'entreprise se rendent chez le client pour mettre l'\u00e9quipement en service;<\/li>\r\n \t<li style=\"text-align: justify;\">Large gamme de pi\u00e8ces de rechange et de pi\u00e8ces d\u00e9tach\u00e9es.<em><strong> GlobeCore<\/strong><\/em> garde un stock important de pi\u00e8ces de rechange pour le remplacement rapide, ce qui \u00e9vite des longs arr\u00eats de l\u2019\u00e9quipement et des pertes financi\u00e8res associ\u00e9es<\/li>\r\n \t<li style=\"text-align: justify;\">Formation du personnel. <em><strong>GlobeCore<\/strong><\/em> assure la formation du personnel \u00e0 tous les types d'\u00e9quipements, tant sur le site client que dans le centre de formation de l'entreprise \u00e0 Oldenburg en Allemagne. Des didacticiels vid\u00e9o suppl\u00e9mentaires peuvent \u00eatre fournis sur demande.<\/li>\r\n \t<li style=\"text-align: justify;\"><em><strong>GlobeCore<\/strong><\/em> se sp\u00e9cialise \u00e9galement dans la finalisation d\u2019\u00e9quipement existant pour augmenter sa dur\u00e9e de vie<\/li>\r\n \t<li style=\"text-align: justify;\">Garantie et service apr\u00e8s-vente. Tous les travaux effectu\u00e9s par les sp\u00e9cialistes de GlobeCore sont garantis. Le service apr\u00e8s-vente est possible par un accord s\u00e9par\u00e9<\/li>\r\n<\/ul>"}],"add_def_tab":[{"tab_title":"Caract\u00e9ristiques","tab_content":"<table width=\"588\">\r\n<tbody>\r\n<tr>\r\n<td width=\"43\"><strong>\u2116<\/strong><\/td>\r\n<td style=\"text-align: center;\" width=\"437\"><strong>Sp\u00e9cification<\/strong><\/td>\r\n<td width=\"108\"><\/td>\r\n<\/tr>\r\n<tr>\r\n<td width=\"43\">1<\/td>\r\n<td width=\"437\">\r\n<p style=\"text-align: left;\">Capacit\u00e9 de r\u00e9g\u00e9n\u00e9ration, l\/h:<\/p>\r\n<p class=\"1\" style=\"text-align: left;\"><span lang=\"FR\">\u2014 huile de transformateur\r\n<\/span><\/p>\r\n<p class=\"1\" style=\"text-align: left;\"><span lang=\"FR\">\u2014 huile industrielle*\r\n<\/span><\/p>\r\n<\/td>\r\n<td width=\"108\">\r\n<p style=\"text-align: center;\">3-5*<\/p>\r\n<p style=\"text-align: center;\">2-4*<\/p>\r\n<\/td>\r\n<\/tr>\r\n<tr>\r\n<td width=\"43\">2<\/td>\r\n<td width=\"437\">\r\n<p class=\"1\"><span lang=\"FR\">Consommation sorbant en % de la masse d\u2019huile <\/span><\/p>\r\n<p class=\"1\"><span lang=\"FR\">\u2014 huile de transformateur\r\n<\/span><\/p>\r\n<p class=\"1\"><span lang=\"FR\">\u2014 huile industrielle*\r\n<\/span><\/p>\r\n<\/td>\r\n<td width=\"108\">\r\n<p style=\"text-align: center;\">3-10*<\/p>\r\n<p style=\"text-align: center;\">3-10*<\/p>\r\n<\/td>\r\n<\/tr>\r\n<tr>\r\n<td width=\"43\">3<\/td>\r\n<td style=\"text-align: left;\" width=\"437\">\u041c\u0430sse de chargement du sorbant, kg<\/td>\r\n<td style=\"text-align: center;\" width=\"108\">3<\/td>\r\n<\/tr>\r\n<tr>\r\n<td width=\"43\">4<\/td>\r\n<td width=\"437\">\r\n<p class=\"1\"><span lang=\"FR\">Perte d\u2019huile en % du volume initial (capt\u00e9e par sorbant) <\/span><\/p>\r\n<p class=\"1\"><span lang=\"FR\">\u2014 huile de transformateur\r\n<\/span><\/p>\r\n<p class=\"1\"><span lang=\"FR\">\u2013 huile industrielle*\r\n<\/span><\/p>\r\n<\/td>\r\n<td width=\"108\">\r\n<p style=\"text-align: center;\">1-5<\/p>\r\n<p style=\"text-align: center;\">1-5<\/p>\r\n<\/td>\r\n<\/tr>\r\n<tr>\r\n<td width=\"43\">5<\/td>\r\n<td width=\"437\">Puissance du r\u00e9chauffeur, kW<\/td>\r\n<td style=\"text-align: center;\" width=\"108\">0,16<\/td>\r\n<\/tr>\r\n<tr>\r\n<td width=\"43\">6<\/td>\r\n<td width=\"437\">Puissance nominale, \u043aW<\/td>\r\n<td style=\"text-align: center;\" width=\"108\">1,0<\/td>\r\n<\/tr>\r\n<tr>\r\n<td width=\"43\">7<\/td>\r\n<td width=\"437\">Tension du courant alternatif monophas\u00e9 50(60) Hz, V<\/td>\r\n<td style=\"text-align: center;\" width=\"108\">220<\/td>\r\n<\/tr>\r\n<tr>\r\n<td width=\"43\">8<\/td>\r\n<td width=\"437\">\r\n<p class=\"1\"><span lang=\"FR\">Dimensions, mm <\/span><\/p>\r\n<p class=\"1\"><span lang=\"FR\">\u2014 longueur\r\n<\/span><\/p>\r\n<p class=\"1\"><span lang=\"FR\">\u2014 largeur\r\n<\/span><\/p>\r\n<p class=\"1\"><span lang=\"FR\">\u2014 hauteur\r\n<\/span><\/p>\r\n<\/td>\r\n<td width=\"108\">\r\n<p style=\"text-align: center;\">500<\/p>\r\n<p style=\"text-align: center;\">550<\/p>\r\n<p style=\"text-align: center;\">750<\/p>\r\n<\/td>\r\n<\/tr>\r\n<tr>\r\n<td width=\"43\">9<\/td>\r\n<td width=\"437\">Masse, kg<\/td>\r\n<td style=\"text-align: center;\" width=\"108\">50<\/td>\r\n<\/tr>\r\n<\/tbody>\r\n<\/table>"},{"tab_title":"Avantages","tab_content":"<ul>\r\n \t<li style=\"text-align: justify;\">compacit\u00e9;<\/li>\r\n \t<li style=\"text-align: justify;\">facile \u00e0 transporter;<\/li>\r\n \t<li style=\"text-align: justify;\">la possibilit\u00e9 de connexion \u00e0 une prise \u00e9lectrique ordinaire;<\/li>\r\n \t<li style=\"text-align: justify;\">purification des \u00e9chantillons d\u2019huile directement sur le site;<\/li>\r\n \t<li style=\"text-align: justify;\">fonctionnement silencieux<\/li>\r\n<\/ul>"},{"tab_title":"Application","tab_content":"[product_oil_types]"},{"tab_title":"Webinaire","tab_content":"<div class=\"responsive-embed widescreen\">\r\n<div class=\"responsive-embed widescreen\">\r\n<div class=\"responsive-embed widescreen\">\r\n<div class=\"responsive-embed widescreen\">\r\n<div class=\"responsive-embed widescreen\">\r\n<div class=\"responsive-embed widescreen\"><iframe title=\"Webinaire - R\u00e9g\u00e9n\u00e9ration d'huile di\u00e9lectrique : un regard en profondeur (13.10.2021)\" src=\"https:\/\/www.youtube.com\/embed\/c4kPeNUrNS0?feature=oembed\" width=\"500\" height=\"281\" frameborder=\"0\" allowfullscreen=\"allowfullscreen\"><\/iframe><\/div>\r\n<\/div>\r\n<\/div>\r\n<\/div>\r\n<\/div>\r\n<\/div>"}],"add_video_tab":[{"video_tab_title":"Vid\u00e9o","add_video_id":[{"video_id":"tEIKLLdjhcU"},{"video_id":"LWvi5LUuX6c"}]}],"add_gallery_tab":[{"gallery_tab_title":"Galerie","add_img":[14798,14848,14847,14846,14845,14560,14561,14564]}],"add_price_tab":[{"price_tab_title":"Obtenir le prix"}]},"language":"fr","_links":{"self":[{"href":"https:\/\/globecore.com\/fr\/wp-json\/wp\/v2\/pages\/14699","targetHints":{"allow":["GET"]}}],"collection":[{"href":"https:\/\/globecore.com\/fr\/wp-json\/wp\/v2\/pages"}],"about":[{"href":"https:\/\/globecore.com\/fr\/wp-json\/wp\/v2\/types\/page"}],"author":[{"embeddable":true,"href":"https:\/\/globecore.com\/fr\/wp-json\/wp\/v2\/users\/7"}],"replies":[{"embeddable":true,"href":"https:\/\/globecore.com\/fr\/wp-json\/wp\/v2\/comments?post=14699"}],"version-history":[{"count":1,"href":"https:\/\/globecore.com\/fr\/wp-json\/wp\/v2\/pages\/14699\/revisions"}],"predecessor-version":[{"id":335983,"href":"https:\/\/globecore.com\/fr\/wp-json\/wp\/v2\/pages\/14699\/revisions\/335983"}],"up":[{"embeddable":true,"href":"https:\/\/globecore.com\/fr\/wp-json\/wp\/v2\/pages\/14664"}],"wp:featuredmedia":[{"embeddable":true,"href":"https:\/\/globecore.com\/fr\/wp-json\/wp\/v2\/media\/26774"}],"wp:attachment":[{"href":"https:\/\/globecore.com\/fr\/wp-json\/wp\/v2\/media?parent=14699"}],"wp:term":[{"taxonomy":"category","embeddable":true,"href":"https:\/\/globecore.com\/fr\/wp-json\/wp\/v2\/categories?post=14699"}],"curies":[{"name":"wp","href":"https:\/\/api.w.org\/{rel}","templated":true}]}}