{"id":147358,"date":"2021-04-26T10:30:27","date_gmt":"2021-04-26T10:30:27","guid":{"rendered":"https:\/\/globecore.com\/products\/regeneration-de-lhuile\/cmm-6r-light-transformer-oil-regeneration-unit\/"},"modified":"2026-04-20T10:54:47","modified_gmt":"2026-04-20T10:54:47","slug":"cmm-6r-light-transformer-oil-regeneration-unit","status":"publish","type":"page","link":"https:\/\/globecore.com\/fr\/products\/regeneration-de-lhuile\/cmm-6r-light-transformer-oil-regeneration-unit\/","title":{"rendered":"CMM-6RL Unit\u00e9 de r\u00e9g\u00e9n\u00e9ration de l&rsquo;huile de transformateur"},"content":{"rendered":"","protected":false},"excerpt":{"rendered":"<p>La GlobeCore CMM-6RL est une unit\u00e9 de r\u00e9g\u00e9n\u00e9ration d\u2019huile pour transformateurs et industries qui restaure l\u2019huile vieillie \u00e0 un \u00e9tat quasi neuf en la faisant passer \u00e0 travers six colonnes remplies d\u2019adsorbant \u00e0 base de terre de Fuller. Le syst\u00e8me \u00e9limine les acides, les boues, l\u2019humidit\u00e9 et les produits d\u2019oxydation, am\u00e9liorant la tension de claquage et la performance di\u00e9lectrique globale. Une caract\u00e9ristique cl\u00e9 est la r\u00e9activation de l\u2019adsorbant dans la colonne, permettant de br\u00fbler et de r\u00e9utiliser le sorbant jusqu\u2019\u00e0 300 fois sans le retirer. La CMM-6RL r\u00e9g\u00e9n\u00e8re \u00e9galement les huiles hydrauliques, de turbines, de bo\u00eetes de vitesses et autres huiles industrielles, pr\u00e9servant les hydrocarbures utiles et r\u00e9duisant les co\u00fbts d\u2019\u00e9limination et de remplacement. Cette unit\u00e9 offre une solution durable et efficace pour prolonger la dur\u00e9e de vie de l\u2019huile et de l\u2019\u00e9quipement.<\/p>\n","protected":false},"author":7,"featured_media":58783,"parent":14664,"menu_order":0,"comment_status":"closed","ping_status":"closed","template":"templates\/single-product.php","meta":{"_acf_changed":false,"_bbp_topic_count":0,"_bbp_reply_count":0,"_bbp_total_topic_count":0,"_bbp_total_reply_count":0,"_bbp_voice_count":0,"_bbp_anonymous_reply_count":0,"_bbp_topic_count_hidden":0,"_bbp_reply_count_hidden":0,"_bbp_forum_subforum_count":0,"footnotes":""},"categories":[1339],"class_list":["post-147358","page","type-page","status-publish","has-post-thumbnail","hentry","category-oil-maintenance-fr","oil_type-fluide-dielectrique-fr3","oil_type-fluide-dielectrique-midel-7131","oil_type-fluide-ignifuge-fyrquel","oil_type-huile-de-silicone","oil_type-huile-de-transmission","oil_type-huile-hydraulique","oil_type-huile-industrielle","oil_type-huile-pour-cables","oil_type-huile-pour-compresseur","oil_type-huile-pour-transformateur","oil_type-huile-pour-turbine","process_type-filtration-fr","process_type-regeneration-fr"],"acf":{"add_tab":[{"tab_title":"Description","tab_content":"<p style=\"text-align: justify;\">L'unit\u00e9 CMM-6RL est con\u00e7ue pour la r\u00e9g\u00e9n\u00e9ration des huiles de transformateur.<\/p>\r\n<p style=\"text-align: justify;\">Le processus de r\u00e9g\u00e9n\u00e9ration consiste \u00e0 faire passer l'huile \u00e0 travers six colonnes, chacune contenant 75 kilogrammes de terre de Fuller, un adsorbant \u00e0 structure microporeuse. De plus, toutes les impuret\u00e9s nocives et les produits de vieillissement sont retenus dans les granules de l'adsorbant. L'huile trouble et brune devient propre et claire. La tension de claquage augmente, le nombre d'acidit\u00e9 et le tangage de la perte di\u00e9lectrique diminuent. Gr\u00e2ce \u00e0 la r\u00e9g\u00e9n\u00e9ration, l'huile us\u00e9e retrouve ses propri\u00e9t\u00e9s au niveau de l'huile neuve et est r\u00e9utilis\u00e9e dans un transformateur pour l'isolation et l'\u00e9vacuation de la chaleur.<\/p>\r\n<p style=\"text-align: justify;\">D\u00e8s que la qualit\u00e9 de la r\u00e9g\u00e9n\u00e9ration de l'huile cesse de r\u00e9pondre aux exigences, l'unit\u00e9 peut \u00eatre pass\u00e9e en mode de r\u00e9activation du sorbant. Le sorbant est r\u00e9g\u00e9n\u00e9r\u00e9 par combustion et est ensuite r\u00e9utilis\u00e9 pour la r\u00e9g\u00e9n\u00e9ration de l'huile de transformateur.<\/p>"}],"add_def_tab":[{"tab_title":"Caract\u00e9ristiques","tab_content":"<table width=\"602\">\r\n<tbody>\r\n<tr>\r\n<td width=\"63\"><strong>No.<\/strong><\/td>\r\n<td width=\"435\">\r\n<p style=\"text-align: center;\"><strong>Param\u00e8tre<\/strong><\/p>\r\n<\/td>\r\n<td width=\"103\">\r\n<p style=\"text-align: center;\"><strong>Valeur<\/strong><\/p>\r\n<\/td>\r\n<\/tr>\r\n<tr>\r\n<td width=\"63\">1<\/td>\r\n<td width=\"435\">\r\n<p style=\"text-align: left;\">Capacit\u00e9, m<sup>3<\/sup>\/h (gpm)<\/p>\r\n<\/td>\r\n<td width=\"103\">\r\n<p style=\"text-align: center;\">0.45 (1.98)*<\/p>\r\n<\/td>\r\n<\/tr>\r\n<tr>\r\n<td width=\"63\">2<\/td>\r\n<td width=\"435\">Temps de r\u00e9activation du sorbant, pas plus de<\/td>\r\n<td width=\"103\">\r\n<p style=\"text-align: center;\">19 heures<\/p>\r\n<\/td>\r\n<\/tr>\r\n<tr>\r\n<td width=\"63\">3<\/td>\r\n<td width=\"435\">\r\n<p style=\"text-align: left;\">Consommation d\u2019\u00e9nergie requise, kW<\/p>\r\n<\/td>\r\n<td width=\"103\">\r\n<p style=\"text-align: center;\">14.5<\/p>\r\n<\/td>\r\n<\/tr>\r\n<tr>\r\n<td width=\"63\">4<\/td>\r\n<td width=\"435\">\r\n<p style=\"text-align: left;\">Tension d\u2019alimentation triphas\u00e9e 50, 60 Hz AC, V<\/p>\r\n<\/td>\r\n<td width=\"103\">\r\n<p style=\"text-align: center;\">380<\/p>\r\n<\/td>\r\n<\/tr>\r\n<tr>\r\n<td width=\"63\">5<\/td>\r\n<td width=\"435\">Dimensions, mm (po), pas plus de\r\n<ul>\r\n \t<li>longueur<\/li>\r\n \t<li>largeur<\/li>\r\n \t<li>hauteur<\/li>\r\n<\/ul>\r\n<\/td>\r\n<td width=\"103\">&nbsp;\r\n<p style=\"text-align: center;\">2820 (111)<\/p>\r\n<p style=\"text-align: center;\">1570 (61.8)<\/p>\r\n<p style=\"text-align: center;\">1520 (59.8)<\/p>\r\n<\/td>\r\n<\/tr>\r\n<tr>\r\n<td width=\"63\">6<\/td>\r\n<td width=\"435\">\r\n<p style=\"text-align: left;\">Poids, kg (lb), pas plus de<\/p>\r\n<\/td>\r\n<td width=\"103\">\r\n<p style=\"text-align: center;\">2100 (4,629)<\/p>\r\n<\/td>\r\n<\/tr>\r\n<\/tbody>\r\n<\/table>\r\n<p style=\"text-align: justify;\"><strong>\u00a0<\/strong><strong>* La capacit\u00e9 de l\u2019unit\u00e9 d\u00e9pend des indicateurs de qualit\u00e9 de l\u2019huile trait\u00e9e.<\/strong><\/p>"},{"tab_title":"Avantages","tab_content":"<ul>\r\n \t<li style=\"text-align: justify;\">taille compacte;<\/li>\r\n \t<li style=\"text-align: justify;\">peut \u00eatre utilis\u00e9 avec des unit\u00e9s de d\u00e9gazage;<\/li>\r\n \t<li style=\"text-align: justify;\">l\u2019adsorbant peut \u00eatre r\u00e9activ\u00e9 de 300 \u00e0 500 fois;<\/li>\r\n \t<li style=\"text-align: justify;\">\u00e9conomies d\u2019argent gr\u00e2ce \u00e0 la r\u00e9cup\u00e9ration des propri\u00e9t\u00e9s de l\u2019huile et \u00e0 la r\u00e9utilisation de l\u2019huile dans les transformateurs.<\/li>\r\n<\/ul>"},{"tab_title":"Application","tab_content":"[product_oil_types]"},{"tab_title":"Webinaire","tab_content":"<div class=\"responsive-embed widescreen\">\r\n<div class=\"responsive-embed widescreen\">\r\n<div class=\"responsive-embed widescreen\">\r\n<div class=\"responsive-embed widescreen\">\r\n<div class=\"responsive-embed widescreen\">\r\n<div class=\"responsive-embed widescreen\"><iframe title=\"Webinaire - R\u00e9g\u00e9n\u00e9ration d'huile di\u00e9lectrique : un regard en profondeur (13.10.2021)\" src=\"https:\/\/www.youtube.com\/embed\/c4kPeNUrNS0?feature=oembed\" width=\"500\" height=\"281\" frameborder=\"0\" allowfullscreen=\"allowfullscreen\"><\/iframe><\/div>\r\n<\/div>\r\n<\/div>\r\n<\/div>\r\n<\/div>\r\n<\/div>"}],"add_video_tab":[{"video_tab_title":"Vid\u00e9o","add_video_id":[{"video_id":"VN-QZna4k8I"},{"video_id":"PnaMWmOJtaQ"},{"video_id":"_pLRlN0FwWo"},{"video_id":"ox_fpiGCA2M"}]}],"add_gallery_tab":[{"gallery_tab_title":"Photo","add_img":[59070,59079,59088]}],"add_price_tab":[{"price_tab_title":"Get a quote"}]},"language":"fr","_links":{"self":[{"href":"https:\/\/globecore.com\/fr\/wp-json\/wp\/v2\/pages\/147358","targetHints":{"allow":["GET"]}}],"collection":[{"href":"https:\/\/globecore.com\/fr\/wp-json\/wp\/v2\/pages"}],"about":[{"href":"https:\/\/globecore.com\/fr\/wp-json\/wp\/v2\/types\/page"}],"author":[{"embeddable":true,"href":"https:\/\/globecore.com\/fr\/wp-json\/wp\/v2\/users\/7"}],"replies":[{"embeddable":true,"href":"https:\/\/globecore.com\/fr\/wp-json\/wp\/v2\/comments?post=147358"}],"version-history":[{"count":4,"href":"https:\/\/globecore.com\/fr\/wp-json\/wp\/v2\/pages\/147358\/revisions"}],"predecessor-version":[{"id":343026,"href":"https:\/\/globecore.com\/fr\/wp-json\/wp\/v2\/pages\/147358\/revisions\/343026"}],"up":[{"embeddable":true,"href":"https:\/\/globecore.com\/fr\/wp-json\/wp\/v2\/pages\/14664"}],"wp:featuredmedia":[{"embeddable":true,"href":"https:\/\/globecore.com\/fr\/wp-json\/wp\/v2\/media\/58783"}],"wp:attachment":[{"href":"https:\/\/globecore.com\/fr\/wp-json\/wp\/v2\/media?parent=147358"}],"wp:term":[{"taxonomy":"category","embeddable":true,"href":"https:\/\/globecore.com\/fr\/wp-json\/wp\/v2\/categories?post=147358"}],"curies":[{"name":"wp","href":"https:\/\/api.w.org\/{rel}","templated":true}]}}