{"id":147364,"date":"2023-10-16T06:13:19","date_gmt":"2023-10-16T06:13:19","guid":{"rendered":"https:\/\/globecore.com\/products\/regeneration-de-lhuile\/cmm-10rl-transformer-oil-regeneration-plant\/"},"modified":"2026-04-20T10:57:47","modified_gmt":"2026-04-20T10:57:47","slug":"cmm-10rl-transformer-oil-regeneration-plant","status":"publish","type":"page","link":"https:\/\/globecore.com\/fr\/products\/regeneration-de-lhuile\/cmm-10rl-transformer-oil-regeneration-plant\/","title":{"rendered":"CMM-10RL Usine de r\u00e9g\u00e9n\u00e9ration d&rsquo;huile de transformateur"},"content":{"rendered":"","protected":false},"excerpt":{"rendered":"<p>La GlobeCore CMM-10RL est une installation de r\u00e9g\u00e9n\u00e9ration d\u2019huile de transformateur qui restaure l\u2019huile isolante d\u00e9grad\u00e9e \u00e0 un \u00e9tat quasi neuf. L\u2019huile passe \u00e0 travers dix colonnes remplies de sorbant \u00e0 base de terre de Fuller, qui \u00e9limine les acides, les boues, l\u2019humidit\u00e9 et les produits d\u2019oxydation, am\u00e9liorant la rigidit\u00e9 di\u00e9lectrique et la clart\u00e9. L\u2019unit\u00e9 est \u00e9quip\u00e9e d\u2019une r\u00e9activation du sorbant dans la colonne, permettant entre 300 et 500 cycles de r\u00e9utilisation sans \u00e9limination. La CMM-10RL r\u00e9g\u00e9n\u00e8re \u00e9galement les huiles de turbine, hydrauliques, en silicone, FR3, Midel 7131, de bo\u00eetes de vitesses, de compresseurs et de c\u00e2bles, et affine le diesel, les carburants marins et le condensat de gaz. Elle offre un d\u00e9bit de 0,75 m\u00b3\/h et r\u00e9duit les co\u00fbts de remplacement de l\u2019huile.<\/p>\n","protected":false},"author":7,"featured_media":105537,"parent":14664,"menu_order":0,"comment_status":"closed","ping_status":"closed","template":"templates\/single-product.php","meta":{"_acf_changed":false,"_bbp_topic_count":0,"_bbp_reply_count":0,"_bbp_total_topic_count":0,"_bbp_total_reply_count":0,"_bbp_voice_count":0,"_bbp_anonymous_reply_count":0,"_bbp_topic_count_hidden":0,"_bbp_reply_count_hidden":0,"_bbp_forum_subforum_count":0,"footnotes":""},"categories":[1339],"class_list":["post-147364","page","type-page","status-publish","has-post-thumbnail","hentry","category-oil-maintenance-fr","oil_type-fluide-dielectrique-fr3","oil_type-fluide-dielectrique-midel-7131","oil_type-fluide-ignifuge-fyrquel","oil_type-huile-de-silicone","oil_type-huile-de-transmission","oil_type-huile-hydraulique","oil_type-huile-industrielle","oil_type-huile-pour-cables","oil_type-huile-pour-compresseur","oil_type-huile-pour-transformateur","oil_type-huile-pour-turbine","process_type-filtration-fr","process_type-regeneration-fr"],"acf":{"add_tab":[{"tab_title":"Description","tab_content":"<p style=\"text-align: justify;\">Le CMM-10RL est con\u00e7u pour la r\u00e9g\u00e9n\u00e9ration des huiles de transformateur.<\/p>\r\n<p style=\"text-align: justify;\">Le processus de r\u00e9clamation de l'huile consiste \u00e0 faire circuler l'huile \u00e0 travers dix colonnes, chacune contenant 75 kg de sorbant \u00e0 base de terre de Fuller, un mat\u00e9riau \u00e0 structure microporeuse. Pendant le processus de filtration, toutes les impuret\u00e9s ind\u00e9sirables et les produits d'oxydation sont captur\u00e9s dans les granul\u00e9s du sorbant. Ainsi, l'huile sombre et trouble devient claire et l\u00e9g\u00e8re. En m\u00eame temps, la r\u00e9sistance di\u00e9lectrique augmente, le nombre d'acides diminue et d'autres param\u00e8tres s'am\u00e9liorent.<\/p>\r\n<p style=\"text-align: justify;\">Gr\u00e2ce \u00e0 cette r\u00e9clamation, l'huile us\u00e9e retrouve les propri\u00e9t\u00e9s de l'huile neuve et peut \u00eatre r\u00e9utilis\u00e9e dans les transformateurs et autres \u00e9quipements haute tension.<\/p>\r\n<p style=\"text-align: justify;\">La caract\u00e9ristique distinctive de l'usine CMM-10RL est la possibilit\u00e9 de r\u00e9utiliser le sorbant sans \u00e9limination, gr\u00e2ce \u00e0 la r\u00e9activation directement au sein de l'usine, o\u00f9 le sorbant n'est pas retir\u00e9 des colonnes de r\u00e9g\u00e9n\u00e9ration.<\/p>"}],"add_def_tab":[{"tab_title":"Caract\u00e9ristiques","tab_content":"<table width=\"600\">\r\n<tbody>\r\n<tr>\r\n<td width=\"47\"><strong>No.<\/strong><\/td>\r\n<td width=\"353\">\r\n<p style=\"text-align: center;\"><strong>Param\u00e8tre<\/strong><\/p>\r\n<\/td>\r\n<td width=\"200\">\r\n<p style=\"text-align: center;\"><strong>Valeur<\/strong><\/p>\r\n<\/td>\r\n<\/tr>\r\n<tr>\r\n<td width=\"47\">1<\/td>\r\n<td width=\"353\">Capacit\u00e9, m<sup>3<\/sup>\/h (gpm)<\/td>\r\n<td width=\"200\">\r\n<p style=\"text-align: center;\">0.75\u00a0(3.3)*<\/p>\r\n<\/td>\r\n<\/tr>\r\n<tr>\r\n<td width=\"47\">2<\/td>\r\n<td width=\"353\">Temps de r\u00e9activation du sorbant, heures, max<\/td>\r\n<td width=\"200\">\r\n<p style=\"text-align: center;\">19<\/p>\r\n<\/td>\r\n<\/tr>\r\n<tr>\r\n<td width=\"47\">3<\/td>\r\n<td width=\"353\">Consommation d\u2019\u00e9nergie requise, kW<\/td>\r\n<td width=\"200\">\r\n<p style=\"text-align: center;\">25<\/p>\r\n<\/td>\r\n<\/tr>\r\n<tr>\r\n<td width=\"47\">4<\/td>\r\n<td width=\"353\">Tension d\u2019alimentation triphas\u00e9e 50, 60 Hz AC, V<\/td>\r\n<td width=\"200\">\r\n<p style=\"text-align: center;\">380<\/p>\r\n<\/td>\r\n<\/tr>\r\n<tr>\r\n<td width=\"47\">5<\/td>\r\n<td width=\"353\">Dimensions, mm (po), pas plus de<\/td>\r\n<td width=\"200\"><\/td>\r\n<\/tr>\r\n<tr>\r\n<td width=\"47\"><strong>\u00a0<\/strong><\/td>\r\n<td width=\"353\">\u2013 longueur<\/td>\r\n<td width=\"200\">\r\n<p style=\"text-align: center;\">3,320 (130.7)<\/p>\r\n<\/td>\r\n<\/tr>\r\n<tr>\r\n<td width=\"47\"><strong>\u00a0<\/strong><\/td>\r\n<td width=\"353\">\u2013 largeur<\/td>\r\n<td width=\"200\">\r\n<p style=\"text-align: center;\">1,570\u00a0(61.8)<\/p>\r\n<\/td>\r\n<\/tr>\r\n<tr>\r\n<td width=\"47\"><strong>\u00a0<\/strong><\/td>\r\n<td width=\"353\">\u2013 hauteur<\/td>\r\n<td width=\"200\">\r\n<p style=\"text-align: center;\">1,520\u00a0(59.8)<\/p>\r\n<\/td>\r\n<\/tr>\r\n<tr>\r\n<td width=\"47\">6<\/td>\r\n<td width=\"353\">Poids, kg (lb), pas plus de<\/td>\r\n<td width=\"200\">\r\n<p style=\"text-align: center;\">2,500 (5,511)<\/p>\r\n<\/td>\r\n<\/tr>\r\n<\/tbody>\r\n<\/table>\r\n<p style=\"text-align: justify;\">* \u2013 La capacit\u00e9 de l\u2019usine d\u00e9pend des performances de qualit\u00e9 de l\u2019huile trait\u00e9e.<\/p>"},{"tab_title":"Avantages","tab_content":"<ul>\r\n \t<li style=\"text-align: justify;\">R\u00e9cup\u00e9ration compl\u00e8te des huiles de transformateur us\u00e9es \u00e0 un \u00e9tat aussi bon que neuf ;<\/li>\r\n \t<li style=\"text-align: justify;\">Possibilit\u00e9 d\u2019utilisation en combinaison avec des unit\u00e9s de d\u00e9gazage ;<\/li>\r\n \t<li style=\"text-align: justify;\">Possibilit\u00e9 de r\u00e9activation du sorbant de 300 \u00e0 500 fois ;<\/li>\r\n \t<li style=\"text-align: justify;\">\u00c9conomies r\u00e9alis\u00e9es gr\u00e2ce \u00e0 la r\u00e9cup\u00e9ration et \u00e0 la r\u00e9utilisation de l\u2019huile dans les transformateurs.<\/li>\r\n<\/ul>"},{"tab_title":"Application","tab_content":"[product_oil_types]"},{"tab_title":"Webinaire","tab_content":"<div class=\"responsive-embed widescreen\">\r\n<div class=\"responsive-embed widescreen\">\r\n<div class=\"responsive-embed widescreen\">\r\n<div class=\"responsive-embed widescreen\">\r\n<div class=\"responsive-embed widescreen\">\r\n<div class=\"responsive-embed widescreen\"><iframe title=\"Webinaire - R\u00e9g\u00e9n\u00e9ration d'huile di\u00e9lectrique : un regard en profondeur (13.10.2021)\" src=\"https:\/\/www.youtube.com\/embed\/c4kPeNUrNS0?feature=oembed\" width=\"500\" height=\"281\" frameborder=\"0\" allowfullscreen=\"allowfullscreen\"><\/iframe><\/div>\r\n<\/div>\r\n<\/div>\r\n<\/div>\r\n<\/div>\r\n<\/div>"}],"add_video_tab":[{"video_tab_title":"Vid\u00e9o","add_video_id":[{"video_id":"QHMIzn4l7iQ"},{"video_id":"fXPsH935huQ"},{"video_id":"9mU9o8F860M"}]}],"add_gallery_tab":[{"gallery_tab_title":"Photo","add_img":[318264,318265,318266,318267]}],"add_price_tab":null},"language":"fr","_links":{"self":[{"href":"https:\/\/globecore.com\/fr\/wp-json\/wp\/v2\/pages\/147364","targetHints":{"allow":["GET"]}}],"collection":[{"href":"https:\/\/globecore.com\/fr\/wp-json\/wp\/v2\/pages"}],"about":[{"href":"https:\/\/globecore.com\/fr\/wp-json\/wp\/v2\/types\/page"}],"author":[{"embeddable":true,"href":"https:\/\/globecore.com\/fr\/wp-json\/wp\/v2\/users\/7"}],"replies":[{"embeddable":true,"href":"https:\/\/globecore.com\/fr\/wp-json\/wp\/v2\/comments?post=147364"}],"version-history":[{"count":2,"href":"https:\/\/globecore.com\/fr\/wp-json\/wp\/v2\/pages\/147364\/revisions"}],"predecessor-version":[{"id":343027,"href":"https:\/\/globecore.com\/fr\/wp-json\/wp\/v2\/pages\/147364\/revisions\/343027"}],"up":[{"embeddable":true,"href":"https:\/\/globecore.com\/fr\/wp-json\/wp\/v2\/pages\/14664"}],"wp:featuredmedia":[{"embeddable":true,"href":"https:\/\/globecore.com\/fr\/wp-json\/wp\/v2\/media\/105537"}],"wp:attachment":[{"href":"https:\/\/globecore.com\/fr\/wp-json\/wp\/v2\/media?parent=147364"}],"wp:term":[{"taxonomy":"category","embeddable":true,"href":"https:\/\/globecore.com\/fr\/wp-json\/wp\/v2\/categories?post=147364"}],"curies":[{"name":"wp","href":"https:\/\/api.w.org\/{rel}","templated":true}]}}