{"id":147410,"date":"2024-02-14T13:56:54","date_gmt":"2024-02-14T13:56:54","guid":{"rendered":"https:\/\/globecore.com\/products\/degazage-a-lhuile\/oil-processing-unit-cmm-8lt\/"},"modified":"2026-04-20T12:21:15","modified_gmt":"2026-04-20T12:21:15","slug":"oil-processing-unit-cmm-8lt","status":"publish","type":"page","link":"https:\/\/globecore.com\/fr\/products\/degazage-a-lhuile\/oil-processing-unit-cmm-8lt\/","title":{"rendered":"CMM-8LT Unit\u00e9 de traitement de l&rsquo;huile"},"content":{"rendered":"","protected":false},"excerpt":{"rendered":"<p>L\u2019unit\u00e9 CMM-8LT est con\u00e7ue pour la purification des huiles d\u2019isolation \u00e9lectrique des impuret\u00e9s m\u00e9caniques et de l\u2019eau, avec une viscosit\u00e9 cin\u00e9matique allant jusqu\u2019\u00e0 70 cSt \u00e0 50\u202f\u00b0C. L\u2019unit\u00e9 peut \u00e9galement chauffer les appareils \u00e9lectriques remplis d\u2019huile avec de l\u2019huile de transformateur chaude et effectuer la mise sous vide. Sa capacit\u00e9 est de 8\u202fm\u00b3\/h. La station assure la purification de l\u2019huile jusqu\u2019\u00e0 la classe -\/12\/9 \u00e0 partir d\u2019une classe initiale de -\/16\/13, avec une fraction massique de contaminants ne d\u00e9passant pas 0,004%, gr\u00e2ce \u00e0 de multiples passages de l\u2019huile \u00e0 travers le bloc filtrant. Elle est utilis\u00e9e dans l\u2019assemblage, la r\u00e9paration et l\u2019exploitation d\u2019\u00e9quipements haute tension remplis d\u2019huile tels que les transformateurs de puissance et les interrupteurs haute tension.<\/p>\n","protected":false},"author":7,"featured_media":110212,"parent":15380,"menu_order":0,"comment_status":"closed","ping_status":"closed","template":"templates\/single-product.php","meta":{"_acf_changed":false,"_bbp_topic_count":0,"_bbp_reply_count":0,"_bbp_total_topic_count":0,"_bbp_total_reply_count":0,"_bbp_voice_count":0,"_bbp_anonymous_reply_count":0,"_bbp_topic_count_hidden":0,"_bbp_reply_count_hidden":0,"_bbp_forum_subforum_count":0,"footnotes":""},"categories":[1339],"class_list":["post-147410","page","type-page","status-publish","has-post-thumbnail","hentry","category-oil-maintenance-fr","oil_type-fluide-dielectrique-fr3","oil_type-fluide-dielectrique-midel-7131","oil_type-fluide-ignifuge-fyrquel","oil_type-huile-de-silicone","oil_type-huile-hydraulique","oil_type-huile-pour-transformateur","oil_type-huile-shell-diala","process_type-degazage","process_type-deshydratation","process_type-filtration-fr"],"acf":{"add_tab":[{"tab_title":"Description","tab_content":"<p style=\"text-align: justify;\">L'unit\u00e9 d'huile sous vide CMM-8LT est con\u00e7ue pour la purification des impuret\u00e9s m\u00e9caniques et de l'eau des huiles d'isolation \u00e9lectrique dont la viscosit\u00e9 cin\u00e9matique ne d\u00e9passe pas 70 cSt \u00e0 une temp\u00e9rature de 50\u00b0C.<\/p>\r\n<p style=\"text-align: justify;\">L'unit\u00e9 peut \u00eatre utilis\u00e9e pour chauffer des appareils \u00e9lectriques remplis d'huile avec de l'huile de transformateur chaude et pour les mettre sous vide.<\/p>\r\n<p style=\"text-align: justify;\">La station assure la purification de l'huile jusqu'\u00e0 la classe -\/12\/9 avec une classe de puret\u00e9 initiale de -\/16\/13 (fraction massique de contaminants ne d\u00e9passant pas 0,004%) avec des passages multiples du produit purifi\u00e9 \u00e0 travers le bloc filtrant.<\/p>\r\n<p style=\"text-align: justify;\">La station est utilis\u00e9e pour l'assemblage, la r\u00e9paration et l'exploitation d'\u00e9quipements haute tension remplis d'huile (transformateurs de puissance, interrupteurs haute tension, etc.)<\/p>"}],"add_def_tab":[{"tab_title":"Caract\u00e9ristiques","tab_content":"<table>\r\n<tbody>\r\n<tr>\r\n<td><strong>\u2116<\/strong><\/td>\r\n<td>\r\n<p style=\"text-align: center;\"><strong>Sp\u00e9cifications<\/strong><\/p>\r\n<\/td>\r\n<td>\r\n<p style=\"text-align: center;\"><strong>Valeur<\/strong><\/p>\r\n<\/td>\r\n<\/tr>\r\n<tr>\r\n<td>1<\/td>\r\n<td>Capacit\u00e9, m<sup>3<\/sup>\/h\u00a0(gpm)<\/td>\r\n<td>\r\n<p style=\"text-align: center;\">8\u00a0(35.2)<\/p>\r\n<\/td>\r\n<\/tr>\r\n<tr>\r\n<td>2<\/td>\r\n<td>Temp\u00e9rature maximale de l\u2019huile \u00e0 la sortie pendant le chauffage, \u00b0C\u00a0(\u00b0F)<\/td>\r\n<td>\r\n<p style=\"text-align: center;\">90\u00a0(194)<\/p>\r\n<\/td>\r\n<\/tr>\r\n<tr>\r\n<td>&nbsp;\r\n\r\n3*<\/td>\r\n<td>Param\u00e8tres de l\u2019huile trait\u00e9e :\r\n<ul>\r\n \t<li>taux d\u2019humidit\u00e9 massique, ppm, pas plus de<\/li>\r\n \t<li>finesse de filtration, \u03bcm<\/li>\r\n \t<li>tension de claquage, kV, pas moins de<\/li>\r\n<\/ul>\r\n<\/td>\r\n<td>&nbsp;\r\n<p style=\"text-align: center;\">5 ppm ou 5 ppm+ (en option)<\/p>\r\n<p style=\"text-align: center;\">5<\/p>\r\n<p style=\"text-align: center;\">70<\/p>\r\n<\/td>\r\n<\/tr>\r\n<tr>\r\n<td>4<\/td>\r\n<td>Puissance du r\u00e9chauffeur d\u2019huile, kW, pas plus de<\/td>\r\n<td>\r\n<p style=\"text-align: center;\">100<\/p>\r\n<\/td>\r\n<\/tr>\r\n<tr>\r\n<td>7<\/td>\r\n<td>Puissance absorb\u00e9e install\u00e9e, en kW, ne d\u00e9passant pas<\/td>\r\n<td>\r\n<p style=\"text-align: center;\">115<\/p>\r\n<\/td>\r\n<\/tr>\r\n<tr>\r\n<td>8<\/td>\r\n<td>Tension d\u2019alimentation du r\u00e9seau CA triphas\u00e9 avec une fr\u00e9quence de 50 Hz, V<\/td>\r\n<td>\r\n<p style=\"text-align: center;\">Personnalisable<\/p>\r\n<\/td>\r\n<\/tr>\r\n<tr>\r\n<td>9<\/td>\r\n<td>Dimensions hors tout, mm (po), pas plus de :\r\n<ul>\r\n \t<li>longueur<\/li>\r\n \t<li>hauteur<\/li>\r\n \t<li>largeur<\/li>\r\n<\/ul>\r\n<\/td>\r\n<td>&nbsp;\r\n<p style=\"text-align: center;\">1665\u00a0(65.6)<\/p>\r\n<p style=\"text-align: center;\">1650\u00a0(65)<\/p>\r\n<p style=\"text-align: center;\">1020\u00a0(40.2)<\/p>\r\n<\/td>\r\n<\/tr>\r\n<tr>\r\n<td>10<\/td>\r\n<td>Poids maximal, en kg (lb)<\/td>\r\n<td>\r\n<p style=\"text-align: center;\">1200\u00a0(2,645)<\/p>\r\n<\/td>\r\n<\/tr>\r\n<\/tbody>\r\n<\/table>"},{"tab_title":"Avantages","tab_content":"<ul>\r\n \t<li aria-level=\"1\">compacit\u00e9 ;<\/li>\r\n \t<li aria-level=\"1\">capacit\u00e9 de chauffage de l\u2019huile ;<\/li>\r\n \t<li aria-level=\"1\">haut degr\u00e9 de filtration ;<\/li>\r\n \t<li aria-level=\"1\">grande maniabilit\u00e9 ;<\/li>\r\n \t<li aria-level=\"1\">d\u00e9gazage et s\u00e9chage de l\u2019huile ;<\/li>\r\n \t<li aria-level=\"1\">protection contre la surchauffe de l\u2019huile.<\/li>\r\n<\/ul>"},{"tab_title":"Application","tab_content":"[product_oil_types]"},{"tab_title":"Webinaire","tab_content":"<div class=\"responsive-embed widescreen\">\r\n<div class=\"responsive-embed widescreen\">\r\n<div class=\"responsive-embed widescreen\">\r\n<div class=\"responsive-embed widescreen\">\r\n<div class=\"responsive-embed widescreen\">\r\n<div class=\"responsive-embed widescreen\"><iframe title=\"Maintenance du transformateur\" src=\"https:\/\/www.youtube.com\/embed\/wrpThx7GLbw?feature=oembed\" width=\"500\" height=\"281\" frameborder=\"0\" allowfullscreen=\"allowfullscreen\"><\/iframe><\/div>\r\n<\/div>\r\n<\/div>\r\n<\/div>\r\n<\/div>\r\n<\/div>"}],"add_video_tab":[{"video_tab_title":"Vid\u00e9o","add_video_id":[{"video_id":"qj1_OUkkOGI"},{"video_id":"4Jlev2q6ess"},{"video_id":"VY6CHYIVftQ"}]}],"add_gallery_tab":[{"gallery_tab_title":"Photo","add_img":[318289,318290,318291,318292]}],"add_price_tab":null},"language":"fr","_links":{"self":[{"href":"https:\/\/globecore.com\/fr\/wp-json\/wp\/v2\/pages\/147410","targetHints":{"allow":["GET"]}}],"collection":[{"href":"https:\/\/globecore.com\/fr\/wp-json\/wp\/v2\/pages"}],"about":[{"href":"https:\/\/globecore.com\/fr\/wp-json\/wp\/v2\/types\/page"}],"author":[{"embeddable":true,"href":"https:\/\/globecore.com\/fr\/wp-json\/wp\/v2\/users\/7"}],"replies":[{"embeddable":true,"href":"https:\/\/globecore.com\/fr\/wp-json\/wp\/v2\/comments?post=147410"}],"version-history":[{"count":2,"href":"https:\/\/globecore.com\/fr\/wp-json\/wp\/v2\/pages\/147410\/revisions"}],"predecessor-version":[{"id":343049,"href":"https:\/\/globecore.com\/fr\/wp-json\/wp\/v2\/pages\/147410\/revisions\/343049"}],"up":[{"embeddable":true,"href":"https:\/\/globecore.com\/fr\/wp-json\/wp\/v2\/pages\/15380"}],"wp:featuredmedia":[{"embeddable":true,"href":"https:\/\/globecore.com\/fr\/wp-json\/wp\/v2\/media\/110212"}],"wp:attachment":[{"href":"https:\/\/globecore.com\/fr\/wp-json\/wp\/v2\/media?parent=147410"}],"wp:term":[{"taxonomy":"category","embeddable":true,"href":"https:\/\/globecore.com\/fr\/wp-json\/wp\/v2\/categories?post=147410"}],"curies":[{"name":"wp","href":"https:\/\/api.w.org\/{rel}","templated":true}]}}