{"id":147414,"date":"2024-05-24T07:04:52","date_gmt":"2024-05-24T07:04:52","guid":{"rendered":"https:\/\/globecore.com\/products\/degazage-a-lhuile\/industrial-oil-purification-unit-cmm-6lt\/"},"modified":"2026-04-20T12:01:02","modified_gmt":"2026-04-20T12:01:02","slug":"industrial-oil-purification-unit-cmm-6lt","status":"publish","type":"page","link":"https:\/\/globecore.com\/fr\/products\/degazage-a-lhuile\/industrial-oil-purification-unit-cmm-6lt\/","title":{"rendered":"CMM-6LT Unit\u00e9 de purification d&rsquo;huile industrielle"},"content":{"rendered":"","protected":false},"excerpt":{"rendered":"<p>La station mobile d\u2019huile CMM-6LT est con\u00e7ue pour le s\u00e9chage thermo-vide, la filtration et la purification des huiles des impuret\u00e9s m\u00e9caniques et de l\u2019eau. Elle convient aux huiles utilis\u00e9es dans les syst\u00e8mes de lubrification, les syst\u00e8mes d\u2019\u00e9tanch\u00e9it\u00e9, les syst\u00e8mes de commande hydraulique des unit\u00e9s de turbines \u00e0 gaz et des compresseurs de gaz, des compresseurs de moteurs \u00e0 gaz et des transformateurs pendant l\u2019exploitation et la maintenance. L\u2019unit\u00e9 a une productivit\u00e9 d\u2019au moins 6,0 m\u00b3\/h en mode filtration et de 4,0\u20136,0 m\u00b3\/h en mode s\u00e9chage thermo-vide. La CMM-6LT peut nettoyer les huiles contamin\u00e9es de l\u2019eau, des gaz libres et dissous, et chauffer et s\u00e9cher les appareils \u00e9lectriques remplis d\u2019huile en utilisant la m\u00e9thode de s\u00e9chage thermo-vide. Elle \u00e9limine \u00e9galement les impuret\u00e9s m\u00e9caniques gr\u00e2ce \u00e0 des \u00e9l\u00e9ments filtrants haute efficacit\u00e9. L\u2019unit\u00e9 est destin\u00e9e aux organisations de montage, de r\u00e9paration et d\u2019exploitation impliqu\u00e9es dans le traitement et la purification des huiles.<\/p>\n","protected":false},"author":7,"featured_media":113087,"parent":15380,"menu_order":0,"comment_status":"closed","ping_status":"closed","template":"templates\/single-product.php","meta":{"_acf_changed":false,"_bbp_topic_count":0,"_bbp_reply_count":0,"_bbp_total_topic_count":0,"_bbp_total_reply_count":0,"_bbp_voice_count":0,"_bbp_anonymous_reply_count":0,"_bbp_topic_count_hidden":0,"_bbp_reply_count_hidden":0,"_bbp_forum_subforum_count":0,"footnotes":""},"categories":[1339],"class_list":["post-147414","page","type-page","status-publish","has-post-thumbnail","hentry","category-oil-maintenance-fr","oil_type-fluide-dielectrique-fr3","oil_type-fluide-dielectrique-midel-7131","oil_type-fluide-ignifuge-fyrquel","oil_type-huile-de-silicone","oil_type-huile-hydraulique","oil_type-huile-pour-transformateur","oil_type-huile-shell-diala","process_type-degazage","process_type-deshydratation","process_type-filtration-fr"],"acf":{"add_tab":[{"tab_title":"Description","tab_content":"<p style=\"text-align: justify;\">La station d'huile mobile CMM-6LT est con\u00e7ue pour le s\u00e9chage, la filtration et la purification sous vide thermique des impuret\u00e9s m\u00e9caniques et de l'eau des huiles utilis\u00e9es dans les syst\u00e8mes de lubrification, les syst\u00e8mes d'\u00e9tanch\u00e9it\u00e9, les syst\u00e8mes de commande hydraulique des turbines \u00e0 gaz et des compresseurs \u00e0 gaz, des moteurs-compresseurs \u00e0 gaz, ainsi que des transformateurs, pendant leur fonctionnement et leur entretien.<\/p>\r\n<p style=\"text-align: justify;\">L'unit\u00e9 peut \u00eatre utilis\u00e9e pour nettoyer les huiles contamin\u00e9es de l'eau, des gaz libres et dissous, pour chauffer et s\u00e9cher les appareils \u00e9lectriques remplis d'huile avec de l'huile de transformateur chaude, en utilisant la m\u00e9thode de s\u00e9chage par thermovacuum. En outre, il peut \u00e9liminer les impuret\u00e9s m\u00e9caniques gr\u00e2ce \u00e0 des \u00e9l\u00e9ments filtrants \u00e0 haute efficacit\u00e9. L'unit\u00e9 est utilis\u00e9e dans les organisations d'assemblage, de r\u00e9paration et d'exploitation engag\u00e9es dans le traitement et la purification de l'huile.<\/p>\r\n<p style=\"text-align: justify;\">L'unit\u00e9 peut traiter des huiles min\u00e9rales de transformateur pr\u00e9sentant les propri\u00e9t\u00e9s suivantes<\/p>\r\n\r\n<ul>\r\n \t<li style=\"text-align: justify;\">viscosit\u00e9 cin\u00e9matique \u00e0 50 \u00b0C - 2...12 mm<sup>2<\/sup>\/s ;<\/li>\r\n \t<li style=\"text-align: justify;\">teneur en humidit\u00e9 de la masse de l'huile - pas plus de 100 ppm ;<\/li>\r\n \t<li style=\"text-align: justify;\">densit\u00e9 \u00e0 20\u00b0C - 800...950 kg\/m<sup>3<\/sup> ;<\/li>\r\n \t<li style=\"text-align: justify;\">classe de propret\u00e9 industrielle selon ISO 4406 - pas pire -\/19\/16.<\/li>\r\n<\/ul>"}],"add_def_tab":[{"tab_title":"Caract\u00e9ristiques","tab_content":"<table>\r\n<tbody>\r\n<tr>\r\n<td>\r\n<p style=\"text-align: center;\"><strong>\u2116<\/strong><\/p>\r\n<\/td>\r\n<td style=\"text-align: center;\"><strong>Sp\u00e9cifications<\/strong><\/td>\r\n<td>\r\n<p style=\"text-align: center;\"><strong>Valeur<\/strong><\/p>\r\n<\/td>\r\n<\/tr>\r\n<tr>\r\n<td><span style=\"font-weight: 400;\">1<\/span><\/td>\r\n<td>Productivit\u00e9, m<span style=\"font-weight: 400;\"><sup>3<\/sup><\/span>\/heure\u00a0(gpm), pas moins de\r\n<ul>\r\n \t<li>en mode filtration<\/li>\r\n \t<li>en mode s\u00e9chage sous vide thermique<\/li>\r\n<\/ul>\r\n<\/td>\r\n<td>\r\n<p style=\"text-align: center;\"><span style=\"font-weight: 400;\">6,0\u00a0(26.4)<\/span><\/p>\r\n<p style=\"text-align: center;\"><span style=\"font-weight: 400;\">4,0-6,0\u00a0(17.6-26.4)<\/span><\/p>\r\n<\/td>\r\n<\/tr>\r\n<tr>\r\n<td><span style=\"font-weight: 400;\">2*<\/span><\/td>\r\n<td>Param\u00e8tres de l\u2019huile trait\u00e9e (apr\u00e8s plusieurs passages) :\r\n<ul>\r\n \t<li>teneur totale en gaz, %, pas plus de<\/li>\r\n \t<li>teneur en humidit\u00e9 massique de l\u2019huile, ppm, pas plus de<\/li>\r\n \t<li>classe de propret\u00e9 industrielle selon ISO 4406<\/li>\r\n<\/ul>\r\n<\/td>\r\n<td>\r\n<p style=\"text-align: center;\"><span style=\"font-weight: 400;\">1,5<\/span><\/p>\r\n<p style=\"text-align: center;\">10 ppm ou 5 ppm ou 5 ppm+ (facultatif)<\/p>\r\n<p style=\"text-align: center;\"><span style=\"font-weight: 400;\">-\/14\/12<\/span><\/p>\r\n<\/td>\r\n<\/tr>\r\n<tr>\r\n<td><span style=\"font-weight: 400;\">3<\/span><\/td>\r\n<td>Temp\u00e9rature maximale de l\u2019huile \u00e0 la sortie, \u00baC\u00a0(\u00baF)<\/td>\r\n<td>\r\n<p style=\"text-align: center;\"><span style=\"font-weight: 400;\">55-60\u00a0(131-140)<\/span><\/p>\r\n<\/td>\r\n<\/tr>\r\n<tr>\r\n<td><span style=\"font-weight: 400;\">4<\/span><\/td>\r\n<td>Pression de sortie, bar\u00a0(psi)<\/td>\r\n<td>\r\n<p style=\"text-align: center;\"><span style=\"font-weight: 400;\">3\u00a0(43.5)<\/span><\/p>\r\n<\/td>\r\n<\/tr>\r\n<tr>\r\n<td><span style=\"font-weight: 400;\">5<\/span><\/td>\r\n<td>Puissance du chauffage \u00e0 l\u2019huile, kW, pas plus de<\/td>\r\n<td>\r\n<p style=\"text-align: center;\"><span style=\"font-weight: 400;\">42<\/span><\/p>\r\n<\/td>\r\n<\/tr>\r\n<tr>\r\n<td><span style=\"font-weight: 400;\">6<\/span><\/td>\r\n<td>Consommation \u00e9lectrique maximale, en kW, ne d\u00e9passant pas<\/td>\r\n<td>\r\n<p style=\"text-align: center;\"><span style=\"font-weight: 400;\">50<\/span><\/p>\r\n<\/td>\r\n<\/tr>\r\n<tr>\r\n<td><span style=\"font-weight: 400;\">7<\/span><\/td>\r\n<td>Param\u00e8tres du courant \u00e9lectrique\r\n\r\nTension, V\r\n\r\nFr\u00e9quence, Hz\r\n\r\nNombre de phases<\/td>\r\n<td>\r\n<p style=\"text-align: center;\"><span style=\"font-weight: 400;\">380<\/span><\/p>\r\n<p style=\"text-align: center;\"><span style=\"font-weight: 400;\">50<\/span><\/p>\r\n<p style=\"text-align: center;\"><span style=\"font-weight: 400;\">3<\/span><\/p>\r\n<\/td>\r\n<\/tr>\r\n<tr>\r\n<td><span style=\"font-weight: 400;\">8<\/span><\/td>\r\n<td>Dimensions hors tout, en mm (po), ne d\u00e9passant pas\r\n\r\n\u2014 la longueur\r\n\u2014 largeur\r\n\u2014 hauteur<\/td>\r\n<td>\r\n<p style=\"text-align: center;\"><span style=\"font-weight: 400;\">1100\u00a0(43.3)<\/span><span style=\"font-weight: 400;\">\r\n<\/span><span style=\"font-weight: 400;\">780\u00a0(30.7)<\/span><span style=\"font-weight: 400;\">\r\n<\/span><span style=\"font-weight: 400;\">1470\u00a0(57.9)<\/span><\/p>\r\n<\/td>\r\n<\/tr>\r\n<tr>\r\n<td><span style=\"font-weight: 400;\">9<\/span><\/td>\r\n<td>Poids, en kg (lb), ne d\u00e9passant pas<\/td>\r\n<td>\r\n<p style=\"text-align: center;\"><span style=\"font-weight: 400;\">475\u00a0(1,047)<\/span><\/p>\r\n<\/td>\r\n<\/tr>\r\n<\/tbody>\r\n<\/table>\r\n<strong>Note :<\/strong> * param\u00e8tres initiaux de l\u2019huile :\r\n<ul>\r\n \t<li>Teneur volum\u00e9trique en gaz \u2014 inf\u00e9rieure \u00e0 10,5 % ;<\/li>\r\n \t<li>Teneur en humidit\u00e9 massique \u2014 inf\u00e9rieure \u00e0 0,01 % (100 g\/t) ;<\/li>\r\n \t<li>Temp\u00e9rature \u2014 sup\u00e9rieure \u00e0 0 \u00baC\u00a0(32 \u00baF).<\/li>\r\n<\/ul>\r\nApr\u00e8s plusieurs passages de l\u2019huile dans l\u2019installation.\r\n<p style=\"text-align: justify;\"><\/p>"},{"tab_title":"Avantages","tab_content":"<ul>\r\n \t<li style=\"font-weight: 400;\" aria-level=\"1\">compacit\u00e9 ;<\/li>\r\n \t<li style=\"font-weight: 400;\" aria-level=\"1\">capacit\u00e9 de chauffage de l\u2019huile ;<\/li>\r\n \t<li style=\"font-weight: 400;\" aria-level=\"1\">haut degr\u00e9 de filtration ;<\/li>\r\n \t<li style=\"font-weight: 400;\" aria-level=\"1\">grande maniabilit\u00e9 ;<\/li>\r\n \t<li style=\"font-weight: 400;\" aria-level=\"1\">protection contre la surchauffe de l\u2019huile ;<\/li>\r\n \t<li style=\"font-weight: 400;\" aria-level=\"1\">s\u00e9chage de l\u2019huile.<\/li>\r\n<\/ul>"},{"tab_title":"Application","tab_content":"[product_oil_types]"},{"tab_title":"Webinaire","tab_content":"<div class=\"responsive-embed widescreen\">\r\n<div class=\"responsive-embed widescreen\">\r\n<div class=\"responsive-embed widescreen\">\r\n<div class=\"responsive-embed widescreen\">\r\n<div class=\"responsive-embed widescreen\">\r\n<div class=\"responsive-embed widescreen\"><iframe title=\"Maintenance du transformateur\" src=\"https:\/\/www.youtube.com\/embed\/wrpThx7GLbw?feature=oembed\" width=\"500\" height=\"281\" frameborder=\"0\" allowfullscreen=\"allowfullscreen\"><\/iframe><\/div>\r\n<\/div>\r\n<\/div>\r\n<\/div>\r\n<\/div>\r\n<\/div>"}],"add_video_tab":[{"video_tab_title":"Vid\u00e9o","add_video_id":[{"video_id":"KohHkxC9bfE"},{"video_id":"VY6CHYIVftQ"},{"video_id":"qj1_OUkkOGI"}]}],"add_gallery_tab":null,"add_price_tab":null},"language":"fr","_links":{"self":[{"href":"https:\/\/globecore.com\/fr\/wp-json\/wp\/v2\/pages\/147414","targetHints":{"allow":["GET"]}}],"collection":[{"href":"https:\/\/globecore.com\/fr\/wp-json\/wp\/v2\/pages"}],"about":[{"href":"https:\/\/globecore.com\/fr\/wp-json\/wp\/v2\/types\/page"}],"author":[{"embeddable":true,"href":"https:\/\/globecore.com\/fr\/wp-json\/wp\/v2\/users\/7"}],"replies":[{"embeddable":true,"href":"https:\/\/globecore.com\/fr\/wp-json\/wp\/v2\/comments?post=147414"}],"version-history":[{"count":2,"href":"https:\/\/globecore.com\/fr\/wp-json\/wp\/v2\/pages\/147414\/revisions"}],"predecessor-version":[{"id":343040,"href":"https:\/\/globecore.com\/fr\/wp-json\/wp\/v2\/pages\/147414\/revisions\/343040"}],"up":[{"embeddable":true,"href":"https:\/\/globecore.com\/fr\/wp-json\/wp\/v2\/pages\/15380"}],"wp:featuredmedia":[{"embeddable":true,"href":"https:\/\/globecore.com\/fr\/wp-json\/wp\/v2\/media\/113087"}],"wp:attachment":[{"href":"https:\/\/globecore.com\/fr\/wp-json\/wp\/v2\/media?parent=147414"}],"wp:term":[{"taxonomy":"category","embeddable":true,"href":"https:\/\/globecore.com\/fr\/wp-json\/wp\/v2\/categories?post=147414"}],"curies":[{"name":"wp","href":"https:\/\/api.w.org\/{rel}","templated":true}]}}