{"id":147509,"date":"2024-09-20T06:06:38","date_gmt":"2024-09-20T06:06:38","guid":{"rendered":"https:\/\/globecore.com\/products\/filtration-de-lhuile\/cmm-20cf-unit-for-removal-of-water-from-oil\/"},"modified":"2026-04-20T12:32:12","modified_gmt":"2026-04-20T12:32:12","slug":"cmm-20cf-unit-for-removal-of-water-from-oil","status":"publish","type":"page","link":"https:\/\/globecore.com\/fr\/products\/filtration-de-lhuile\/cmm-20cf-unit-for-removal-of-water-from-oil\/","title":{"rendered":"CMM-2,0CF Unit\u00e9 d&rsquo;\u00e9limination de l&rsquo;eau dans l&rsquo;huile"},"content":{"rendered":"","protected":false},"excerpt":{"rendered":"<p>L\u2019installation mobile d\u2019huile CMM-2,0CF est con\u00e7ue pour purifier les huiles industrielles, hydrauliques, de turbine et de transformateur, ainsi que le diesel, le k\u00e9ros\u00e8ne et l\u2019essence, m\u00eame avec une forte teneur en eau. L\u2019unit\u00e9 dispose d\u2019un design antid\u00e9flagrant pour un fonctionnement s\u00fbr. Sa capacit\u00e9 est de 2,4\u202fm\u00b3\/h \u00e0 la fois en mode filtration et en mode \u00e9limination de l\u2019eau. L\u2019installation \u00e9limine les impuret\u00e9s m\u00e9caniques et l\u2019eau par le proc\u00e9d\u00e9 de coalescence. Elle se compose d\u2019une plateforme mobile avec filtres, d\u2019un ensemble de pompage et d\u2019un d\u00e9marreur \u00e0 bouton-poussoir. Un filtre \u00e0 cartouche est inclus pour \u00e9liminer les impuret\u00e9s m\u00e9caniques, avec des \u00e9l\u00e9ments rempla\u00e7ables offrant une finesse de filtration de 1, 3, 5 ou 25\u202f\u03bcm. L\u2019eau est \u00e9limin\u00e9e par coalescence : lorsque l\u2019huile passe \u00e0 travers un \u00e9l\u00e9ment filtrant sp\u00e9cial, les mol\u00e9cules d\u2019eau forment des gouttelettes qui s\u2019\u00e9coulent dans un bac de r\u00e9cup\u00e9ration et peuvent \u00eatre vid\u00e9es via une vanne.<\/p>\n","protected":false},"author":7,"featured_media":120183,"parent":15680,"menu_order":0,"comment_status":"closed","ping_status":"closed","template":"templates\/single-product.php","meta":{"_acf_changed":false,"_bbp_topic_count":0,"_bbp_reply_count":0,"_bbp_total_topic_count":0,"_bbp_total_reply_count":0,"_bbp_voice_count":0,"_bbp_anonymous_reply_count":0,"_bbp_topic_count_hidden":0,"_bbp_reply_count_hidden":0,"_bbp_forum_subforum_count":0,"footnotes":""},"categories":[1339],"class_list":["post-147509","page","type-page","status-publish","has-post-thumbnail","hentry","category-oil-maintenance-fr","oil_type-fluide-dielectrique-fr3","oil_type-fluide-dielectrique-midel-7131","oil_type-fluide-ignifuge-fyrquel","oil_type-huile-de-silicone","oil_type-huile-de-transmission","oil_type-huile-hydraulique","oil_type-huile-industrielle","oil_type-huile-pour-cables","oil_type-huile-pour-compresseur","oil_type-huile-pour-transformateur","oil_type-huile-pour-turbine","process_type-deshydratation","process_type-filtration-fr"],"acf":{"add_tab":[{"tab_title":"Description","tab_content":"<p style=\"text-align: justify;\">La station d'\u00e9puration mobile \u0421\u041c\u041c-2,0CF est con\u00e7ue pour purifier les huiles industrielles, hydrauliques, de turbine, de transformateur et autres types d'huiles industrielles fortement coup\u00e9es d'eau, ainsi que le carburant diesel, le k\u00e9ros\u00e8ne et l'essence. L'unit\u00e9 est de conception antid\u00e9flagrante, ce qui garantit la s\u00e9curit\u00e9 de son fonctionnement.<\/p>\r\n<p style=\"text-align: justify;\">Cette unit\u00e9 assure la filtration des impuret\u00e9s m\u00e9caniques et l'\u00e9limination de l'eau par la m\u00e9thode de coalescence. Elle se compose d'une plate-forme mobile avec des filtres, d'un ensemble de pompage et d'un d\u00e9marreur \u00e0 bouton-poussoir. Afin de purifier le produit en \u00e9liminant les impuret\u00e9s m\u00e9caniques, un filtre \u00e0 cartouche est inclus avec la possibilit\u00e9 d'installer des \u00e9l\u00e9ments ayant une finesse de filtration de 1, 3, 5, 25 microns.<\/p>\r\n<p style=\"text-align: justify;\">Le principe de fonctionnement de l'installation consiste \u00e0 \u00e9liminer l'eau par la m\u00e9thode de la coalescence. Lorsque l'huile passe \u00e0 travers un \u00e9l\u00e9ment filtrant sp\u00e9cial, les mol\u00e9cules d'eau se combinent en gouttelettes et ruissellent le long de la surface du filtre jusqu'\u00e0 un puisard. L'eau est ensuite \u00e9vacu\u00e9e \u00e0 l'aide d'une vanne de vidange.<\/p>"}],"add_def_tab":[{"tab_title":"Caract\u00e9ristiques","tab_content":"<table width=\"602\">\r\n<tbody>\r\n<tr>\r\n<td width=\"43\"><strong>No.<\/strong><\/td>\r\n<td style=\"text-align: center;\" width=\"432\"><strong>Param\u00e8tre<\/strong><\/td>\r\n<td style=\"text-align: center;\" width=\"126\"><strong>Valeur<\/strong><\/td>\r\n<\/tr>\r\n<tr>\r\n<td width=\"43\">1<\/td>\r\n<td width=\"432\">Capacit\u00e9 en mode filtration, m<sup>3<\/sup>\/h (gpm)<\/td>\r\n<td style=\"text-align: center;\" width=\"126\">2.4(10.6)<\/td>\r\n<\/tr>\r\n<tr>\r\n<td width=\"43\">2<\/td>\r\n<td width=\"432\">Capacit\u00e9 en mode d\u2019\u00e9vacuation de l\u2019eau, m<sup>3<\/sup>\/h (gpm)<\/td>\r\n<td style=\"text-align: center;\" width=\"126\">2.4(10.6)<\/td>\r\n<\/tr>\r\n<tr>\r\n<td width=\"43\">3<\/td>\r\n<td width=\"432\">\u00c9limination de l\u2019eau<\/td>\r\n<td style=\"text-align: center;\" width=\"126\">99%<\/td>\r\n<\/tr>\r\n<tr>\r\n<td width=\"43\">4<\/td>\r\n<td width=\"432\">Param\u00e8tres de l\u2019huile trait\u00e9e*<\/td>\r\n<td width=\"126\"><\/td>\r\n<\/tr>\r\n<tr>\r\n<td width=\"43\"><\/td>\r\n<td width=\"432\">\u2014 classe de puret\u00e9 de l\u2019huile selon ISO 4406<\/td>\r\n<td style=\"text-align: center;\" width=\"126\">-\/16\/13<\/td>\r\n<\/tr>\r\n<tr>\r\n<td width=\"43\">5<\/td>\r\n<td width=\"432\">Pression d\u2019huile de sortie, bar\u00a0(psi)<\/td>\r\n<td style=\"text-align: center;\" width=\"126\">2.5\u00a0(36.3)<\/td>\r\n<\/tr>\r\n<tr>\r\n<td width=\"43\">6<\/td>\r\n<td width=\"432\">Puissance requise sp\u00e9cifi\u00e9e, kW, max<\/td>\r\n<td style=\"text-align: center;\" width=\"126\">1.5<\/td>\r\n<\/tr>\r\n<tr>\r\n<td width=\"43\">7<\/td>\r\n<td width=\"432\">Param\u00e8tres de l\u2019alimentation \u00e9lectrique<\/td>\r\n<td width=\"126\"><\/td>\r\n<\/tr>\r\n<tr>\r\n<td width=\"43\"><\/td>\r\n<td width=\"432\">Tension, V<\/td>\r\n<td style=\"text-align: center;\" width=\"126\">380<\/td>\r\n<\/tr>\r\n<tr>\r\n<td width=\"43\"><\/td>\r\n<td width=\"432\">Fr\u00e9quence AC, Hz<\/td>\r\n<td style=\"text-align: center;\" width=\"126\">50<\/td>\r\n<\/tr>\r\n<tr>\r\n<td width=\"43\">8<\/td>\r\n<td width=\"432\">Dimensions, mm (po), max\r\n\r\n\u2014 longueur\r\n\r\n\u2014 largeur\r\n\r\n\u2014 hauteur<\/td>\r\n<td width=\"126\">\r\n<p style=\"text-align: center;\">1,200\u00a0(47.2)<\/p>\r\n<p style=\"text-align: center;\">900\u00a0(35.4)<\/p>\r\n<p style=\"text-align: center;\">1,550\u00a0(61)<\/p>\r\n<\/td>\r\n<\/tr>\r\n<tr>\r\n<td width=\"43\">9<\/td>\r\n<td width=\"432\">Poids, kg (lb), max<\/td>\r\n<td style=\"text-align: center;\" width=\"126\">500\u00a0(1,102)<\/td>\r\n<\/tr>\r\n<\/tbody>\r\n<\/table>\r\n<strong>* Note<\/strong> \u2014 Avec les param\u00e8tres initiaux de l\u2019huile min\u00e9rale de transformateur :\r\n\r\n\u2014 puret\u00e9 de l\u2019huile selon ISO 4406 -\/18\/16 ;\r\n\r\n\u2014 teneur en eau \u00e9mulsifi\u00e9e de l\u2019huile inf\u00e9rieure ou \u00e9gale \u00e0 1 %."},{"tab_title":"Avantages","tab_content":"<ul>\r\n \t<li style=\"text-align: justify;\">l\u2019unit\u00e9 est con\u00e7ue pour r\u00e9sister aux explosions ;<\/li>\r\n \t<li style=\"text-align: justify;\">faible consommation d\u2019\u00e9nergie ;<\/li>\r\n \t<li style=\"text-align: justify;\">dimensions r\u00e9duites ;<\/li>\r\n \t<li style=\"text-align: justify;\">mobilit\u00e9 ;<\/li>\r\n \t<li style=\"text-align: justify;\">au cours du traitement, le produit n\u2019est pas expos\u00e9 \u00e0 la chaleur, aux produits chimiques et \u00e0 d\u2019autres facteurs susceptibles de nuire \u00e0 ses performances.<\/li>\r\n<\/ul>"},{"tab_title":"Application","tab_content":"[product_oil_types]"},{"tab_title":"Webinaire","tab_content":"<div class=\"responsive-embed widescreen\">\r\n<div class=\"responsive-embed widescreen\">\r\n<div class=\"responsive-embed widescreen\">\r\n<div class=\"responsive-embed widescreen\">\r\n<div class=\"responsive-embed widescreen\">\r\n<div class=\"responsive-embed widescreen\"><iframe title=\"Maintenance du transformateur\" src=\"https:\/\/www.youtube.com\/embed\/wrpThx7GLbw?feature=oembed\" width=\"500\" height=\"281\" frameborder=\"0\" allowfullscreen=\"allowfullscreen\"><\/iframe><\/div>\r\n<\/div>\r\n<\/div>\r\n<\/div>\r\n<\/div>\r\n<\/div>"}],"add_video_tab":[{"video_tab_title":"Vid\u00e9o","add_video_id":[{"video_id":"BARyB-hDHIo"},{"video_id":"OgAiJ84SpW8"}]}],"add_gallery_tab":null,"add_price_tab":null},"language":"fr","_links":{"self":[{"href":"https:\/\/globecore.com\/fr\/wp-json\/wp\/v2\/pages\/147509","targetHints":{"allow":["GET"]}}],"collection":[{"href":"https:\/\/globecore.com\/fr\/wp-json\/wp\/v2\/pages"}],"about":[{"href":"https:\/\/globecore.com\/fr\/wp-json\/wp\/v2\/types\/page"}],"author":[{"embeddable":true,"href":"https:\/\/globecore.com\/fr\/wp-json\/wp\/v2\/users\/7"}],"replies":[{"embeddable":true,"href":"https:\/\/globecore.com\/fr\/wp-json\/wp\/v2\/comments?post=147509"}],"version-history":[{"count":3,"href":"https:\/\/globecore.com\/fr\/wp-json\/wp\/v2\/pages\/147509\/revisions"}],"predecessor-version":[{"id":343052,"href":"https:\/\/globecore.com\/fr\/wp-json\/wp\/v2\/pages\/147509\/revisions\/343052"}],"up":[{"embeddable":true,"href":"https:\/\/globecore.com\/fr\/wp-json\/wp\/v2\/pages\/15680"}],"wp:featuredmedia":[{"embeddable":true,"href":"https:\/\/globecore.com\/fr\/wp-json\/wp\/v2\/media\/120183"}],"wp:attachment":[{"href":"https:\/\/globecore.com\/fr\/wp-json\/wp\/v2\/media?parent=147509"}],"wp:term":[{"taxonomy":"category","embeddable":true,"href":"https:\/\/globecore.com\/fr\/wp-json\/wp\/v2\/categories?post=147509"}],"curies":[{"name":"wp","href":"https:\/\/api.w.org\/{rel}","templated":true}]}}