{"id":147515,"date":"2023-11-17T07:12:24","date_gmt":"2023-11-17T07:12:24","guid":{"rendered":"https:\/\/globecore.com\/products\/sechage-dhuile-de-zeolite\/zp-130-sorbent-cartridges\/"},"modified":"2026-04-20T12:39:25","modified_gmt":"2026-04-20T12:39:25","slug":"zp-130-sorbent-cartridges","status":"publish","type":"page","link":"https:\/\/globecore.com\/fr\/products\/sechage-dhuile-de-zeolite\/zp-130-sorbent-cartridges\/","title":{"rendered":"ZP-130 Cartouches absorbantes"},"content":{"rendered":"","protected":false},"excerpt":{"rendered":"<p>La station mobile d\u2019huile ZP-130 est con\u00e7ue pour la purification des huiles lubrifiantes et isolantes \u00e9lectriques, l\u2019\u00e9limination des impuret\u00e9s m\u00e9caniques et le s\u00e9chage des huiles avec une viscosit\u00e9 allant jusqu\u2019\u00e0 70\u202fcSt \u00e0 40\u202f\u00b0C. L\u2019unit\u00e9 utilise des cartouches de sorbant sp\u00e9cialement con\u00e7ues pour s\u00e9cher les huiles avec de la z\u00e9olite ou d\u2019autres adsorbants et dispose de trappes pour un chargement et un d\u00e9chargement rapides. Son d\u00e9bit est de 2\u202fm\u00b3\/h. Les cartouches peuvent \u00e9galement \u00eatre remplies avec des adsorbants alternatifs tels que terre de Fuller ou gel de silice, ce qui rend l\u2019unit\u00e9 adapt\u00e9e \u00e0 la r\u00e9g\u00e9n\u00e9ration des huiles et \u00e0 la r\u00e9duction de l\u2019acidit\u00e9. La ZP-130 est utilis\u00e9e lors de l\u2019assemblage, de la maintenance et de l\u2019exploitation d\u2019\u00e9quipements haute tension remplis d\u2019huile jusqu\u2019\u00e0 1.150\u202fkV, y compris les transformateurs de puissance, les interrupteurs haute tension et des dispositifs similaires.<\/p>\n","protected":false},"author":7,"featured_media":106434,"parent":15675,"menu_order":0,"comment_status":"closed","ping_status":"closed","template":"templates\/single-product.php","meta":{"_acf_changed":false,"_bbp_topic_count":0,"_bbp_reply_count":0,"_bbp_total_topic_count":0,"_bbp_total_reply_count":0,"_bbp_voice_count":0,"_bbp_anonymous_reply_count":0,"_bbp_topic_count_hidden":0,"_bbp_reply_count_hidden":0,"_bbp_forum_subforum_count":0,"footnotes":""},"categories":[1339],"class_list":["post-147515","page","type-page","status-publish","has-post-thumbnail","hentry","category-oil-maintenance-fr","oil_type-fluide-dielectrique-fr3","oil_type-fluide-dielectrique-midel-7131","oil_type-fluide-ignifuge-fyrquel","oil_type-huile-de-silicone","oil_type-huile-de-transmission","oil_type-huile-hydraulique","oil_type-huile-industrielle","oil_type-huile-pour-cables","oil_type-huile-pour-compresseur","oil_type-huile-pour-transformateur","oil_type-huile-pour-turbine","process_type-deshydratation","process_type-filtration-fr"],"acf":{"add_tab":[{"tab_title":"Description","tab_content":"<p style=\"text-align: justify;\">La station mobile de traitement d'huile ZP-130 est con\u00e7ue pour la purification des huiles de lubrification et d'isolation \u00e9lectrique, l'\u00e9limination des impuret\u00e9s m\u00e9caniques et le s\u00e9chage des huiles dont la viscosit\u00e9 n'exc\u00e8de pas 70 cSt \u00e0 40\u00b0C. Les cartouches de sorbant ZP-130 sont sp\u00e9cialement con\u00e7ues pour le s\u00e9chage des lubrifiants et des huiles d'isolation \u00e9lectrique \u00e0 l'aide de z\u00e9olithe ou d'autres adsorbants. L'unit\u00e9 est \u00e9quip\u00e9e de trappes pour un chargement et un d\u00e9chargement rapides de l'adsorbant. Les cartouches de l'unit\u00e9 ZP-130 peuvent \u00eatre remplies non seulement de z\u00e9olite, mais aussi d'autres adsorbants tels que la terre de Fuller ou le gel de silice, ce qui la rend adapt\u00e9e \u00e0 la r\u00e9g\u00e9n\u00e9ration des huiles et \u00e0 la r\u00e9duction de l'acidit\u00e9.<\/p>\r\n<p style=\"text-align: justify;\">Cette unit\u00e9 est utilis\u00e9e lors de l'assemblage, de l'entretien et du fonctionnement d'\u00e9quipements haute tension remplis d'huile dont la tension peut atteindre 1150 kV, notamment les transformateurs de puissance, les commutateurs haute tension et d'autres dispositifs similaires.<\/p>"}],"add_def_tab":[{"tab_title":"Caract\u00e9ristiques","tab_content":"<table>\r\n<tbody>\r\n<tr>\r\n<td>\r\n<p style=\"text-align: center;\"><strong>\u2116<\/strong><\/p>\r\n<\/td>\r\n<td style=\"text-align: center;\"><strong>Param\u00e8tres<\/strong><\/td>\r\n<td>\r\n<p style=\"text-align: center;\"><strong>Valeur<\/strong><\/p>\r\n<\/td>\r\n<\/tr>\r\n<tr>\r\n<td><span style=\"font-weight: 400;\">1<\/span><\/td>\r\n<td>D\u00e9bit, m<sup>3<\/sup>\/heure\u00a0(gpm)<\/td>\r\n<td>\r\n<p style=\"text-align: center;\"><span style=\"font-weight: 400;\">2\u00a0(8.8)<\/span><\/p>\r\n<\/td>\r\n<\/tr>\r\n<tr>\r\n<td><span style=\"font-weight: 400;\">2<\/span><\/td>\r\n<td>Volume g\u00e9om\u00e9trique total des vaisseaux, en litres\u00a0(gal)<\/td>\r\n<td>\r\n<p style=\"text-align: center;\"><span style=\"font-weight: 400;\">130\u00a0(34.3)<\/span><\/p>\r\n<\/td>\r\n<\/tr>\r\n<tr>\r\n<td><span style=\"font-weight: 400;\">3<\/span><\/td>\r\n<td>Huile ISO 4406 classe de puret\u00e9<\/td>\r\n<td>\r\n<p style=\"text-align: center;\"><span style=\"font-weight: 400;\">-\/14\/12<\/span><\/p>\r\n<\/td>\r\n<\/tr>\r\n<tr>\r\n<td><span style=\"font-weight: 400;\">4<\/span><\/td>\r\n<td>Mode d\u2019utilisation du navire<\/td>\r\n<td>\r\n<p style=\"text-align: center;\">Uniquement cons\u00e9cutif<\/p>\r\n<\/td>\r\n<\/tr>\r\n<tr>\r\n<td><span style=\"font-weight: 400;\">5<\/span><\/td>\r\n<td>Filtration, \u03bcm<\/td>\r\n<td>\r\n<p style=\"text-align: center;\">5 (1 en option)<\/p>\r\n<\/td>\r\n<\/tr>\r\n<tr>\r\n<td><span style=\"font-weight: 400;\">6<\/span><\/td>\r\n<td>Temp\u00e9rature maximale d\u2019entr\u00e9e de l\u2019huile, \u00b0\u0421\u00a0(\u00b0F)<\/td>\r\n<td>\r\n<p style=\"text-align: center;\"><span style=\"font-weight: 400;\">40\u00a0(104)<\/span><\/p>\r\n<\/td>\r\n<\/tr>\r\n<tr>\r\n<td><span style=\"font-weight: 400;\">7<\/span><\/td>\r\n<td>Dimensions, mm (po)\r\n\r\n\u2013 longueur ;\r\n\r\n\u2013 largeur ;\r\n\r\n\u2013 hauteur<\/td>\r\n<td><span style=\"font-weight: 400;\">\u00a0<\/span>\r\n<p style=\"text-align: center;\"><span style=\"font-weight: 400;\">900\u00a0(35.4)<\/span><\/p>\r\n<p style=\"text-align: center;\"><span style=\"font-weight: 400;\">760\u00a0(29.2)<\/span><\/p>\r\n<p style=\"text-align: center;\"><span style=\"font-weight: 400;\">2100\u00a0(82.7)<\/span><\/p>\r\n<\/td>\r\n<\/tr>\r\n<tr>\r\n<td><span style=\"font-weight: 400;\">8<\/span><\/td>\r\n<td>\r\n<p style=\"text-align: left;\">Poids, kg (lb) (sans z\u00e9olithe)<\/p>\r\n<\/td>\r\n<td>\r\n<p style=\"text-align: center;\"><span style=\"font-weight: 400;\">180\u00a0(397)<\/span><\/p>\r\n<\/td>\r\n<\/tr>\r\n<\/tbody>\r\n<\/table>"},{"tab_title":"Avantages","tab_content":"<ul>\r\n \t<li style=\"font-weight: 400; text-align: justify;\">simplicit\u00e9 d\u2019utilisation et d\u2019entretien ;<\/li>\r\n \t<li style=\"font-weight: 400; text-align: justify;\">prolongation de la dur\u00e9e de vie de l\u2019huile ;<\/li>\r\n \t<li style=\"font-weight: 400; text-align: justify;\">diverses configurations (stationnaires ou mobiles) ;<\/li>\r\n \t<li style=\"font-weight: 400; text-align: justify;\">r\u00e9g\u00e9n\u00e9ration de l\u2019absorbant \u00e0 l\u2019aide d\u2019une unit\u00e9 BRZ-100 avec r\u00e9utilisation ult\u00e9rieure de l\u2019absorbant pour le traitement de l\u2019huile.<\/li>\r\n<\/ul>"},{"tab_title":"Application","tab_content":"[product_oil_types]"},{"tab_title":"Webinaire","tab_content":"<div class=\"responsive-embed widescreen\">\r\n<div class=\"responsive-embed widescreen\">\r\n<div class=\"responsive-embed widescreen\">\r\n<div class=\"responsive-embed widescreen\">\r\n<div class=\"responsive-embed widescreen\">\r\n<div class=\"responsive-embed widescreen\"><iframe title=\"Maintenance du transformateur\" src=\"https:\/\/www.youtube.com\/embed\/wrpThx7GLbw?feature=oembed\" width=\"500\" height=\"281\" frameborder=\"0\" allowfullscreen=\"allowfullscreen\"><\/iframe><\/div>\r\n<\/div>\r\n<\/div>\r\n<\/div>\r\n<\/div>\r\n<\/div>"}],"add_video_tab":[{"video_tab_title":"Vid\u00e9o","add_video_id":[{"video_id":"YM60LMV6BKw"},{"video_id":"FAK19GENNgg"}]}],"add_gallery_tab":null,"add_price_tab":null},"language":"fr","_links":{"self":[{"href":"https:\/\/globecore.com\/fr\/wp-json\/wp\/v2\/pages\/147515","targetHints":{"allow":["GET"]}}],"collection":[{"href":"https:\/\/globecore.com\/fr\/wp-json\/wp\/v2\/pages"}],"about":[{"href":"https:\/\/globecore.com\/fr\/wp-json\/wp\/v2\/types\/page"}],"author":[{"embeddable":true,"href":"https:\/\/globecore.com\/fr\/wp-json\/wp\/v2\/users\/7"}],"replies":[{"embeddable":true,"href":"https:\/\/globecore.com\/fr\/wp-json\/wp\/v2\/comments?post=147515"}],"version-history":[{"count":2,"href":"https:\/\/globecore.com\/fr\/wp-json\/wp\/v2\/pages\/147515\/revisions"}],"predecessor-version":[{"id":343056,"href":"https:\/\/globecore.com\/fr\/wp-json\/wp\/v2\/pages\/147515\/revisions\/343056"}],"up":[{"embeddable":true,"href":"https:\/\/globecore.com\/fr\/wp-json\/wp\/v2\/pages\/15675"}],"wp:featuredmedia":[{"embeddable":true,"href":"https:\/\/globecore.com\/fr\/wp-json\/wp\/v2\/media\/106434"}],"wp:attachment":[{"href":"https:\/\/globecore.com\/fr\/wp-json\/wp\/v2\/media?parent=147515"}],"wp:term":[{"taxonomy":"category","embeddable":true,"href":"https:\/\/globecore.com\/fr\/wp-json\/wp\/v2\/categories?post=147515"}],"curies":[{"name":"wp","href":"https:\/\/api.w.org\/{rel}","templated":true}]}}