{"id":147538,"date":"2023-04-13T13:14:01","date_gmt":"2023-04-13T13:14:01","guid":{"rendered":"https:\/\/globecore.com\/products\/fuel-purification-and-clarification\/diesel-fuel-moisture-content-tester-tor-1\/"},"modified":"2026-04-20T12:53:01","modified_gmt":"2026-04-20T12:53:01","slug":"diesel-fuel-moisture-content-tester-tor-1","status":"publish","type":"page","link":"https:\/\/globecore.com\/fr\/products\/fuel-purification-and-clarification\/diesel-fuel-moisture-content-tester-tor-1\/","title":{"rendered":"TOR-1 Testeur de teneur en eau du carburant diesel"},"content":{"rendered":"","protected":false},"excerpt":{"rendered":"<p>Le testeur de teneur en eau du carburant diesel TOR-1 est con\u00e7u pour mesurer la fraction massique d\u2019eau dissoute dans les carburants diesel. Il est facile \u00e0 utiliser : il suffit de remplacer l\u2019\u00e9chantillon et d\u2019appuyer sur le bouton D\u00e9marrer pour commencer la mesure. L\u2019appareil fonctionne de mani\u00e8re autonome sans ordinateur et convient \u00e0 une utilisation sur le terrain, avec des boutons m\u00e9talliques antivandalisme, une protection pour l\u2019\u00e9l\u00e9ment sensible, une protection \u00e9lectrique int\u00e9gr\u00e9e et une alimentation stabilis\u00e9e. Les r\u00e9sultats de la mesure peuvent \u00eatre imprim\u00e9s directement \u00e0 l\u2019aide de l\u2019imprimante int\u00e9gr\u00e9e.<\/p>\n","protected":false},"author":7,"featured_media":129693,"parent":147536,"menu_order":0,"comment_status":"closed","ping_status":"closed","template":"templates\/single-product.php","meta":{"_acf_changed":false,"_bbp_topic_count":0,"_bbp_reply_count":0,"_bbp_total_topic_count":0,"_bbp_total_reply_count":0,"_bbp_voice_count":0,"_bbp_anonymous_reply_count":0,"_bbp_topic_count_hidden":0,"_bbp_reply_count_hidden":0,"_bbp_forum_subforum_count":0,"footnotes":""},"categories":[2397],"class_list":["post-147538","page","type-page","status-publish","has-post-thumbnail","hentry","category-polissage-du-carburant","oil_type-carburant-diesel","oil_type-huile-hydraulique","oil_type-huile-industrielle","oil_type-huile-pour-transformateur","process_type-test-dhumidite"],"acf":{"add_tab":[{"tab_title":"Description","tab_content":"<p style=\"text-align: justify;\">Le testeur de teneur en eau des carburants diesel TOR-1 est con\u00e7u pour d\u00e9tecter la fraction massique d'eau dissoute dans les carburants diesel.<\/p>\r\n<p style=\"text-align: justify;\">Lors de l'utilisation de cet appareil, il est n\u00e9cessaire de prendre en consid\u00e9ration le fait que le testeur n'est qu'un point de r\u00e9f\u00e9rence pour la d\u00e9tection rapide de la teneur en eau ; une analyse finale n\u00e9cessite de contacter un laboratoire certifi\u00e9.<\/p>\r\n<p style=\"text-align: justify;\">Dans le meilleur des cas, les analyses de laboratoire standard prennent une journ\u00e9e et n\u00e9cessitent des ressources humaines et financi\u00e8res consid\u00e9rables. L'utilisation du TOR-1 permet de diagnostiquer le carburant diesel le plus rapidement possible.<\/p>\r\n\r\n<h2 style=\"text-align: center;\">Composants du testeur de teneur en eau du carburant diesel TOR-1<\/h2>\r\n<p style=\"text-align: justify;\">L'appareil r\u00e9unit tous les dispositifs n\u00e9cessaires \u00e0 un fonctionnement simple et pratique :<\/p>\r\n\r\n<ul>\r\n \t<li style=\"text-align: justify;\">un \u00e9cran LCD pour afficher le taux d'humidit\u00e9 du carburant diesel test\u00e9 ;<\/li>\r\n \t<li style=\"text-align: justify;\">R\u00e9cipient d'admission pour le carburant diesel test\u00e9 ;<\/li>\r\n \t<li style=\"text-align: justify;\">Capteur d'humidit\u00e9 pour d\u00e9tecter la fraction massique d'humidit\u00e9 dans les carburants diesel ;<\/li>\r\n \t<li style=\"text-align: justify;\">imprimante pour l'impression des r\u00e9sultats des tests.<\/li>\r\n<\/ul>\r\n<h2 style=\"text-align: center;\">Principe de fonctionnement<\/h2>\r\n<p style=\"text-align: justify;\">La mesure de l'humidit\u00e9 dans le gazole est similaire \u00e0 celle de l'humidit\u00e9 dans l'air. La teneur en eau du gazole peut \u00eatre d\u00e9crite comme une valeur absolue en ppm ou une valeur relative en aw :<\/p>\r\n\r\n<ul style=\"text-align: justify;\">\r\n \t<li>ppm signifie le rapport entre le poids de l'eau et le poids du carburant diesel ;<\/li>\r\n \t<li>aw d\u00e9signe la teneur en eau r\u00e9elle en pourcentage du carburant diesel enti\u00e8rement satur\u00e9 d'humidit\u00e9.<\/li>\r\n<\/ul>\r\n<p style=\"text-align: justify;\">La valeur aw = 0 correspond \u00e0 un gazole exempt d'humidit\u00e9, tandis que aw = 1 correspond \u00e0 un gazole enti\u00e8rement satur\u00e9 d'humidit\u00e9.<\/p>\r\n<p style=\"text-align: justify;\">L'appareil mesure l'aw \u00e0 l'aide d'un capteur de capacit\u00e9 qui garantit une stabilit\u00e9 \u00e0 long terme et une excellente r\u00e9sistance \u00e0 la contamination. Les grandeurs physiques mesur\u00e9es sont l'eau active (aw) et la temp\u00e9rature (T). \u00c0 l'aide de ces grandeurs, le testeur express calcule la teneur en humidit\u00e9 (ppm) du carburant diesel. Les valeurs mesur\u00e9es et calcul\u00e9es sont disponibles sur deux sorties analogiques librement modulables et configurables.<\/p>"}],"add_def_tab":[{"tab_title":"Caract\u00e9ristiques","tab_content":"<table width=\"592\">\r\n<tbody>\r\n<tr>\r\n<td width=\"55\"><strong>\u2116<\/strong><\/td>\r\n<td width=\"435\">\r\n<p style=\"text-align: center;\"><strong>Nom du param\u00e8tre<\/strong><\/p>\r\n<\/td>\r\n<td width=\"102\">\r\n<p style=\"text-align: center;\"><strong>Valeur<\/strong><\/p>\r\n<\/td>\r\n<\/tr>\r\n<tr>\r\n<td width=\"55\">1<\/td>\r\n<td width=\"435\">Plage de fonctionnement, aw (activit\u00e9 de l\u2019eau (aw))<\/td>\r\n<td width=\"102\">\r\n<p style=\"text-align: center;\">0\u20261<\/p>\r\n<\/td>\r\n<\/tr>\r\n<tr>\r\n<td width=\"55\">2<\/td>\r\n<td width=\"435\">Plage de travail de mesure de la teneur en eau dissoute, ppm<\/td>\r\n<td width=\"102\">\r\n<p style=\"text-align: center;\">0\u2026.500<\/p>\r\n<\/td>\r\n<\/tr>\r\n<tr>\r\n<td width=\"55\">3<\/td>\r\n<td width=\"435\">Pr\u00e9cision \u00e0 20 \u00b0C\u00a0(68 \u00b0F)<\/td>\r\n<td width=\"102\">\r\n<p style=\"text-align: center;\">\u00b10.02 aw (0\u20260.9 aw) \u00b10.03 aw (0.9\u20261 aw)<\/p>\r\n<\/td>\r\n<\/tr>\r\n<tr>\r\n<td width=\"55\">4<\/td>\r\n<td width=\"435\">Mesure de temp\u00e9rature<\/td>\r\n<td width=\"102\">\r\n<p style=\"text-align: center;\">Oui<\/p>\r\n<\/td>\r\n<\/tr>\r\n<tr>\r\n<td width=\"55\">5<\/td>\r\n<td width=\"435\">Temp\u00e9rature de l\u2019environnement de travail, \u00b0C\u00a0(\u00b0F)<\/td>\r\n<td width=\"102\">\r\n<p style=\"text-align: center;\">0\u202655 (32\u2026131)<\/p>\r\n<\/td>\r\n<\/tr>\r\n<tr>\r\n<td width=\"55\">6<\/td>\r\n<td width=\"435\">Puissance install\u00e9e, W<\/td>\r\n<td width=\"102\">\r\n<p style=\"text-align: center;\">10<\/p>\r\n<\/td>\r\n<\/tr>\r\n<tr>\r\n<td width=\"55\">7<\/td>\r\n<td width=\"435\">Tension d\u2019alimentation d\u2019un r\u00e9seau alternatif monophas\u00e9 avec une fr\u00e9quence de 50 Hz, V<\/td>\r\n<td style=\"text-align: center;\" width=\"102\">220<\/td>\r\n<\/tr>\r\n<tr>\r\n<td width=\"55\">8<\/td>\r\n<td width=\"435\">Dimensions mm (po)\r\n\r\n\u2014 longueur\r\n\r\n\u2014 largeur\r\n\r\n\u2014 la taille<\/td>\r\n<td width=\"102\">&nbsp;\r\n<p style=\"text-align: center;\">190\u00a0(7.5)<\/p>\r\n<p style=\"text-align: center;\">255\u00a0(10)<\/p>\r\n<p style=\"text-align: center;\">365\u00a0(14.4)<\/p>\r\n<\/td>\r\n<\/tr>\r\n<tr>\r\n<td width=\"55\">9<\/td>\r\n<td width=\"435\">Poids, kg (lb)<\/td>\r\n<td style=\"text-align: center;\" width=\"102\">6\u00a0(13)<\/td>\r\n<\/tr>\r\n<\/tbody>\r\n<\/table>"},{"tab_title":"Avantages","tab_content":"<ul>\r\n \t<li style=\"text-align: justify;\">compacit\u00e9 ;<\/li>\r\n \t<li style=\"text-align: justify;\">facilit\u00e9 d\u2019utilisation : pour changer d\u2019\u00e9chantillon, il suffit de changer le r\u00e9cipient amovible et d\u2019appuyer sur le bouton Start pour d\u00e9marrer la mesure ;<\/li>\r\n \t<li style=\"text-align: justify;\">multifonctionnalit\u00e9 ;<\/li>\r\n \t<li style=\"text-align: justify;\">il fonctionne sans ordinateur personnel ;\r\nil peut \u00eatre utilis\u00e9 pour tester le carburant diesel sur le terrain gr\u00e2ce \u00e0 un degr\u00e9 de protection suffisant (boutons m\u00e9talliques anti-vandalisme, protection des \u00e9l\u00e9ments sensibles, protection int\u00e9gr\u00e9e de l\u2019\u00e9quipement \u00e9lectrique) et \u00e0 une alimentation \u00e9lectrique stabilis\u00e9e ;<\/li>\r\n \t<li style=\"text-align: justify;\">les r\u00e9sultats des mesures peuvent \u00eatre imprim\u00e9s \u00e0 l\u2019aide d\u2019une imprimante int\u00e9gr\u00e9e.<\/li>\r\n<\/ul>"},{"tab_title":"Application","tab_content":"[product_oil_types]"},{"tab_title":"Webinaire","tab_content":"<div class=\"responsive-embed widescreen\">\r\n<div class=\"responsive-embed widescreen\">\r\n<div class=\"responsive-embed widescreen\">\r\n<div class=\"responsive-embed widescreen\"><iframe title=\"Mesure de l'hydrog\u00e8ne et de l'humidit\u00e9 dans l'huile de transformateur\" src=\"https:\/\/www.youtube.com\/embed\/SU5qCm0uW0Y?feature=oembed\" width=\"500\" height=\"281\" frameborder=\"0\" allowfullscreen=\"allowfullscreen\"><\/iframe><\/div>\r\n<\/div>\r\n<\/div>\r\n<\/div>"}],"add_video_tab":[{"video_tab_title":"Vid\u00e9o","add_video_id":[{"video_id":"wvhQ_uOjHi0"},{"video_id":"gP2JNkYYS_A"},{"video_id":"fAZaTB6zqAw"},{"video_id":"0S_NBWiT7ok"}]}],"add_gallery_tab":null,"add_price_tab":null},"language":"fr","_links":{"self":[{"href":"https:\/\/globecore.com\/fr\/wp-json\/wp\/v2\/pages\/147538","targetHints":{"allow":["GET"]}}],"collection":[{"href":"https:\/\/globecore.com\/fr\/wp-json\/wp\/v2\/pages"}],"about":[{"href":"https:\/\/globecore.com\/fr\/wp-json\/wp\/v2\/types\/page"}],"author":[{"embeddable":true,"href":"https:\/\/globecore.com\/fr\/wp-json\/wp\/v2\/users\/7"}],"replies":[{"embeddable":true,"href":"https:\/\/globecore.com\/fr\/wp-json\/wp\/v2\/comments?post=147538"}],"version-history":[{"count":2,"href":"https:\/\/globecore.com\/fr\/wp-json\/wp\/v2\/pages\/147538\/revisions"}],"predecessor-version":[{"id":343060,"href":"https:\/\/globecore.com\/fr\/wp-json\/wp\/v2\/pages\/147538\/revisions\/343060"}],"up":[{"embeddable":true,"href":"https:\/\/globecore.com\/fr\/wp-json\/wp\/v2\/pages\/147536"}],"wp:featuredmedia":[{"embeddable":true,"href":"https:\/\/globecore.com\/fr\/wp-json\/wp\/v2\/media\/129693"}],"wp:attachment":[{"href":"https:\/\/globecore.com\/fr\/wp-json\/wp\/v2\/media?parent=147538"}],"wp:term":[{"taxonomy":"category","embeddable":true,"href":"https:\/\/globecore.com\/fr\/wp-json\/wp\/v2\/categories?post=147538"}],"curies":[{"name":"wp","href":"https:\/\/api.w.org\/{rel}","templated":true}]}}