{"id":15360,"date":"2018-09-07T08:14:11","date_gmt":"2018-09-07T08:14:11","guid":{"rendered":"https:\/\/globecore.com?page_id=15360"},"modified":"2026-03-09T10:25:18","modified_gmt":"2026-03-09T10:25:18","slug":"sbm-15-modified-bitumen-collection-tank-uvb-2","status":"publish","type":"page","link":"https:\/\/globecore.com\/fr\/products\/modification-de-bitume\/sbm-15-modified-bitumen-collection-tank-uvb-2\/","title":{"rendered":"USB-4 Le collecteur du bitume modifi\u00e9"},"content":{"rendered":"","protected":false},"excerpt":{"rendered":"<p>Le r\u00e9servoir de stockage de bitume modifi\u00e9 USB-4 est con\u00e7u pour le stockage du bitume modifi\u00e9, du bitume conventionnel et des \u00e9mulsions de bitume. Il peut \u00eatre fourni en tant qu\u2019unit\u00e9 autonome ou int\u00e9gr\u00e9 aux lignes existantes de production de bitume modifi\u00e9. Le r\u00e9servoir est \u00e9quip\u00e9 d\u2019un agitateur automatique et d\u2019un circuit de chauffage afin de maintenir l\u2019homog\u00e9n\u00e9it\u00e9 du produit et la temp\u00e9rature requise.<br \/>\nVersions disponibles : USB-4 (15) avec un volume utile minimum de 15 m\u00b3 (volume total de 16 m\u00b3) et USB-4 (30) avec un volume utile minimum de 30 m\u00b3 (volume total de 33 m\u00b3).<\/p>\n","protected":false},"author":7,"featured_media":21376,"parent":14755,"menu_order":0,"comment_status":"closed","ping_status":"closed","template":"templates\/single-product.php","meta":{"_acf_changed":false,"_bbp_topic_count":0,"_bbp_reply_count":0,"_bbp_total_topic_count":0,"_bbp_total_reply_count":0,"_bbp_voice_count":0,"_bbp_anonymous_reply_count":0,"_bbp_topic_count_hidden":0,"_bbp_reply_count_hidden":0,"_bbp_forum_subforum_count":0,"footnotes":""},"categories":[1383],"class_list":["post-15360","page","type-page","status-publish","has-post-thumbnail","hentry","category-production-de-bitume","oil_type-industrie-du-batiment","process_type-melange"],"acf":{"add_tab":[{"tab_title":"Description","tab_content":"<p style=\"text-align: justify;\">Le collecteur du bitume modifi\u00e9 USB-4 est destin\u00e9 au stockage du bitume modifi\u00e9, pr\u00e9par\u00e9 par l\u2019installation USB-3. On peut le fournir s\u00e9par\u00e9ment pour encastrer dans les circuits actuels de production du bitume modifi\u00e9. Le collecteur du bitume est \u00e9quip\u00e9 de capteurs de temp\u00e9rature et de niveau Dinel et Wika, ainsi que les capteurs de d\u00e9versement.<\/p>\r\n<p style=\"text-align: justify;\">Le composant principal de l'\u00e9mulsion de bitume est \u00e9videmment le bitume. La production stable d'\u00e9mulsion n'est possible qu'avec la disponibilit\u00e9 constante de ce mat\u00e9riau. Par cons\u00e9quent, les entreprises qui utilisent du bitume quotidiennement dans le processus de production, doivent assurer les conditions correctes de son stockage. De nombreuses entreprises pr\u00e9f\u00e8rent avoir leur propre \u00e9quipement pour stocker le bitume, ce qui leur permet d\u2019effectuer les travaux de construction et de r\u00e9paration planifi\u00e9s, ind\u00e9pendamment de la situation au march\u00e9 et des fluctuations des prix du bitume.<\/p>\r\n<p style=\"text-align: justify;\">Le stockage de bitume et des \u00e9mulsions de bitume n'est pas une t\u00e2che facile. La partie la plus importante de ce proc\u00e9d\u00e9 est le chauffage du mat\u00e9riau dans les r\u00e9servoirs sp\u00e9cialement \u00e9quip\u00e9s. Le bitume ne doit pas durcir, et l'\u00e9mulsion - se d\u00e9composer en bitume et en eau, ce qui peut se produire lors du stockage de l'\u00e9mulsion. Le plus souvent les r\u00e9chauffeurs sont encastr\u00e9s dans les parois du r\u00e9servoir de stockage ce qui assure la temp\u00e9rature constante du mat\u00e9riau. Le chauffage peut se faire par la vapeur, l'huile ou les r\u00e9chauffeurs \u00e9lectriques \u00e0 basse temp\u00e9rature.<\/p>\r\n<p style=\"text-align: justify;\">Les r\u00e9servoirs de stockage du bitume sont de deux types - vertical et horizontal. \u00c0 l\u2019heure actuelle, les r\u00e9servoirs verticaux sont plus rependus. Ils sont \u00e9conomiques et faciles \u00e0 s\u2019en servir et \u00e0 entretenir.<\/p>"}],"add_def_tab":[{"tab_title":"Caract\u00e9ristiques","tab_content":"<table width=\"420\">\r\n<tbody>\r\n<tr>\r\n<td width=\"202\">\r\n<p style=\"text-align: center;\"><strong>Param\u00e8tres techniques<\/strong><\/p>\r\n<\/td>\r\n<td width=\"120\">\r\n<p style=\"text-align: center;\"><strong>USB-4 (15)<\/strong><\/p>\r\n<\/td>\r\n<td width=\"98\">\r\n<p style=\"text-align: center;\"><strong>USB-4 (30)<\/strong><\/p>\r\n<\/td>\r\n<\/tr>\r\n<tr>\r\n<td width=\"202\">Volume total, pas moins, <em>m\u00b3<\/em><\/td>\r\n<td width=\"120\">\r\n<p style=\"text-align: center;\">16<\/p>\r\n<\/td>\r\n<td width=\"98\">\r\n<p style=\"text-align: center;\">33<\/p>\r\n<\/td>\r\n<\/tr>\r\n<tr>\r\n<td width=\"202\">Volume utile, pas moins, <em>m\u00b3<\/em><\/td>\r\n<td width=\"120\">\r\n<p style=\"text-align: center;\">15<\/p>\r\n<\/td>\r\n<td width=\"98\">\r\n<p style=\"text-align: center;\">30<\/p>\r\n<\/td>\r\n<\/tr>\r\n<tr>\r\n<td width=\"202\">Type d\u2019agitateur<\/td>\r\n<td width=\"120\">\r\n<p style=\"text-align: center;\">\u00e0 palettes<\/p>\r\n<\/td>\r\n<td width=\"98\">\r\n<p style=\"text-align: center;\">\u00e0 palettes<\/p>\r\n<\/td>\r\n<\/tr>\r\n<tr>\r\n<td width=\"202\">Vitesse de rotation d\u2019agitateur, tr \/ min<\/td>\r\n<td width=\"120\">\r\n<p style=\"text-align: center;\">36<\/p>\r\n<\/td>\r\n<td width=\"98\">\r\n<p style=\"text-align: center;\">400<\/p>\r\n<\/td>\r\n<\/tr>\r\n<tr>\r\n<td width=\"202\">Surface d\u2019\u00e9changeur de chaleur, <em>m<sup>2<\/sup><\/em><\/td>\r\n<td width=\"120\"><\/td>\r\n<td width=\"98\">\r\n<p style=\"text-align: center;\">18<\/p>\r\n<\/td>\r\n<\/tr>\r\n<tr>\r\n<td width=\"202\">Epaisseur d\u2019isolation thermique, <em>mm<\/em><\/td>\r\n<td width=\"120\">\r\n<p style=\"text-align: center;\">200<\/p>\r\n<\/td>\r\n<td width=\"98\">\r\n<p style=\"text-align: center;\">200<\/p>\r\n<\/td>\r\n<\/tr>\r\n<tr>\r\n<td width=\"202\">Puissance nominale, <em>kW<\/em><\/td>\r\n<td width=\"120\">\r\n<p style=\"text-align: center;\">11.3<\/p>\r\n<\/td>\r\n<td width=\"98\">\r\n<p style=\"text-align: center;\">30<\/p>\r\n<\/td>\r\n<\/tr>\r\n<tr>\r\n<td width=\"202\">Alimentation \u00e9lectrique<\/td>\r\n<td width=\"120\"><\/td>\r\n<td width=\"98\"><\/td>\r\n<\/tr>\r\n<tr>\r\n<td width=\"202\">\u25cf Tension, <em>V<\/em><\/td>\r\n<td width=\"120\">\r\n<p style=\"text-align: center;\">380<\/p>\r\n<\/td>\r\n<td width=\"98\">\r\n<p style=\"text-align: center;\">380<\/p>\r\n<\/td>\r\n<\/tr>\r\n<tr>\r\n<td width=\"202\">\u25cf Fr\u00e9quence, <em>Hz<\/em><\/td>\r\n<td width=\"120\">\r\n<p style=\"text-align: center;\">50<\/p>\r\n<\/td>\r\n<td width=\"98\">\r\n<p style=\"text-align: center;\">50<\/p>\r\n<\/td>\r\n<\/tr>\r\n<tr>\r\n<td width=\"202\">Dimensions (L \/ W \/ H), <em>mm<\/em><\/td>\r\n<td width=\"120\">\r\n<p style=\"text-align: center;\">3250\/2500\/7200<\/p>\r\n<\/td>\r\n<td width=\"98\">\r\n<p style=\"text-align: center;\">2440\/2400\/12500<\/p>\r\n<\/td>\r\n<\/tr>\r\n<tr>\r\n<td width=\"202\">Poids maximum, <em>kg<\/em><\/td>\r\n<td width=\"120\">\r\n<p style=\"text-align: center;\">3800<\/p>\r\n<\/td>\r\n<td width=\"98\">\r\n<p style=\"text-align: center;\">11000<\/p>\r\n<\/td>\r\n<\/tr>\r\n<tr>\r\n<td width=\"202\">Poids maximum en charge, <em>kg<\/em><\/td>\r\n<td width=\"120\">\r\n<p style=\"text-align: center;\">18800<\/p>\r\n<\/td>\r\n<td width=\"98\">\r\n<p style=\"text-align: center;\">41000<\/p>\r\n<\/td>\r\n<\/tr>\r\n<\/tbody>\r\n<\/table>"},{"tab_title":"Avantages","tab_content":"<ul>\r\n \t<li class=\"1\" style=\"text-align: justify;\"><span lang=\"FR\">dimension est adapt\u00e9e au transport maritime.<\/span><\/li>\r\n<\/ul>"},{"tab_title":"Application","tab_content":"[product_oil_types]"},{"tab_title":"Webinaire","tab_content":"<div class=\"responsive-embed widescreen\">\r\n<div class=\"responsive-embed widescreen\">\r\n<div class=\"responsive-embed widescreen\">\r\n<div class=\"responsive-embed widescreen\">\r\n<div class=\"responsive-embed widescreen\">\r\n<div class=\"responsive-embed widescreen\"><iframe title=\"Production de bitume modifi\u00e9. Approche moderne\" src=\"https:\/\/www.youtube.com\/embed\/Q0SRGxA9L4g?feature=oembed\" width=\"500\" height=\"281\" frameborder=\"0\" allowfullscreen=\"allowfullscreen\"><\/iframe><\/div>\r\n<\/div>\r\n<\/div>\r\n<\/div>\r\n<\/div>\r\n<\/div>"}],"add_video_tab":[{"video_tab_title":"Vid\u00e9o","add_video_id":[{"video_id":"B-VX5VdEIJQ"},{"video_id":"2twnBOGZ0T8"},{"video_id":"RZK3ca482pk"}]}],"add_gallery_tab":null,"add_price_tab":[{"price_tab_title":"Obtenir le prix"}]},"language":"fr","_links":{"self":[{"href":"https:\/\/globecore.com\/fr\/wp-json\/wp\/v2\/pages\/15360","targetHints":{"allow":["GET"]}}],"collection":[{"href":"https:\/\/globecore.com\/fr\/wp-json\/wp\/v2\/pages"}],"about":[{"href":"https:\/\/globecore.com\/fr\/wp-json\/wp\/v2\/types\/page"}],"author":[{"embeddable":true,"href":"https:\/\/globecore.com\/fr\/wp-json\/wp\/v2\/users\/7"}],"replies":[{"embeddable":true,"href":"https:\/\/globecore.com\/fr\/wp-json\/wp\/v2\/comments?post=15360"}],"version-history":[{"count":1,"href":"https:\/\/globecore.com\/fr\/wp-json\/wp\/v2\/pages\/15360\/revisions"}],"predecessor-version":[{"id":341849,"href":"https:\/\/globecore.com\/fr\/wp-json\/wp\/v2\/pages\/15360\/revisions\/341849"}],"up":[{"embeddable":true,"href":"https:\/\/globecore.com\/fr\/wp-json\/wp\/v2\/pages\/14755"}],"wp:featuredmedia":[{"embeddable":true,"href":"https:\/\/globecore.com\/fr\/wp-json\/wp\/v2\/media\/21376"}],"wp:attachment":[{"href":"https:\/\/globecore.com\/fr\/wp-json\/wp\/v2\/media?parent=15360"}],"wp:term":[{"taxonomy":"category","embeddable":true,"href":"https:\/\/globecore.com\/fr\/wp-json\/wp\/v2\/categories?post=15360"}],"curies":[{"name":"wp","href":"https:\/\/api.w.org\/{rel}","templated":true}]}}