{"id":15370,"date":"2018-09-07T08:22:14","date_gmt":"2018-09-07T08:22:14","guid":{"rendered":"https:\/\/globecore.com?page_id=15370"},"modified":"2026-03-09T09:46:38","modified_gmt":"2026-03-09T09:46:38","slug":"fbs-1-bitumen-filter","status":"publish","type":"page","link":"https:\/\/globecore.com\/fr\/products\/demulsion-de-bitume\/fbs-1-bitumen-filter\/","title":{"rendered":"FB Le filtre bitumineux"},"content":{"rendered":"","protected":false},"excerpt":{"rendered":"<p>Le filtre \u00e0 bitume FB est con\u00e7u pour \u00e9liminer les contaminants solides du bitume et d\u2019autres liquides non corrosifs. Il est destin\u00e9 \u00e0 \u00eatre utilis\u00e9 dans les processus d\u2019entr\u00e9e, de stockage et de sortie impliquant du bitume ordinaire ou modifi\u00e9, des \u00e9mulsions de bitume et d\u2019autres liquides \u00e0 haute viscosit\u00e9 n\u00e9cessitant un chauffage. Le filtre a une capacit\u00e9 de 15\u202fm\u00b3\/h et dispose de deux cartouches filtrantes pour un fonctionnement continu, ainsi que de capteurs de temp\u00e9rature et de pression pour garantir des performances fiables et s\u00fbres.<\/p>\n","protected":false},"author":7,"featured_media":22591,"parent":15500,"menu_order":0,"comment_status":"closed","ping_status":"closed","template":"templates\/single-product.php","meta":{"_acf_changed":false,"_bbp_topic_count":0,"_bbp_reply_count":0,"_bbp_total_topic_count":0,"_bbp_total_reply_count":0,"_bbp_voice_count":0,"_bbp_anonymous_reply_count":0,"_bbp_topic_count_hidden":0,"_bbp_reply_count_hidden":0,"_bbp_forum_subforum_count":0,"footnotes":""},"categories":[1383],"class_list":["post-15370","page","type-page","status-publish","has-post-thumbnail","hentry","category-production-de-bitume","oil_type-industrie-du-batiment","process_type-filtration-fr"],"acf":{"add_tab":[{"tab_title":"Description","tab_content":"<p style=\"text-align: justify;\">Le filtre bitumineux FB est utilis\u00e9 pour \u00e9liminer les particules solides du bitume et d'autres liquides non corrosifs.<\/p>\r\n<p style=\"text-align: justify;\">Le filtre est utilis\u00e9 au pompage, stockage et distribution de bitume conventionnel ou modifi\u00e9, d\u2019\u00e9mulsions de bitume et d\u2019autres fluides \u00e0 haute viscosit\u00e9 n\u00e9cessitant du chauffage.<\/p>\r\n<p style=\"text-align: justify;\">Le filtre est \u00e9quip\u00e9 de deux cartouches filtrantes pour assurer le fonctionnement continu. Il est \u00e9galement \u00e9quip\u00e9 de capteurs de temp\u00e9rature et de pression pour assurer la s\u00e9curit\u00e9 et la fiabilit\u00e9.<\/p>"}],"add_def_tab":[{"tab_title":"Caract\u00e9ristiques","tab_content":"<table width=\"385\">\r\n<tbody>\r\n<tr>\r\n<td width=\"273\">Productivit\u00e9 maximale, <em>dm<sup>3<\/sup>\/heure<\/em><\/td>\r\n<td width=\"112\">\r\n<p style=\"text-align: center;\">20<\/p>\r\n<\/td>\r\n<\/tr>\r\n<tr>\r\n<td width=\"273\">Pression bitume avant agitateur <em>MPa<\/em><\/td>\r\n<td width=\"112\">\r\n<p style=\"text-align: center;\">1.6<\/p>\r\n<\/td>\r\n<\/tr>\r\n<tr>\r\n<td width=\"273\">\u0422emp\u00e9rature bitume <em>\u00b0C<\/em><\/td>\r\n<td width=\"112\">\r\n<p style=\"text-align: center;\">140\u2013160<\/p>\r\n<\/td>\r\n<\/tr>\r\n<tr>\r\n<td width=\"273\">Temp\u00e9rature de la phase aqueuse, <em>\u00b0C<\/em><\/td>\r\n<td width=\"112\">\r\n<p style=\"text-align: center;\">40\u201360<\/p>\r\n<\/td>\r\n<\/tr>\r\n<tr>\r\n<td width=\"273\">Puissance maximale, <em>kW<\/em><\/td>\r\n<td width=\"112\">\r\n<p style=\"text-align: center;\">6<\/p>\r\n<\/td>\r\n<\/tr>\r\n<tr>\r\n<td width=\"273\">Tension d\u2019alimentation, <em>V<\/em><\/td>\r\n<td width=\"112\">\r\n<p style=\"text-align: center;\">380\/220<\/p>\r\n<\/td>\r\n<\/tr>\r\n<tr>\r\n<td width=\"273\">Dimensions (L \/ W \/ H), <em>mm<\/em><\/td>\r\n<td width=\"112\">\r\n<p style=\"text-align: center;\">1500\/700\/1350<\/p>\r\n<\/td>\r\n<\/tr>\r\n<tr>\r\n<td width=\"273\">Poids maximum, <em>\u043a\u0433<\/em><\/td>\r\n<td width=\"112\">\r\n<p style=\"text-align: center;\">200<\/p>\r\n<\/td>\r\n<\/tr>\r\n<\/tbody>\r\n<\/table>"},{"tab_title":"Avantages","tab_content":"<ul>\r\n \t<li>Un vanne de d\u00e9gazage pour remplir le filtre avant de commencer le travail (vous pouvez \u00e9galement pr\u00e9lever un \u00e9chantillon de bitume);<\/li>\r\n \t<li>un manom\u00e8tre pour surveiller la pression;<\/li>\r\n \t<li>connexion \u00e0 bride pratique;<\/li>\r\n \t<li>jambes r\u00e9glables;<\/li>\r\n \t<li>il y a une veste chauffante;<\/li>\r\n \t<li>design moderne;<\/li>\r\n \t<li>bo\u00eetier isol\u00e9.<\/li>\r\n<\/ul>"},{"tab_title":"Application","tab_content":"[product_oil_types]"},{"tab_title":"Webinaire","tab_content":"<div class=\"responsive-embed widescreen\">\r\n<div class=\"responsive-embed widescreen\">\r\n<div class=\"responsive-embed widescreen\">\r\n<div class=\"responsive-embed widescreen\">\r\n<div class=\"responsive-embed widescreen\">\r\n<div class=\"responsive-embed widescreen\"><iframe title=\"Webinaire - Nouvelles applications des \u00e9mulsions de bitume (28.10.2021)\" src=\"https:\/\/www.youtube.com\/embed\/Xp4ZWBrR2YU?feature=oembed\" width=\"500\" height=\"281\" frameborder=\"0\" allowfullscreen=\"allowfullscreen\"><\/iframe><\/div>\r\n<\/div>\r\n<\/div>\r\n<\/div>\r\n<\/div>\r\n<\/div>"}],"add_video_tab":[{"video_tab_title":"Vid\u00e9o","add_video_id":[{"video_id":"m9sTN2KqnZc"},{"video_id":"B-VX5VdEIJQ"}]}],"add_gallery_tab":null,"add_price_tab":[{"price_tab_title":"Obtenir le prix"}]},"language":"fr","_links":{"self":[{"href":"https:\/\/globecore.com\/fr\/wp-json\/wp\/v2\/pages\/15370","targetHints":{"allow":["GET"]}}],"collection":[{"href":"https:\/\/globecore.com\/fr\/wp-json\/wp\/v2\/pages"}],"about":[{"href":"https:\/\/globecore.com\/fr\/wp-json\/wp\/v2\/types\/page"}],"author":[{"embeddable":true,"href":"https:\/\/globecore.com\/fr\/wp-json\/wp\/v2\/users\/7"}],"replies":[{"embeddable":true,"href":"https:\/\/globecore.com\/fr\/wp-json\/wp\/v2\/comments?post=15370"}],"version-history":[{"count":1,"href":"https:\/\/globecore.com\/fr\/wp-json\/wp\/v2\/pages\/15370\/revisions"}],"predecessor-version":[{"id":341831,"href":"https:\/\/globecore.com\/fr\/wp-json\/wp\/v2\/pages\/15370\/revisions\/341831"}],"up":[{"embeddable":true,"href":"https:\/\/globecore.com\/fr\/wp-json\/wp\/v2\/pages\/15500"}],"wp:featuredmedia":[{"embeddable":true,"href":"https:\/\/globecore.com\/fr\/wp-json\/wp\/v2\/media\/22591"}],"wp:attachment":[{"href":"https:\/\/globecore.com\/fr\/wp-json\/wp\/v2\/media?parent=15370"}],"wp:term":[{"taxonomy":"category","embeddable":true,"href":"https:\/\/globecore.com\/fr\/wp-json\/wp\/v2\/categories?post=15370"}],"curies":[{"name":"wp","href":"https:\/\/api.w.org\/{rel}","templated":true}]}}