{"id":15373,"date":"2018-09-07T08:25:33","date_gmt":"2018-09-07T08:25:33","guid":{"rendered":"https:\/\/globecore.com?page_id=15373"},"modified":"2025-01-15T12:27:56","modified_gmt":"2025-01-15T12:27:56","slug":"laboratory-system","status":"publish","type":"page","link":"https:\/\/globecore.com\/fr\/products\/laboratory-system\/","title":{"rendered":"Syst\u00e8me de laboratoire pour les \u00e9chantillons d&rsquo;\u00e9mulsion de bitume"},"content":{"rendered":"<p style=\"text-align: justify;\">Cette unit\u00e9 est con\u00e7ue pour tester des formulations connues d\u2019\u00e9mulsions, d\u2019appr\u00eats et de caoutchouc liquide. On peut \u00e9galement s\u2019en servir pour le d\u00e9veloppement de nouveaux mat\u00e9riaux et \u00e9mulsifiants, au cours d&rsquo;\u00e9tudes et d&rsquo;exp\u00e9riences pertinentes.<\/p>\n<p style=\"text-align: justify;\">Le syst\u00e8me est bas\u00e9 sur le processus continu de m\u00e9lange de bitume avec une dispersion ult\u00e9rieure du bitume et du polym\u00e8re dans le moulin. La conception fait possible l\u2019ajout d&rsquo;autres composants liquides lors de la modification du bitume.<\/p>\n<p style=\"text-align: justify;\">On peut utiliser l\u2019unit\u00e9 dans les raffineries de p\u00e9trole \u00e0 optimiser les processus de modification de bitume, \u00e0 d\u00e9terminer la quantit\u00e9 n\u00e9cessaire d\u2019agents de modification et \u00e0 utiliser un \u00e9chantillon pr\u00e9par\u00e9 en laboratoire.\u00a0 L\u2019unit\u00e9 laboratoire de modification du bitume UVB-2L est con\u00e7ue pour produire de petites (moins de 10 litres) portions du bitume modifi\u00e9<\/p>\n","protected":false},"excerpt":{"rendered":"<p>Cette unit\u00e9 est con\u00e7ue pour tester des formulations connues d\u2019\u00e9mulsions, d\u2019appr\u00eats et de caoutchouc liquide. On peut \u00e9galement s\u2019en servir pour le d\u00e9veloppement de nouveaux mat\u00e9riaux et \u00e9mulsifiants, au cours d&rsquo;\u00e9tudes et d&rsquo;exp\u00e9riences pertinentes. Le syst\u00e8me est bas\u00e9 sur le processus continu de m\u00e9lange de bitume avec une dispersion ult\u00e9rieure du bitume et du polym\u00e8re<a class=\"cg-read-more\" href=\"https:\/\/globecore.com\/fr\/products\/laboratory-system\/\" target=\"_blank\">Read More <\/a><\/p>\n","protected":false},"author":7,"featured_media":38406,"parent":14716,"menu_order":0,"comment_status":"closed","ping_status":"closed","template":"templates\/products-sidebar.php","meta":{"_acf_changed":false,"_bbp_topic_count":0,"_bbp_reply_count":0,"_bbp_total_topic_count":0,"_bbp_total_reply_count":0,"_bbp_voice_count":0,"_bbp_anonymous_reply_count":0,"_bbp_topic_count_hidden":0,"_bbp_reply_count_hidden":0,"_bbp_forum_subforum_count":0,"footnotes":""},"categories":[],"class_list":["post-15373","page","type-page","status-publish","has-post-thumbnail","hentry"],"acf":[],"language":"fr","_links":{"self":[{"href":"https:\/\/globecore.com\/fr\/wp-json\/wp\/v2\/pages\/15373","targetHints":{"allow":["GET"]}}],"collection":[{"href":"https:\/\/globecore.com\/fr\/wp-json\/wp\/v2\/pages"}],"about":[{"href":"https:\/\/globecore.com\/fr\/wp-json\/wp\/v2\/types\/page"}],"author":[{"embeddable":true,"href":"https:\/\/globecore.com\/fr\/wp-json\/wp\/v2\/users\/7"}],"replies":[{"embeddable":true,"href":"https:\/\/globecore.com\/fr\/wp-json\/wp\/v2\/comments?post=15373"}],"version-history":[{"count":0,"href":"https:\/\/globecore.com\/fr\/wp-json\/wp\/v2\/pages\/15373\/revisions"}],"up":[{"embeddable":true,"href":"https:\/\/globecore.com\/fr\/wp-json\/wp\/v2\/pages\/14716"}],"wp:featuredmedia":[{"embeddable":true,"href":"https:\/\/globecore.com\/fr\/wp-json\/wp\/v2\/media\/38406"}],"wp:attachment":[{"href":"https:\/\/globecore.com\/fr\/wp-json\/wp\/v2\/media?parent=15373"}],"wp:term":[{"taxonomy":"category","embeddable":true,"href":"https:\/\/globecore.com\/fr\/wp-json\/wp\/v2\/categories?post=15373"}],"curies":[{"name":"wp","href":"https:\/\/api.w.org\/{rel}","templated":true}]}}