{"id":15380,"date":"2018-09-07T08:38:31","date_gmt":"2018-09-07T08:38:31","guid":{"rendered":"https:\/\/globecore.com?page_id=15380"},"modified":"2025-10-16T14:21:51","modified_gmt":"2025-10-16T14:21:51","slug":"degazage-a-lhuile","status":"publish","type":"page","link":"https:\/\/globecore.com\/fr\/products\/degazage-a-lhuile\/","title":{"rendered":"D\u00e9gazage \u00e0 l&rsquo;huile, s\u00e9chage sous vide l&rsquo;huile"},"content":{"rendered":"<h2 style=\"text-align: center;\"><strong>D\u00e9gazage d\u2019huile:<\/strong><\/h2>\n<p style=\"text-align: justify;\">Il y a des unit\u00e9s sp\u00e9ciales \u00e0 d\u00e9gazage et \u00e0 la mise sous vide.\u00a0 L\u2019essentiel de cet \u00e9quipement est un d\u00e9gazeur, compos\u00e9 de deux r\u00e9servoirs.\u00a0 Le vide dans les r\u00e9servoirs est cr\u00e9\u00e9 par un groupe de pompage sous vide. Le d\u00e9gazage a lieu lorsque l\u2019huile s\u2019\u00e9coule d\u2019une fine couche \u00e0 la surface des anneaux de Raschig.<\/p>\n<h2 style=\"text-align: center;\"><strong>D\u00e9shydratation sous vide thermique des huiles <\/strong><\/h2>\n<p style=\"text-align: justify;\">L\u2019unit\u00e9 est assembl\u00e9e sur un ch\u00e2ssis supportant ses composants:. pompes de refoulement et de vidange, armoire de commande, chambre \u00e0 vide, filtres \u00e0 filtration gros et fin, pompe \u00e0 vide et conduites avec soupapes. L\u2019unit\u00e9 peut \u00eatre utilis\u00e9e aux fins suivantes: (1) chauffage de l\u2019\u00e9quipement \u00e9lectrique rempli d\u2019huile avec de l&rsquo;huile chaude; (2) s\u00e9chage sous vide des transformateurs et (3) \u00e9vacuation des transformateurs. L\u2019unit\u00e9 repr\u00e9senterait une meilleure solution pour les compagnies impliqu\u00e9es dans l&rsquo;installation, la r\u00e9paration et la maintenance de transformateurs remplis d&rsquo;huile et d&rsquo;autres \u00e9quipements \u00e9lectriques remplis d&rsquo;huile.<\/p>\n","protected":false},"excerpt":{"rendered":"<p>D\u00e9gazage d\u2019huile: Il y a des unit\u00e9s sp\u00e9ciales \u00e0 d\u00e9gazage et \u00e0 la mise sous vide.\u00a0 L\u2019essentiel de cet \u00e9quipement est un d\u00e9gazeur, compos\u00e9 de deux r\u00e9servoirs.\u00a0 Le vide dans les r\u00e9servoirs est cr\u00e9\u00e9 par un groupe de pompage sous vide. Le d\u00e9gazage a lieu lorsque l\u2019huile s\u2019\u00e9coule d\u2019une fine couche \u00e0 la surface des<a class=\"cg-read-more\" href=\"https:\/\/globecore.com\/fr\/products\/degazage-a-lhuile\/\" target=\"_blank\">Read More <\/a><\/p>\n","protected":false},"author":7,"featured_media":38310,"parent":14716,"menu_order":0,"comment_status":"closed","ping_status":"closed","template":"templates\/products-sidebar.php","meta":{"_acf_changed":false,"_bbp_topic_count":0,"_bbp_reply_count":0,"_bbp_total_topic_count":0,"_bbp_total_reply_count":0,"_bbp_voice_count":0,"_bbp_anonymous_reply_count":0,"_bbp_topic_count_hidden":0,"_bbp_reply_count_hidden":0,"_bbp_forum_subforum_count":0,"footnotes":""},"categories":[],"class_list":["post-15380","page","type-page","status-publish","has-post-thumbnail","hentry"],"acf":[],"language":"fr","_links":{"self":[{"href":"https:\/\/globecore.com\/fr\/wp-json\/wp\/v2\/pages\/15380","targetHints":{"allow":["GET"]}}],"collection":[{"href":"https:\/\/globecore.com\/fr\/wp-json\/wp\/v2\/pages"}],"about":[{"href":"https:\/\/globecore.com\/fr\/wp-json\/wp\/v2\/types\/page"}],"author":[{"embeddable":true,"href":"https:\/\/globecore.com\/fr\/wp-json\/wp\/v2\/users\/7"}],"replies":[{"embeddable":true,"href":"https:\/\/globecore.com\/fr\/wp-json\/wp\/v2\/comments?post=15380"}],"version-history":[{"count":0,"href":"https:\/\/globecore.com\/fr\/wp-json\/wp\/v2\/pages\/15380\/revisions"}],"up":[{"embeddable":true,"href":"https:\/\/globecore.com\/fr\/wp-json\/wp\/v2\/pages\/14716"}],"wp:featuredmedia":[{"embeddable":true,"href":"https:\/\/globecore.com\/fr\/wp-json\/wp\/v2\/media\/38310"}],"wp:attachment":[{"href":"https:\/\/globecore.com\/fr\/wp-json\/wp\/v2\/media?parent=15380"}],"wp:term":[{"taxonomy":"category","embeddable":true,"href":"https:\/\/globecore.com\/fr\/wp-json\/wp\/v2\/categories?post=15380"}],"curies":[{"name":"wp","href":"https:\/\/api.w.org\/{rel}","templated":true}]}}