{"id":15398,"date":"2018-09-07T09:09:20","date_gmt":"2018-09-07T09:09:20","guid":{"rendered":"https:\/\/globecore.com?page_id=15398"},"modified":"2019-06-21T09:01:46","modified_gmt":"2019-06-21T09:01:46","slug":"soutien","status":"publish","type":"page","link":"https:\/\/globecore.com\/fr\/soutien\/","title":{"rendered":"Soutien"},"content":{"rendered":"<div class=\"advant-section\">\n<h2 style=\"text-align: center;\">Principes d&rsquo;interaction et de soutien \u00e0 la client\u00e8le<\/h2>\n<\/div>\n<p style=\"text-align: justify;\">L\u2019une des priorit\u00e9s des activit\u00e9s de <em><strong>GlobeCore<\/strong><\/em> est l\u2019interaction rapide et le support technique de tous les clients, quel que soit leur emplacement, gr\u00e2ce \u00e0 notre large r\u00e9seau de repr\u00e9sentations et nos centres de services.<\/p>\n<p style=\"text-align: justify;\">Les techniciens de <em><strong>GlobeCore<\/strong><\/em> sont toujours pr\u00eats \u00e0 rendre leurs services d\u2019entretien et de r\u00e9paration d\u2019\u00e9quipements \u00e0 purification et r\u00e9g\u00e9n\u00e9ration des huiles de transformateurs, de turbine, industrielles et autres, ainsi que d\u2019\u00e9quipement \u00e0 produire les \u00e9mulsions bitumineuses et les bitumes modifi\u00e9s.<\/p>\n<p style=\"text-align: justify;\">En ce qui concerne le partenariat avec les clients, notre soci\u00e9t\u00e9 est guid\u00e9e par les principes suivants:<\/p>\n<ul class=\"support-list\" style=\"text-align: justify;\">\n<li class=\"wow fadeInLeft\"><i class=\"fa fa-check\"><\/i>\n<div class=\"inner-list-support\">Conseils gratuits. Vous pouvez toujours obtenir l\u2019avis de sp\u00e9cialistes qualifi\u00e9s au stade de la s\u00e9lection de l\u2019\u00e9quipement, ce qui assure la solution durable la plus viable;<\/div>\n<\/li>\n<li class=\"wow fadeInLeft\"><i class=\"fa fa-check\"><\/i>\n<div class=\"inner-list-support\">Approche individualis\u00e9e. Chaque pi\u00e8ce d&rsquo;\u00e9quipement est con\u00e7ue et fabriqu\u00e9e en fonction des besoins individuels et des exigences du client;<\/div>\n<\/li>\n<li class=\"wow fadeInLeft\"><i class=\"fa fa-check\"><\/i>\n<div class=\"inner-list-support\">Soutien \u00e0 la mise en service. Si n\u00e9cessaire, les techniciens de l&rsquo;entreprise se rendent chez le client pour mettre l&rsquo;\u00e9quipement en service;<\/div>\n<\/li>\n<li class=\"wow fadeInLeft\"><i class=\"fa fa-check\"><\/i>\n<div class=\"inner-list-support\">Large gamme de pi\u00e8ces de rechange et de composants. GlobeCore poss\u00e8de de stocks importants de pi\u00e8ces de rechange pour un remplacement rapide, de sorte, votre \u00e9quipement ne subit pas de longs arr\u00eats et de dommages cons\u00e9cutifs;<\/div>\n<\/li>\n<li class=\"wow fadeInLeft\"><i class=\"fa fa-check\"><\/i>\n<div class=\"inner-list-support\">Formation du personnel. <em><strong>GlobeCore<\/strong><\/em> assure la formation exp\u00e9ditive des op\u00e9rateurs \u00e0 tous les mod\u00e8les d\u2019\u00e9quipement sur le site de son fonctionnement et dans son propre centre de formation, situ\u00e9 \u00e0 Oldenburg (Allemagne). Des supports vid\u00e9o suppl\u00e9mentaires sont disponibles sur demande;<\/div>\n<\/li>\n<li class=\"wow fadeInLeft\"><i class=\"fa fa-check\"><\/i>\n<div class=\"inner-list-support\">Modernisation <em><strong>GlobeCore<\/strong><\/em> se sp\u00e9cialise dans la modernisation de l\u2019\u00e9quipement en marche afin de prolonger sa dur\u00e9e de vie;<\/div>\n<\/li>\n<li class=\"wow fadeInLeft\"><i class=\"fa fa-check\"><\/i>\n<div class=\"inner-list-support\">Garantie et service apr\u00e8s-vente. La garantie couvre tous les types de travaux effectu\u00e9s par les sp\u00e9cialistes de <em><strong>GlobeCore<\/strong><\/em>. Le service apr\u00e8s-vente est effectu\u00e9 dans le cadre d\u2019un contrat.<\/div>\n<\/li>\n<\/ul>\n<p style=\"text-align: justify;\"><i class=\"fa fa-question-circle-o\" aria-hidden=\"true\"><\/i><span class=\"questions-support\" style=\"font-weight: 400;\">Des questions? Contactez-nous \u00e0 <a href=\"mailto:marketing@globecore.de\">marketing@globecore.de<\/a>.<\/span><\/p>\n","protected":false},"excerpt":{"rendered":"<p>Principes d&rsquo;interaction et de soutien \u00e0 la client\u00e8le L\u2019une des priorit\u00e9s des activit\u00e9s de GlobeCore est l\u2019interaction rapide et le support technique de tous les clients, quel que soit leur emplacement, gr\u00e2ce \u00e0 notre large r\u00e9seau de repr\u00e9sentations et nos centres de services. Les techniciens de GlobeCore sont toujours pr\u00eats \u00e0 rendre leurs services d\u2019entretien<a class=\"cg-read-more\" href=\"https:\/\/globecore.com\/fr\/soutien\/\" target=\"_blank\">Read More <\/a><\/p>\n","protected":false},"author":7,"featured_media":0,"parent":0,"menu_order":0,"comment_status":"closed","ping_status":"closed","template":"templates\/support-page.php","meta":{"_acf_changed":false,"_bbp_topic_count":0,"_bbp_reply_count":0,"_bbp_total_topic_count":0,"_bbp_total_reply_count":0,"_bbp_voice_count":0,"_bbp_anonymous_reply_count":0,"_bbp_topic_count_hidden":0,"_bbp_reply_count_hidden":0,"_bbp_forum_subforum_count":0,"footnotes":""},"categories":[],"class_list":["post-15398","page","type-page","status-publish","hentry"],"acf":[],"language":"fr","_links":{"self":[{"href":"https:\/\/globecore.com\/fr\/wp-json\/wp\/v2\/pages\/15398","targetHints":{"allow":["GET"]}}],"collection":[{"href":"https:\/\/globecore.com\/fr\/wp-json\/wp\/v2\/pages"}],"about":[{"href":"https:\/\/globecore.com\/fr\/wp-json\/wp\/v2\/types\/page"}],"author":[{"embeddable":true,"href":"https:\/\/globecore.com\/fr\/wp-json\/wp\/v2\/users\/7"}],"replies":[{"embeddable":true,"href":"https:\/\/globecore.com\/fr\/wp-json\/wp\/v2\/comments?post=15398"}],"version-history":[{"count":0,"href":"https:\/\/globecore.com\/fr\/wp-json\/wp\/v2\/pages\/15398\/revisions"}],"wp:attachment":[{"href":"https:\/\/globecore.com\/fr\/wp-json\/wp\/v2\/media?parent=15398"}],"wp:term":[{"taxonomy":"category","embeddable":true,"href":"https:\/\/globecore.com\/fr\/wp-json\/wp\/v2\/categories?post=15398"}],"curies":[{"name":"wp","href":"https:\/\/api.w.org\/{rel}","templated":true}]}}