{"id":15403,"date":"2018-09-07T10:44:20","date_gmt":"2018-09-07T10:44:20","guid":{"rendered":"https:\/\/globecore.com?page_id=15403"},"modified":"2026-04-21T12:58:46","modified_gmt":"2026-04-21T12:58:46","slug":"biodiesel-equipment","status":"publish","type":"page","link":"https:\/\/globecore.com\/fr\/products\/biodiesel-equipment\/biodiesel-equipment\/","title":{"rendered":"USB-1 Usine de production de biodiesel"},"content":{"rendered":"","protected":false},"excerpt":{"rendered":"<p>L\u2019unit\u00e9 de production de biodiesel USB-1 a une capacit\u00e9 de 4\u202fm\u00b3\/h et repose sur la technologie de r\u00e9action continue, ce qui acc\u00e9l\u00e8re le processus et am\u00e9liore la qualit\u00e9 du produit tout en consommant 5 \u00e0 7 fois moins d\u2019\u00e9nergie par rapport aux \u00e9quipements conventionnels. L\u2019unit\u00e9 se distingue par sa simplicit\u00e9 d\u2019utilisation et son efficacit\u00e9 \u00e9lev\u00e9e. Le d\u00e9veloppement et les tests continus ont permis \u00e0 GlobeCore d\u2019am\u00e9liorer la conception, obtenant un rendement produit plus \u00e9lev\u00e9 et une consommation d\u2019\u00e9nergie r\u00e9duite.<br \/>\nLes installations de biodiesel GlobeCore sont disponibles avec des capacit\u00e9s allant de 1 000 \u00e0 16 000\u202flitres\/h, permettant la production de biodiesel \u00e0 partir de toutes huiles v\u00e9g\u00e9tales ou graisses animales.<\/p>\n","protected":false},"author":7,"featured_media":15406,"parent":105142,"menu_order":0,"comment_status":"closed","ping_status":"closed","template":"templates\/single-product.php","meta":{"_acf_changed":false,"_bbp_topic_count":0,"_bbp_reply_count":0,"_bbp_total_topic_count":0,"_bbp_total_reply_count":0,"_bbp_voice_count":0,"_bbp_anonymous_reply_count":0,"_bbp_topic_count_hidden":0,"_bbp_reply_count_hidden":0,"_bbp_forum_subforum_count":0,"_wpml_language_code":"","footnotes":""},"categories":[2568],"class_list":["post-15403","page","type-page","status-publish","has-post-thumbnail","hentry","category-energies-renouvelables-biocarburants","oil_type-industrie-chimique","process_type-melange-fr"],"acf":{"add_tab":[{"tab_title":"Description","tab_content":"<p style=\"text-align: justify;\">La cha\u00eene de production du biodi\u00e9sel comprend les composants suivants:<\/p>\r\n\r\n<ul style=\"text-align: justify;\">\r\n \t<li>R\u00e9chauffeur d\u2019huile en ligne continue;<\/li>\r\n \t<li>R\u00e9acteur biodi\u00e9sel;<\/li>\r\n \t<li>Section de d\u00e9cantation du biodi\u00e9sel;<\/li>\r\n \t<li>Section de pr\u00e9l\u00e8vement du m\u00e9thanol;<\/li>\r\n \t<li>Section de purification et de filtration.<\/li>\r\n<\/ul>\r\n<p style=\"text-align: justify;\">L\u2019huile pr\u00e9par\u00e9e (purifi\u00e9e) est fournie au r\u00e9chauffeur, o\u00f9 elle est chauff\u00e9e \u00e0 la temp\u00e9rature du processus.\u00a0 \u00c0 partir du r\u00e9chauffeur, l\u2019huile coule au r\u00e9acteur biodi\u00e9sel. En m\u00eame temps, la solution d\u2019alcali et de m\u00e9thanol est entr\u00e9e au r\u00e9acteur. Les ingr\u00e9dients sont m\u00e9lang\u00e9s dans un m\u00e9langeur hydrodynamique du r\u00e9acteur; le produit de cette r\u00e9action devient le biodi\u00e9sel brut (\u00e9ther m\u00e9thylique d\u2019acide gras et la glyc\u00e9rine).\u00a0 Ce produit est ensuite pomp\u00e9 vers les d\u00e9canteurs o\u00f9 l\u2019eau et la glyc\u00e9rine sont s\u00e9par\u00e9es et vidang\u00e9es.<\/p>\r\n<p style=\"text-align: justify;\">Le reste du produit est pomp\u00e9 dans la section de pr\u00e9l\u00e8vement du m\u00e9thanol, o\u00f9 le m\u00e9thanol est s\u00e9par\u00e9 du m\u00e9lange par la distillation.\u00a0 L\u2019\u00e9tape finale a lieu dans la section de filtration et de purification, o\u00f9 le produit passe \u00e0 travers la r\u00e9sine \u00e9changeuse d\u2019ions pour \u00e9liminer les traces de m\u00e9thanol. Les filtres retiennent les particules solides restantes.<\/p>\r\n\r\n<h2 style=\"text-align: justify;\"><strong>Equipement m\u00e9langeur biodi\u00e9sel de GlobeCore: universalit\u00e9 et avantages <\/strong><\/h2>\r\n<p style=\"text-align: justify;\">Les usines de biodi\u00e9sel, utilisant la technologie <strong>GlobeCore, <\/strong>pr\u00e9sentent plusieurs avantages:<\/p>\r\n\r\n<ul style=\"text-align: justify;\">\r\n \t<li>Faible consommation d\u2019\u00e9nergie.<\/li>\r\n \t<li>R\u00e9action de transest\u00e9rification instantan\u00e9e.<\/li>\r\n \t<li>Due aux technologies innovantes d\u2019\u00e9conomie d\u2019\u00e9nergie, la consommation d\u2019\u00e9nergie au cours du proc\u00e9d\u00e9 est r\u00e9duite.<\/li>\r\n \t<li>Construction modulaire (mobilit\u00e9 du transport et flexibilit\u00e9 lors de la mise en place d\u2019\u00e9quipement biodi\u00e9sel).<\/li>\r\n \t<li>Processus de production efficace r\u00e9duit la surface, occup\u00e9e par l'\u00e9quipement.<\/li>\r\n \t<li>La qualit\u00e9 du biodi\u00e9sel conforme aux normes internationales.<\/li>\r\n \t<li>Aucun d\u00e9chet: la glyc\u00e9rine peut \u00eatre utilis\u00e9e \u00e0 des fins diverses (par exemple, production d\u2019\u00e9nergie, en tant qu\u2019un engrais, etc.)<\/li>\r\n \t<li>Pas besoin de lavage et d\u00e9shydratation du biodi\u00e9sel;<\/li>\r\n \t<li>L\u2019\u00e9quipement est bas\u00e9 sur une proc\u00e9dure en ligne continue, ce qui augmente la vitesse et la qualit\u00e9 de la r\u00e9action; consomme \u00e9galement de 5 \u00e0 7 fois moins d\u2019\u00e9nergie par rapport \u00e0 la technologie et l\u2019\u00e9quipement traditionnel.<\/li>\r\n \t<li>L\u2019\u00e9quipement est tr\u00e8s efficace et simple \u00e0 utiliser; en plus, dans le processus de d\u00e9veloppement et de tests en cours, nous am\u00e9liorons toujours sa conception,<\/li>\r\n<\/ul>\r\n<ol style=\"text-align: justify;\">\r\n \t<li>En augmentant la qualit\u00e9 et le rendement du produit,<\/li>\r\n \t<li>En r\u00e9duisant la consommation d\u2019\u00e9nergie,<\/li>\r\n \t<li>En r\u00e9duisant la quantit\u00e9 du m\u00e9tal en construction.<\/li>\r\n<\/ol>\r\n<p style=\"text-align: justify;\">Les installations biodi\u00e9sel <strong><em>GlobeCore<\/em><\/strong> (r\u00e9acteurs) sont d\u2019une capacit\u00e9 de 1000 \u00e0 16 000 litres par heure et peuvent produire du biodi\u00e9sel \u00e0 partir de tout type d\u2019huile v\u00e9g\u00e9tale ou de graisse animale.<\/p>\r\n<p style=\"text-align: justify;\">Il est possible de produire du biodi\u00e9sel \u00e0 partir d\u2019huile de cuisson ou d\u2019huile de micro-algue.<\/p>\r\n<p style=\"text-align: justify;\">Le biodi\u00e9sel est conforme \u00e0 la norme europ\u00e9enne EN 14214 et \u00e0 la norme am\u00e9ricaine ASTM.<\/p>\r\n<p style=\"text-align: justify;\">Pour en savoir plus sur notre technologie de production efficace et \u00e9conome du biodi\u00e9sel, <strong>\u0441ontactez nous<\/strong><strong>, <\/strong>et l\u2019un de nos responsables vous rappellera.<\/p>"}],"add_def_tab":[{"tab_title":"Caract\u00e9ristiques","tab_content":"<strong>Sp\u00e9cification principale du syst\u00e8me :<\/strong>\r\n<table>\r\n<tbody>\r\n<tr>\r\n<td width=\"217\">\r\n<p style=\"text-align: center;\"><strong>Param\u00e8tre<\/strong><\/p>\r\n<\/td>\r\n<td width=\"161\">\r\n<p style=\"text-align: center;\"><strong>Valeur<\/strong><\/p>\r\n<\/td>\r\n<\/tr>\r\n<tr>\r\n<td width=\"217\">Capacit\u00e9, m<sup>3<\/sup>\/heure\u00a0(gpm)<\/td>\r\n<td width=\"161\">\r\n<p style=\"text-align: center;\">4\u00a0(17.6)<\/p>\r\n<\/td>\r\n<\/tr>\r\n<tr>\r\n<td width=\"217\">Classe de protection contre les explosions,<\/td>\r\n<td width=\"161\">\r\n<p style=\"text-align: center;\">II2GEExdIIBT3<\/p>\r\n<\/td>\r\n<\/tr>\r\n<tr>\r\n<td width=\"217\">Tension d\u2019alimentation \u00e0 3 phases en VAC, V<\/td>\r\n<td width=\"161\">\r\n<p style=\"text-align: center;\">380<\/p>\r\n<\/td>\r\n<\/tr>\r\n<tr>\r\n<td width=\"217\">Pression de contr\u00f4le de l\u2019air comprim\u00e9, MPa\u00a0(psi)<\/td>\r\n<td width=\"161\">\r\n<p style=\"text-align: center;\">0.6-0.8\u00a0(85-116)<\/p>\r\n<\/td>\r\n<\/tr>\r\n<tr>\r\n<td width=\"217\">Volume du r\u00e9servoir de d\u00e9cantation, m<sup>3<\/sup><sup>\u00a0<\/sup>(yd<sup>3<\/sup>)<\/td>\r\n<td width=\"161\">\r\n<p style=\"text-align: center;\">20.8\u00a0(27.2)<\/p>\r\n<\/td>\r\n<\/tr>\r\n<tr>\r\n<td width=\"217\">Finesse de filtration, micron<\/td>\r\n<td width=\"161\">\r\n<p style=\"text-align: center;\">5<\/p>\r\n<\/td>\r\n<\/tr>\r\n<\/tbody>\r\n<\/table>"},{"tab_title":"Avantages","tab_content":"<ul>\r\n \t<li style=\"text-align: justify;\">compacte ;<\/li>\r\n \t<li style=\"text-align: justify;\">facilit\u00e9 de transport ;<\/li>\r\n \t<li style=\"text-align: justify;\">permet de v\u00e9rifier la qualit\u00e9 du biodiesel pour sa conformit\u00e9 aux normes lors du changement des composants initiaux (mati\u00e8res premi\u00e8res).<\/li>\r\n<\/ul>"},{"tab_title":"Application","tab_content":"[product_oil_types]"}],"add_video_tab":[{"video_tab_title":"Vid\u00e9o","add_video_id":[{"video_id":"_dFT40GiOkw"},{"video_id":"GsnFruyhifc"}]}],"add_gallery_tab":[{"gallery_tab_title":"Photo","add_img":[14814,14816,14817,13560,13563]}],"add_price_tab":[{"price_tab_title":"Obtenir le prix"}]},"language":"fr","_links":{"self":[{"href":"https:\/\/globecore.com\/fr\/wp-json\/wp\/v2\/pages\/15403","targetHints":{"allow":["GET"]}}],"collection":[{"href":"https:\/\/globecore.com\/fr\/wp-json\/wp\/v2\/pages"}],"about":[{"href":"https:\/\/globecore.com\/fr\/wp-json\/wp\/v2\/types\/page"}],"author":[{"embeddable":true,"href":"https:\/\/globecore.com\/fr\/wp-json\/wp\/v2\/users\/7"}],"replies":[{"embeddable":true,"href":"https:\/\/globecore.com\/fr\/wp-json\/wp\/v2\/comments?post=15403"}],"version-history":[{"count":2,"href":"https:\/\/globecore.com\/fr\/wp-json\/wp\/v2\/pages\/15403\/revisions"}],"predecessor-version":[{"id":343238,"href":"https:\/\/globecore.com\/fr\/wp-json\/wp\/v2\/pages\/15403\/revisions\/343238"}],"up":[{"embeddable":true,"href":"https:\/\/globecore.com\/fr\/wp-json\/wp\/v2\/pages\/105142"}],"wp:featuredmedia":[{"embeddable":true,"href":"https:\/\/globecore.com\/fr\/wp-json\/wp\/v2\/media\/15406"}],"wp:attachment":[{"href":"https:\/\/globecore.com\/fr\/wp-json\/wp\/v2\/media?parent=15403"}],"wp:term":[{"taxonomy":"category","embeddable":true,"href":"https:\/\/globecore.com\/fr\/wp-json\/wp\/v2\/categories?post=15403"}],"curies":[{"name":"wp","href":"https:\/\/api.w.org\/{rel}","templated":true}]}}