{"id":15453,"date":"2018-09-07T13:43:16","date_gmt":"2018-09-07T13:43:16","guid":{"rendered":"https:\/\/globecore.com?page_id=15453"},"modified":"2026-03-05T14:21:59","modified_gmt":"2026-03-05T14:21:59","slug":"cmm-r-oil-regeneration-systems","status":"publish","type":"page","link":"https:\/\/globecore.com\/fr\/products\/regeneration-de-lhuile\/cmm-r-oil-regeneration-systems\/","title":{"rendered":"CMM-12R Syst\u00e8me de r\u00e9g\u00e9n\u00e9ration d&rsquo;huile"},"content":{"rendered":"","protected":false},"excerpt":{"rendered":"<p>Les syst\u00e8mes de r\u00e9g\u00e9n\u00e9ration d\u2019huile GlobeCore CMM-12R restaurent l\u2019huile de transformateur et les huiles di\u00e9lectriques en \u00e9liminant les produits de d\u00e9gradation et les acides. Le processus am\u00e9liore la rigidit\u00e9 di\u00e9lectrique, la clart\u00e9 et la r\u00e9sistance \u00e0 l\u2019oxydation, prolongeant la dur\u00e9e de vie des transformateurs et r\u00e9duisant les co\u00fbts de remplacement de l\u2019huile. Le sorbant longue dur\u00e9e de vie fonctionne jusqu\u2019\u00e0 trois ans sans remplacement, \u00e9liminant les consommables et la main-d\u2019\u0153uvre sur site. Les syst\u00e8mes peuvent fonctionner comme unit\u00e9s autonomes ou en combinaison avec des \u00e9quipements existants de d\u00e9gazage ou de s\u00e9chage. Chaque unit\u00e9 GlobeCore est personnalisable pour les fabricants de transformateurs et les entreprises de maintenance. Convient \u00e0 l\u2019huile de transformateur, \u00e0 l\u2019huile de turbine, \u00e0 l\u2019huile hydraulique, au FR3, au Midel et \u00e0 d\u2019autres fluides industriels.<\/p>\n","protected":false},"author":7,"featured_media":15458,"parent":14664,"menu_order":0,"comment_status":"closed","ping_status":"closed","template":"templates\/single-product.php","meta":{"_acf_changed":false,"_bbp_topic_count":0,"_bbp_reply_count":0,"_bbp_total_topic_count":0,"_bbp_total_reply_count":0,"_bbp_voice_count":0,"_bbp_anonymous_reply_count":0,"_bbp_topic_count_hidden":0,"_bbp_reply_count_hidden":0,"_bbp_forum_subforum_count":0,"footnotes":""},"categories":[1339],"class_list":["post-15453","page","type-page","status-publish","has-post-thumbnail","hentry","category-oil-maintenance-fr","oil_type-fluide-dielectrique-fr3","oil_type-fluide-dielectrique-midel-7131","oil_type-fluide-ignifuge-fyrquel","oil_type-huile-de-silicone","oil_type-huile-de-transmission","oil_type-huile-hydraulique","oil_type-huile-industrielle","oil_type-huile-pour-cables","oil_type-huile-pour-compresseur","oil_type-huile-pour-transformateur","oil_type-huile-pour-turbine","process_type-filtration-fr","process_type-regeneration-fr"],"acf":{"add_tab":[{"tab_title":"Description","tab_content":"<p style=\"text-align: justify;\">Par le proc\u00e9d\u00e9 de r\u00e9g\u00e9n\u00e9ration d\u2019huile <strong><em>GlobeCore<\/em><\/strong> on restaure les huiles usag\u00e9es \u00e0 leurs \u00e9tat initial.\u00a0 Apr\u00e8s ce proc\u00e9d\u00e9 on remplit les transformateurs avec de l\u2019huile qui aurait d\u00fb auparavant \u00eatre \u00e9limin\u00e9e.\u00a0 L\u2019huile d\u2019un certain transformateur peut \u00eatre r\u00e9utilis\u00e9e sans remplacement pendant toute la dur\u00e9e de vie de ce transformateur.<\/p>\r\n<p style=\"text-align: justify;\">L\u2019installation <strong><em>GlobeCore<\/em><\/strong> CMM-R fait prolonger la dur\u00e9e de vie d\u2019un transformateur en r\u00e9tablissant la rigidit\u00e9 di\u00e9lectrique et la composition chimique de l\u2019huile isolante.<\/p>\r\n<p style=\"text-align: justify;\">Au cours de la r\u00e9g\u00e9n\u00e9ration de l\u2019huile, les produits de d\u00e9gradation de l\u2019huile et les compos\u00e9s acides sont \u00e9limin\u00e9s; l\u2019huile devient claire et transparente, la r\u00e9sistance \u00e0 l\u2019oxydation est am\u00e9lior\u00e9e, tandis que la solubilit\u00e9 des gaz est r\u00e9duite.<\/p>"}],"add_def_tab":[{"tab_title":"Caract\u00e9ristiques","tab_content":"<table width=\"90%\">\r\n<tbody>\r\n<tr>\r\n<td width=\"7%\"><strong>\u2116<\/strong><\/td>\r\n<td width=\"71%\">\r\n<p style=\"text-align: center;\"><strong>Param\u00e8tre<\/strong><\/p>\r\n<\/td>\r\n<td width=\"20%\">\r\n<p style=\"text-align: center;\"><strong>\u00c9valuer<\/strong><\/p>\r\n<\/td>\r\n<\/tr>\r\n<tr>\r\n<td width=\"7%\">1<\/td>\r\n<td width=\"71%\">Productivit\u00e9 nominale, l\/h (gpm)<\/td>\r\n<td width=\"20%\">\r\n<p style=\"text-align: center;\">1000-2000 (8,8)<\/p>\r\n<\/td>\r\n<\/tr>\r\n<tr>\r\n<td width=\"7%\">2<\/td>\r\n<td width=\"71%\">Pertes d\u2019huile pendant le fonctionnement, %<\/td>\r\n<td width=\"20%\">\r\n<p style=\"text-align: center;\">2-25<\/p>\r\n<\/td>\r\n<\/tr>\r\n<tr>\r\n<td width=\"7%\">3<\/td>\r\n<td width=\"71%\">Temp\u00e9rature d\u2019huile maximale autoris\u00e9e, <sup>\u043e<\/sup>\u0421 (<sup>\u043e<\/sup>F)<\/td>\r\n<td width=\"20%\">\r\n<p style=\"text-align: center;\">90 (194)<\/p>\r\n<\/td>\r\n<\/tr>\r\n<tr>\r\n<td width=\"7%\">4<\/td>\r\n<td width=\"71%\">Pression de sortie, bar (psi)<\/td>\r\n<td width=\"20%\">\r\n<p style=\"text-align: center;\">2,5 (36,25)<\/p>\r\n<\/td>\r\n<\/tr>\r\n<tr>\r\n<td width=\"7%\">5<\/td>\r\n<td width=\"71%\">\u0421onsomm\u00e9 puissance, kW<\/td>\r\n<td width=\"20%\">\r\n<p style=\"text-align: center;\">55<\/p>\r\n<\/td>\r\n<\/tr>\r\n<tr>\r\n<td width=\"7%\">6<\/td>\r\n<td width=\"71%\">Vitesse d\u2019aspiration sous vide nominale, l\/h (gpm)<\/td>\r\n<td width=\"20%\">\r\n<p style=\"text-align: center;\">280 000 (1232,8)<\/p>\r\n<\/td>\r\n<\/tr>\r\n<tr>\r\n<td width=\"7%\">7<\/td>\r\n<td width=\"71%\">Masse du sorbant Terre \u00e0 Foulon, kg (lbs)<\/td>\r\n<td width=\"20%\">\r\n<p style=\"text-align: center;\">1600 (3527,4)<\/p>\r\n<\/td>\r\n<\/tr>\r\n<tr>\r\n<td width=\"7%\">8<\/td>\r\n<td width=\"71%\">Param\u00e8tres de \u00e9lectrique<\/td>\r\n<td width=\"20%\"><\/td>\r\n<\/tr>\r\n<tr>\r\n<td rowspan=\"2\" width=\"7%\"><\/td>\r\n<td width=\"71%\">Tension, V<\/td>\r\n<td rowspan=\"2\" width=\"20%\">\r\n<p style=\"text-align: center;\"><span class=\"VIiyi\" lang=\"fr\"><span class=\"JLqJ4b ChMk0b\" data-language-for-alternatives=\"fr\" data-language-to-translate-into=\"en\" data-phrase-index=\"0\" data-number-of-phrases=\"1\"><span class=\"Q4iAWc\">Personnalisable<\/span><\/span><\/span><\/p>\r\n<\/td>\r\n<\/tr>\r\n<tr>\r\n<td width=\"71%\">Fr\u00e9quence, Hz<\/td>\r\n<\/tr>\r\n<tr>\r\n<td width=\"7%\">9<\/td>\r\n<td width=\"71%\">Finesse de filtration grossi\u00e8re (filtre \u00e0 mailles), \u00b5m<\/td>\r\n<td width=\"20%\">\r\n<p style=\"text-align: center;\">100<\/p>\r\n<\/td>\r\n<\/tr>\r\n<tr>\r\n<td width=\"7%\">10<\/td>\r\n<td width=\"71%\">Finesse de pr\u00e9-filtration, \u00b5m<\/td>\r\n<td width=\"20%\">\r\n<p style=\"text-align: center;\">25<\/p>\r\n<\/td>\r\n<\/tr>\r\n<tr>\r\n<td width=\"7%\">11<\/td>\r\n<td width=\"71%\">Finesse de filtration fine, \u00b5m<\/td>\r\n<td width=\"20%\">\r\n<p style=\"text-align: center;\">5<\/p>\r\n<\/td>\r\n<\/tr>\r\n<tr>\r\n<td width=\"7%\">12<\/td>\r\n<td width=\"71%\">Dimensions, mm (in)<\/td>\r\n<td width=\"20%\"><\/td>\r\n<\/tr>\r\n<tr>\r\n<td rowspan=\"3\" width=\"7%\"><\/td>\r\n<td width=\"71%\">Longueur<\/td>\r\n<td width=\"20%\">\r\n<p style=\"text-align: center;\">5500(217)<\/p>\r\n<\/td>\r\n<\/tr>\r\n<tr>\r\n<td width=\"71%\">Largeur<\/td>\r\n<td width=\"20%\">\r\n<p style=\"text-align: center;\">2320 (91)<\/p>\r\n<\/td>\r\n<\/tr>\r\n<tr>\r\n<td width=\"71%\">Hauteur<\/td>\r\n<td width=\"20%\">\r\n<p style=\"text-align: center;\">2450 (96)<\/p>\r\n<\/td>\r\n<\/tr>\r\n<tr>\r\n<td width=\"7%\">13<\/td>\r\n<td width=\"71%\"><span class=\"VIiyi\" lang=\"fr\"><span class=\"JLqJ4b ChMk0b\" data-language-for-alternatives=\"fr\" data-language-to-translate-into=\"ru\" data-phrase-index=\"0\" data-number-of-phrases=\"1\"><span class=\"Q4iAWc\">Masse<\/span><\/span><\/span>, kg (lbs)<\/td>\r\n<td width=\"20%\">\r\n<p style=\"text-align: center;\">6000 (13227)<\/p>\r\n<\/td>\r\n<\/tr>\r\n<\/tbody>\r\n<\/table>\r\n<p style=\"text-align: justify;\"><strong>La r\u00e9g\u00e9n\u00e9ration de l\u2019huile dans un transformateur restaure l\u2019huile us\u00e9e \u00e0 l\u2019\u00e9tat neuf :<\/strong><\/p>\r\n\r\n<table width=\"524\">\r\n<tbody>\r\n<tr>\r\n<td width=\"226\">\r\n<p style=\"text-align: center;\"><strong>Sp\u00e9cification<\/strong><\/p>\r\n<\/td>\r\n<td width=\"146\">\r\n<p style=\"text-align: center;\"><strong>Avant traitement<\/strong><\/p>\r\n<\/td>\r\n<td width=\"152\">\r\n<p style=\"text-align: center;\"><strong>Apr\u00e8s traitement<\/strong><\/p>\r\n<\/td>\r\n<\/tr>\r\n<tr>\r\n<td width=\"226\">Teneur en humidit\u00e9,\r\n\r\ng\/t (ppm) conform\u00e9ment \u00e0\r\n\r\nIEC 733; ASTM D-1533<\/td>\r\n<td width=\"146\">\r\n<p style=\"text-align: center;\">43<\/p>\r\n<\/td>\r\n<td width=\"152\">\r\n<p style=\"text-align: center;\">5<\/p>\r\n<\/td>\r\n<\/tr>\r\n<tr>\r\n<td width=\"226\">Classe de propret\u00e9 industrielle ISO 4406<\/td>\r\n<td width=\"146\">\r\n<p style=\"text-align: center;\">-\/18\/16<\/p>\r\n<\/td>\r\n<td width=\"152\">\r\n<p style=\"text-align: center;\">-\/14\/12<\/p>\r\n<\/td>\r\n<\/tr>\r\n<tr>\r\n<td width=\"226\">Teneur en gaz, % conform\u00e9ment \u00e0\r\n\r\nIEC 60599; ASTM D-3612<\/td>\r\n<td width=\"146\">\r\n<p style=\"text-align: center;\">\u2013<\/p>\r\n<\/td>\r\n<td width=\"152\">\r\n<p style=\"text-align: center;\">0.1<\/p>\r\n<\/td>\r\n<\/tr>\r\n<tr>\r\n<td width=\"226\">Indice d\u2019acide, mg KOH\/g conform\u00e9ment \u00e0 IEC 296; ASTM D-664<\/td>\r\n<td width=\"146\">\r\n<p style=\"text-align: center;\">0.2<\/p>\r\n<\/td>\r\n<td width=\"152\">\r\n<p style=\"text-align: center;\">0.01<\/p>\r\n<\/td>\r\n<\/tr>\r\n<tr>\r\n<td width=\"226\">Soufre de corrosion conform\u00e9ment \u00e0\r\n\r\nIEC 5662; ASTM D-1275<\/td>\r\n<td width=\"146\">\r\n<p style=\"text-align: center;\">Disponible<\/p>\r\n<\/td>\r\n<td width=\"152\">\r\n<p style=\"text-align: center;\">N\u00e9ant<\/p>\r\n<\/td>\r\n<\/tr>\r\n<tr>\r\n<td width=\"226\">Tension de claquage kW conform\u00e9ment \u00e0 IEC 156; ASTM D-18116<\/td>\r\n<td width=\"146\">\r\n<p style=\"text-align: center;\">30<\/p>\r\n<\/td>\r\n<td width=\"152\">\r\n<p style=\"text-align: center;\">70<\/p>\r\n<\/td>\r\n<\/tr>\r\n<tr>\r\n<td width=\"226\">Tension interfaciale, N\/m, \u00e0 25\u00ba\u0421 conform\u00e9ment \u00e0 IEC 6295; ASTM D-664<\/td>\r\n<td width=\"146\"><\/td>\r\n<td width=\"152\">\r\n<p style=\"text-align: center;\">45<\/p>\r\n<\/td>\r\n<\/tr>\r\n<tr>\r\n<td width=\"226\">Tangente delta \u00e0 90\u00baC conform\u00e9ment \u00e0\r\n\r\nIEC 247; ASTM D-924<\/td>\r\n<td width=\"146\">\r\n<p style=\"text-align: center;\">0.095<\/p>\r\n<\/td>\r\n<td width=\"152\">\r\n<p style=\"text-align: center;\">0.001<\/p>\r\n<\/td>\r\n<\/tr>\r\n<tr>\r\n<td width=\"226\">R\u00e9sistance \u00e0 l\u2019oxydation conform\u00e9ment \u00e0 IEC 74; 164 heures<\/td>\r\n<td width=\"146\"><\/td>\r\n<td width=\"152\">\r\n<p style=\"text-align: center;\">Restaur\u00e9e<\/p>\r\n<\/td>\r\n<\/tr>\r\n<\/tbody>\r\n<\/table>"},{"tab_title":"Avantages","tab_content":"<p style=\"text-align: justify;\"><strong><em>GlobeCore<\/em><\/strong> fabrique les installations de r\u00e9g\u00e9n\u00e9ration d\u2019huile pour des fabricants de transformateurs et pour des compagnies qui s\u2019occupent de l\u2019entretien des transformateurs.<\/p>\r\n<p style=\"text-align: justify;\"><strong><em>Les installations GlobeCore<\/em><\/strong> sont charg\u00e9es avec un sorbant qui fait absorber tous les produits de d\u00e9composition de l\u2019huile.<\/p>\r\n<p style=\"text-align: justify;\"><strong><em>Les installations de r\u00e9g\u00e9n\u00e9ration d\u2019huile GlobeCore<\/em><\/strong> peuvent utiliser le m\u00eame sorbant au cours de 3 ans avant le premier remplacement.\u00a0\u00a0 Il n\u2019est plus n\u00e9cessaire d\u2019avoir consommables et main-d\u2019\u0153uvre co\u00fbteuse \u00e0 remplacer sur le site du sorbant satur\u00e9.<\/p>\r\n<p style=\"text-align: justify;\">Il est recommand\u00e9 de combiner les syst\u00e8mes de r\u00e9g\u00e9n\u00e9ration avec les installations d\u00e9gazage d\u2019huile.<\/p>\r\n<p style=\"text-align: justify;\"><strong><em>Les installations de r\u00e9g\u00e9n\u00e9ration GlobeCore<\/em><\/strong> peuvent \u00eatre utilis\u00e9es en combinaison avec votre installation de d\u00e9gazage.<\/p>\r\n<p style=\"text-align: justify;\">Chaque installation <strong><em>GlobeCore<\/em><\/strong> peut \u00eatre personnalis\u00e9e et comprendre un certain nombre d\u2019options:<\/p>\r\n\r\n<ul>\r\n \t<li style=\"text-align: justify;\">Un groupe de pompage suppl\u00e9mentaire pour l\u2019\u00e9vacuation d\u2019un transformateur<\/li>\r\n \t<li style=\"text-align: justify;\">Install\u00e9e sur une remorque ou une semi-remorque<\/li>\r\n \t<li style=\"text-align: justify;\">Capteurs d\u2019humidit\u00e9 d\u2019huile \u00e0 l\u2019entr\u00e9e et\/ou la sortie<\/li>\r\n \t<li style=\"text-align: justify;\">Commande \u00e0 distance et surveillance via smartphone ou PC<\/li>\r\n \t<li style=\"text-align: justify;\">Climatisation dans la salle d\u2019op\u00e9rateur.<\/li>\r\n<\/ul>"},{"tab_title":"Application","tab_content":"[product_oil_types]"},{"tab_title":"Webinaire","tab_content":"<div class=\"responsive-embed widescreen\">\r\n<div class=\"responsive-embed widescreen\">\r\n<div class=\"responsive-embed widescreen\">\r\n<div class=\"responsive-embed widescreen\">\r\n<div class=\"responsive-embed widescreen\">\r\n<div class=\"responsive-embed widescreen\"><iframe title=\"Webinaire - R\u00e9g\u00e9n\u00e9ration d'huile di\u00e9lectrique : un regard en profondeur (13.10.2021)\" src=\"https:\/\/www.youtube.com\/embed\/c4kPeNUrNS0?feature=oembed\" width=\"500\" height=\"281\" frameborder=\"0\" allowfullscreen=\"allowfullscreen\"><\/iframe><\/div>\r\n<\/div>\r\n<\/div>\r\n<\/div>\r\n<\/div>\r\n<\/div>"}],"add_video_tab":[{"video_tab_title":"Vid\u00e9o","add_video_id":[{"video_id":"kJEzzTTfA1k"},{"video_id":"fXPsH935huQ"},{"video_id":"9mU9o8F860M"}]}],"add_gallery_tab":[{"gallery_tab_title":"Photo","add_img":[12873,12864,12870,12858,15257,12867,12450]}],"add_price_tab":[{"price_tab_title":"Obtenir le prix"}]},"language":"fr","_links":{"self":[{"href":"https:\/\/globecore.com\/fr\/wp-json\/wp\/v2\/pages\/15453","targetHints":{"allow":["GET"]}}],"collection":[{"href":"https:\/\/globecore.com\/fr\/wp-json\/wp\/v2\/pages"}],"about":[{"href":"https:\/\/globecore.com\/fr\/wp-json\/wp\/v2\/types\/page"}],"author":[{"embeddable":true,"href":"https:\/\/globecore.com\/fr\/wp-json\/wp\/v2\/users\/7"}],"replies":[{"embeddable":true,"href":"https:\/\/globecore.com\/fr\/wp-json\/wp\/v2\/comments?post=15453"}],"version-history":[{"count":2,"href":"https:\/\/globecore.com\/fr\/wp-json\/wp\/v2\/pages\/15453\/revisions"}],"predecessor-version":[{"id":335973,"href":"https:\/\/globecore.com\/fr\/wp-json\/wp\/v2\/pages\/15453\/revisions\/335973"}],"up":[{"embeddable":true,"href":"https:\/\/globecore.com\/fr\/wp-json\/wp\/v2\/pages\/14664"}],"wp:featuredmedia":[{"embeddable":true,"href":"https:\/\/globecore.com\/fr\/wp-json\/wp\/v2\/media\/15458"}],"wp:attachment":[{"href":"https:\/\/globecore.com\/fr\/wp-json\/wp\/v2\/media?parent=15453"}],"wp:term":[{"taxonomy":"category","embeddable":true,"href":"https:\/\/globecore.com\/fr\/wp-json\/wp\/v2\/categories?post=15453"}],"curies":[{"name":"wp","href":"https:\/\/api.w.org\/{rel}","templated":true}]}}