{"id":15468,"date":"2018-09-10T05:55:52","date_gmt":"2018-09-10T05:55:52","guid":{"rendered":"https:\/\/globecore.com?page_id=15468"},"modified":"2026-04-20T12:25:27","modified_gmt":"2026-04-20T12:25:27","slug":"uvm-1015-mobile-oil-plant","status":"publish","type":"page","link":"https:\/\/globecore.com\/fr\/products\/degazage-a-lhuile\/uvm-1015-mobile-oil-plant\/","title":{"rendered":"CMM-10 La station de purification d\u2019huile"},"content":{"rendered":"","protected":false},"excerpt":{"rendered":"<p>L\u2019unit\u00e9 de traitement d\u2019huile de transformateur CMM-10 est con\u00e7ue pour la mise sous vide des transformateurs, l\u2019\u00e9limination des impuret\u00e9s m\u00e9caniques et l\u2019\u00e9limination de l\u2019eau et des gaz des huiles isolantes \u00e9lectriques. Sa capacit\u00e9 est de 10\u202fm\u00b3\/h (2\u202f642 gal\/h) en mode d\u00e9gazage, s\u00e9chage et filtration, et de 15\u202fm\u00b3\/h (3\u202f970 gal\/h) en mode chauffage et filtration. L\u2019unit\u00e9 est utilis\u00e9e lors de l\u2019installation, de la maintenance et de l\u2019exploitation d\u2019\u00e9quipements haute tension remplis d\u2019huile, y compris les transformateurs de puissance et les interrupteurs haute tension. Elle dispose d\u2019une construction \u00e0 ossature avec un conteneur m\u00e9tallique et des portes verrouillables.<\/p>\n","protected":false},"author":7,"featured_media":31154,"parent":15380,"menu_order":0,"comment_status":"closed","ping_status":"closed","template":"templates\/single-product.php","meta":{"_acf_changed":false,"_bbp_topic_count":0,"_bbp_reply_count":0,"_bbp_total_topic_count":0,"_bbp_total_reply_count":0,"_bbp_voice_count":0,"_bbp_anonymous_reply_count":0,"_bbp_topic_count_hidden":0,"_bbp_reply_count_hidden":0,"_bbp_forum_subforum_count":0,"footnotes":""},"categories":[1339],"class_list":["post-15468","page","type-page","status-publish","has-post-thumbnail","hentry","category-oil-maintenance-fr","oil_type-fluide-dielectrique-fr3","oil_type-fluide-dielectrique-midel-7131","oil_type-fluide-ignifuge-fyrquel","oil_type-huile-de-silicone","oil_type-huile-pour-transformateur","oil_type-huile-shell-diala","process_type-degazage","process_type-deshydratation","process_type-filtration-fr"],"acf":{"add_tab":[{"tab_title":"Description","tab_content":"<p style=\"text-align: justify;\">Cette unit\u00e9 est fabriqu\u00e9e en conteneur s\u00e9par\u00e9. Ces sous-ensembles et blocs sont prot\u00e9g\u00e9s par les panneaux et les portes qu\u2019on ouvre facilement. Les portes munies de v\u00e9rins \u00e0 gaz, sont \u00e0 l\u2019arri\u00e8re et de c\u00f4t\u00e9s du conteneur. Cette unit\u00e9-conteneur est install\u00e9e sur une remorque \u00e0 deux essieux, adapt\u00e9e au d\u00e9placement par la route et au remorquage vers un site le plus distant.<\/p>\r\n<p style=\"text-align: justify;\">L\u2019unit\u00e9 comprend une chambre \u00e0 vide, les pompes de refoulement et de vidange de l\u2019huile, les filtres gros et fins, un pi\u00e8ge, un r\u00e9chauffeur d\u2019huile, les conduites munies de soupapes, un groupe de pompage \u00e0 vide et une armoire de commande.<\/p>"}],"add_def_tab":[{"tab_title":"Caract\u00e9ristiques","tab_content":"<table width=\"630\">\r\n<tbody>\r\n<tr>\r\n<td width=\"316\">\r\n<p style=\"text-align: center;\"><strong>Sp\u00e9cification<\/strong><\/p>\r\n<\/td>\r\n<td width=\"313\">\r\n<p style=\"text-align: center;\"><strong>Valeur<\/strong><\/p>\r\n<\/td>\r\n<\/tr>\r\n<tr>\r\n<td width=\"316\">Capacit\u00e9, m3\/heure\u00a0(gpm):<\/td>\r\n<td width=\"313\"><\/td>\r\n<\/tr>\r\n<tr>\r\n<td width=\"316\">\u25cf Mode d\u00e9gazage, s\u00e9chage et filtration<\/td>\r\n<td width=\"313\">\r\n<p style=\"text-align: center;\">10\u00a0(44)<\/p>\r\n<\/td>\r\n<\/tr>\r\n<tr>\r\n<td width=\"316\">\u25cf Mode chauffage et filtration<\/td>\r\n<td width=\"313\">\r\n<p style=\"text-align: center;\">15\u00a0(66)<\/p>\r\n<\/td>\r\n<\/tr>\r\n<tr>\r\n<td width=\"316\">Param\u00e8tres d\u2019huile trait\u00e9e*:<\/td>\r\n<td width=\"313\"><\/td>\r\n<\/tr>\r\n<tr>\r\n<td width=\"316\">\u25cf Teneur en gaz volumique, %, pas plus de<\/td>\r\n<td width=\"313\">\r\n<p style=\"text-align: center;\">0.1<\/p>\r\n<\/td>\r\n<\/tr>\r\n<tr>\r\n<td width=\"316\">\u25cf Teneur en humidit\u00e9 par masse, ppm, pas plus de<\/td>\r\n<td width=\"313\">\r\n<p style=\"text-align: center;\">10<\/p>\r\n<\/td>\r\n<\/tr>\r\n<tr>\r\n<td width=\"316\">\u25cf Finesse de filtration, micron<\/td>\r\n<td width=\"313\">\r\n<p style=\"text-align: center;\">1<\/p>\r\n<\/td>\r\n<\/tr>\r\n<tr>\r\n<td width=\"316\">Temp\u00e9rature sortie d\u2019huile en mode chauffage, \u00ba\u0421\u00a0(\u00baF)<\/td>\r\n<td width=\"313\">\r\n<p style=\"text-align: center;\">90\u00a0(194)<\/p>\r\n<\/td>\r\n<\/tr>\r\n<tr>\r\n<td width=\"316\">Pression de sortie, MPa\u00a0(psi)<\/td>\r\n<td width=\"313\">\r\n<p style=\"text-align: center;\">0.4\u00a0(58)<\/p>\r\n<\/td>\r\n<\/tr>\r\n<tr>\r\n<td width=\"316\">Puissance max. consomm\u00e9e, kW<\/td>\r\n<td width=\"313\">\r\n<p style=\"text-align: center;\">200<\/p>\r\n<\/td>\r\n<\/tr>\r\n<tr>\r\n<td width=\"316\">Pression r\u00e9siduelle dans la chambre \u00e0 vide pendant d\u00e9gazage, Pa\u00a0(psi), pas plus de<\/td>\r\n<td width=\"313\">\r\n<p style=\"text-align: center;\">267\u00a0(0.038)<\/p>\r\n<\/td>\r\n<\/tr>\r\n<tr>\r\n<td width=\"316\">Pression r\u00e9siduelle dans la chambre \u00e0 vide pendant \u00e9preuve d;\u00e9tanch\u00e9, Pa\u00a0(psi), pas plus<\/td>\r\n<td width=\"313\">\r\n<p style=\"text-align: center;\">26.7\u00a0(0.0038)<\/p>\r\n<\/td>\r\n<\/tr>\r\n<tr>\r\n<td width=\"316\">Remplissage de la chambre \u00e0 vide pendant 1 heure, Pa\u00a0(psi), pas plus de<\/td>\r\n<td width=\"313\">\r\n<p style=\"text-align: center;\">267\u00a0(0.038)<\/p>\r\n<\/td>\r\n<\/tr>\r\n<tr>\r\n<td width=\"316\">Alimentation \u00e9lectrique<\/td>\r\n<td width=\"313\"><\/td>\r\n<\/tr>\r\n<tr>\r\n<td width=\"316\">\u25cf tension, V<\/td>\r\n<td width=\"313\">\r\n<p style=\"text-align: center;\">415<\/p>\r\n<\/td>\r\n<\/tr>\r\n<tr>\r\n<td width=\"316\">\u25cf Fr\u00e9quence, Hz**<\/td>\r\n<td width=\"313\">\r\n<p style=\"text-align: center;\">50\/60<\/p>\r\n<\/td>\r\n<\/tr>\r\n<tr>\r\n<td width=\"316\">Dimensions, mm (po), pas plus (sem reboque\/com reboque)<\/td>\r\n<td width=\"313\"><\/td>\r\n<\/tr>\r\n<tr>\r\n<td width=\"316\">\u25cf longueur<\/td>\r\n<td width=\"313\">\r\n<p style=\"text-align: center;\">2240\/4365 (88.2\/171.9)<\/p>\r\n<\/td>\r\n<\/tr>\r\n<tr>\r\n<td width=\"316\">\u25cf hauteur<\/td>\r\n<td width=\"313\">\r\n<p style=\"text-align: center;\">1600\/2270\u00a0(63\/89.4)<\/p>\r\n<\/td>\r\n<\/tr>\r\n<tr>\r\n<td width=\"316\">\u25cf largeur<\/td>\r\n<td width=\"313\">\r\n<p style=\"text-align: center;\">1750\/2300\u00a0(68.9\/90.6)<\/p>\r\n<\/td>\r\n<\/tr>\r\n<tr>\r\n<td width=\"316\">Masse, kg (lb), pas plus (sem reboque\/com reboque)<\/td>\r\n<td width=\"313\">\r\n<p style=\"text-align: center;\">2350\/3100\u00a0(5,180\/6,834)<\/p>\r\n<\/td>\r\n<\/tr>\r\n<\/tbody>\r\n<\/table>\r\n<p style=\"text-align: justify;\"><em>Remarque<\/em>: * param\u00e8tres initiaux d\u2019huile:<\/p>\r\n\r\n<ul style=\"text-align: justify;\">\r\n \t<li>Teneur en gaz volumique \u2013 pas plus de 5%;<\/li>\r\n \t<li>Teneur en humidit\u00e9 par masse \u2013 pas plus de 0,1% (100 g\/t);<\/li>\r\n \t<li>Temp\u00e9rature \u2013 pas moins de 0 \u00ba\u0421\/ 32 \u00baF<\/li>\r\n<\/ul>\r\n<p style=\"text-align: justify;\">**Tout l\u2019\u00e9quipement qu\u2019on fournit aux \u00c9tats-Unis travaille \u00e0 la fr\u00e9quence de 60 Hz du courant alternatif.<\/p>\r\n<p style=\"text-align: justify;\">Mobile oil plant \u2013 GlobeCore<\/p>"},{"tab_title":"Avantages","tab_content":"<ul>\r\n \t<li style=\"text-align: justify;\">multifonctionnalit\u00e9;<\/li>\r\n \t<li style=\"text-align: justify;\">pas besoin d\u2019adsorbants pour d\u00e9shydrater l\u2019huile de transformateur;<\/li>\r\n \t<li style=\"text-align: justify;\">pas de pollution d\u2019air et pas d\u2019accumulation de d\u00e9chets \u00e0 \u00e9liminer ou \u00e0 stocker;<\/li>\r\n \t<li style=\"text-align: justify;\">simple fonctionnement et entretien;<\/li>\r\n \t<li style=\"text-align: justify;\">meilleure qualit\u00e9 d\u2019huile m\u00eame apr\u00e8s un seul cycle de traitement;<\/li>\r\n \t<li style=\"text-align: justify;\">faible consommation d\u2019\u00e9nergie;<\/li>\r\n \t<li style=\"text-align: justify;\">faible niveau de bruit.<\/li>\r\n<\/ul>"},{"tab_title":"Application","tab_content":"[product_oil_types]"},{"tab_title":"Webinaire","tab_content":"<div class=\"responsive-embed widescreen\">\r\n<div class=\"responsive-embed widescreen\">\r\n<div class=\"responsive-embed widescreen\">\r\n<div class=\"responsive-embed widescreen\">\r\n<div class=\"responsive-embed widescreen\">\r\n<div class=\"responsive-embed widescreen\"><iframe title=\"Maintenance du transformateur\" src=\"https:\/\/www.youtube.com\/embed\/wrpThx7GLbw?feature=oembed\" width=\"500\" height=\"281\" frameborder=\"0\" allowfullscreen=\"allowfullscreen\"><\/iframe><\/div>\r\n<\/div>\r\n<\/div>\r\n<\/div>\r\n<\/div>\r\n<\/div>"}],"add_video_tab":[{"video_tab_title":"Vid\u00e9o","add_video_id":[{"video_id":"gMco8BPNzj8"},{"video_id":"i45PRHNZ4Pg"},{"video_id":"LwSCaXa7x8U"}]}],"add_gallery_tab":[{"gallery_tab_title":"Photo","add_img":[13429,33450,33459,33468]}],"add_price_tab":[{"price_tab_title":"Obtenir le prix"}]},"language":"fr","_links":{"self":[{"href":"https:\/\/globecore.com\/fr\/wp-json\/wp\/v2\/pages\/15468","targetHints":{"allow":["GET"]}}],"collection":[{"href":"https:\/\/globecore.com\/fr\/wp-json\/wp\/v2\/pages"}],"about":[{"href":"https:\/\/globecore.com\/fr\/wp-json\/wp\/v2\/types\/page"}],"author":[{"embeddable":true,"href":"https:\/\/globecore.com\/fr\/wp-json\/wp\/v2\/users\/7"}],"replies":[{"embeddable":true,"href":"https:\/\/globecore.com\/fr\/wp-json\/wp\/v2\/comments?post=15468"}],"version-history":[{"count":2,"href":"https:\/\/globecore.com\/fr\/wp-json\/wp\/v2\/pages\/15468\/revisions"}],"predecessor-version":[{"id":343050,"href":"https:\/\/globecore.com\/fr\/wp-json\/wp\/v2\/pages\/15468\/revisions\/343050"}],"up":[{"embeddable":true,"href":"https:\/\/globecore.com\/fr\/wp-json\/wp\/v2\/pages\/15380"}],"wp:featuredmedia":[{"embeddable":true,"href":"https:\/\/globecore.com\/fr\/wp-json\/wp\/v2\/media\/31154"}],"wp:attachment":[{"href":"https:\/\/globecore.com\/fr\/wp-json\/wp\/v2\/media?parent=15468"}],"wp:term":[{"taxonomy":"category","embeddable":true,"href":"https:\/\/globecore.com\/fr\/wp-json\/wp\/v2\/categories?post=15468"}],"curies":[{"name":"wp","href":"https:\/\/api.w.org\/{rel}","templated":true}]}}