{"id":15472,"date":"2018-09-10T06:01:09","date_gmt":"2018-09-10T06:01:09","guid":{"rendered":"https:\/\/globecore.com?page_id=15472"},"modified":"2026-04-20T11:51:48","modified_gmt":"2026-04-20T11:51:48","slug":"uvm-47-mobile-oil-plant","status":"publish","type":"page","link":"https:\/\/globecore.com\/fr\/products\/degazage-a-lhuile\/uvm-47-mobile-oil-plant\/","title":{"rendered":"CMM-4\/7 La station de purification d\u2019huile"},"content":{"rendered":"","protected":false},"excerpt":{"rendered":"<p>L\u2019unit\u00e9 mobile de traitement d\u2019huile CMM-4\/7 est con\u00e7ue pour le d\u00e9gazage, l\u2019\u00e9limination des solides et le chauffage de l\u2019huile dans les transformateurs de puissance avec des tensions allant jusqu\u2019\u00e0 1.150 kV. Sa capacit\u00e9 est de 4 m\u00b3\/h (59 gal\/h) en mode d\u00e9gazage, s\u00e9chage et filtration, et de 7 m\u00b3\/h (185 gal\/h) en mode chauffage et filtration. L\u2019unit\u00e9 peut \u00eatre utilis\u00e9e pour chauffer des syst\u00e8mes \u00e9lectriques contenant de l\u2019huile isolante avec de l\u2019huile chaude, effectuer le s\u00e9chage sous vide des transformateurs et r\u00e9aliser la mise sous vide. Elle est id\u00e9ale pour les installations qui installent, r\u00e9parent et entretiennent des transformateurs de puissance remplis d\u2019huile et d\u2019autres \u00e9quipements \u00e9lectriques remplis d\u2019huile.<\/p>\n","protected":false},"author":7,"featured_media":21372,"parent":15380,"menu_order":0,"comment_status":"closed","ping_status":"closed","template":"templates\/single-product.php","meta":{"_acf_changed":false,"_bbp_topic_count":0,"_bbp_reply_count":0,"_bbp_total_topic_count":0,"_bbp_total_reply_count":0,"_bbp_voice_count":0,"_bbp_anonymous_reply_count":0,"_bbp_topic_count_hidden":0,"_bbp_reply_count_hidden":0,"_bbp_forum_subforum_count":0,"_wpml_language_code":"","footnotes":""},"categories":[1339],"class_list":["post-15472","page","type-page","status-publish","has-post-thumbnail","hentry","category-oil-maintenance-fr","oil_type-fluide-dielectrique-fr3","oil_type-fluide-dielectrique-midel-7131","oil_type-fluide-ignifuge-fyrquel","oil_type-huile-de-silicone","oil_type-huile-pour-transformateur","oil_type-huile-shell-diala","process_type-degazage","process_type-deshydratation","process_type-filtration-fr"],"acf":{"add_tab":[{"tab_title":"Description","tab_content":"<p style=\"text-align: justify;\">Cette unit\u00e9 mobile de traitement d\u2019huile de <strong><em>GlobeCore<\/em><\/strong> est con\u00e7ue pour le d\u00e9gazage d\u2019huile, l\u2019\u00e9limination des particules solides et le chauffage d\u2019huile de transformateur sous tension jusqu\u2019\u00e0 1150 kV.<\/p>\r\n<p style=\"text-align: justify;\">L\u2019unit\u00e9 peut \u00eatre utilis\u00e9e aux fins suivantes: (1) chauffage de l\u2019\u00e9quipement \u00e9lectrique rempli d\u2019huile avec de l'huile chaude; (2) s\u00e9chage sous vide des transformateurs et (3) \u00e9vacuation des transformateurs. L\u2019unit\u00e9 repr\u00e9senterait la meilleure solution pour les compagnies impliqu\u00e9es dans l'installation, la r\u00e9paration et la maintenance de transformateurs remplis d'huile et d'autres \u00e9quipements \u00e9lectriques remplis d'huile.<\/p>\r\n<p style=\"text-align: justify;\">L\u2019unit\u00e9 n\u2019est pas \u00e0 fonctionner dans un milieu explosif, en pr\u00e9sence de gaz toxiques et de substances corrosives.<\/p>\r\n<p style=\"text-align: justify;\">Lorsque l\u2019unit\u00e9 travaille \u00e0 l\u2019int\u00e9rieur, il est n\u00e9cessaire de pr\u00e9voir la sortie d\u2019\u00e9chappement \u00e0 l\u2019ext\u00e9rieur du local au moyen de tuyauterie ou flexibles.<\/p>"}],"add_def_tab":[{"tab_title":"Caract\u00e9ristiques","tab_content":"<table width=\"630\">\r\n<tbody>\r\n<tr>\r\n<td width=\"316\">\r\n<p style=\"text-align: center;\"><strong>Sp\u00e9cifications<\/strong><\/p>\r\n<\/td>\r\n<td width=\"313\">\r\n<p style=\"text-align: center;\"><strong>Valeur<\/strong><\/p>\r\n<\/td>\r\n<\/tr>\r\n<tr>\r\n<td width=\"316\">Capacit\u00e9, m3\/heure (gpm)<\/td>\r\n<td width=\"313\"><\/td>\r\n<\/tr>\r\n<tr>\r\n<td width=\"316\">\u25cf d\u00e9gazage, nitruration, s\u00e9chage et filtration<\/td>\r\n<td width=\"313\">\r\n<p style=\"text-align: center;\">4 (17.6)<\/p>\r\n<\/td>\r\n<\/tr>\r\n<tr>\r\n<td width=\"316\">\u25cf chauffage et filtration;<\/td>\r\n<td width=\"313\">\r\n<p style=\"text-align: center;\">7\u00a0(30.8)<\/p>\r\n<\/td>\r\n<\/tr>\r\n<tr>\r\n<td width=\"316\">Plage de r\u00e9glage productivit\u00e9, m3\/heure (gpm) :<\/td>\r\n<td width=\"313\">\r\n<p style=\"text-align: center;\">0.5-4.0\u00a0(2.2-17.6)<\/p>\r\n<\/td>\r\n<\/tr>\r\n<tr>\r\n<td width=\"316\">Param\u00e8tres d\u2019huile trait\u00e9e*:<\/td>\r\n<td width=\"313\"><\/td>\r\n<\/tr>\r\n<tr>\r\n<td width=\"316\">\u25cf Teneur en gaz volumique,%, pas plus de<\/td>\r\n<td width=\"313\">\r\n<p style=\"text-align: center;\">0.1<\/p>\r\n<\/td>\r\n<\/tr>\r\n<tr>\r\n<td width=\"316\">\u25cf teneur en humidit\u00e9, g\/t, pas plus de<\/td>\r\n<td width=\"313\">\r\n<p style=\"text-align: center;\">10<\/p>\r\n<\/td>\r\n<\/tr>\r\n<tr>\r\n<td width=\"316\">\u25cf Classe de propret\u00e9 ISO 4406<\/td>\r\n<td style=\"text-align: center;\" width=\"313\">16\/14\/12<\/td>\r\n<\/tr>\r\n<tr>\r\n<td width=\"316\">\u25cf Finesse de filtration, micron<\/td>\r\n<td style=\"text-align: center;\" width=\"313\">5<\/td>\r\n<\/tr>\r\n<tr>\r\n<td width=\"316\">\u25cf Tension de claquage, kV, pas moins de<\/td>\r\n<td width=\"313\">\r\n<p style=\"text-align: center;\">70<\/p>\r\n<\/td>\r\n<\/tr>\r\n<tr>\r\n<td width=\"316\">Temp\u00e9rature d\u2019huile en mode chauffage, \u00ba\u0421\u00a0(\u00baF)<\/td>\r\n<td width=\"313\">\r\n<p style=\"text-align: center;\">90\u00a0(194)<\/p>\r\n<\/td>\r\n<\/tr>\r\n<tr>\r\n<td width=\"316\">Taux de filtration<\/td>\r\n<td width=\"313\">\r\n<p style=\"text-align: center;\">\u226550<\/p>\r\n<\/td>\r\n<\/tr>\r\n<tr>\r\n<td width=\"316\">Pression \u00e0 la sortie, MPa\u00a0(psi)<\/td>\r\n<td width=\"313\">\r\n<p style=\"text-align: center;\">0.2\u00a0(29)<\/p>\r\n<\/td>\r\n<\/tr>\r\n<tr>\r\n<td width=\"316\">Hauteur d\u2019alimentation en huile, m\u00e8tre\/yard<\/td>\r\n<td width=\"313\">\r\n<p style=\"text-align: center;\">20\/22<\/p>\r\n<\/td>\r\n<\/tr>\r\n<tr>\r\n<td width=\"316\">Puissance du r\u00e9chauffeur, kW<\/td>\r\n<td width=\"313\">\r\n<p style=\"text-align: center;\">50\u00b110%<\/p>\r\n<\/td>\r\n<\/tr>\r\n<tr>\r\n<td width=\"316\">Puissance sp\u00e9cifique superficielle du r\u00e9chauffeur, W\/cm2, pas plus de<\/td>\r\n<td width=\"313\">\r\n<p style=\"text-align: center;\">1.15<\/p>\r\n<\/td>\r\n<\/tr>\r\n<tr>\r\n<td width=\"316\">Puissance consomm\u00e9e max., kW<\/td>\r\n<td width=\"313\">\r\n<p style=\"text-align: center;\">65<\/p>\r\n<\/td>\r\n<\/tr>\r\n<tr>\r\n<td width=\"316\">Alimentation \u00e9lectrique<\/td>\r\n<td width=\"313\"><\/td>\r\n<\/tr>\r\n<tr>\r\n<td width=\"316\">\u25cf tension, V<\/td>\r\n<td width=\"313\">\r\n<p style=\"text-align: center;\">400<\/p>\r\n<\/td>\r\n<\/tr>\r\n<tr>\r\n<td width=\"316\">\u25cf Fr\u00e9quence, Hz**<\/td>\r\n<td width=\"313\">\r\n<p style=\"text-align: center;\">50\/60<\/p>\r\n<\/td>\r\n<\/tr>\r\n<tr>\r\n<td width=\"316\">Dimensions, mm (po) (sans remorque\/avec remorque)<\/td>\r\n<td width=\"313\"><\/td>\r\n<\/tr>\r\n<tr>\r\n<td width=\"316\">\u25cf longueur<\/td>\r\n<td width=\"313\">\r\n<p style=\"text-align: center;\">2600\/3750\u00a0(102.4\/147.6)<\/p>\r\n<\/td>\r\n<\/tr>\r\n<tr>\r\n<td width=\"316\">\u25cf hauteur<\/td>\r\n<td width=\"313\">\r\n<p style=\"text-align: center;\">1250\/1840\u00a0(49.2\/72.4)<\/p>\r\n<\/td>\r\n<\/tr>\r\n<tr>\r\n<td width=\"316\">\u25cf largeur<\/td>\r\n<td width=\"313\">\r\n<p style=\"text-align: center;\">1500\/1940\u00a0(59\/76.4)<\/p>\r\n<\/td>\r\n<\/tr>\r\n<tr>\r\n<td width=\"316\">Masse, kg (lb) (sans remorque\/avec remorque)<\/td>\r\n<td width=\"313\">\r\n<p style=\"text-align: center;\">1000\/1400\u00a0(2,204\/3,086)<\/p>\r\n<\/td>\r\n<\/tr>\r\n<\/tbody>\r\n<\/table>\r\n<p style=\"text-align: justify;\"><strong><em>Remarque<\/em>:<\/strong> * param\u00e8tres initiaux d\u2019huile:<\/p>\r\n\r\n<ul style=\"text-align: justify;\">\r\n \t<li>Teneur en gaz volumique \u2013 pas plus de 10,5%<\/li>\r\n \t<li>Teneur en humidit\u00e9 par masse \u2013 pas plus de 0,05% (50 g\/t);<\/li>\r\n \t<li>Temp\u00e9rature \u2013 pas moins de 0 \u00ba\u0421\/ 32 \u00baF.<\/li>\r\n<\/ul>\r\n<p style=\"text-align: justify;\">**Tout l\u2019\u00e9quipement qu\u2019on fournit aux \u00c9tats-Unis travaille \u00e0 la fr\u00e9quence de 60 Hz du courant alternatif.<\/p>\r\n<p style=\"text-align: justify;\">Mobile oil plant \u2013 GlobeCore<\/p>"},{"tab_title":"Avantages","tab_content":"<ul>\r\n \t<li style=\"text-align: justify;\">multifonctionnalit\u00e9;<\/li>\r\n \t<li style=\"text-align: justify;\">pas besoin d\u2019adsorbants pour d\u00e9shydrater l\u2019huile de transformateur;<\/li>\r\n \t<li style=\"text-align: justify;\">pas de pollution d\u2019air et pas d\u2019accumulation de d\u00e9chets \u00e0 \u00e9liminer ou \u00e0 stocker;<\/li>\r\n \t<li style=\"text-align: justify;\">simple fonctionnement et entretien;<\/li>\r\n \t<li style=\"text-align: justify;\">meilleure qualit\u00e9 d\u2019huile m\u00eame apr\u00e8s un seul cycle de traitement;<\/li>\r\n \t<li style=\"text-align: justify;\">faible consommation d\u2019\u00e9nergie;<\/li>\r\n \t<li style=\"text-align: justify;\">faible niveau de bruit.<\/li>\r\n<\/ul>"},{"tab_title":"Application","tab_content":"[product_oil_types]"},{"tab_title":"Webinaire","tab_content":"<div class=\"responsive-embed widescreen\">\r\n<div class=\"responsive-embed widescreen\">\r\n<div class=\"responsive-embed widescreen\">\r\n<div class=\"responsive-embed widescreen\">\r\n<div class=\"responsive-embed widescreen\">\r\n<div class=\"responsive-embed widescreen\"><iframe title=\"Maintenance du transformateur\" src=\"https:\/\/www.youtube.com\/embed\/wrpThx7GLbw?feature=oembed\" width=\"500\" height=\"281\" frameborder=\"0\" allowfullscreen=\"allowfullscreen\"><\/iframe><\/div>\r\n<\/div>\r\n<\/div>\r\n<\/div>\r\n<\/div>\r\n<\/div>"}],"add_video_tab":[{"video_tab_title":"Vid\u00e9o","add_video_id":[{"video_id":"yBO74dHrrv4"},{"video_id":"0SCWQhhH51w"},{"video_id":"LwSCaXa7x8U"}]}],"add_gallery_tab":[{"gallery_tab_title":"Photo","add_img":[11138,11141,11159,13349,13354,13357]}],"add_price_tab":[{"price_tab_title":"Obtenir le prix"}]},"language":"fr","_links":{"self":[{"href":"https:\/\/globecore.com\/fr\/wp-json\/wp\/v2\/pages\/15472","targetHints":{"allow":["GET"]}}],"collection":[{"href":"https:\/\/globecore.com\/fr\/wp-json\/wp\/v2\/pages"}],"about":[{"href":"https:\/\/globecore.com\/fr\/wp-json\/wp\/v2\/types\/page"}],"author":[{"embeddable":true,"href":"https:\/\/globecore.com\/fr\/wp-json\/wp\/v2\/users\/7"}],"replies":[{"embeddable":true,"href":"https:\/\/globecore.com\/fr\/wp-json\/wp\/v2\/comments?post=15472"}],"version-history":[{"count":2,"href":"https:\/\/globecore.com\/fr\/wp-json\/wp\/v2\/pages\/15472\/revisions"}],"predecessor-version":[{"id":343039,"href":"https:\/\/globecore.com\/fr\/wp-json\/wp\/v2\/pages\/15472\/revisions\/343039"}],"up":[{"embeddable":true,"href":"https:\/\/globecore.com\/fr\/wp-json\/wp\/v2\/pages\/15380"}],"wp:featuredmedia":[{"embeddable":true,"href":"https:\/\/globecore.com\/fr\/wp-json\/wp\/v2\/media\/21372"}],"wp:attachment":[{"href":"https:\/\/globecore.com\/fr\/wp-json\/wp\/v2\/media?parent=15472"}],"wp:term":[{"taxonomy":"category","embeddable":true,"href":"https:\/\/globecore.com\/fr\/wp-json\/wp\/v2\/categories?post=15472"}],"curies":[{"name":"wp","href":"https:\/\/api.w.org\/{rel}","templated":true}]}}