{"id":15476,"date":"2018-09-10T06:05:42","date_gmt":"2018-09-10T06:05:42","guid":{"rendered":"https:\/\/globecore.com?page_id=15476"},"modified":"2026-04-20T11:24:42","modified_gmt":"2026-04-20T11:24:42","slug":"cmm-0-6-oil-filtration-oil-degassing-cart","status":"publish","type":"page","link":"https:\/\/globecore.com\/fr\/products\/degazage-a-lhuile\/cmm-0-6-oil-filtration-oil-degassing-cart\/","title":{"rendered":"CMM-0.6 L\u2019unit\u00e9 mobile de d\u00e9gazage"},"content":{"rendered":"","protected":false},"excerpt":{"rendered":"<p>La CMM-0.6L est une unit\u00e9 compacte destin\u00e9e au chauffage, au pompage et \u00e0 la purification des huiles \u00e9lectro-isolantes et de refroidissement utilis\u00e9es dans les transformateurs, les changeurs de prises en charge, les travers\u00e9es et les disjoncteurs haute tension. Au cours du traitement, les impuret\u00e9s m\u00e9caniques, les gaz dissous et l\u2019eau sont \u00e9limin\u00e9s de l\u2019huile. La capacit\u00e9 de l\u2019installation atteint 600 l\/h, ce qui correspond \u00e0 la cat\u00e9gorie de base CMM.<br \/>\nLa purification s\u2019effectue sous vide : l\u2019huile chauff\u00e9e entre dans une chambre \u00e0 vide o\u00f9, gr\u00e2ce \u00e0 une surface de contact accrue, l\u2019humidit\u00e9 et les gaz sont \u00e9limin\u00e9s efficacement, puis l\u2019huile passe \u00e0 travers des filtres avant d\u2019\u00eatre envoy\u00e9e vers la sortie.<br \/>\nLe fonctionnement de la CMM-0.6L est hautement automatis\u00e9 et n\u00e9cessite une intervention minimale de l\u2019op\u00e9rateur. L\u2019unit\u00e9 est \u00e9quip\u00e9e de syst\u00e8mes de protection contre la surchauffe, les fuites d\u2019huile, l\u2019absence d\u2019huile dans le syst\u00e8me, la formation de mousse et les surcharges des \u00e9quipements \u00e9lectriques, garantissant une exploitation s\u00fbre et fiable.<\/p>\n","protected":false},"author":7,"featured_media":21196,"parent":15380,"menu_order":0,"comment_status":"closed","ping_status":"closed","template":"templates\/single-product.php","meta":{"_acf_changed":false,"_bbp_topic_count":0,"_bbp_reply_count":0,"_bbp_total_topic_count":0,"_bbp_total_reply_count":0,"_bbp_voice_count":0,"_bbp_anonymous_reply_count":0,"_bbp_topic_count_hidden":0,"_bbp_reply_count_hidden":0,"_bbp_forum_subforum_count":0,"footnotes":""},"categories":[1339],"class_list":["post-15476","page","type-page","status-publish","has-post-thumbnail","hentry","category-oil-maintenance-fr","oil_type-fluide-dielectrique-fr3","oil_type-fluide-dielectrique-midel-7131","oil_type-fluide-ignifuge-fyrquel","oil_type-huile-de-silicone","oil_type-huile-hydraulique","oil_type-huile-industrielle","oil_type-huile-pour-transformateur","oil_type-huile-pour-turbine","oil_type-huile-shell-diala","process_type-degazage","process_type-deshydratation","process_type-filtration-fr"],"acf":{"add_tab":[{"tab_title":"Description","tab_content":"<p style=\"text-align: justify;\">L\u2019unit\u00e9 mobile de d\u00e9gazage CMM-0.6 est utilis\u00e9e <strong>pour filtrer, pomper, chauffer et d\u00e9gazer les huiles isolantes<\/strong>, ainsi que pour \u00e9liminer les particules solides et l\u2019humidit\u00e9.\u00a0 Capacit\u00e9 de l\u2019unit\u00e9 \u00a0- 0.6 m3\/heure.<\/p>\r\n<p style=\"text-align: justify;\">L\u2019unit\u00e9 est compos\u00e9e d\u2019une colonne \u00e0 vide, <strong>d\u2019un r\u00e9chauffeur d\u2019huile en c\u00e9ramique<\/strong>, d\u2019une pompe, d\u2019une pompe \u00e0 vide et d\u2019un syst\u00e8me de filtration avec <strong>cartouches rempla\u00e7ables<\/strong>.<\/p>\r\n<p style=\"text-align: justify;\">L\u2019unit\u00e9 est \u00e9quip\u00e9e de capteurs qui permettent \u00e0 l\u2019op\u00e9rateur de surveiller les variations de pression dans les filtres et le vide de travail.\u00a0 La temp\u00e9rature de chauffage peut \u00e9galement \u00eatre contr\u00f4l\u00e9e au moyen d'un r\u00e9gulateur sp\u00e9cial.<\/p>\r\n<p style=\"text-align: justify;\">Lors de l\u2019entretien d\u2019un transformateur \u00e0 haute teneur en humidit\u00e9 dans l\u2019huile, il y a toujours la possibilit\u00e9 de <strong>moussage<\/strong>, mais l\u2019unit\u00e9 permet d\u2019\u00e9viter des pr\u00e9occupations de cette nature.\u00a0 Dans le cas d\u2019une fuite d\u2019huile impr\u00e9vue, elle sera imm\u00e9diatement d\u00e9tect\u00e9e par un capteur donc l\u2019unit\u00e9 sera arr\u00eat\u00e9e et on entendra un signal d'alarme \u00e0 destination de l'op\u00e9rateur.<\/p>\r\n<p style=\"text-align: justify;\">Pour faire votre choix vous veuillez \u00e0 contacter nos responsables.<\/p>\r\n<p style=\"text-align: justify;\">Pour changer les fonctions de base \u00e0 votre commande individuelle, vous \u00eates pri\u00e9s \u00e0 remplir le questionnaire pour \u00e9num\u00e9rer toutes vos demandes au sujet.<\/p>"}],"add_def_tab":[{"tab_title":"Caract\u00e9ristiques","tab_content":"<table width=\"562\">\r\n<tbody>\r\n<tr>\r\n<td width=\"39\"><strong>No.<\/strong><\/td>\r\n<td width=\"430\">\r\n<p style=\"text-align: center;\"><strong>Sp\u00e9cification<\/strong><\/p>\r\n<\/td>\r\n<td width=\"93\">\r\n<p style=\"text-align: center;\"><strong>Valeur<\/strong><\/p>\r\n<\/td>\r\n<\/tr>\r\n<tr>\r\n<td width=\"39\">1<\/td>\r\n<td width=\"430\">Capacit\u00e9, m3\/heure\u00a0(gpm)<\/td>\r\n<td width=\"93\">\r\n<p style=\"text-align: center;\">0.6\u00a0(2.6)<\/p>\r\n<\/td>\r\n<\/tr>\r\n<tr>\r\n<td width=\"39\">2<\/td>\r\n<td width=\"430\">Alimentation (~50Hz), V<\/td>\r\n<td width=\"93\">\r\n<p style=\"text-align: center;\">380*<\/p>\r\n<\/td>\r\n<\/tr>\r\n<tr>\r\n<td width=\"39\">3<\/td>\r\n<td width=\"430\">Puissance nominale, kW<\/td>\r\n<td width=\"93\">\r\n<p style=\"text-align: center;\">14<\/p>\r\n<\/td>\r\n<\/tr>\r\n<tr>\r\n<td width=\"39\">4<\/td>\r\n<td width=\"430\">Pr\u00e9-filtre, micron<\/td>\r\n<td width=\"93\">\r\n<p style=\"text-align: center;\">200<\/p>\r\n<\/td>\r\n<\/tr>\r\n<tr>\r\n<td width=\"39\">5<\/td>\r\n<td width=\"430\">Finesse de filtration, micron<\/td>\r\n<td width=\"93\">\r\n<p style=\"text-align: center;\">5<\/p>\r\n<\/td>\r\n<\/tr>\r\n<tr>\r\n<td width=\"39\">6<\/td>\r\n<td width=\"430\">Classe de propret\u00e9 apr\u00e8s traitement conform\u00e9ment \u00e0 ISO 4406<\/td>\r\n<td width=\"93\">\r\n<p style=\"text-align: center;\">-\/14\/12<\/p>\r\n<\/td>\r\n<\/tr>\r\n<tr>\r\n<td width=\"39\">7<\/td>\r\n<td width=\"430\">Tension de claquage, kW<\/td>\r\n<td width=\"93\">\r\n<p style=\"text-align: center;\">60**<\/p>\r\n<\/td>\r\n<\/tr>\r\n<tr>\r\n<td width=\"39\">8<\/td>\r\n<td width=\"430\">Dimensions (sans manches) pas plus, mm (po)<\/td>\r\n<td width=\"93\"><\/td>\r\n<\/tr>\r\n<tr>\r\n<td width=\"39\"><\/td>\r\n<td width=\"430\">\u2014 longueur<\/td>\r\n<td width=\"93\">\r\n<p style=\"text-align: center;\">750 (29.5)<\/p>\r\n<\/td>\r\n<\/tr>\r\n<tr>\r\n<td width=\"39\"><\/td>\r\n<td width=\"430\">\u2014 largeur<\/td>\r\n<td width=\"93\">\r\n<p style=\"text-align: center;\">525\u00a0(20.7)<\/p>\r\n<\/td>\r\n<\/tr>\r\n<tr>\r\n<td width=\"39\"><\/td>\r\n<td width=\"430\">\u2014 hauteur<\/td>\r\n<td width=\"93\">\r\n<p style=\"text-align: center;\">1450\u00a0(57.1)<\/p>\r\n<\/td>\r\n<\/tr>\r\n<tr>\r\n<td width=\"39\">9<\/td>\r\n<td width=\"430\">Masse, kg (lb), pas plus<\/td>\r\n<td width=\"93\">\r\n<p style=\"text-align: center;\">230 (507)<\/p>\r\n<\/td>\r\n<\/tr>\r\n<\/tbody>\r\n<\/table>\r\n<p style=\"text-align: justify;\">* \u2013 \u00e0 la demande du client<\/p>\r\n<p style=\"text-align: justify;\">** \u2013 huile neuve<\/p>\r\n<p style=\"text-align: justify;\"><\/p>"},{"tab_title":"Avantages","tab_content":"<p style=\"text-align: justify;\">Unit\u00e9 \u0421\u041c\u041c-0.6 de <strong><em>GlobeCore<\/em><\/strong> dispose des avantages suivants:<\/p>\r\n\r\n<ul>\r\n \t<li style=\"text-align: justify;\">Son petit format:<\/li>\r\n \t<li style=\"text-align: justify;\">Simplicit\u00e9 d\u2019entretien et de commande;<\/li>\r\n \t<li style=\"text-align: justify;\">Fonctionnement sans bruit;<\/li>\r\n \t<li style=\"text-align: justify;\">Alimentation de la prise de courant \u00e0 220 V.<\/li>\r\n<\/ul>"},{"tab_title":"Application","tab_content":"[product_oil_types]"},{"tab_title":"Webinaire","tab_content":"<div class=\"responsive-embed widescreen\">\r\n<div class=\"responsive-embed widescreen\">\r\n<div class=\"responsive-embed widescreen\">\r\n<div class=\"responsive-embed widescreen\">\r\n<div class=\"responsive-embed widescreen\">\r\n<div class=\"responsive-embed widescreen\"><iframe title=\"Maintenance du transformateur\" src=\"https:\/\/www.youtube.com\/embed\/wrpThx7GLbw?feature=oembed\" width=\"500\" height=\"281\" frameborder=\"0\" allowfullscreen=\"allowfullscreen\"><\/iframe><\/div>\r\n<\/div>\r\n<\/div>\r\n<\/div>\r\n<\/div>\r\n<\/div>"}],"add_video_tab":[{"video_tab_title":"Vid\u00e9o","add_video_id":[{"video_id":"KohHkxC9bfE"},{"video_id":"EdXWr6_fNFQ"},{"video_id":"QZXZ9s_kU8I"}]}],"add_gallery_tab":[{"gallery_tab_title":"Photo","add_img":[12850,16026,16029,16032,16035,16041]}],"add_price_tab":[{"price_tab_title":"Obtenir le prix"}]},"language":"fr","_links":{"self":[{"href":"https:\/\/globecore.com\/fr\/wp-json\/wp\/v2\/pages\/15476","targetHints":{"allow":["GET"]}}],"collection":[{"href":"https:\/\/globecore.com\/fr\/wp-json\/wp\/v2\/pages"}],"about":[{"href":"https:\/\/globecore.com\/fr\/wp-json\/wp\/v2\/types\/page"}],"author":[{"embeddable":true,"href":"https:\/\/globecore.com\/fr\/wp-json\/wp\/v2\/users\/7"}],"replies":[{"embeddable":true,"href":"https:\/\/globecore.com\/fr\/wp-json\/wp\/v2\/comments?post=15476"}],"version-history":[{"count":3,"href":"https:\/\/globecore.com\/fr\/wp-json\/wp\/v2\/pages\/15476\/revisions"}],"predecessor-version":[{"id":343033,"href":"https:\/\/globecore.com\/fr\/wp-json\/wp\/v2\/pages\/15476\/revisions\/343033"}],"up":[{"embeddable":true,"href":"https:\/\/globecore.com\/fr\/wp-json\/wp\/v2\/pages\/15380"}],"wp:featuredmedia":[{"embeddable":true,"href":"https:\/\/globecore.com\/fr\/wp-json\/wp\/v2\/media\/21196"}],"wp:attachment":[{"href":"https:\/\/globecore.com\/fr\/wp-json\/wp\/v2\/media?parent=15476"}],"wp:term":[{"taxonomy":"category","embeddable":true,"href":"https:\/\/globecore.com\/fr\/wp-json\/wp\/v2\/categories?post=15476"}],"curies":[{"name":"wp","href":"https:\/\/api.w.org\/{rel}","templated":true}]}}