{"id":15484,"date":"2018-09-10T06:21:22","date_gmt":"2018-09-10T06:21:22","guid":{"rendered":"https:\/\/globecore.com?page_id=15484"},"modified":"2024-12-09T17:51:51","modified_gmt":"2024-12-09T17:51:51","slug":"oil-processing-equipment","status":"publish","type":"page","link":"https:\/\/globecore.com\/fr\/products\/oil-processing-equipment\/","title":{"rendered":"\u00c9quipement pour le traitement des huiles min\u00e9rales"},"content":{"rendered":"<p style=\"text-align: justify;\"><strong><em>Les \u00e9quipements GlobeCore<\/em><\/strong> purifient les huiles de transformateur, en \u00e9liminant les impuret\u00e9s m\u00e9caniques, l\u2019eau et les gaz; ils restaurent \u00e9galement leurs propri\u00e9t\u00e9s et performances de fonctionnement ce qui assure le fonctionnement continu des transformateurs. Ce r\u00e9sultat est obtenu au moyen de technologies classiques et modernes:\u00a0 l\u2019effet de la temp\u00e9rature et du vide, traitement par des adsorbants, microfiltration sous vide, etc.<\/p>\n","protected":false},"excerpt":{"rendered":"<p>Les \u00e9quipements GlobeCore purifient les huiles de transformateur, en \u00e9liminant les impuret\u00e9s m\u00e9caniques, l\u2019eau et les gaz; ils restaurent \u00e9galement leurs propri\u00e9t\u00e9s et performances de fonctionnement ce qui assure le fonctionnement continu des transformateurs. Ce r\u00e9sultat est obtenu au moyen de technologies classiques et modernes:\u00a0 l\u2019effet de la temp\u00e9rature et du vide, traitement par des<a class=\"cg-read-more\" href=\"https:\/\/globecore.com\/fr\/products\/oil-processing-equipment\/\" target=\"_blank\">Read More <\/a><\/p>\n","protected":false},"author":7,"featured_media":0,"parent":14716,"menu_order":0,"comment_status":"closed","ping_status":"closed","template":"templates\/products-sidebar.php","meta":{"_acf_changed":false,"_bbp_topic_count":0,"_bbp_reply_count":0,"_bbp_total_topic_count":0,"_bbp_total_reply_count":0,"_bbp_voice_count":0,"_bbp_anonymous_reply_count":0,"_bbp_topic_count_hidden":0,"_bbp_reply_count_hidden":0,"_bbp_forum_subforum_count":0,"footnotes":""},"categories":[],"class_list":["post-15484","page","type-page","status-publish","hentry"],"acf":[],"language":"fr","_links":{"self":[{"href":"https:\/\/globecore.com\/fr\/wp-json\/wp\/v2\/pages\/15484","targetHints":{"allow":["GET"]}}],"collection":[{"href":"https:\/\/globecore.com\/fr\/wp-json\/wp\/v2\/pages"}],"about":[{"href":"https:\/\/globecore.com\/fr\/wp-json\/wp\/v2\/types\/page"}],"author":[{"embeddable":true,"href":"https:\/\/globecore.com\/fr\/wp-json\/wp\/v2\/users\/7"}],"replies":[{"embeddable":true,"href":"https:\/\/globecore.com\/fr\/wp-json\/wp\/v2\/comments?post=15484"}],"version-history":[{"count":0,"href":"https:\/\/globecore.com\/fr\/wp-json\/wp\/v2\/pages\/15484\/revisions"}],"up":[{"embeddable":true,"href":"https:\/\/globecore.com\/fr\/wp-json\/wp\/v2\/pages\/14716"}],"wp:attachment":[{"href":"https:\/\/globecore.com\/fr\/wp-json\/wp\/v2\/media?parent=15484"}],"wp:term":[{"taxonomy":"category","embeddable":true,"href":"https:\/\/globecore.com\/fr\/wp-json\/wp\/v2\/categories?post=15484"}],"curies":[{"name":"wp","href":"https:\/\/api.w.org\/{rel}","templated":true}]}}