{"id":15494,"date":"2018-09-10T07:03:41","date_gmt":"2018-09-10T07:03:41","guid":{"rendered":"https:\/\/globecore.com?page_id=15494"},"modified":"2026-03-06T09:21:04","modified_gmt":"2026-03-06T09:21:04","slug":"sukhovey-air-drying","status":"publish","type":"page","link":"https:\/\/globecore.com\/fr\/products\/transformer-maintenance\/sukhovey-air-drying\/","title":{"rendered":"Mojave Heat Syst\u00e8me de s\u00e9chage de l\u2019air"},"content":{"rendered":"","protected":false},"excerpt":{"rendered":"<p>L\u2019unit\u00e9 de s\u00e9chage \u00e0 air chaud Mojave Heat (Sukhovey) est con\u00e7ue pour le s\u00e9chage de l\u2019air et l\u2019\u00e9limination des particules solides de l\u2019air atmosph\u00e9rique, ainsi que pour le s\u00e9chage par adsorbant. L\u2019air sec et purifi\u00e9 est utilis\u00e9 pour purger les cuves de transformateurs et les \u00e9quipements \u00e9lectriques lors de l\u2019installation, de la maintenance ou de la r\u00e9paration, emp\u00eachant l\u2019accumulation d\u2019humidit\u00e9 dans l\u2019isolation di\u00e9lectrique lorsque le noyau est expos\u00e9.<\/p>\n","protected":false},"author":7,"featured_media":25263,"parent":112870,"menu_order":0,"comment_status":"closed","ping_status":"closed","template":"templates\/single-product.php","meta":{"_acf_changed":false,"_bbp_topic_count":0,"_bbp_reply_count":0,"_bbp_total_topic_count":0,"_bbp_total_reply_count":0,"_bbp_voice_count":0,"_bbp_anonymous_reply_count":0,"_bbp_topic_count_hidden":0,"_bbp_reply_count_hidden":0,"_bbp_forum_subforum_count":0,"footnotes":""},"categories":[2480],"class_list":["post-15494","page","type-page","status-publish","has-post-thumbnail","hentry","category-maintenance-des-transformateurs","oil_type-transformateurs-a-usage-special","oil_type-transformateurs-abaisseurs","oil_type-transformateurs-de-distribution","oil_type-transformateurs-elevateurs","process_type-deshydratation"],"acf":{"add_tab":[{"tab_title":"Description","tab_content":"<p style=\"text-align: justify;\">L\u2019unit\u00e9 de s\u00e9chage Sukhovey (Mojave Heat) est con\u00e7ue pour le s\u00e9chage de l'air et l'\u00e9limination des particules solides de l'air atmosph\u00e9rique, ainsi que pour le s\u00e9chage des sorbants.\u00a0 L\u2019air purifi\u00e9 sec peut \u00eatre utilis\u00e9 \u00e0 purger les cuves des transformateurs et de l\u2019\u00e9quipement \u00e9lectrique pendant l\u2019assemblage, l\u2019installation, l\u2019entretien ou les r\u00e9parations afin d\u2019\u00e9viter l\u2019accumulation de l\u2019humidit\u00e9 sur l\u2019isolation une fois que la cuve est ouverte.<\/p>\r\n<p style=\"text-align: justify;\">L'unit\u00e9 est con\u00e7ue comme un corps m\u00e9tallique s\u00e9par\u00e9 en deux compartiments. L\u2019unit\u00e9 fonctionne comme deux adsorbeurs ind\u00e9pendants, remplis de z\u00e9olite synth\u00e9tique, et un filtre \u00e0 poussi\u00e8re pour \u00e9liminer les particules solides de l'air.<\/p>"}],"add_def_tab":[{"tab_title":"Caract\u00e9ristiques","tab_content":"<table>\r\n<tbody>\r\n<tr>\r\n<td style=\"text-align: center;\" rowspan=\"2\" width=\"443\"><strong><span id=\"result_box\" class=\"short_text\" lang=\"fr\"><span class=\"\">Param\u00e8tre<\/span><\/span><\/strong><\/td>\r\n<td style=\"text-align: center;\" colspan=\"2\" width=\"227\"><strong>Valeur<\/strong><\/td>\r\n<\/tr>\r\n<tr>\r\n<td style=\"text-align: center;\" width=\"113\"><strong>Mojave Heat 0.7<\/strong><\/td>\r\n<td style=\"text-align: center;\" width=\"113\"><strong>Mojave Heat 4<\/strong><\/td>\r\n<\/tr>\r\n<tr>\r\n<td width=\"443\">Capacit\u00e9 d\u2019air sec, m<sup>3<\/sup> \/min \/yard cubique par min<\/td>\r\n<td style=\"text-align: center;\" width=\"113\">1.7\/2.223<\/td>\r\n<td style=\"text-align: center;\" width=\"113\">2.5\/3.27<\/td>\r\n<\/tr>\r\n<tr>\r\n<td width=\"443\">Point de ros\u00e9e de l\u2019air sec, \u00b0\u0421\/\u00b0F, max<\/td>\r\n<td style=\"text-align: center;\" width=\"113\">-50\/-58<\/td>\r\n<td style=\"text-align: center;\" width=\"113\">-50\/-58<\/td>\r\n<\/tr>\r\n<tr>\r\n<td width=\"443\">Pression d\u2019air sec, MPa\/bar, max<\/td>\r\n<td style=\"text-align: center;\" width=\"113\">0.018\/0.18<\/td>\r\n<td style=\"text-align: center;\" width=\"113\">0.025\/0.25<\/td>\r\n<\/tr>\r\n<tr>\r\n<td width=\"443\">Temp\u00e9rature max. d\u2019air sec, \u00b0\u0421\/\u00b0F<\/td>\r\n<td style=\"text-align: center;\" width=\"113\">90\u00b115\/194\u00b127<\/td>\r\n<td style=\"text-align: center;\" width=\"113\">90\u00b115\/194\u00b127<\/td>\r\n<\/tr>\r\n<tr>\r\n<td width=\"443\">Chargement du sorbant, kg\/livres, pas plus de<\/td>\r\n<td style=\"text-align: center;\" width=\"113\">190\/419.9<\/td>\r\n<td style=\"text-align: center;\" width=\"113\">190\/419.9<\/td>\r\n<\/tr>\r\n<tr>\r\n<td width=\"443\">Nombre d\u2019adsorbeurs<\/td>\r\n<td style=\"text-align: center;\" width=\"113\">1<\/td>\r\n<td style=\"text-align: center;\" width=\"113\">2<\/td>\r\n<\/tr>\r\n<tr>\r\n<td width=\"443\">Temp\u00e9rature r\u00e9g\u00e9n\u00e9ration de z\u00e9olithe, pas plus de \u00b0\u0421\/\u00b0F<\/td>\r\n<td style=\"text-align: center;\" width=\"113\">430\/806<\/td>\r\n<td style=\"text-align: center;\" width=\"113\">430\/806<\/td>\r\n<\/tr>\r\n<tr>\r\n<td width=\"443\">Puissance du r\u00e9chauffeur d\u2019air, kW, pas plus de<\/td>\r\n<td style=\"text-align: center;\" width=\"113\">24<\/td>\r\n<td style=\"text-align: center;\" width=\"113\">24<\/td>\r\n<\/tr>\r\n<tr>\r\n<td colspan=\"3\" width=\"670\">\r\n<p class=\"1\"><span lang=\"FR\">Puissance nominale, kW, pas plus de <\/span><\/p>\r\n<\/td>\r\n<\/tr>\r\n<tr>\r\n<td width=\"443\">S\u00e9chage de l\u2019air (mode de fonctionnement nominal)<\/td>\r\n<td style=\"text-align: center;\" width=\"113\">1<\/td>\r\n<td style=\"text-align: center;\" width=\"113\">5.5<\/td>\r\n<\/tr>\r\n<tr>\r\n<td width=\"443\">R\u00e9g\u00e9n\u00e9ration du sorbant dans un adsorbeur<\/td>\r\n<td style=\"text-align: center;\" width=\"113\">25<\/td>\r\n<td style=\"text-align: center;\" width=\"113\">30<\/td>\r\n<\/tr>\r\n<tr>\r\n<td width=\"443\">R\u00e9g\u00e9n\u00e9ration du sorbant dans deux adsorbeurs<\/td>\r\n<td style=\"text-align: center;\" width=\"113\">\u2013<\/td>\r\n<td style=\"text-align: center;\" width=\"113\">55<\/td>\r\n<\/tr>\r\n<tr>\r\n<td width=\"443\">Tension d\u2019alimentation \u00e0 50Hz \/ 60Hz, V ( sur demande)<\/td>\r\n<td style=\"text-align: center;\" width=\"113\">380<\/td>\r\n<td style=\"text-align: center;\" width=\"113\">380<\/td>\r\n<\/tr>\r\n<tr>\r\n<td width=\"443\">Temp\u00e9rature de l\u2019air \u00e0 la sortie pour la r\u00e9g\u00e9n\u00e9ration des adsorbants externes, \u00b0\u0421\/\u00b0F, pas plus de<\/td>\r\n<td style=\"text-align: center;\" width=\"113\">430\/806<\/td>\r\n<td style=\"text-align: center;\" width=\"113\">430\/806<\/td>\r\n<\/tr>\r\n<tr>\r\n<td width=\"443\">\u0412ur\u00e9e de la r\u00e9g\u00e9n\u00e9ration de l\u2019adsorbant, heures<\/td>\r\n<td style=\"text-align: center;\" width=\"113\">4<\/td>\r\n<td style=\"text-align: center;\" width=\"113\">2-4<\/td>\r\n<\/tr>\r\n<tr>\r\n<td width=\"443\">Finesse de la filtration de l\u2019air sec, micron<\/td>\r\n<td style=\"text-align: center;\" width=\"113\">5<\/td>\r\n<td style=\"text-align: center;\" width=\"113\">5<\/td>\r\n<\/tr>\r\n<tr>\r\n<td colspan=\"3\" width=\"670\">Dimensions, mm\/pieds, pas plus:<\/td>\r\n<\/tr>\r\n<tr>\r\n<td width=\"443\">\u2022 longueur<\/td>\r\n<td style=\"text-align: center;\" width=\"113\">1350 (53)<\/td>\r\n<td style=\"text-align: center;\" width=\"113\">1500 (59)<\/td>\r\n<\/tr>\r\n<tr>\r\n<td width=\"443\">\u2022 largeur<\/td>\r\n<td style=\"text-align: center;\" width=\"113\">800 (32)<\/td>\r\n<td style=\"text-align: center;\" width=\"113\">1120 (44)<\/td>\r\n<\/tr>\r\n<tr>\r\n<td width=\"443\">\u2022 hauteur<\/td>\r\n<td style=\"text-align: center;\" width=\"113\">1700 (67)<\/td>\r\n<td style=\"text-align: center;\" width=\"113\">2120 (83)<\/td>\r\n<\/tr>\r\n<tr>\r\n<td width=\"443\">Masse, kg\/livres, pas plus de<\/td>\r\n<td style=\"text-align: center;\" width=\"113\">550 (1210)<\/td>\r\n<td style=\"text-align: center;\" width=\"113\">1050 (2315)<\/td>\r\n<\/tr>\r\n<\/tbody>\r\n<\/table>"},{"tab_title":"Avantages","tab_content":"<ul>\r\n \t<li style=\"text-align: justify;\">protection du syst\u00e8me d\u2019isolation d\u2019un transformateur contre l\u2019humidit\u00e9;<\/li>\r\n \t<li style=\"text-align: justify;\">pr\u00e9vention de surchauffe d\u2019un transformateur;<\/li>\r\n \t<li style=\"text-align: justify;\">d\u00e9pressurisation en plusieurs \u00e9tapes sur un transformateur assembl\u00e9 compl\u00e8tement.<\/li>\r\n<\/ul>"},{"tab_title":"Application","tab_content":"[product_oil_types]"},{"tab_title":"Webinaire","tab_content":"<div class=\"responsive-embed widescreen\">\r\n<div class=\"responsive-embed widescreen\">\r\n<div class=\"responsive-embed widescreen\">\r\n<div class=\"responsive-embed widescreen\">\r\n<div class=\"responsive-embed widescreen\">\r\n<div class=\"responsive-embed widescreen\"><iframe title=\"\u00c9quipements auxiliaires innovants pour traitement dans la fabrication de transformateurs (14.07.22)\" src=\"https:\/\/www.youtube.com\/embed\/01EwV7bGUtY?feature=oembed\" width=\"500\" height=\"281\" frameborder=\"0\" allowfullscreen=\"allowfullscreen\"><\/iframe><\/div>\r\n<\/div>\r\n<\/div>\r\n<\/div>\r\n<\/div>\r\n<\/div>"}],"add_video_tab":[{"video_tab_title":"Vid\u00e9o","add_video_id":[{"video_id":"b-gS-piBwKg"},{"video_id":"ld6tJ_g-E84"},{"video_id":"XncvOvNQioo"},{"video_id":"_KqM_9fCu3k"}]}],"add_gallery_tab":[{"gallery_tab_title":"Photo","add_img":[13482,13483,13494,13491]}],"add_price_tab":[{"price_tab_title":"Obtenir le prix"}]},"language":"fr","_links":{"self":[{"href":"https:\/\/globecore.com\/fr\/wp-json\/wp\/v2\/pages\/15494","targetHints":{"allow":["GET"]}}],"collection":[{"href":"https:\/\/globecore.com\/fr\/wp-json\/wp\/v2\/pages"}],"about":[{"href":"https:\/\/globecore.com\/fr\/wp-json\/wp\/v2\/types\/page"}],"author":[{"embeddable":true,"href":"https:\/\/globecore.com\/fr\/wp-json\/wp\/v2\/users\/7"}],"replies":[{"embeddable":true,"href":"https:\/\/globecore.com\/fr\/wp-json\/wp\/v2\/comments?post=15494"}],"version-history":[{"count":2,"href":"https:\/\/globecore.com\/fr\/wp-json\/wp\/v2\/pages\/15494\/revisions"}],"predecessor-version":[{"id":336115,"href":"https:\/\/globecore.com\/fr\/wp-json\/wp\/v2\/pages\/15494\/revisions\/336115"}],"up":[{"embeddable":true,"href":"https:\/\/globecore.com\/fr\/wp-json\/wp\/v2\/pages\/112870"}],"wp:featuredmedia":[{"embeddable":true,"href":"https:\/\/globecore.com\/fr\/wp-json\/wp\/v2\/media\/25263"}],"wp:attachment":[{"href":"https:\/\/globecore.com\/fr\/wp-json\/wp\/v2\/media?parent=15494"}],"wp:term":[{"taxonomy":"category","embeddable":true,"href":"https:\/\/globecore.com\/fr\/wp-json\/wp\/v2\/categories?post=15494"}],"curies":[{"name":"wp","href":"https:\/\/api.w.org\/{rel}","templated":true}]}}