{"id":15500,"date":"2018-09-10T07:22:45","date_gmt":"2018-09-10T07:22:45","guid":{"rendered":"https:\/\/globecore.com?page_id=15500"},"modified":"2026-01-15T14:46:04","modified_gmt":"2026-01-15T14:46:04","slug":"demulsion-de-bitume","status":"publish","type":"page","link":"https:\/\/globecore.com\/fr\/products\/demulsion-de-bitume\/","title":{"rendered":"Production d&rsquo;\u00e9mulsion de bitume &#8211; unit\u00e9 d&rsquo;\u00e9mulsion de bitume"},"content":{"rendered":"<p style=\"text-align: justify;\">Les \u00e9mulsions de bitume ont \u00e9t\u00e9 utilis\u00e9es pour la premi\u00e8re fois en Europe dans les ann\u00e9es 1930. Depuis lors, l\u2019industrie a connu de nombreuses conceptions prometteuses, ce qui a permis d\u2019am\u00e9liorer le rendement et l\u2019efficacit\u00e9 du proc\u00e9d\u00e9 de production, ainsi que la qualit\u00e9 des produits.\u00a0 A ce moment, les \u00e9mulsions de bitume de tous types (anioniques, cationiques, eau dans l\u2019huile, huile dans l\u2019eau, rapides, moyennes et lentes) sont sans aucun doute un mat\u00e9riau prometteur aux divers travaux de construction.\u00a0 Le nombre de proc\u00e9d\u00e9s dans lesquels des \u00e9mulsions de bitume sont utilis\u00e9es est en croissance.<\/p>\n<p style=\"text-align: justify;\"><strong>Les installations \u00e0 \u00e9mulsion de bitume USB-2 <\/strong>&#8211; sont les dispositifs semi-automatiques; les parties composantes sont mont\u00e9es sur un cadre m\u00e9tallique et reli\u00e9es par la tuyauterie.<\/p>\n<p style=\"text-align: justify;\"><strong>Consommation d\u2019\u00e9mulsion<\/strong> d\u00e9pend du type de surface trait\u00e9e.\u00a0 Pour l\u2019asphalte, la consommation est de 500 g\/m<sup>2<\/sup>, en cas de gravier &#8211; 1200 g\/m<sup>2<\/sup>. Le traitement des miettes d\u2019asphalte augmente la consommation d\u2019\u00e9mulsion jusqu\u2019\u00e0 2000 g\/m2.<\/p>\n<p style=\"text-align: center;\"><a href=\"https:\/\/globecore.com\/wp-content\/uploads\/2023\/01\/USB-2-2.jpg\"><img loading=\"lazy\" decoding=\"async\" class=\"aligncenter wp-image-66408 size-full lazyload\" src=\"data:image\/gif;base64,R0lGODlhAQABAAAAACH5BAEKAAEALAAAAAABAAEAAAICTAEAOw==\" alt=\"\" width=\"1200\" height=\"1166\" sizes=\"auto, (max-width: 1200px) 100vw, 1200px\" data-src=\"https:\/\/globecore.com\/wp-content\/uploads\/2023\/01\/USB-2-2.jpg\" data-srcset=\"https:\/\/globecore.com\/wp-content\/uploads\/2023\/01\/USB-2-2.jpg 1200w, https:\/\/globecore.com\/wp-content\/uploads\/2023\/01\/USB-2-2-790x768.jpg 790w, https:\/\/globecore.com\/wp-content\/uploads\/2023\/01\/USB-2-2-1024x995.jpg 1024w\"><\/a><\/p>\n<p style=\"text-align: justify;\"><strong>Emulsion eau\/bitume <\/strong>est un liquide brun fonc\u00e9.\u00a0 L\u2019\u00e9mulsion est faite en dispersant du bitume dans l\u2019eau avec l\u2019addition de l\u2019agent \u00e9mulsifiant.<\/p>\n<p style=\"text-align: justify;\">Les \u00e9mulsions de bitume sont indispensables aux divers travaux de construction de routes. Elles forment une couche protectrice d\u2019autoroutes (d\u2019asphalte, gravier ou b\u00e9ton).<\/p>\n<h2 style=\"text-align: center;\">\u00c9mulsions de bitume. Informations g\u00e9n\u00e9rales. Principes<\/h2>\n<p style=\"text-align: justify;\">Le composant principal de tout syst\u00e8me de ce type est un liant. Dans des conditions normales, le bitume est solide, donc pour le m\u00e9langer avec un mat\u00e9riau min\u00e9ral, il doit \u00eatre rendu liquide par chauffage.<\/p>\n<p style=\"text-align: justify;\"><strong>Une alternative &#8211; l&rsquo;\u00e9mulsification du bitume<\/strong><\/p>\n<p style=\"text-align: justify;\">La quantit\u00e9 de mati\u00e8re solide (bitume) en \u00e9mulsion passe jusqu\u2019au 70%.\u00a0 Les petites gouttelettes du bitume se font propager dans la colonne d\u2019eau. La viscosit\u00e9 g\u00e9n\u00e9rale de l\u2019\u00e9mulsion co\u00efncide avec la viscosit\u00e9 de la phase aqueuse; par cons\u00e9quent, elle est liquide \u00e0 la temp\u00e9rature ordinaire.<\/p>\n<p style=\"text-align: justify;\">Emulsion est aussi stabilis\u00e9e par des additifs sp\u00e9ciales.<\/p>\n","protected":false},"excerpt":{"rendered":"<p>Les \u00e9mulsions de bitume ont \u00e9t\u00e9 utilis\u00e9es pour la premi\u00e8re fois en Europe dans les ann\u00e9es 1930. Depuis lors, l\u2019industrie a connu de nombreuses conceptions prometteuses, ce qui a permis d\u2019am\u00e9liorer le rendement et l\u2019efficacit\u00e9 du proc\u00e9d\u00e9 de production, ainsi que la qualit\u00e9 des produits.\u00a0 A ce moment, les \u00e9mulsions de bitume de tous types<a class=\"cg-read-more\" href=\"https:\/\/globecore.com\/fr\/products\/demulsion-de-bitume\/\" target=\"_blank\">Read More <\/a><\/p>\n","protected":false},"author":7,"featured_media":66408,"parent":14716,"menu_order":0,"comment_status":"closed","ping_status":"closed","template":"templates\/products-sidebar.php","meta":{"_acf_changed":false,"_bbp_topic_count":0,"_bbp_reply_count":0,"_bbp_total_topic_count":0,"_bbp_total_reply_count":0,"_bbp_voice_count":0,"_bbp_anonymous_reply_count":0,"_bbp_topic_count_hidden":0,"_bbp_reply_count_hidden":0,"_bbp_forum_subforum_count":0,"footnotes":""},"categories":[],"class_list":["post-15500","page","type-page","status-publish","has-post-thumbnail","hentry"],"acf":[],"language":"fr","_links":{"self":[{"href":"https:\/\/globecore.com\/fr\/wp-json\/wp\/v2\/pages\/15500","targetHints":{"allow":["GET"]}}],"collection":[{"href":"https:\/\/globecore.com\/fr\/wp-json\/wp\/v2\/pages"}],"about":[{"href":"https:\/\/globecore.com\/fr\/wp-json\/wp\/v2\/types\/page"}],"author":[{"embeddable":true,"href":"https:\/\/globecore.com\/fr\/wp-json\/wp\/v2\/users\/7"}],"replies":[{"embeddable":true,"href":"https:\/\/globecore.com\/fr\/wp-json\/wp\/v2\/comments?post=15500"}],"version-history":[{"count":1,"href":"https:\/\/globecore.com\/fr\/wp-json\/wp\/v2\/pages\/15500\/revisions"}],"predecessor-version":[{"id":330147,"href":"https:\/\/globecore.com\/fr\/wp-json\/wp\/v2\/pages\/15500\/revisions\/330147"}],"up":[{"embeddable":true,"href":"https:\/\/globecore.com\/fr\/wp-json\/wp\/v2\/pages\/14716"}],"wp:featuredmedia":[{"embeddable":true,"href":"https:\/\/globecore.com\/fr\/wp-json\/wp\/v2\/media\/66408"}],"wp:attachment":[{"href":"https:\/\/globecore.com\/fr\/wp-json\/wp\/v2\/media?parent=15500"}],"wp:term":[{"taxonomy":"category","embeddable":true,"href":"https:\/\/globecore.com\/fr\/wp-json\/wp\/v2\/categories?post=15500"}],"curies":[{"name":"wp","href":"https:\/\/api.w.org\/{rel}","templated":true}]}}