{"id":15513,"date":"2016-12-20T07:58:33","date_gmt":"2016-12-20T07:58:33","guid":{"rendered":"https:\/\/globecore.com\/mixing-machine-avs-100.html"},"modified":"2026-04-21T12:09:55","modified_gmt":"2026-04-21T12:09:55","slug":"mixing-machine-avs-100","status":"publish","type":"page","link":"https:\/\/globecore.com\/fr\/products\/moulin-magnetique\/mixing-machine-avs-100\/","title":{"rendered":"AVS-100 Machine \u00e0 m\u00e9langer. Moulin \u00e9lectromagn\u00e9tique"},"content":{"rendered":"","protected":false},"excerpt":{"rendered":"<p>GlobeCore est la seule entreprise de haute technologie au monde \u00e0 produire des dispositifs industriels \u00e0 couche vortex avec des performances \u00e9prouv\u00e9es en conditions r\u00e9elles. Le dispositif \u00e0 couche vortex ABC-100 est con\u00e7u pour intensifier divers processus physiques et chimiques, y compris le broyage fin, le m\u00e9lange, la dispersion et l\u2019activation des mat\u00e9riaux. Cela est r\u00e9alis\u00e9 gr\u00e2ce \u00e0 l\u2019utilisation d\u2019un champ \u00e9lectromagn\u00e9tique et d\u2019\u00e9l\u00e9ments ferromagn\u00e9tiques qui g\u00e9n\u00e8rent un m\u00e9lange intensif.<\/p>\n","protected":false},"author":7,"featured_media":23258,"parent":15544,"menu_order":0,"comment_status":"closed","ping_status":"closed","template":"templates\/single-product.php","meta":{"_acf_changed":false,"_bbp_topic_count":0,"_bbp_reply_count":0,"_bbp_total_topic_count":0,"_bbp_total_reply_count":0,"_bbp_voice_count":0,"_bbp_anonymous_reply_count":0,"_bbp_topic_count_hidden":0,"_bbp_reply_count_hidden":0,"_bbp_forum_subforum_count":0,"footnotes":""},"categories":[1382],"class_list":["post-15513","page","type-page","status-publish","has-post-thumbnail","hentry","category-fraisage","oil_type-industrie-alimentaire","oil_type-industrie-chimique","oil_type-industrie-du-batiment","oil_type-industrie-petroliere","oil_type-industrie-pharmaceutique","process_type-activation-fr","process_type-broyage","process_type-melange"],"acf":{"add_tab":[{"tab_title":"Description","tab_content":"<p style=\"text-align: justify;\"><strong>Machine \u00e0 m\u00e9langer<\/strong> fonctionne sur le principe de la transformation de l\u2019\u00e9nergie du champ \u00e9lectromagn\u00e9tique en d\u2019autres formes d\u2019\u00e9nergie. <strong>L\u2019unit\u00e9 est une chambre (tube) de 90-136 mm de diam\u00e8tre, situ\u00e9e \u00e0 l\u2019int\u00e9rieur d\u2019un inducteur de champ \u00e9lectromagn\u00e9tique rotatif.<\/strong><\/p>\r\n<p style=\"text-align: justify;\">Il y a des \u00e9l\u00e9ments cylindriques ferromagn\u00e9tiques de 0,5 \u00e0 5 mm de diam\u00e8tre et de 5 \u00e0 60 mm de longueur dans la zone active, au nombre de plusieurs dizaines \u00e0 plusieurs centaines, en fonction du volume de cette zone.<\/p>\r\n<p style=\"text-align: justify;\">La chambre peut \u00eatre con\u00e7ue de plusieurs mani\u00e8res en fonction des exigences aux processus \u00e0 l\u2019int\u00e9rieur.<\/p>\r\n<p style=\"text-align: justify;\"><strong>L\u2019unit\u00e9 AVS-100 avec ses \u00e9l\u00e9ments ferromagn\u00e9tiques est con\u00e7ue pour intensifier de divers processus physiques et chimiques.<\/strong><\/p>\r\n<p style=\"text-align: justify;\">Les unit\u00e9s peuvent \u00eatre utilis\u00e9es efficacement pour:<\/p>\r\n\r\n<ul style=\"text-align: justify;\">\r\n \t<li>la production d\u2019\u00e9mulsions multi-composant et de suspensions,<\/li>\r\n \t<li>l\u2019acc\u00e9l\u00e9ration de la production de m\u00e9langes finement dispers\u00e9s,<\/li>\r\n \t<li>l\u2019activation des mat\u00e9riaux secs et dispers\u00e9s dans l\u2019eau,<\/li>\r\n \t<li>l\u2019am\u00e9lioration des propri\u00e9t\u00e9s de caoutchouc et la diminution du d\u00e9lai de vulcanisation,<\/li>\r\n \t<li>la purification compl\u00e8te des eaux us\u00e9es industrielles du ph\u00e9nol, du formald\u00e9hyde, des m\u00e9taux lourds, de l\u2019arsenic, des cyanures,<\/li>\r\n \t<li>l\u2019acc\u00e9l\u00e9ration du traitement thermique,<\/li>\r\n \t<li>la production de mati\u00e8re prot\u00e9ique \u00e0 partir de cellules de levure,<\/li>\r\n \t<li>l\u2019am\u00e9lioration de la stabilit\u00e9 microbiologique des produits alimentaires et l\u2019activation de la levure dans la panification;<\/li>\r\n \t<li>l\u2019am\u00e9lioration des produits bruts et des produits finis de la viande et du poisson,<\/li>\r\n \t<li>l\u2019intensification des proc\u00e9d\u00e9s d\u2019extraction, y compris la production de bouillon, de jus, de pectine, etc.<\/li>\r\n \t<li>la production de suspensions et d\u2019\u00e9mulsions de s\u00e9curit\u00e9 microbiologique accrue dans la production alimentaire sans l\u2019utilisation de stabilisateurs; l\u2019augmentation du rendement d\u2019un produit.<\/li>\r\n<\/ul>\r\n<p style=\"text-align: justify;\"><strong>Le champ \u00e9lectromagn\u00e9tique rotatif provoque le d\u00e9placement des \u00e9l\u00e9ments ferromagn\u00e9tiques dans la zone active et cr\u00e9e ce que l\u2019on appelle la \u00ab\u00a0couche vortex\u00a0\u00bb<\/strong><\/p>\r\n\r\n<h3 style=\"text-align: justify;\"><strong>L\u2019unit\u00e9 AVS peut \u00eatre utilis\u00e9e comme:<\/strong><\/h3>\r\n<ul style=\"text-align: justify;\">\r\n \t<li>r\u00e9acteur,<\/li>\r\n \t<li>m\u00e9langeur,<\/li>\r\n \t<li>moulin,<\/li>\r\n \t<li>extracteur,<\/li>\r\n \t<li>dispositif \u00e0 traitement magn\u00e9tique,<\/li>\r\n \t<li>activateur des mat\u00e9riaux etc.<\/li>\r\n<\/ul>\r\n<p style=\"text-align: justify;\">Pour le traitement des liquides il y a les cr\u00e9pines qui sont install\u00e9es de deux c\u00f4t\u00e9s de la chambre ou seulement \u00e0 la sortie. En cas une mati\u00e8re fibreuse est \u00e0 traiter, on installe les cr\u00e9pines en labyrinthe. De cette mani\u00e8re les \u00e9l\u00e9ments ferromagn\u00e9tiques sont retenus dans la zone active.<\/p>\r\n<p style=\"text-align: justify;\">Les composants principaux des unit\u00e9s \u00e9lectromagn\u00e9tiques \u00e0 couche vortex sont:\u00a0\u00a0 l\u2019inducteur du champ \u00e9lectromagn\u00e9tique rotatif au syst\u00e8me de refroidissement, branch\u00e9 \u00e0 l\u2019alimentation d\u2019\u00e9nergie triphas\u00e9e 380\/220V, 50Hz, et la chambre de travail avec les \u00e9l\u00e9ments ferromagn\u00e9tiques.<\/p>\r\n<p style=\"text-align: justify;\">La consommation d\u2019\u00e9nergie dans la chambre est d\u00e9finie uniquement par sa structure, le mat\u00e9riau et l\u2019\u00e9paisseur des parois et ne d\u00e9pend pas de l\u2019intensit\u00e9 du champ.\u00a0 <strong>Pour r\u00e9duire la consommation d\u2019\u00e9nergie, nous fabriquons la chambre d'un mat\u00e9riau non magn\u00e9tique (acier inoxydable).<\/strong><\/p>\r\n<p style=\"text-align: justify;\"><\/p>"}],"add_def_tab":[{"tab_title":"Caract\u00e9ristiques","tab_content":"<table width=\"616\">\r\n<tbody>\r\n<tr>\r\n<td rowspan=\"2\" width=\"227\"><strong>Sp\u00e9cification<\/strong><\/td>\r\n<td width=\"389\">\r\n<p style=\"text-align: center;\"><strong>Type<\/strong><\/p>\r\n<\/td>\r\n<\/tr>\r\n<tr>\r\n<td width=\"389\">\r\n<p style=\"text-align: center;\"><strong>AVS-100<\/strong><\/p>\r\n<\/td>\r\n<\/tr>\r\n<tr>\r\n<td width=\"227\">Capacit\u00e9 de production max, m<sup>3<\/sup>\/heure (gpm)\r\n\r\n\u2013 traitement eaux us\u00e9es<\/td>\r\n<td width=\"389\">\r\n<p style=\"text-align: center;\">12\u00a0(52)<\/p>\r\n<\/td>\r\n<\/tr>\r\n<tr>\r\n<td width=\"227\">\u2013 production de suspension<\/td>\r\n<td width=\"389\">\r\n<p style=\"text-align: center;\">5\u00a0(22)<\/p>\r\n<\/td>\r\n<\/tr>\r\n<tr>\r\n<td width=\"227\">Pression de service, MPa (kg\/\u0441m<sup>2<\/sup>)(psi), pas moins de:<\/td>\r\n<td width=\"389\">\r\n<p style=\"text-align: center;\">0,25 (2,5)\u00a0(36.3)<\/p>\r\n<\/td>\r\n<\/tr>\r\n<tr>\r\n<td width=\"227\">Diam\u00e8tre de chambre, mm (po)<\/td>\r\n<td width=\"389\">\r\n<p style=\"text-align: center;\">90\u00a0(3.5)<\/p>\r\n<\/td>\r\n<\/tr>\r\n<tr>\r\n<td width=\"227\">Induction magn\u00e9tique dans la zone active, T<\/td>\r\n<td width=\"389\">\r\n<p style=\"text-align: center;\">0,15<\/p>\r\n<\/td>\r\n<\/tr>\r\n<tr>\r\n<td width=\"227\">Alimentation \u00e9lectrique<\/td>\r\n<td width=\"389\">\r\n<p style=\"text-align: center;\">Du r\u00e9seau de courant alternatif<\/p>\r\n<\/td>\r\n<\/tr>\r\n<tr>\r\n<td width=\"227\">Fr\u00e9quence, Hz<\/td>\r\n<td width=\"389\">\r\n<p style=\"text-align: center;\">50<\/p>\r\n<\/td>\r\n<\/tr>\r\n<tr>\r\n<td width=\"227\">Tension, V<\/td>\r\n<td width=\"389\">\r\n<p style=\"text-align: center;\">380<\/p>\r\n<\/td>\r\n<\/tr>\r\n<tr>\r\n<td width=\"227\">Fr\u00e9quence de rotation du champ EM dans la zone active, tr\/min<\/td>\r\n<td width=\"389\">\r\n<p style=\"text-align: center;\">3 000<\/p>\r\n<\/td>\r\n<\/tr>\r\n<tr>\r\n<td width=\"227\">Puissance consomm\u00e9e, kW<\/td>\r\n<td width=\"389\">\r\n<p style=\"text-align: center;\">4,5<\/p>\r\n<\/td>\r\n<\/tr>\r\n<tr>\r\n<td width=\"227\">Dimensions, mm (po)<\/td>\r\n<td width=\"389\">\r\n<p style=\"text-align: center;\">1200\u00d7900\u00d71610\u00a0(47.2\u00d735.4\u00d763.4)<\/p>\r\n<\/td>\r\n<\/tr>\r\n<tr>\r\n<td width=\"227\">Masse, kg (lb)<\/td>\r\n<td width=\"389\">\r\n<p style=\"text-align: center;\">520\u00a0(1,146)<\/p>\r\n<\/td>\r\n<\/tr>\r\n<\/tbody>\r\n<\/table>"},{"tab_title":"Avantages","tab_content":"<ul>\r\n \t<li style=\"text-align: justify;\">broyage, m\u00e9lange et activation simultan\u00e9s des substances trait\u00e9es;<\/li>\r\n \t<li style=\"text-align: justify;\">haute finesse de broyage;<\/li>\r\n \t<li style=\"text-align: justify;\">intensification des proc\u00e9d\u00e9s technologiques. Le traitement prend des secondes ou des fractions de secondes;<\/li>\r\n \t<li style=\"text-align: justify;\">faible consommation d\u2019\u00e9lectricit\u00e9;<\/li>\r\n \t<li style=\"text-align: justify;\">\u00e9conomie de mati\u00e8res premi\u00e8res et de mat\u00e9riaux;<\/li>\r\n \t<li style=\"text-align: justify;\">facilit\u00e9 de mise en \u0153uvre dans les lignes de traitement existantes.<\/li>\r\n<\/ul>"},{"tab_title":"Application","tab_content":"[product_oil_types]"}],"add_video_tab":[{"video_tab_title":"Vid\u00e9o","add_video_id":[{"video_id":"rp-PEcTQhAA"},{"video_id":"093XPH5hOQY"},{"video_id":"d-bNe_Sdnrs"},{"video_id":"rVMMszolGrc"}]}],"add_gallery_tab":[{"gallery_tab_title":"Photo","add_img":[60134,60125,60116,42074,42065,60096]}],"add_price_tab":[{"price_tab_title":"Obtenir le prix"}]},"language":"fr","_links":{"self":[{"href":"https:\/\/globecore.com\/fr\/wp-json\/wp\/v2\/pages\/15513","targetHints":{"allow":["GET"]}}],"collection":[{"href":"https:\/\/globecore.com\/fr\/wp-json\/wp\/v2\/pages"}],"about":[{"href":"https:\/\/globecore.com\/fr\/wp-json\/wp\/v2\/types\/page"}],"author":[{"embeddable":true,"href":"https:\/\/globecore.com\/fr\/wp-json\/wp\/v2\/users\/7"}],"replies":[{"embeddable":true,"href":"https:\/\/globecore.com\/fr\/wp-json\/wp\/v2\/comments?post=15513"}],"version-history":[{"count":4,"href":"https:\/\/globecore.com\/fr\/wp-json\/wp\/v2\/pages\/15513\/revisions"}],"predecessor-version":[{"id":343220,"href":"https:\/\/globecore.com\/fr\/wp-json\/wp\/v2\/pages\/15513\/revisions\/343220"}],"up":[{"embeddable":true,"href":"https:\/\/globecore.com\/fr\/wp-json\/wp\/v2\/pages\/15544"}],"wp:featuredmedia":[{"embeddable":true,"href":"https:\/\/globecore.com\/fr\/wp-json\/wp\/v2\/media\/23258"}],"wp:attachment":[{"href":"https:\/\/globecore.com\/fr\/wp-json\/wp\/v2\/media?parent=15513"}],"wp:term":[{"taxonomy":"category","embeddable":true,"href":"https:\/\/globecore.com\/fr\/wp-json\/wp\/v2\/categories?post=15513"}],"curies":[{"name":"wp","href":"https:\/\/api.w.org\/{rel}","templated":true}]}}