{"id":15544,"date":"2016-12-20T07:55:36","date_gmt":"2016-12-20T07:55:36","guid":{"rendered":"https:\/\/globecore.com\/produits\/magnetic-mill.html"},"modified":"2025-01-15T15:31:16","modified_gmt":"2025-01-15T15:31:16","slug":"moulin-magnetique","status":"publish","type":"page","link":"https:\/\/globecore.com\/fr\/products\/moulin-magnetique\/","title":{"rendered":"Moulin magn\u00e9tique"},"content":{"rendered":"<div id=\"pl-3461\" class=\"panel-layout\">\n<div id=\"pg-3461-0\" class=\"panel-grid panel-no-style\" data-style=\"{&quot;background_display&quot;:&quot;tile&quot;,&quot;cell_alignment&quot;:&quot;flex-start&quot;}\">\n<div id=\"pgc-3461-0-0\" class=\"panel-grid-cell\" data-weight=\"1\">\n<div id=\"panel-3461-0-0-0\" class=\"so-panel widget widget_sow-editor panel-first-child\" data-index=\"0\" data-style=\"{&quot;background_display&quot;:&quot;tile&quot;}\">\n<div class=\"so-widget-sow-editor so-widget-sow-editor-base\">\n<div class=\"siteorigin-widget-tinymce textwidget\"><\/div>\n<\/div>\n<\/div>\n<\/div>\n<\/div>\n<div id=\"pg-3461-1\" class=\"panel-grid panel-no-style\" data-style=\"{&quot;background_display&quot;:&quot;tile&quot;,&quot;cell_alignment&quot;:&quot;flex-start&quot;}\">\n<div id=\"pgc-3461-1-0\" class=\"panel-grid-cell\" data-style=\"{&quot;background_display&quot;:&quot;tile&quot;,&quot;vertical_alignment&quot;:&quot;auto&quot;}\" data-weight=\"1\">\n<div id=\"panel-3461-1-0-0\" class=\"so-panel widget widget_sow-editor panel-first-child panel-last-child\" data-index=\"4\" data-style=\"{&quot;background_display&quot;:&quot;tile&quot;}\">\n<div class=\"so-widget-sow-editor so-widget-sow-editor-base\">\n<div class=\"siteorigin-widget-tinymce textwidget\">\n<p style=\"text-align: justify;\"><strong>Le moulin magn\u00e9tique aux \u00e9l\u00e9ments ferromagn\u00e9tiques est con\u00e7u pour intensifier de divers processus physiques et chimiques.<br \/>\n<\/strong><\/p>\n<p style=\"text-align: justify;\">La r\u00e9action de r\u00e9duction dans l\u2019AVS prend des fractions de seconde, ce qui permet d\u2019effectuer le processus en courant \u00e0 un rythme \u00e9lev\u00e9.<\/p>\n<p style=\"text-align: justify;\">Le m\u00e9lange intensif des r\u00e9actifs et l\u2019influence du champ \u00e9lectromagn\u00e9tique, ainsi que la dispersion des compos\u00e9s conduisent \u00e0 une meilleure dispersion des hydroxydes m\u00e9talliques par rapport aux m\u00e9langeurs m\u00e9caniques.<\/p>\n<p style=\"text-align: justify;\">C\u2019est int\u00e9ressant, mais l\u2019augmentation de la dispersion du d\u00e9p\u00f4t ne ralentit pas la s\u00e9dimentation.\u00a0 Au contraire, la s\u00e9dimentation des particules en phase solide dans l&rsquo;AVS se produit 1,5 \u00e0 2 fois plus vite que dans un m\u00e9langeur m\u00e9canique.<\/p>\n<p style=\"text-align: justify;\">Les unit\u00e9s peuvent \u00eatre utilis\u00e9es efficacement pour:<\/p>\n<ul style=\"text-align: justify;\">\n<li>la production d\u2019\u00e9mulsions multi-composant et de suspensions,<\/li>\n<li>l\u2019acc\u00e9l\u00e9ration de la production de m\u00e9langes finement dispers\u00e9s,<\/li>\n<li>l\u2019activation des mat\u00e9riaux secs et dispers\u00e9s dans l\u2019eau,<\/li>\n<li>l\u2019am\u00e9lioration des propri\u00e9t\u00e9s de caoutchouc et la diminution du d\u00e9lai de vulcanisation,<\/li>\n<li>la purification compl\u00e8te des eaux us\u00e9es industrielles du ph\u00e9nol, du formald\u00e9hyde, des m\u00e9taux lourds, de l\u2019arsenic, des cyanures,<\/li>\n<li>l\u2019acc\u00e9l\u00e9ration du traitement thermique,<\/li>\n<li>la production de mati\u00e8re prot\u00e9ique \u00e0 partir de cellules de levure,<\/li>\n<li>l\u2019am\u00e9lioration de la stabilit\u00e9 microbiologique des produits alimentaires et l\u2019activation de la levure dans la panification,<\/li>\n<li>l\u2019am\u00e9lioration des produits bruts et des produits finis de la viande et du poisson,<\/li>\n<li>l\u2019intensification des proc\u00e9d\u00e9s d\u2019extraction, y compris la production de bouillon, de jus, de pectine, etc.<\/li>\n<li>la production de suspensions et d\u2019\u00e9mulsions de s\u00e9curit\u00e9 microbiologique accrue dans la production alimentaire sans l\u2019utilisation de stabilisateurs; l\u2019augmentation du rendement d\u2019un produit.<\/li>\n<\/ul>\n<p style=\"text-align: center;\"><img loading=\"lazy\" decoding=\"async\" class=\"aligncenter wp-image-22465 lazyload\" title=\"moulin magn\u00e9tique\" src=\"data:image\/gif;base64,R0lGODlhAQABAAAAACH5BAEKAAEALAAAAAABAAEAAAICTAEAOw==\" alt=\"moulin magn\u00e9tique\" width=\"600\" height=\"668\" sizes=\"auto, (max-width: 600px) 100vw, 600px\" data-src=\"https:\/\/globecore.com\/wp-content\/uploads\/2019\/06\/AVS-100.jpg\" data-srcset=\"https:\/\/globecore.com\/wp-content\/uploads\/2019\/06\/AVS-100.jpg 1200w, https:\/\/globecore.com\/wp-content\/uploads\/2019\/06\/AVS-100-269x300.jpg 269w\"><\/p>\n<h2 style=\"text-align: center;\">Moulin magn\u00e9tique AVS-100<\/h2>\n<p style=\"text-align: justify;\"><strong>Capacit\u00e9: 12 m3\/heure<\/strong><\/p>\n<p style=\"text-align: justify;\">L\u2019unit\u00e9 fonctionne sur le principe de la transformation de l\u2019\u00e9nergie du champ \u00e9lectromagn\u00e9tique en d\u2019autres formes d\u2019\u00e9nergie. La chambre d\u2019unit\u00e9 (tube de 90-136 mm de diam\u00e8tre) est situ\u00e9e \u00e0 l\u2019int\u00e9rieur d\u2019un inducteur de champ \u00e9lectromagn\u00e9tique..<\/p>\n<p style=\"text-align: justify;\">A l\u2019int\u00e9rieur il y a des \u00e9l\u00e9ments cylindriques ferromagn\u00e9tiques de 0,5 \u00e0 5 mm de diam\u00e8tre et de 0,5 \u00e0 60 mm de longueur, au nombre de plusieurs dizaines \u00e0 plusieurs centaines (0,05 &#8211; 5 kg), en fonction du volume de la zone active.<\/p>\n<p style=\"text-align: justify;\">La chambre peut \u00eatre construite de plusieurs mani\u00e8res en fonction des exigences des processus la-dedans.<\/p>\n<h2 style=\"text-align: center;\">Moulin magn\u00e9tique AVS-150<\/h2>\n<p style=\"text-align: justify;\"><strong>Capacit\u00e9: 30 m3\/heure<\/strong><\/p>\n<p style=\"text-align: justify;\">La consommation d\u2019\u00e9nergie dans la chambre est d\u00e9finie uniquement par sa structure, le mat\u00e9riau dont elle est faite et l\u2019\u00e9paisseur des parois et ne d\u00e9pend pas de l\u2019intensit\u00e9 du champ magn\u00e9tique. Pour r\u00e9duire la consommation d\u2019\u00e9nergie, nous fabriquons la chambre d&rsquo;un mat\u00e9riau non magn\u00e9tique (acier inoxydable).<\/p>\n<p style=\"text-align: justify;\">Le champ \u00e9lectromagn\u00e9tique rotatif provoque le d\u00e9placement des \u00e9l\u00e9ments ferromagn\u00e9tiques dans la zone active et cr\u00e9e ce que l\u2019on appelle la couche vortex.<\/p>\n<p style=\"text-align: justify;\">Les composants principaux du moulin \u00e9lectromagn\u00e9tique \u00e0 couche vortex sont:\u00a0\u00a0 l\u2019inducteur du champ \u00e9lectromagn\u00e9tique rotatif au syst\u00e8me de refroidissement, branch\u00e9 \u00e0 l\u2019alimentation d\u2019\u00e9nergie triphas\u00e9e 380 \/ 220V, 50Hz, et la chambre de travail avec les \u00e9l\u00e9ments ferromagn\u00e9tiques.<\/p>\n<\/div>\n<\/div>\n<\/div>\n<\/div>\n<\/div>\n<\/div>\n","protected":false},"excerpt":{"rendered":"<p>Le moulin magn\u00e9tique aux \u00e9l\u00e9ments ferromagn\u00e9tiques est con\u00e7u pour intensifier de divers processus physiques et chimiques. La r\u00e9action de r\u00e9duction dans l\u2019AVS prend des fractions de seconde, ce qui permet d\u2019effectuer le processus en courant \u00e0 un rythme \u00e9lev\u00e9. Le m\u00e9lange intensif des r\u00e9actifs et l\u2019influence du champ \u00e9lectromagn\u00e9tique, ainsi que la dispersion des compos\u00e9s<a class=\"cg-read-more\" href=\"https:\/\/globecore.com\/fr\/products\/moulin-magnetique\/\" target=\"_blank\">Read More <\/a><\/p>\n","protected":false},"author":7,"featured_media":38238,"parent":14716,"menu_order":0,"comment_status":"closed","ping_status":"closed","template":"templates\/products-sidebar.php","meta":{"_acf_changed":false,"_bbp_topic_count":0,"_bbp_reply_count":0,"_bbp_total_topic_count":0,"_bbp_total_reply_count":0,"_bbp_voice_count":0,"_bbp_anonymous_reply_count":0,"_bbp_topic_count_hidden":0,"_bbp_reply_count_hidden":0,"_bbp_forum_subforum_count":0,"footnotes":""},"categories":[],"class_list":["post-15544","page","type-page","status-publish","has-post-thumbnail","hentry"],"acf":[],"language":"fr","_links":{"self":[{"href":"https:\/\/globecore.com\/fr\/wp-json\/wp\/v2\/pages\/15544","targetHints":{"allow":["GET"]}}],"collection":[{"href":"https:\/\/globecore.com\/fr\/wp-json\/wp\/v2\/pages"}],"about":[{"href":"https:\/\/globecore.com\/fr\/wp-json\/wp\/v2\/types\/page"}],"author":[{"embeddable":true,"href":"https:\/\/globecore.com\/fr\/wp-json\/wp\/v2\/users\/7"}],"replies":[{"embeddable":true,"href":"https:\/\/globecore.com\/fr\/wp-json\/wp\/v2\/comments?post=15544"}],"version-history":[{"count":0,"href":"https:\/\/globecore.com\/fr\/wp-json\/wp\/v2\/pages\/15544\/revisions"}],"up":[{"embeddable":true,"href":"https:\/\/globecore.com\/fr\/wp-json\/wp\/v2\/pages\/14716"}],"wp:featuredmedia":[{"embeddable":true,"href":"https:\/\/globecore.com\/fr\/wp-json\/wp\/v2\/media\/38238"}],"wp:attachment":[{"href":"https:\/\/globecore.com\/fr\/wp-json\/wp\/v2\/media?parent=15544"}],"wp:term":[{"taxonomy":"category","embeddable":true,"href":"https:\/\/globecore.com\/fr\/wp-json\/wp\/v2\/categories?post=15544"}],"curies":[{"name":"wp","href":"https:\/\/api.w.org\/{rel}","templated":true}]}}