{"id":15574,"date":"2016-04-01T07:14:15","date_gmt":"2016-04-01T07:14:15","guid":{"rendered":"https:\/\/globecore.com\/stream-oil-heating.html"},"modified":"2026-04-20T12:46:09","modified_gmt":"2026-04-20T12:46:09","slug":"stream-oil-heating","status":"publish","type":"page","link":"https:\/\/globecore.com\/fr\/products\/chauffe-huile\/stream-oil-heating\/","title":{"rendered":"PPM R\u00e9chauffeur d&rsquo;huile en ligne. Chauffage au fioul"},"content":{"rendered":"","protected":false},"excerpt":{"rendered":"<p>L\u2019unit\u00e9 de chauffage d\u2019huile PPM est con\u00e7ue pour chauffer l\u2019huile de transformateur lors de l\u2019ajout, du remplacement ou du s\u00e9chage du transformateur. Elle peut \u00e9galement chauffer des huiles min\u00e9rales, des huiles industrielles, des huiles de turbine et d\u2019autres liquides non corrosifs. L\u2019unit\u00e9 est id\u00e9ale pour les centrales \u00e9lectriques, les installations de manipulation d\u2019huile et les sites de r\u00e9paration et d\u2019entretien de transformateurs, et peut fonctionner en int\u00e9rieur ou en ext\u00e9rieur sous un abri appropri\u00e9. Elle convient aux huiles et liquides ayant une viscosit\u00e9 cin\u00e9matique inf\u00e9rieure \u00e0 70\u202fcSt \u00e0 50\u202f\u00b0C et peut \u00e9galement \u00eatre utilis\u00e9e dans l\u2019industrie du raffinage du p\u00e9trole pour chauffer des produits p\u00e9troliers ou des liquides contenant du sable, des boues et d\u2019autres impuret\u00e9s.<\/p>\n","protected":false},"author":7,"featured_media":30864,"parent":15695,"menu_order":0,"comment_status":"closed","ping_status":"closed","template":"templates\/single-product.php","meta":{"_acf_changed":false,"_bbp_topic_count":0,"_bbp_reply_count":0,"_bbp_total_topic_count":0,"_bbp_total_reply_count":0,"_bbp_voice_count":0,"_bbp_anonymous_reply_count":0,"_bbp_topic_count_hidden":0,"_bbp_reply_count_hidden":0,"_bbp_forum_subforum_count":0,"footnotes":""},"categories":[1339],"class_list":["post-15574","page","type-page","status-publish","has-post-thumbnail","hentry","category-oil-maintenance-fr","oil_type-carburant-diesel","oil_type-huile-hydraulique","oil_type-huile-industrielle","oil_type-huile-pour-compresseur","oil_type-huile-pour-transformateur","oil_type-huile-pour-turbine","process_type-chauffage"],"acf":{"add_tab":[{"tab_title":"Description","tab_content":"<p style=\"text-align: justify;\">L\u2019unit\u00e9 PPM de chauffage d\u2019huile est con\u00e7ue pour chauffer l\u2019huile de transformateur lorsque: (1) on recompl\u00e8te de l\u2019huile au transformateur; (2) on remplace l\u2019huile de transformateur; et (3) lors de d\u00e9shydratation des transformateurs.\u00a0 De plus, l\u2019unit\u00e9 peut chauffer des huiles min\u00e9rales, des huiles industrielles, des huiles de turbine et d'autres types d'huiles ainsi que des liquides non corrosifs.<\/p>\r\n<p style=\"text-align: justify;\">Ce r\u00e9chauffeur est le mieux adapt\u00e9 pour les centrales \u00e9lectriques, les installations de traitement d\u2019huile et les entreprises qui effectuent la r\u00e9paration et l'entretien des transformateurs.\u00a0 L\u2019unit\u00e9 peut travailler \u00e0 l'int\u00e9rieur ou \u00e0 l'ext\u00e9rieur sous un auvent adapt\u00e9.<\/p>\r\n<p style=\"text-align: justify;\">Les huiles et liquides doivent \u00eatre d\u2019une viscosit\u00e9 cin\u00e9matique inf\u00e9rieure \u00e0 70 cSt \u00e0 la temp\u00e9rature de 50\u00b0C. La PPM est \u00e9galement utilis\u00e9 pour le chauffage de produits p\u00e9troliers dans l\u2019industrie de raffinage du p\u00e9trole; elle peut aussi \u00eatre utilis\u00e9e \u00e0 chauffer des liquides contenant du sable, des s\u00e9diments, etc.<\/p>"}],"add_def_tab":[{"tab_title":"Caract\u00e9ristiques","tab_content":"<table width=\"456\">\r\n<tbody>\r\n<tr>\r\n<td rowspan=\"2\" width=\"203\">\r\n<p style=\"text-align: center;\"><strong>Sp\u00e9cification<\/strong><\/p>\r\n<\/td>\r\n<td colspan=\"3\" width=\"253\">\r\n<p style=\"text-align: center;\"><strong>R\u00e9chauffeur d\u2019huile <\/strong><\/p>\r\n<\/td>\r\n<\/tr>\r\n<tr>\r\n<td width=\"85\">\r\n<p style=\"text-align: center;\"><strong>PP\u041c-18<\/strong><\/p>\r\n<\/td>\r\n<td width=\"87\">\r\n<p style=\"text-align: center;\"><strong>PP\u041c-50<\/strong><\/p>\r\n<\/td>\r\n<td width=\"81\">\r\n<p style=\"text-align: center;\"><strong>PP\u041c-70<\/strong><\/p>\r\n<\/td>\r\n<\/tr>\r\n<tr>\r\n<td width=\"203\">Capacit\u00e9 \u00e0 la pression \u00e0 l\u2019entr\u00e9e de 0.2 \u041cPa, \u043c<sup>3<\/sup>\/heure \u00a0(gpm), pas plus de<\/td>\r\n<td width=\"85\">\r\n<p style=\"text-align: center;\">2.2\u00a0(9.7)<\/p>\r\n<\/td>\r\n<td width=\"87\"><\/td>\r\n<td width=\"81\"><\/td>\r\n<\/tr>\r\n<tr>\r\n<td width=\"203\">Capacit\u00e9 \u00e0 la pression \u00e0 l\u2019entr\u00e9e de 0.24 \u041cPa, \u043c<sup>3<\/sup>\/heure\u00a0(gpm), pas plus de<\/td>\r\n<td width=\"85\">\r\n<p style=\"text-align: center;\">\u2013<\/p>\r\n<\/td>\r\n<td width=\"87\">\r\n<p style=\"text-align: center;\">1,2\u00a0(5.3)<\/p>\r\n<\/td>\r\n<td width=\"81\">\r\n<p style=\"text-align: center;\">4\u00a0(17.6)<\/p>\r\n<\/td>\r\n<\/tr>\r\n<tr>\r\n<td width=\"203\">Pression de liquide, \u041cPa (psi), pas plus de\r\n\r\n&nbsp;<\/td>\r\n<td width=\"85\">\r\n<p style=\"text-align: center;\">0.6\u00a0(87)<\/p>\r\n<\/td>\r\n<td width=\"87\">\r\n<p style=\"text-align: center;\">4\u00a0(580)<\/p>\r\n<\/td>\r\n<td width=\"81\">\r\n<p style=\"text-align: center;\">2.5\u00a0(362.5)<\/p>\r\n<\/td>\r\n<\/tr>\r\n<tr>\r\n<td width=\"203\">Puissance nominale, \u043aW<\/td>\r\n<td width=\"85\">\r\n<p style=\"text-align: center;\">19.5<\/p>\r\n<\/td>\r\n<td width=\"87\">\r\n<p style=\"text-align: center;\">56<\/p>\r\n<\/td>\r\n<td width=\"81\">\r\n<p style=\"text-align: center;\">74<\/p>\r\n<\/td>\r\n<\/tr>\r\n<tr>\r\n<td width=\"203\">Tension d\u2019alimentation ~ 50 Hz, V (60 Hz \u00e0 la demande)<\/td>\r\n<td width=\"85\">\r\n<p style=\"text-align: center;\">380\/220<\/p>\r\n<\/td>\r\n<td width=\"87\">\r\n<p style=\"text-align: center;\">380<\/p>\r\n<\/td>\r\n<td width=\"81\">\r\n<p style=\"text-align: center;\">380<\/p>\r\n<\/td>\r\n<\/tr>\r\n<tr>\r\n<td width=\"203\">Temp\u00e9rature max. de chauffage, <sup>o<\/sup>\u0421\/ <sup>o<\/sup>F<\/td>\r\n<td width=\"85\">\r\n<p style=\"text-align: center;\">120\/248<\/p>\r\n<\/td>\r\n<td width=\"87\">\r\n<p style=\"text-align: center;\">150\/302*<\/p>\r\n<\/td>\r\n<td width=\"81\"><\/td>\r\n<\/tr>\r\n<tr>\r\n<td colspan=\"4\" width=\"456\">Dimensions, mm (po), pas plus<\/td>\r\n<\/tr>\r\n<tr>\r\n<td width=\"203\">\u2022 longueur<\/td>\r\n<td width=\"85\">\r\n<p style=\"text-align: center;\">800 (31.5)<\/p>\r\n<\/td>\r\n<td width=\"87\">\r\n<p style=\"text-align: center;\">1180\u00a0(46.5)<\/p>\r\n<\/td>\r\n<td width=\"81\">\r\n<p style=\"text-align: center;\">1220\u00a0(48)<\/p>\r\n<\/td>\r\n<\/tr>\r\n<tr>\r\n<td width=\"203\">\u2022 largeur<\/td>\r\n<td width=\"85\">\r\n<p style=\"text-align: center;\">660\u00a0(26)<\/p>\r\n<\/td>\r\n<td width=\"87\">\r\n<p style=\"text-align: center;\">800\u00a0(31.5)<\/p>\r\n<\/td>\r\n<td width=\"81\">\r\n<p style=\"text-align: center;\">820\u00a0(32.3)<\/p>\r\n<\/td>\r\n<\/tr>\r\n<tr>\r\n<td width=\"203\">\u2022 hauteur<\/td>\r\n<td width=\"85\">\r\n<p style=\"text-align: center;\">1830\u00a0(72)<\/p>\r\n<\/td>\r\n<td width=\"87\">\r\n<p style=\"text-align: center;\">1870\u00a0(77.6)<\/p>\r\n<\/td>\r\n<td width=\"81\">\r\n<p style=\"text-align: center;\">1900\u00a0(74.8)<\/p>\r\n<\/td>\r\n<\/tr>\r\n<tr>\r\n<td width=\"203\">Masse, kg\/livres, pas plus<\/td>\r\n<td width=\"85\">\r\n<p style=\"text-align: center;\">180\/397.8<\/p>\r\n<\/td>\r\n<td width=\"87\">\r\n<p style=\"text-align: center;\">400\/884<\/p>\r\n<\/td>\r\n<td width=\"81\">\r\n<p style=\"text-align: center;\">500\/1,105<\/p>\r\n<\/td>\r\n<\/tr>\r\n<\/tbody>\r\n<\/table>\r\n<p style=\"text-align: justify;\">* A la demande de client la temp\u00e9rature max. de chauffage peut \u00eatre augment\u00e9e jusqu\u2019\u00e0 200\u00b0\u0421\/ 392\u00b0F<\/p>"},{"tab_title":"Avantages","tab_content":"<ul>\r\n \t<li style=\"text-align: justify;\">petite dimension;<\/li>\r\n \t<li style=\"text-align: justify;\">basse capacit\u00e9 calorifique;<\/li>\r\n \t<li style=\"text-align: justify;\">pas de surchauffe due \u00e0 la perturbation en alimentation \u00e9lectrique. Apr\u00e8s l\u2019arr\u00eat de l\u2019installation, la temp\u00e9rature de l\u2019huile peut augmenter maximum de 15 \u00e0 20 degr\u00e9s. Dans ce cas, la situation d\u2019urgence est exclue en principe;<\/li>\r\n \t<li style=\"text-align: justify;\">simple \u00e0 entretenir.<\/li>\r\n<\/ul>"},{"tab_title":"Application","tab_content":"[product_oil_types]"},{"tab_title":"Webinaire","tab_content":"<div class=\"responsive-embed widescreen\">\r\n<div class=\"responsive-embed widescreen\">\r\n<div class=\"responsive-embed widescreen\">\r\n<div class=\"responsive-embed widescreen\">\r\n<div class=\"responsive-embed widescreen\">\r\n<div class=\"responsive-embed widescreen\"><iframe title=\"Maintenance du transformateur\" src=\"https:\/\/www.youtube.com\/embed\/wrpThx7GLbw?feature=oembed\" width=\"500\" height=\"281\" frameborder=\"0\" allowfullscreen=\"allowfullscreen\"><\/iframe><\/div>\r\n<\/div>\r\n<\/div>\r\n<\/div>\r\n<\/div>\r\n<\/div>"}],"add_video_tab":[{"video_tab_title":"Vid\u00e9o","add_video_id":[{"video_id":"jSSWc7iNo-c"},{"video_id":"kkKA054tKe4"},{"video_id":"UhjSYEQeODY"},{"video_id":"uuOvV9SViNo"}]}],"add_gallery_tab":[{"gallery_tab_title":"Photo","add_img":[31730]}],"add_price_tab":[{"price_tab_title":"Obtenir le prix"}]},"language":"fr","_links":{"self":[{"href":"https:\/\/globecore.com\/fr\/wp-json\/wp\/v2\/pages\/15574","targetHints":{"allow":["GET"]}}],"collection":[{"href":"https:\/\/globecore.com\/fr\/wp-json\/wp\/v2\/pages"}],"about":[{"href":"https:\/\/globecore.com\/fr\/wp-json\/wp\/v2\/types\/page"}],"author":[{"embeddable":true,"href":"https:\/\/globecore.com\/fr\/wp-json\/wp\/v2\/users\/7"}],"replies":[{"embeddable":true,"href":"https:\/\/globecore.com\/fr\/wp-json\/wp\/v2\/comments?post=15574"}],"version-history":[{"count":4,"href":"https:\/\/globecore.com\/fr\/wp-json\/wp\/v2\/pages\/15574\/revisions"}],"predecessor-version":[{"id":343058,"href":"https:\/\/globecore.com\/fr\/wp-json\/wp\/v2\/pages\/15574\/revisions\/343058"}],"up":[{"embeddable":true,"href":"https:\/\/globecore.com\/fr\/wp-json\/wp\/v2\/pages\/15695"}],"wp:featuredmedia":[{"embeddable":true,"href":"https:\/\/globecore.com\/fr\/wp-json\/wp\/v2\/media\/30864"}],"wp:attachment":[{"href":"https:\/\/globecore.com\/fr\/wp-json\/wp\/v2\/media?parent=15574"}],"wp:term":[{"taxonomy":"category","embeddable":true,"href":"https:\/\/globecore.com\/fr\/wp-json\/wp\/v2\/categories?post=15574"}],"curies":[{"name":"wp","href":"https:\/\/api.w.org\/{rel}","templated":true}]}}