{"id":15595,"date":"2016-04-01T11:12:06","date_gmt":"2016-04-01T11:12:06","guid":{"rendered":"https:\/\/globecore.com\/cfu-oil-filtration-unit.html"},"modified":"2026-03-06T08:12:59","modified_gmt":"2026-03-06T08:12:59","slug":"cfu-oil-filtration-unit","status":"publish","type":"page","link":"https:\/\/globecore.com\/fr\/products\/filtration-de-lhuile\/cfu-oil-filtration-unit\/","title":{"rendered":"CMM-4,0F Unit\u00e9 de filtration d&rsquo;huile"},"content":{"rendered":"<p>&nbsp;<\/p>\n<p>&nbsp;<\/p>\n","protected":false},"excerpt":{"rendered":"<p>L\u2019unit\u00e9 CMM-4,0F est un syst\u00e8me de filtration portable sur site avec filtres \u00e0 cartouche, con\u00e7u pour \u00e9liminer les impuret\u00e9s m\u00e9caniques des huiles industrielles et des huiles isolantes di\u00e9lectriques avec une viscosit\u00e9 allant jusqu\u2019\u00e0 70\u202fcSt \u00e0 50\u202f\u00b0C (122\u202f\u00b0F). Sa capacit\u00e9 de traitement varie de 1 \u00e0 4\u202fm\u00b3\/h, avec une finesse de filtration de 5\u202f\u03bcm. L\u2019unit\u00e9 est utilis\u00e9e lors de l\u2019installation, de la maintenance et de l\u2019exploitation d\u2019\u00e9quipements remplis d\u2019huile.<\/p>\n","protected":false},"author":7,"featured_media":16067,"parent":15680,"menu_order":0,"comment_status":"closed","ping_status":"closed","template":"templates\/single-product.php","meta":{"_acf_changed":false,"_bbp_topic_count":0,"_bbp_reply_count":0,"_bbp_total_topic_count":0,"_bbp_total_reply_count":0,"_bbp_voice_count":0,"_bbp_anonymous_reply_count":0,"_bbp_topic_count_hidden":0,"_bbp_reply_count_hidden":0,"_bbp_forum_subforum_count":0,"footnotes":""},"categories":[1339],"class_list":["post-15595","page","type-page","status-publish","has-post-thumbnail","hentry","category-oil-maintenance-fr","oil_type-fluide-dielectrique-fr3","oil_type-fluide-dielectrique-midel-7131","oil_type-fluide-ignifuge-fyrquel","oil_type-huile-de-silicone","oil_type-huile-de-transmission","oil_type-huile-hydraulique","oil_type-huile-industrielle","oil_type-huile-pour-cables","oil_type-huile-pour-compresseur","oil_type-huile-pour-transformateur","oil_type-huile-pour-turbine","process_type-filtration-fr"],"acf":{"add_tab":[{"tab_title":"Description","tab_content":"<p style=\"text-align: justify;\">L\u2019unit\u00e9 CMM-4,0F est un dispositif portable de filtration<u>,<\/u> sur site con\u00e7ue pour \u00e9liminer les particules solides des huiles isolantes, lubrifiantes et di\u00e9lectriques dont la viscosit\u00e9 ne d\u00e9passe pas 70 cSt \u00e0 50\u00b0C\/122\u00b0F.<\/p>\r\n<p style=\"text-align: justify;\">Conditions ambiantes pour le travail:<\/p>\r\n\r\n<ul style=\"text-align: justify;\">\r\n \t<li style=\"text-align: justify;\">temp\u00e9rature ambiante: de +10 \u00e0 +35\u00b0C \/de 49,7 \u00e0 97,73\u00b0F;<\/li>\r\n \t<li style=\"text-align: justify;\">pression de 84 \u00e0 106,7 kPa (de 630 \u00e0 800 mm Hg);<\/li>\r\n \t<li style=\"text-align: justify;\">altitude au-dessus du niveau de la mer - pas plus de 2000 m\u00e8tres\/6561 pieds;<\/li>\r\n \t<li style=\"text-align: justify;\">zone antid\u00e9flagrante et prot\u00e9g\u00e9e de l\u2019incendie.<\/li>\r\n<\/ul>\r\n<p style=\"text-align: justify;\">L\u2019unit\u00e9 CMM-4,0F est un dispositif portable de filtration d\u2019huile \u00e0 <strong data-start=\"207\" data-end=\"230\">filtres \u00e0 cartouche<\/strong>, destin\u00e9 \u00e0 l\u2019<strong data-start=\"244\" data-end=\"282\">\u00e9limination des particules solides<\/strong> de l\u2019huile industrielle ayant une viscosit\u00e9 maximale de 70 cSt \u00e0 50\u00b0C\/122\u00b0F.<\/p>\r\n<p style=\"text-align: justify;\">Conditions ambiantes pour le travail:<\/p>\r\n\r\n<ul style=\"text-align: justify;\">\r\n \t<li>temp\u00e9rature ambiante: de +10 \u00e0 +35\u00b0C \/de 49,7 \u00e0 97,73\u00b0F;<\/li>\r\n \t<li>pression de 84 \u00e0 106,7 kPa (de 630 \u00e0 800 mm Hg);<\/li>\r\n \t<li>altitude au-dessus du niveau de la mer - pas plus de 2000 m\u00e8tres\/6561 pieds;<\/li>\r\n \t<li>zone antid\u00e9flagrante et prot\u00e9g\u00e9e de l\u2019incendie.<\/li>\r\n<\/ul>\r\n<p style=\"text-align: justify;\">Remarque. Les sp\u00e9cifications sont valables \u00e0 l\u2019huile qui ne contient pas de:<\/p>\r\n\r\n<ul style=\"text-align: justify;\">\r\n \t<li>surfactants qui retiennent de l\u2019eau dans l\u2019huile;<\/li>\r\n \t<li>\u00e9mulsions aqueuses de l\u2019origine m\u00e9canique ou chimique.<\/li>\r\n<\/ul>\r\n<p style=\"text-align: justify;\">GlobeCore fabrique et fournit des \u00e9quipements pour la purification d\u2019huile de transformateur, de turbine, des huiles industrielles et d\u2019autres types d\u2019 huiles. Les installations de traitement des huiles de l\u2019entreprise GlobeCore sont faciles \u00e0 utiliser et \u00e0 entretenir, elles sont pratiques et fonctionnelles. Les unit\u00e9s ne rejettent pas d'\u00e9missions nocives dans l'atmosph\u00e8re. En outre, elles consomment le minimum d\u2019\u00e9nergie ce qui permettrait d\u2019\u00e9viter les frais li\u00e9s.<\/p>"}],"add_def_tab":[{"tab_title":"Caract\u00e9ristiques","tab_content":"<table width=\"508\">\r\n<tbody>\r\n<tr>\r\n<td rowspan=\"2\" width=\"206\">\r\n<p style=\"text-align: center;\"><strong>Sp\u00e9cifications<\/strong><\/p>\r\n<\/td>\r\n<td colspan=\"3\" width=\"302\">\r\n<p style=\"text-align: center;\"><strong>Valeur<\/strong><\/p>\r\n<\/td>\r\n<\/tr>\r\n<tr>\r\n<td width=\"103\">\r\n<p style=\"text-align: center;\"><strong>CMM-1.0F<\/strong><\/p>\r\n<\/td>\r\n<td width=\"103\">\r\n<p style=\"text-align: center;\"><strong>CMM-2.0F<\/strong><\/p>\r\n<\/td>\r\n<td width=\"96\">\r\n<p style=\"text-align: center;\"><strong>CMM-4.0F<\/strong><\/p>\r\n<\/td>\r\n<\/tr>\r\n<tr>\r\n<td width=\"206\">Capacit\u00e9, m3\/heure\/ gal. par heure<\/td>\r\n<td width=\"103\">\r\n<p style=\"text-align: center;\">1.0\/264<\/p>\r\n<\/td>\r\n<td width=\"103\">\r\n<p style=\"text-align: center;\">2\/528<\/p>\r\n<\/td>\r\n<td width=\"96\">\r\n<p style=\"text-align: center;\">2\/528<\/p>\r\n<\/td>\r\n<\/tr>\r\n<tr>\r\n<td width=\"206\">Finesse de filtration, \u00b5<\/td>\r\n<td width=\"103\">\r\n<p style=\"text-align: center;\">5<\/p>\r\n<\/td>\r\n<td width=\"103\">\r\n<p style=\"text-align: center;\">5<\/p>\r\n<\/td>\r\n<td width=\"96\">\r\n<p style=\"text-align: center;\">5<\/p>\r\n<\/td>\r\n<\/tr>\r\n<tr>\r\n<td width=\"206\">Puissance nominale, \u043aW<\/td>\r\n<td width=\"103\">\r\n<p style=\"text-align: center;\">0.75<\/p>\r\n<\/td>\r\n<td width=\"103\">\r\n<p style=\"text-align: center;\">1.1<\/p>\r\n<\/td>\r\n<td width=\"96\">\r\n<p style=\"text-align: center;\">1.5<\/p>\r\n<\/td>\r\n<\/tr>\r\n<tr>\r\n<td width=\"206\">Pression huile \u00e0 la sortie, bar<\/td>\r\n<td width=\"103\">\r\n<p style=\"text-align: center;\">5<\/p>\r\n<\/td>\r\n<td width=\"103\">\r\n<p style=\"text-align: center;\">5<\/p>\r\n<\/td>\r\n<td width=\"96\">\r\n<p style=\"text-align: center;\">5<\/p>\r\n<\/td>\r\n<\/tr>\r\n<tr>\r\n<td width=\"206\">Tension d\u2019alimentation 50 Hz, V<\/td>\r\n<td width=\"103\">\r\n<p style=\"text-align: center;\">380<\/p>\r\n<\/td>\r\n<td width=\"103\">\r\n<p style=\"text-align: center;\">380<\/p>\r\n<\/td>\r\n<td width=\"96\">\r\n<p style=\"text-align: center;\">380<\/p>\r\n<\/td>\r\n<\/tr>\r\n<tr>\r\n<td width=\"206\">Dimensions, mm\/pieds, longueur\/largeur\/hauteur<\/td>\r\n<td width=\"103\">\r\n<p style=\"text-align: center;\">580 (23)<\/p>\r\n<p style=\"text-align: center;\">560 (22)<\/p>\r\n<p style=\"text-align: center;\">1115 (44)<\/p>\r\n<\/td>\r\n<td width=\"103\">\r\n<p style=\"text-align: center;\">580 (23)<\/p>\r\n<p style=\"text-align: center;\">560 (22)<\/p>\r\n<p style=\"text-align: center;\">1115 (44)<\/p>\r\n<\/td>\r\n<td width=\"96\">\r\n<p style=\"text-align: center;\">580 (23)<\/p>\r\n<p style=\"text-align: center;\">560 (22)<\/p>\r\n<p style=\"text-align: center;\">1115 (44)<\/p>\r\n<\/td>\r\n<\/tr>\r\n<tr>\r\n<td width=\"206\">Masse, kg\/livres<\/td>\r\n<td style=\"text-align: center;\" width=\"103\">\u00a0115\/254<\/td>\r\n<td style=\"text-align: center;\" width=\"103\">\u00a0125\/276<\/td>\r\n<td width=\"96\">\r\n<p style=\"text-align: center;\">145\/320<\/p>\r\n<\/td>\r\n<\/tr>\r\n<\/tbody>\r\n<\/table>"},{"tab_title":"Avantages","tab_content":"<ul>\r\n \t<li style=\"text-align: justify;\">facilit\u00e9 d\u2019entretien et fonctionnement;<\/li>\r\n \t<li style=\"text-align: justify;\">petit format:<\/li>\r\n \t<li style=\"text-align: justify;\">mobilit\u00e9.<\/li>\r\n<\/ul>"},{"tab_title":"Application","tab_content":"[product_oil_types]"},{"tab_title":"Webinaire","tab_content":"<div class=\"responsive-embed widescreen\">\r\n<div class=\"responsive-embed widescreen\">\r\n<div class=\"responsive-embed widescreen\">\r\n<div class=\"responsive-embed widescreen\">\r\n<div class=\"responsive-embed widescreen\">\r\n<div class=\"responsive-embed widescreen\"><iframe title=\"Maintenance du transformateur\" src=\"https:\/\/www.youtube.com\/embed\/wrpThx7GLbw?feature=oembed\" width=\"500\" height=\"281\" frameborder=\"0\" allowfullscreen=\"allowfullscreen\"><\/iframe><\/div>\r\n<\/div>\r\n<\/div>\r\n<\/div>\r\n<\/div>\r\n<\/div>"}],"add_video_tab":[{"video_tab_title":"Vid\u00e9o","add_video_id":[{"video_id":"OgAiJ84SpW8"},{"video_id":"BARyB-hDHIo"}]}],"add_gallery_tab":null,"add_price_tab":[{"price_tab_title":"Obtenir le prix"}]},"language":"fr","_links":{"self":[{"href":"https:\/\/globecore.com\/fr\/wp-json\/wp\/v2\/pages\/15595","targetHints":{"allow":["GET"]}}],"collection":[{"href":"https:\/\/globecore.com\/fr\/wp-json\/wp\/v2\/pages"}],"about":[{"href":"https:\/\/globecore.com\/fr\/wp-json\/wp\/v2\/types\/page"}],"author":[{"embeddable":true,"href":"https:\/\/globecore.com\/fr\/wp-json\/wp\/v2\/users\/7"}],"replies":[{"embeddable":true,"href":"https:\/\/globecore.com\/fr\/wp-json\/wp\/v2\/comments?post=15595"}],"version-history":[{"count":1,"href":"https:\/\/globecore.com\/fr\/wp-json\/wp\/v2\/pages\/15595\/revisions"}],"predecessor-version":[{"id":336064,"href":"https:\/\/globecore.com\/fr\/wp-json\/wp\/v2\/pages\/15595\/revisions\/336064"}],"up":[{"embeddable":true,"href":"https:\/\/globecore.com\/fr\/wp-json\/wp\/v2\/pages\/15680"}],"wp:featuredmedia":[{"embeddable":true,"href":"https:\/\/globecore.com\/fr\/wp-json\/wp\/v2\/media\/16067"}],"wp:attachment":[{"href":"https:\/\/globecore.com\/fr\/wp-json\/wp\/v2\/media?parent=15595"}],"wp:term":[{"taxonomy":"category","embeddable":true,"href":"https:\/\/globecore.com\/fr\/wp-json\/wp\/v2\/categories?post=15595"}],"curies":[{"name":"wp","href":"https:\/\/api.w.org\/{rel}","templated":true}]}}