{"id":15680,"date":"2017-09-20T07:50:32","date_gmt":"2017-09-20T07:50:32","guid":{"rendered":"https:\/\/globecore.com\/products\/oil-processing-equipment\/oil-filtration-pumping.html"},"modified":"2025-09-08T15:29:14","modified_gmt":"2025-09-08T15:29:14","slug":"filtration-de-lhuile","status":"publish","type":"page","link":"https:\/\/globecore.com\/fr\/products\/filtration-de-lhuile\/","title":{"rendered":"Purification et filtration de l&rsquo;huile"},"content":{"rendered":"<h2 style=\"text-align: center;\">Filtration de l&rsquo;huile\u00a0hydraulique:\u00a0 choix d\u2019un filtre<\/h2>\n<p style=\"text-align: justify;\">Les huiles hydrauliques sont utilis\u00e9es dans divers \u00e9quipements industriels (manipulateurs, machines-outils, robots, presses, etc.).\u00a0 Le fluide hydraulique sert principalement \u00e0 transf\u00e9rer l\u2019\u00e9nergie m\u00e9canique du lieu d\u2019origine vers le lieu de son emploi direct.<\/p>\n<p style=\"text-align: justify;\">Plus propre est fluide hydraulique, le mieux il accomplit sa fonction. La propret\u00e9 de l\u2019huile hydraulique est assur\u00e9e par filtration. Une filtration en plusieurs \u00e9tapes maintient un taux appropri\u00e9 de la puret\u00e9 d\u2019huile:<\/p>\n<ol style=\"text-align: justify;\">\n<li>filtration avant remplissage du syst\u00e8me;<\/li>\n<li>filtration ordinaire pendant le fonctionnement;<\/li>\n<li>filtration des huiles usag\u00e9es pour r\u00e9utilisation ult\u00e9rieure.<\/li>\n<\/ol>\n<p style=\"text-align: justify;\">Chacune des \u00e9tapes susmentionn\u00e9es a ses propres particularit\u00e9s. Dans cet article, nous examinerons en d\u00e9tail les recommandations de base \u00e0 la s\u00e9lection de filtres ordinaires des syst\u00e8mes hydrauliques.<\/p>\n<p style=\"text-align: justify;\">La premi\u00e8re r\u00e8gle prescrit l\u2019installation de filtres sur les conduites vers les pompes d&rsquo;aspiration. Ceci fait, on prot\u00e8ge toutes les parties de l\u2019entra\u00eenement hydraulique, y compris les pompes centrifuges.\u00a0 Si cela n\u2019est pas possible pour des raisons techniques, les filtres sont install\u00e9s dans les conduites de refoulement et de vidange.<\/p>\n<p style=\"text-align: justify;\">La plus grande protection doit \u00eatre apport\u00e9e aux parties d\u2019entra\u00eenement hydraulique (tiroirs, ralentisseurs) install\u00e9es dans la conduite de refoulement. La finesse de la\u00a0filtration de l&rsquo;huile doit \u00eatre choisie en fonction des conditions de fonctionnement.<\/p>\n<p style=\"text-align: justify;\">Les filtres sont \u00e0 installer sans avoir enlev\u00e9 les conduites, ouvert le r\u00e9servoir \u00e0 huile ou d\u00e9mont\u00e9 certains composants du syst\u00e8me hydraulique.\u00a0 S\u2019il y a des conduites \u00e0 d\u00e9bit continu automatique, il est conseill\u00e9 d\u2019installer les filtres sur les conduites d\u2019aspiration, qui peuvent \u00eatre remplac\u00e9es sans arr\u00eater le fonctionnement\u00a0 d\u2019une pompe.<\/p>\n<p style=\"text-align: justify;\">La taille d\u2019un filtre est calcul\u00e9e en fonction des param\u00e8tres suivants:\u00a0 variations de pression dans la conduite, d\u00e9bit et viscosit\u00e9 du fluide de travail.\u00a0 Habituellement, les sp\u00e9cifications \u00e9num\u00e9r\u00e9es sont indiqu\u00e9es dans le certificat d\u2019un filtre qu\u2019on ach\u00e8te.<\/p>\n<p style=\"text-align: justify;\">La\u00a0filtration de l&rsquo;huile est un processus important; il est donc n\u00e9cessaire d\u2019essayer les filtres avant la mise en service.\u00a0 En pratique, il y a deux voies d\u2019essais: ceux d\u2019acceptation et en laboratoire. Dans le premier cas, toutes les travaux n\u00e9cessaires sont effectu\u00e9s en usine.\u00a0 Les essais de contr\u00f4le d\u2019acceptation sont \u00e0 d\u00e9terminer les performances de r\u00e9sistance hydraulique d\u2019un filtre et d\u2019un \u00e9l\u00e9ment filtrant.<\/p>\n<p style=\"text-align: justify;\">Les essais en laboratoire, en plus des caract\u00e9ristiques \u00e9num\u00e9r\u00e9es, d\u00e9terminent \u00e9galement les dimensions g\u00e9om\u00e9triques et la pr\u00e9cision de fabrication.<\/p>\n<p style=\"text-align: justify;\">Vous trouverez plus d\u2019informations sur le filtrage d\u2019huile des \u00e9quipements hydrauliques sur le site globecore.com.<\/p>\n<h2 style=\"text-align: center;\">Filtration de l&rsquo;huile\u00a0de turbine<\/h2>\n<p style=\"text-align: justify;\">Il est tr\u00e8s difficile d\u2019imaginer l\u2019industrie \u00e9lectrique moderne sans turbines.\u00a0 Elles ont trouv\u00e9 un large usage dans l\u2019hydro\u00e9lectricit\u00e9, l\u2019\u00e9nergie \u00e9olienne et l\u2019\u00e9nergie nucl\u00e9aire.<\/p>\n<p style=\"text-align: justify;\">L\u2019efficacit\u00e9 op\u00e9rationnelle des turbines est due aux huiles sp\u00e9ciales qui assurent la lubrification des roulements et des bo\u00eetes d\u2019engrenages; elles pr\u00e9viennent et affaiblissent le frottement, r\u00e9duisent l&rsquo;usure.<\/p>\n<p style=\"text-align: justify;\">Plus propre est l\u2019huile, le mieux elle accomplit sa fonction. La turbine et l\u2019huile elle-m\u00eame fonctionnent dans des conditions difficiles. L\u2019huile accumule diverses impuret\u00e9s nocives et produits vieillissants qui peuvent entra\u00eener les arr\u00eats d\u2019urgence, les r\u00e9parations impr\u00e9vues, les d\u00e9penses dues au remplacement d\u2019huile et la perte de puissance.<\/p>\n<p style=\"text-align: justify;\">La\u00a0filtration de l&rsquo;huile de turbine peut rem\u00e9dier \u00e0 la situation. \u00a0<em><strong>GlobeCore<\/strong><\/em> est l\u2019acteur majeur dans le secteur des \u00e9quipements de\u00a0filtration de l&rsquo;huile \u00e0 l\u2019usage industriel. L\u2019installation CMM-T a \u00e9t\u00e9 sp\u00e9cialement con\u00e7ue par <em><strong>GlobeCore<\/strong><\/em> pour la purification d\u2019huile de turbine. Son principe de fonctionnement est bas\u00e9 sur l\u2019effet complexe de la haute temp\u00e9rature et du vide pouss\u00e9, ainsi que sur la\u00a0filtration de l&rsquo;huile \u00e0 de nombreuses reprises \u00e0 travers l&rsquo;unit\u00e9 de filtrage.\u00a0 La finesse de la filtration est inf\u00e9rieure \u00e0 5 \u03bcm et la teneur en humidit\u00e9 par masse &#8211; pas plus de 10 g\/t.<\/p>\n<p style=\"text-align: center;\"><img loading=\"lazy\" decoding=\"async\" class=\"aligncenter wp-image-14397 size-full lazyload\" title=\"filtration de l&#039;huile\" src=\"data:image\/gif;base64,R0lGODlhAQABAAAAACH5BAEKAAEALAAAAAABAAEAAAICTAEAOw==\" alt=\"filtration de l&#039;huile\" width=\"1008\" height=\"538\" sizes=\"auto, (max-width: 1008px) 100vw, 1008px\" data-src=\"https:\/\/globecore.com\/wp-content\/uploads\/2017\/09\/Screenshot_12.jpg\" data-srcset=\"https:\/\/globecore.com\/wp-content\/uploads\/2017\/09\/Screenshot_12.jpg 1008w, https:\/\/globecore.com\/wp-content\/uploads\/2017\/09\/Screenshot_12-600x320.jpg 600w\"><\/p>\n<p style=\"text-align: justify;\">En fonction de l\u2019objectif requis, la <strong>CMM-T<\/strong> peut travailler dans l&rsquo;un des trois modes suivants:<\/p>\n<ul style=\"text-align: justify;\">\n<li>filtration et chauffage d\u2019huile;<\/li>\n<li>filtration, d\u00e9shydratation et d\u00e9gazage d\u2018huile;<\/li>\n<li>mise sous vide de l\u2019\u00e9quipement.<\/li>\n<\/ul>\n<p style=\"text-align: justify;\">Il est \u00e9galement possible de choisir une installation en version fixe ou mobile.<\/p>\n<p style=\"text-align: justify;\">La filtration opportune des huiles de turbine fait \u00e9viter un certain nombre de cons\u00e9quences d\u00e9sagr\u00e9ables et elle assure:<\/p>\n<ul style=\"text-align: justify;\">\n<li>r\u00e9duction des co\u00fbts d\u2019exploitation des turbines \u00e9nerg\u00e9tiques;<\/li>\n<li>r\u00e9duction de la consommation des huiles de turbine en prolongeant leur dur\u00e9e de vie;<\/li>\n<li>r\u00e9duction des d\u00e9chets, en premier lieu, des huiles usag\u00e9es;<\/li>\n<li>\u00e9limination des arr\u00eats impr\u00e9vus des groupes \u00e9lectrog\u00e8nes;<\/li>\n<li>r\u00e9duction des co\u00fbts \u00e0 la r\u00e9paration des roulements, pompes et d\u2019autres pi\u00e8ces.<\/li>\n<\/ul>\n<p style=\"text-align: justify;\">\u00c0 la demande du client, <em><strong>GlobeCore<\/strong><\/em> peut compl\u00e9ter l\u2019ensemble de fourniture de l\u2019\u00e9quipement \u00e0 filtration d\u2019huile de turbine par:<\/p>\n<ul style=\"text-align: justify;\">\n<li>capteurs et compteurs suppl\u00e9mentaires (humidit\u00e9,\u00a0 comptage des particules, etc.);<\/li>\n<li>commande \u00e0 distance et surveillance de processus via smartphone ou PC;<\/li>\n<li>mont\u00e9 sur une remorque, sur des rouleaux ou des roues pneumatiques;<\/li>\n<li>moyens de r\u00e9glage de capacit\u00e9.<\/li>\n<\/ul>\n<p style=\"text-align: justify;\">Un design antid\u00e9flagrant et r\u00e9sistant \u00e0 la corrosion est \u00e9galement possible.<\/p>\n<p style=\"text-align: justify;\">Vous trouverez\u00a0 sur le site globecore.com plus d\u2019informations sur les installations <em><strong>GlobeCore<\/strong><\/em> de filtrage d\u2019huile de turbine.<\/p>\n<h2 style=\"text-align: center;\">Filtration d\u2019huile de transformateur<\/h2>\n<p style=\"text-align: justify;\">Il est difficile d\u2019imaginer les processus modernes de transmission et de distribution d\u2019\u00e9nergie \u00e9lectrique sans transformateur de puissance Cet \u00e9quipement doit \u00eatre bien refroidit vue \u00e9ventuel claquage d\u2019isolation. Cette fonction est accomplit par les huiles min\u00e9rales.<\/p>\n<p style=\"text-align: justify;\">Habituellement, un fonctionnement \u00e0 long terme de l\u2019\u00e9quipement transformateur entra\u00eene un vieillissement de l&rsquo;huile. C\u2019est la cons\u00e9quence d\u2019une influence complexe de plusieurs facteurs:<\/p>\n<ul style=\"text-align: justify;\">\n<li>p\u00e9n\u00e9tration d\u2019eau libre et \u00e9mulsionn\u00e9e;<\/li>\n<li>les particules m\u00e9caniques augmentent la viscosit\u00e9;<\/li>\n<li>accumulation des produits de d\u00e9gradation sur l&rsquo;isolation solide;<\/li>\n<li>accumulation des produits de d\u00e9composition d\u2019additifs;<\/li>\n<li>accumulation de produits de d\u00e9composition d\u2019hydrocarbures.<\/li>\n<\/ul>\n<p style=\"text-align: justify;\">Le processus de vieillissement, donc la prolongation de la dur\u00e9e de vie du liquide isolant, peut \u00eatre ralenti par la filtration d\u2019huile.\u00a0 A une fr\u00e9quence de traitement incorrecte, les ph\u00e9nom\u00e8nes n\u00e9gatifs suivants peuvent se produire:<\/p>\n<ul style=\"text-align: justify;\">\n<li>diminution de l&rsquo;efficacit\u00e9 du refroidissement;<\/li>\n<li>rigidit\u00e9 di\u00e9lectrique r\u00e9duite;<\/li>\n<li>corrosion du noyau de transformateur et du corps de bobine;<\/li>\n<li>accumulation de s\u00e9diment sur les surfaces internes;<\/li>\n<li>risque de situations d\u2019urgence.<\/li>\n<\/ul>\n<p style=\"text-align: justify;\">La filtration d\u2019huile de transformateur permet d\u2019\u00e9liminer opportun\u00e9ment des impuret\u00e9s m\u00e9caniques. Elles ne sont pas la seule mati\u00e8re polluante, mais se r\u00e9v\u00e8lent n\u00e9anmoins dangereuses:<\/p>\n<ul style=\"text-align: justify;\">\n<li>elles forment plusieurs couches sur l\u2019enroulement et le circuit magn\u00e9tique;<\/li>\n<li>provoquent la formation de l\u2019eau \u00e9mulsionn\u00e9e;<\/li>\n<li>font perturber l\u2019\u00e9vacuation de la chaleur et r\u00e9duire l\u2019efficacit\u00e9 du refroidissement;<\/li>\n<li>elles forment une couche sous laquelle la corrosion et la destruction de l\u2019isolation se passent plus vite.<\/li>\n<\/ul>\n<p style=\"text-align: justify;\">La soci\u00e9t\u00e9<em><strong> GlobeCore<\/strong><\/em> a d\u00e9velopp\u00e9 les installations mobiles de filtration d\u2019huile transformateur, mod\u00e8le <strong>CMM-4.0CF<\/strong>. Cet \u00e9quipement est facile \u00e0 entretenir et \u00e0 utiliser.\u00a0 Il a mis en \u0153uvre le principe d\u2019une filtration complexe de l\u2019huile \u00e0 travers des filtres gros et fins, ainsi que l\u2019effet de la temp\u00e9rature et du vide.\u00a0\u00a0 Ce proc\u00e9d\u00e9 fait possible la purification d\u2019huile transformateur non seulement des impuret\u00e9s m\u00e9caniques, mais aussi de l&rsquo;eau.<\/p>\n<p style=\"text-align: justify;\">Apr\u00e8s filtration, l\u2019huile devient comme \u00e7a:<\/p>\n<ul style=\"text-align: justify;\">\n<li>d\u00e9shydratation jusqu&rsquo;\u00e0 98%;<\/li>\n<li>purification des impuret\u00e9s m\u00e9caniques jusqu&rsquo;\u00e0 97%.<\/li>\n<\/ul>\n<p style=\"text-align: justify;\">L\u2019\u00e9quipement de filtration <em><strong>GlobeCore<\/strong><\/em> augmente la fiabilit\u00e9 des transformateurs de puissance, exclue les r\u00e9parations impr\u00e9vues et le temps mort, fait \u00e9pargner de l\u2019argent autrement d\u00e9pens\u00e9 \u00e0 l\u2019achat d\u2019huile fra\u00eeche.<\/p>\n<p style=\"text-align: justify;\">A la demande du client <strong><em>GlobeCore<\/em><\/strong> fabrique des installations de filtration d\u2019huile sur mesure selon les besoins clients; on supervise les travaux de la mise en route et de r\u00e9glage et on pr\u00eate son concours \u00e0 la mise en service des \u00e9quipements.\u00a0 En outre, il est possible d\u2019ajouter de nouvelles possibilit\u00e9s et fonctions (par exemple, un compteur de particules m\u00e9caniques ou la surveillance \u00e0 distance via un smartphone ou un PC).<\/p>\n","protected":false},"excerpt":{"rendered":"<p>Filtration de l&rsquo;huile\u00a0hydraulique:\u00a0 choix d\u2019un filtre Les huiles hydrauliques sont utilis\u00e9es dans divers \u00e9quipements industriels (manipulateurs, machines-outils, robots, presses, etc.).\u00a0 Le fluide hydraulique sert principalement \u00e0 transf\u00e9rer l\u2019\u00e9nergie m\u00e9canique du lieu d\u2019origine vers le lieu de son emploi direct. Plus propre est fluide hydraulique, le mieux il accomplit sa fonction. La propret\u00e9 de l\u2019huile hydraulique<a class=\"cg-read-more\" href=\"https:\/\/globecore.com\/fr\/products\/filtration-de-lhuile\/\" target=\"_blank\">Read More <\/a><\/p>\n","protected":false},"author":7,"featured_media":38278,"parent":14716,"menu_order":0,"comment_status":"closed","ping_status":"closed","template":"templates\/products-sidebar.php","meta":{"_acf_changed":false,"_bbp_topic_count":0,"_bbp_reply_count":0,"_bbp_total_topic_count":0,"_bbp_total_reply_count":0,"_bbp_voice_count":0,"_bbp_anonymous_reply_count":0,"_bbp_topic_count_hidden":0,"_bbp_reply_count_hidden":0,"_bbp_forum_subforum_count":0,"footnotes":""},"categories":[],"class_list":["post-15680","page","type-page","status-publish","has-post-thumbnail","hentry"],"acf":[],"language":"fr","_links":{"self":[{"href":"https:\/\/globecore.com\/fr\/wp-json\/wp\/v2\/pages\/15680","targetHints":{"allow":["GET"]}}],"collection":[{"href":"https:\/\/globecore.com\/fr\/wp-json\/wp\/v2\/pages"}],"about":[{"href":"https:\/\/globecore.com\/fr\/wp-json\/wp\/v2\/types\/page"}],"author":[{"embeddable":true,"href":"https:\/\/globecore.com\/fr\/wp-json\/wp\/v2\/users\/7"}],"replies":[{"embeddable":true,"href":"https:\/\/globecore.com\/fr\/wp-json\/wp\/v2\/comments?post=15680"}],"version-history":[{"count":0,"href":"https:\/\/globecore.com\/fr\/wp-json\/wp\/v2\/pages\/15680\/revisions"}],"up":[{"embeddable":true,"href":"https:\/\/globecore.com\/fr\/wp-json\/wp\/v2\/pages\/14716"}],"wp:featuredmedia":[{"embeddable":true,"href":"https:\/\/globecore.com\/fr\/wp-json\/wp\/v2\/media\/38278"}],"wp:attachment":[{"href":"https:\/\/globecore.com\/fr\/wp-json\/wp\/v2\/media?parent=15680"}],"wp:term":[{"taxonomy":"category","embeddable":true,"href":"https:\/\/globecore.com\/fr\/wp-json\/wp\/v2\/categories?post=15680"}],"curies":[{"name":"wp","href":"https:\/\/api.w.org\/{rel}","templated":true}]}}