{"id":15733,"date":"2018-07-26T07:32:03","date_gmt":"2018-07-26T07:32:03","guid":{"rendered":"https:\/\/globecore.com\/products\/oil-processing-equipment\/accessories-and-options.html"},"modified":"2025-01-15T12:06:37","modified_gmt":"2025-01-15T12:06:37","slug":"accessoires","status":"publish","type":"page","link":"https:\/\/globecore.com\/fr\/products\/accessoires\/","title":{"rendered":"Accessoires"},"content":{"rendered":"<p>&nbsp;<\/p>\n<p style=\"text-align: justify;\">Le site pr\u00e9sente les installations dans la configuration de base. Mais en raison des particularit\u00e9s des processus technologiques dans les entreprises, les \u00e9quipements peuvent inclure des composants non standard et sont souvent fabriqu\u00e9s en tenant compte des souhaits individuels de nos clients.<\/p>\n<p style=\"text-align: justify;\">Nous vous recommandons d&rsquo;utiliser uniquement des pi\u00e8ces de rechange d&rsquo;origine <em><strong>GlobeCore<\/strong><\/em> pour vos installations. Ils peuvent \u00eatre achet\u00e9s directement aupr\u00e8s de <em><strong>GlobeCore<\/strong><\/em> ou de ses revendeurs. Nos revendeurs disposent de toutes les informations n\u00e9cessaires concernant la s\u00e9lection correcte des pi\u00e8ces de rechange et des accessoires pour chaque installation individuelle et vous fourniront les conseils n\u00e9cessaires.<\/p>\n<p style=\"text-align: justify;\">En cas d&rsquo;utilisation de composants ou de pi\u00e8ces d\u00e9tach\u00e9es non recommand\u00e9s par <em><strong>GlobeCore<\/strong><\/em>, notre soci\u00e9t\u00e9 ne peut garantir le fonctionnement fiable des installations et la conformit\u00e9 des caract\u00e9ristiques du produit en sortie avec les param\u00e8tres d\u00e9clar\u00e9s. Par cons\u00e9quent, nous d\u00e9clinons toute responsabilit\u00e9 pour les dommages possibles \u00e0 ces pi\u00e8ces de rechange et composants, ainsi que pour les dysfonctionnements de l&rsquo;\u00e9quipement.<\/p>\n<p style=\"text-align: justify;\">Nous vous rappelons \u00e9galement que l&rsquo;utilisation de pi\u00e8ces et composants non approuv\u00e9s par <em><strong>GlobeCore<\/strong><\/em> est une raison suffisante pour annuler la garantie.<\/p>\n<p style=\"text-align: justify;\"><em><strong>GlobeCore<\/strong><\/em> se r\u00e9serve le droit d&rsquo;apporter des am\u00e9liorations techniques \u00e0 son \u00e9quipement pour am\u00e9liorer ses performances sans pr\u00e9avis particulier.<\/p>\n","protected":false},"excerpt":{"rendered":"<p>&nbsp; Le site pr\u00e9sente les installations dans la configuration de base. Mais en raison des particularit\u00e9s des processus technologiques dans les entreprises, les \u00e9quipements peuvent inclure des composants non standard et sont souvent fabriqu\u00e9s en tenant compte des souhaits individuels de nos clients. Nous vous recommandons d&rsquo;utiliser uniquement des pi\u00e8ces de rechange d&rsquo;origine GlobeCore pour<a class=\"cg-read-more\" href=\"https:\/\/globecore.com\/fr\/products\/accessoires\/\" target=\"_blank\">Read More <\/a><\/p>\n","protected":false},"author":7,"featured_media":18662,"parent":14716,"menu_order":0,"comment_status":"closed","ping_status":"closed","template":"templates\/products-sidebar.php","meta":{"_acf_changed":false,"_bbp_topic_count":0,"_bbp_reply_count":0,"_bbp_total_topic_count":0,"_bbp_total_reply_count":0,"_bbp_voice_count":0,"_bbp_anonymous_reply_count":0,"_bbp_topic_count_hidden":0,"_bbp_reply_count_hidden":0,"_bbp_forum_subforum_count":0,"footnotes":""},"categories":[],"class_list":["post-15733","page","type-page","status-publish","has-post-thumbnail","hentry"],"acf":[],"language":"fr","_links":{"self":[{"href":"https:\/\/globecore.com\/fr\/wp-json\/wp\/v2\/pages\/15733","targetHints":{"allow":["GET"]}}],"collection":[{"href":"https:\/\/globecore.com\/fr\/wp-json\/wp\/v2\/pages"}],"about":[{"href":"https:\/\/globecore.com\/fr\/wp-json\/wp\/v2\/types\/page"}],"author":[{"embeddable":true,"href":"https:\/\/globecore.com\/fr\/wp-json\/wp\/v2\/users\/7"}],"replies":[{"embeddable":true,"href":"https:\/\/globecore.com\/fr\/wp-json\/wp\/v2\/comments?post=15733"}],"version-history":[{"count":0,"href":"https:\/\/globecore.com\/fr\/wp-json\/wp\/v2\/pages\/15733\/revisions"}],"up":[{"embeddable":true,"href":"https:\/\/globecore.com\/fr\/wp-json\/wp\/v2\/pages\/14716"}],"wp:featuredmedia":[{"embeddable":true,"href":"https:\/\/globecore.com\/fr\/wp-json\/wp\/v2\/media\/18662"}],"wp:attachment":[{"href":"https:\/\/globecore.com\/fr\/wp-json\/wp\/v2\/media?parent=15733"}],"wp:term":[{"taxonomy":"category","embeddable":true,"href":"https:\/\/globecore.com\/fr\/wp-json\/wp\/v2\/categories?post=15733"}],"curies":[{"name":"wp","href":"https:\/\/api.w.org\/{rel}","templated":true}]}}