{"id":15801,"date":"2017-11-09T08:41:32","date_gmt":"2017-11-09T08:41:32","guid":{"rendered":"https:\/\/globecore.com\/cmm-g.html"},"modified":"2026-03-06T14:24:26","modified_gmt":"2026-03-06T14:24:26","slug":"cmm-g","status":"publish","type":"page","link":"https:\/\/globecore.com\/fr\/products\/entretien-des-eoliennes\/cmm-g\/","title":{"rendered":"CMM-G Unit\u00e9 de remplacement d\u2019huile dans les r\u00e9ducteurs d\u2019\u00e9oliennes"},"content":{"rendered":"","protected":false},"excerpt":{"rendered":"<p>L\u2019unit\u00e9 CMM-G est con\u00e7ue pour un processus en trois \u00e9tapes de changement d\u2019huile dans les bo\u00eetes de vitesses d\u2019\u00e9oliennes : vidange de l\u2019huile us\u00e9e, rin\u00e7age de la bo\u00eete de vitesses et remplissage avec de l\u2019huile neuve. Elle permet un entretien rapide et efficace des syst\u00e8mes d\u2019huile des \u00e9oliennes et est compatible avec les turbines de diff\u00e9rents fabricants. L\u2019unit\u00e9 peut \u00e9galement chauffer l\u2019huile propre avant le remplissage.<\/p>\n","protected":false},"author":7,"featured_media":11045,"parent":15808,"menu_order":0,"comment_status":"closed","ping_status":"closed","template":"templates\/single-product.php","meta":{"_acf_changed":false,"_bbp_topic_count":0,"_bbp_reply_count":0,"_bbp_total_topic_count":0,"_bbp_total_reply_count":0,"_bbp_voice_count":0,"_bbp_anonymous_reply_count":0,"_bbp_topic_count_hidden":0,"_bbp_reply_count_hidden":0,"_bbp_forum_subforum_count":0,"footnotes":""},"categories":[2568],"class_list":["post-15801","page","type-page","status-publish","has-post-thumbnail","hentry","category-energies-renouvelables-biocarburants","oil_type-huile-de-transmission","oil_type-huile-pour-transformateur","process_type-changement"],"acf":{"add_tab":[{"tab_title":"Description","tab_content":"CMM-G est con\u00e7u pour le remplacement de l\u2019huile d\u2019\u00e9olienne par le processus \u00e0 trois \u00e9tapes (vidange d\u2019huile us\u00e9e, rin\u00e7age de la bo\u00eete de vitesses et remplissage de l'huile neuve). L\u2019unit\u00e9 permet l\u2019entretien rapide et efficace du circuit d'huile d'\u00e9olienne. L\u2019unit\u00e9 peut \u00eatre utilis\u00e9e \u00e0 l\u2019entretien des \u00e9oliennes produites par de nombreux fabricants diff\u00e9rents. CMM-G peut \u00e9galement chauffer l'huile propre.\r\n\r\n<strong>L\u2019unit\u00e9 remplace l\u2019huile min\u00e9rale et synth\u00e9tique aux propri\u00e9t\u00e9s suivantes :<\/strong>\r\n<ul>\r\n \t<li>la viscosit\u00e9 cin\u00e9matique \u00e0 40\u00b0C - 8\u202612 mm2\/sec;<\/li>\r\n \t<li>densit\u00e9 \u00e0 20\u00b0C, - 800\u2026950 kg\/m3;<\/li>\r\n \t<li>ISO 4406 Classe de puret\u00e9 - 14 ou mieux.<\/li>\r\n<\/ul>\r\n<h2><strong>L\u2019unit\u00e9 CMM-G de remplacement d\u2019huile<\/strong><\/h2>\r\nLes solutions sur l\u2019huile pour engrenages\r\n\r\nCMM-G est install\u00e9e sur une remorque et se compose de logement, de r\u00e9servoirs \u00e0 l\u2019huile utilis\u00e9e\/fraiche et d\u2019enrouleur de flexibles. Les parois lat\u00e9rales du logement sont \u00e9quip\u00e9es de portes pour l'acc\u00e8s et l'entretien. Le compartiment accessoire est situ\u00e9 sur le c\u00f4t\u00e9 gauche du logement.\u00a0 Le compartiment \u00e0 la porte roulante contient un g\u00e9n\u00e9rateur pour alimenter l\u2019unit\u00e9 si la connexion au r\u00e9seau n'est pas disponible. Les param\u00e8tres de traitement et les vannes automatiques sont command\u00e9s par le contr\u00f4leur. Le bout du flexible de sortie est am\u00e9nag\u00e9 d'un compteur.\r\n<h2><strong>M<\/strong><strong>ode op\u00e9rationnel de l\u2019unit\u00e9 de remplacement d\u2019huile CMM-G <\/strong><\/h2>\r\n<img class=\"wp-image-7830 size-full\" src=\"https:\/\/globecore.com\/wp-content\/uploads\/2017\/11\/CMM-G.jpg\" alt=\"Gear oil Changer\" width=\"900\" height=\"397\" \/>\r\n\r\nR\u00e9servoirs \u00e0 250 gallons\/950 litres.\r\n<h3><strong>Mode vidange d\u2019huile usag\u00e9e <\/strong><\/h3>\r\nDans ce mode, la pompe \u00e0 vide de l\u2019unit\u00e9 fait extraire l\u2019huile de la bo\u00eete de vitesses d\u2019\u00e9olienne dans l\u2019unit\u00e9.\r\n<h3><strong>Mode rin\u00e7age de la bo\u00eete de vitesses<\/strong><\/h3>\r\nDans ce mode, l\u2019huile de rin\u00e7age est pomp\u00e9e \u00e0 la hauteur jusqu\u2019\u00e0 105 m\u00e8tres, et elle est introduite dans la bo\u00eete de vitesses \u00e0 une pression de 5 bar, en emportant le reste de l'huile et les particules.\r\n<h3><strong>Mode chauffage et filtration<\/strong><\/h3>\r\nCe mode est n\u00e9cessaire au chauffage rapide et \u00e0 la filtration de l'huile propre avant le remplissage. Une fois la temp\u00e9rature de l\u2019huile est de 70\u00b0C, elle est pomp\u00e9e dans la bo\u00eete de vitesses.\r\n\r\nLorsque le mode de filtration et de chauffage est en marche, il est possible en m\u00eame temps remplir d\u2019huile la bo\u00eete de vitesses et chauffer la suivante portion de l\u2019huile pour remplir la prochaine turbine.\r\n<h3><strong>Mode d'alimentation d'huile propre<\/strong><\/h3>\r\nDans ce mode, la pompe de l\u2019unit\u00e9 fournit de l\u2019huile \u00e0 la hauteur jusqu\u2019\u00e0 105 m\u00e8tres. Dans le m\u00eame temps, l\u2019huile est filtr\u00e9e par les filtres de 3 et 25 \u03bcm."}],"add_def_tab":[{"tab_title":"Caract\u00e9ristiques","tab_content":"<table width=\"455\">\r\n<tbody>\r\n<tr>\r\n<td colspan=\"2\" width=\"349\"><strong>Param\u00e8tre<\/strong><\/td>\r\n<td colspan=\"2\" width=\"107\"><strong>Valeur<\/strong><\/td>\r\n<\/tr>\r\n<tr>\r\n<td colspan=\"3\" width=\"403\">1. Vitesse de vidange huile, m\u00b3\/heure, pas moins de<\/td>\r\n<td style=\"text-align: center;\" width=\"52\">0,8<\/td>\r\n<\/tr>\r\n<tr>\r\n<td colspan=\"3\" width=\"403\">2. Vitesse de drainage huile, m\u00b3\/heure, pas moins de<\/td>\r\n<td style=\"text-align: center;\" width=\"52\">0,5<\/td>\r\n<\/tr>\r\n<tr>\r\n<td colspan=\"2\" width=\"349\">3. Temp\u00e9rature max. de sortie d\u2019huile, mode chauffage, \u00ba\u0421<\/td>\r\n<td style=\"text-align: center;\" colspan=\"2\" width=\"107\">70<\/td>\r\n<\/tr>\r\n<tr>\r\n<td colspan=\"2\" width=\"349\">4. Pression \u00e0 la sortie, MPa<\/td>\r\n<td style=\"text-align: center;\" colspan=\"2\" width=\"107\">1,3<\/td>\r\n<\/tr>\r\n<tr>\r\n<td colspan=\"2\" width=\"349\">5. Puissance du r\u00e9chauffeur d\u2019huile, kW, max<\/td>\r\n<td style=\"text-align: center;\" colspan=\"2\" width=\"107\">4,8<\/td>\r\n<\/tr>\r\n<tr>\r\n<td colspan=\"2\" width=\"349\">6. Consommation \u00e9lectrique max., kW<\/td>\r\n<td style=\"text-align: center;\" colspan=\"2\" width=\"107\">8<\/td>\r\n<\/tr>\r\n<tr>\r\n<td colspan=\"4\" width=\"455\">7. Source d\u2019\u00e9nergie<\/td>\r\n<\/tr>\r\n<tr>\r\n<td rowspan=\"2\" width=\"18\"><\/td>\r\n<td width=\"330\">\u2014 tension, V<\/td>\r\n<td style=\"text-align: center;\" colspan=\"2\" width=\"107\">380<\/td>\r\n<\/tr>\r\n<tr>\r\n<td width=\"330\">\u2014 fr\u00e9quence CA, Hz<\/td>\r\n<td style=\"text-align: center;\" colspan=\"2\" width=\"107\">50<\/td>\r\n<\/tr>\r\n<tr>\r\n<td colspan=\"4\" width=\"455\">8. Dimensions, mm, max<\/td>\r\n<\/tr>\r\n<tr>\r\n<td rowspan=\"3\" width=\"18\"><\/td>\r\n<td width=\"330\">\u2013 longueur<\/td>\r\n<td style=\"text-align: center;\" colspan=\"2\" width=\"107\">5700<\/td>\r\n<\/tr>\r\n<tr>\r\n<td width=\"330\">\u2013 largeur<\/td>\r\n<td style=\"text-align: center;\" colspan=\"2\" width=\"107\">2400<\/td>\r\n<\/tr>\r\n<tr>\r\n<td width=\"330\">\u2013 hauteur<\/td>\r\n<td style=\"text-align: center;\" colspan=\"2\" width=\"107\">1650<\/td>\r\n<\/tr>\r\n<tr>\r\n<td colspan=\"2\" width=\"349\">9. Poids \u00e0 vide, kg, max<\/td>\r\n<td style=\"text-align: center;\" colspan=\"2\" width=\"107\">2500<\/td>\r\n<\/tr>\r\n<\/tbody>\r\n<\/table>\r\n<strong>Avant de passer \u00e0 un autre type d\u2019huile, proc\u00e9dez comme suit :<\/strong>\r\n<ul>\r\n \t<li>rincer l\u2019unit\u00e9 pour emp\u00eacher le m\u00e9lange de diff\u00e9rents types d\u2019huile (min\u00e9rale et synth\u00e9tique);<\/li>\r\n \t<li>remplacer les \u00e9l\u00e9ments du filtre.<\/li>\r\n<\/ul>"},{"tab_title":"Avantages","tab_content":"<strong>Le remplisseur CMM-G d\u2019huile de bo\u00eete de vitesses offre les avantages suivants :<\/strong>\r\n<ul>\r\n \t<li>mobilit\u00e9;<\/li>\r\n \t<li>possibilit\u00e9 de fonctionnement au climat rigoureux;<\/li>\r\n \t<li>automatisation compl\u00e8te des processus;<\/li>\r\n \t<li>correction automatique de l\u2019\u00e9coulement de l\u2019huile lorsque les conditions de traitement changent (l\u2019\u00e9tat du filtre \u00e0 huile, la hauteur d\u2019alimentation etc.);<\/li>\r\n \t<li>la vidange d\u2019huile et le remplissage d\u2019huile neuve prend moins d\u2019une heure;<\/li>\r\n \t<li>enrouleur est \u00e9quip\u00e9 de moteurs \u00e9lectriques pour le rembobinage rapide des flexibles.<\/li>\r\n<\/ul>\r\n<h2><strong>CMM-G EST<\/strong><\/h2>\r\n<figure id=\"attachment_7833\" class=\"wp-caption alignleft\" style=\"width: 235px;\" aria-describedby=\"caption-attachment-7833\"><img class=\"image-adwan wp-image-7833\" title=\"Gearbox Oil Changer 7 inch touch panel\" src=\"https:\/\/globecore.com\/wp-content\/uploads\/2017\/11\/2.jpg\" alt=\"Gearbox Oil Changer 7 inch touch panel\" width=\"235\" height=\"224\" \/><figcaption id=\"caption-attachment-7833\" class=\"wp-caption-text\">Ecran tactile 7 pouces<\/figcaption><\/figure>\r\n<figure id=\"attachment_7834\" class=\"wp-caption alignleft\" style=\"width: 235px;\" aria-describedby=\"caption-attachment-7834\"><img class=\"image-adwan wp-image-7834\" title=\"Wind Turbine Automatic hose reeling on drums\" src=\"https:\/\/globecore.com\/wp-content\/uploads\/2017\/11\/3.jpg\" alt=\"Wind Turbine Automatic hose reeling on drums\" width=\"235\" height=\"230\" \/><figcaption id=\"caption-attachment-7834\" class=\"wp-caption-text\">Rembobinage automatique de flexible sur l\u2019enrouleur<\/figcaption><\/figure>\r\n<figure id=\"attachment_7835\" class=\"wp-caption alignleft\" style=\"width: 192px;\" aria-describedby=\"caption-attachment-7835\"><img class=\"image-adwan wp-image-7835 size-full\" title=\"Flow control system\" src=\"https:\/\/globecore.com\/wp-content\/uploads\/2017\/11\/4.jpg\" alt=\"Flow control system\" width=\"192\" height=\"186\" \/><figcaption id=\"caption-attachment-7835\" class=\"wp-caption-text\">Syst\u00e8me de commande du courant<\/figcaption><\/figure>\r\n<figure id=\"attachment_7836\" class=\"wp-caption alignleft\" style=\"width: 235px;\" aria-describedby=\"caption-attachment-7836\"><img class=\"wp-image-7836\" title=\"Smart heating control\" src=\"https:\/\/globecore.com\/wp-content\/uploads\/2017\/11\/5.jpg\" alt=\"Wind Turbine Smart heating control\" width=\"235\" height=\"228\" \/><figcaption id=\"caption-attachment-7836\" class=\"wp-caption-text\">Ing\u00e9nieuse commande de chauffage<\/figcaption><\/figure>\r\n<figure id=\"attachment_7837\" class=\"wp-caption alignleft\" style=\"width: 235px;\" aria-describedby=\"caption-attachment-7837\"><img class=\"wp-image-7837\" title=\"Generator power\" src=\"https:\/\/globecore.com\/wp-content\/uploads\/2017\/11\/6.jpg\" alt=\"Wind Turbine Generator power\" width=\"235\" height=\"228\" \/><figcaption id=\"caption-attachment-7837\" class=\"wp-caption-text\">G\u00e9n\u00e9rateur \u00e9lectrique<\/figcaption><\/figure>\r\n<figure id=\"attachment_7839\" class=\"wp-caption alignleft\" style=\"width: 235px;\" aria-describedby=\"caption-attachment-7839\"><img class=\"wp-image-7839\" title=\"2 axle trailer mobile design\" src=\"https:\/\/globecore.com\/wp-content\/uploads\/2017\/11\/8.jpg\" alt=\"2 axle trailer mobile design\" width=\"235\" height=\"228\" \/><figcaption id=\"caption-attachment-7839\" class=\"wp-caption-text\">Install\u00e9 sur une remorque \u00e0 2 essieux<\/figcaption><\/figure>\r\n<figure id=\"attachment_7838\" class=\"wp-caption alignleft\" style=\"width: 235px;\" aria-describedby=\"caption-attachment-7838\"><img class=\"wp-image-7838\" title=\"Power grid connection capability\" src=\"https:\/\/globecore.com\/wp-content\/uploads\/2017\/11\/7.jpg\" alt=\"Wind Turbine Gearbox Power grid connection capability\" width=\"235\" height=\"228\" \/><figcaption id=\"caption-attachment-7838\" class=\"wp-caption-text\">Possibilit\u00e9 de connexion au r\u00e9seau \u00e9lectrique<\/figcaption><\/figure>\r\n<figure id=\"attachment_7840\" class=\"wp-caption alignleft\" style=\"width: 235px;\" aria-describedby=\"caption-attachment-7840\"><img class=\"wp-image-7840\" title=\"Servicing height up to 100 meters\" src=\"https:\/\/globecore.com\/wp-content\/uploads\/2017\/11\/9.jpg\" alt=\"Wind Turbine Gearbox Servicing height up to 100 meters\" width=\"235\" height=\"228\" \/><figcaption id=\"caption-attachment-7840\" class=\"wp-caption-text\">Entretien \u00e0 la hauteur jusqu\u2019\u00e0 100 m\u00e8tres<\/figcaption><\/figure>\r\n<figure id=\"attachment_7841\" class=\"wp-caption alignleft\" style=\"width: 235px;\" aria-describedby=\"caption-attachment-7841\"><img class=\"wp-image-7841\" title=\"Full automation\" src=\"https:\/\/globecore.com\/wp-content\/uploads\/2017\/11\/one.jpg\" alt=\"Wind Turbine Gearbox Full automation\" width=\"235\" height=\"228\" \/><figcaption id=\"caption-attachment-7841\" class=\"wp-caption-text\">Automation compl\u00e8te<\/figcaption><\/figure>"},{"tab_title":"Application","tab_content":"[product_oil_types]"},{"tab_title":"Webinaire","tab_content":"<div class=\"responsive-embed widescreen\">\r\n<div class=\"responsive-embed widescreen\">\r\n<div class=\"responsive-embed widescreen\">\r\n<div class=\"responsive-embed widescreen\">\r\n<div class=\"responsive-embed widescreen\">\r\n<div class=\"responsive-embed widescreen\"><iframe title=\"Maintenance des \u00e9oliennes\" src=\"https:\/\/www.youtube.com\/embed\/frzQPc0SypA?feature=oembed\" width=\"500\" height=\"281\" frameborder=\"0\" allowfullscreen=\"allowfullscreen\"><\/iframe><\/div>\r\n<\/div>\r\n<\/div>\r\n<\/div>\r\n<\/div>\r\n<\/div>"}],"add_video_tab":[{"video_tab_title":"Vid\u00e9o","add_video_id":[{"video_id":"RD6ifPXUkHM"},{"video_id":"O_8fXcqL2GQ"},{"video_id":"1w5Rt2uMufU"},{"video_id":"xXE-mNbi4YM"}]}],"add_gallery_tab":[{"gallery_tab_title":"Photo","add_img":[14963,14957,14954,14951,14948,14945,14942,14939,14936]}],"add_price_tab":[{"price_tab_title":"Obtenir le prix"}]},"language":"fr","_links":{"self":[{"href":"https:\/\/globecore.com\/fr\/wp-json\/wp\/v2\/pages\/15801","targetHints":{"allow":["GET"]}}],"collection":[{"href":"https:\/\/globecore.com\/fr\/wp-json\/wp\/v2\/pages"}],"about":[{"href":"https:\/\/globecore.com\/fr\/wp-json\/wp\/v2\/types\/page"}],"author":[{"embeddable":true,"href":"https:\/\/globecore.com\/fr\/wp-json\/wp\/v2\/users\/7"}],"replies":[{"embeddable":true,"href":"https:\/\/globecore.com\/fr\/wp-json\/wp\/v2\/comments?post=15801"}],"version-history":[{"count":1,"href":"https:\/\/globecore.com\/fr\/wp-json\/wp\/v2\/pages\/15801\/revisions"}],"predecessor-version":[{"id":336236,"href":"https:\/\/globecore.com\/fr\/wp-json\/wp\/v2\/pages\/15801\/revisions\/336236"}],"up":[{"embeddable":true,"href":"https:\/\/globecore.com\/fr\/wp-json\/wp\/v2\/pages\/15808"}],"wp:featuredmedia":[{"embeddable":true,"href":"https:\/\/globecore.com\/fr\/wp-json\/wp\/v2\/media\/11045"}],"wp:attachment":[{"href":"https:\/\/globecore.com\/fr\/wp-json\/wp\/v2\/media?parent=15801"}],"wp:term":[{"taxonomy":"category","embeddable":true,"href":"https:\/\/globecore.com\/fr\/wp-json\/wp\/v2\/categories?post=15801"}],"curies":[{"name":"wp","href":"https:\/\/api.w.org\/{rel}","templated":true}]}}