{"id":15956,"date":"2018-07-13T05:21:57","date_gmt":"2018-07-13T05:21:57","guid":{"rendered":"https:\/\/globecore.com\/products\/oil-processing-equipment\/degassing-thermal-vacuum-drying-oil\/cmm-1-1-mobile-oil-plant.html"},"modified":"2026-04-20T11:31:17","modified_gmt":"2026-04-20T11:31:17","slug":"cmm-1-1-mobile-oil-plant","status":"publish","type":"page","link":"https:\/\/globecore.com\/fr\/products\/degazage-a-lhuile\/cmm-1-1-mobile-oil-plant\/","title":{"rendered":"\u0421\u041c\u041cur-1L Unit\u00e9 de purification d\u2019huile"},"content":{"rendered":"","protected":false},"excerpt":{"rendered":"<p>La CMMur-1L est une unit\u00e9 compacte et \u00e9conomique con\u00e7ue pour la purification des huiles \u00e9lectro-isolantes d\u2019une viscosit\u00e9 allant jusqu\u2019\u00e0 70 cSt \u00e0 50 \u00b0C. Elle \u00e9limine efficacement l\u2019eau et les impuret\u00e9s m\u00e9caniques, assurant une purification de l\u2019huile d\u2019une classe initiale \u2013\/18\/16 \u00e0 \u2013\/14\/12 apr\u00e8s plusieurs passages \u00e0 travers les filtres, avec une teneur en contaminants inf\u00e9rieure \u00e0 0,004 % en masse.<br \/>\nL\u2019unit\u00e9 est \u00e9galement destin\u00e9e au chauffage des \u00e9quipements \u00e9lectriques remplis d\u2019huile \u00e0 l\u2019aide d\u2019huile de transformateur chaude ainsi qu\u2019\u00e0 l\u2019\u00e9vacuation de l\u2019air des syst\u00e8mes sous vide. La CMMur-1L est utilis\u00e9e lors de la mise en service, de la r\u00e9paration et de la maintenance des transformateurs de puissance, des disjoncteurs haute tension et d\u2019autres \u00e9quipements haute tension.<\/p>\n","protected":false},"author":7,"featured_media":108978,"parent":15380,"menu_order":0,"comment_status":"closed","ping_status":"closed","template":"templates\/single-product.php","meta":{"_acf_changed":false,"_bbp_topic_count":0,"_bbp_reply_count":0,"_bbp_total_topic_count":0,"_bbp_total_reply_count":0,"_bbp_voice_count":0,"_bbp_anonymous_reply_count":0,"_bbp_topic_count_hidden":0,"_bbp_reply_count_hidden":0,"_bbp_forum_subforum_count":0,"footnotes":""},"categories":[1339],"class_list":["post-15956","page","type-page","status-publish","has-post-thumbnail","hentry","category-oil-maintenance-fr","oil_type-fluide-dielectrique-fr3","oil_type-fluide-dielectrique-midel-7131","oil_type-fluide-ignifuge-fyrquel","oil_type-huile-de-silicone","oil_type-huile-pour-transformateur","oil_type-huile-shell-diala","process_type-degazage","process_type-deshydratation","process_type-filtration-fr"],"acf":{"add_tab":[{"tab_title":"Description","tab_content":"<p style=\"text-align: justify;\">La \u0421\u041c\u041cur-1L poursuit l\u2019excellente fonctionnalit\u00e9 de cette s\u00e9rie d\u2019\u00e9quipements, mais elle est con\u00e7ue plus compacte et \u00e9conome.<\/p>\r\n<p style=\"text-align: justify;\">La \u0421\u041c\u041cur-1L est destin\u00e9e \u00e0 purifier les huiles isolantes des impuret\u00e9s m\u00e9caniques et de l\u2019eau si la viscosit\u00e9 est inf\u00e9rieure de 70 cSt \u00e0 50\u00b0C.<\/p>\r\n<p style=\"text-align: justify;\">Avec cet appareil on chauffe l\u2019\u00e9quipement \u00e9lectrique rempli d\u2019huile par l\u2019huile de transformateur chaude et on fait \u00e9vacuer de l\u2019air des syst\u00e8mes \u00e0 vide.<\/p>\r\n<p style=\"text-align: justify;\">L\u2019unit\u00e9 assure la purification de l\u2019huile conform\u00e9ment \u00e0 la classe - \/14\/12; la classe initiale \u00e9tant\u00a0 - \/18\/16 d\u2019apr\u00e8s ISO 4406 (teneur en mati\u00e8re polluante par masse inf\u00e9rieure \u00e0 0,004%) apr\u00e8s plusieurs passages du produit \u00e0 travers le bloc de filtres.<\/p>\r\n<p style=\"text-align: justify;\">La \u0421\u041c\u041cur-1L est utilis\u00e9e lors de la mise en service, la r\u00e9paration et l\u2019utilisation de l\u2019\u00e9quipement haute tension rempli d\u2019huile (transformateurs de puissance, interrupteurs haute tension, etc.).<\/p>"}],"add_def_tab":[{"tab_title":"Caract\u00e9ristiques","tab_content":"<table width=\"602\">\r\n<tbody>\r\n<tr>\r\n<td width=\"37\">\r\n<p style=\"text-align: center;\"><strong>\u2116<\/strong><\/p>\r\n<\/td>\r\n<td width=\"371\">\r\n<p style=\"text-align: center;\"><strong>Performance<\/strong><\/p>\r\n<\/td>\r\n<td width=\"194\">\r\n<p style=\"text-align: center;\"><strong>Valeur<\/strong><\/p>\r\n<\/td>\r\n<\/tr>\r\n<tr>\r\n<td width=\"37\">1<\/td>\r\n<td width=\"371\">Capacit\u00e9, m<sup>3<\/sup>\/heure (gpm):<\/td>\r\n<td width=\"194\">\r\n<p style=\"text-align: center;\">1,0 (4.4)<\/p>\r\n<\/td>\r\n<\/tr>\r\n<tr>\r\n<td width=\"37\">2<\/td>\r\n<td width=\"371\">Temp\u00e9rature max. d\u2019huile \u00e0 la sortie en mode chauffage, \u00ba\u0421 (\u00b0F)<\/td>\r\n<td width=\"194\">\r\n<p style=\"text-align: center;\">60 \u00a0(140)<\/p>\r\n<\/td>\r\n<\/tr>\r\n<tr>\r\n<td width=\"37\">3*<\/td>\r\n<td width=\"371\">Performances d\u2019huile trait\u00e9e ( teneur initiale en humidit\u00e9 inf\u00e9rieure \u00e0 100\u00a0ppm):\r\n\r\n\u2013\u00a0 finesse de filtration, \u00b5m\r\n\r\n\u2013 tension de claquage, kV, pas moins de\r\n\r\n\u2013 classe de propret\u00e9 industrielle d\u2019apr\u00e8s ISO 4406<\/td>\r\n<td width=\"194\"><strong>\u00a0<\/strong>\r\n\r\n<strong>\u00a0<\/strong>\r\n<p style=\"text-align: center;\">5<\/p>\r\n<p style=\"text-align: center;\">75<\/p>\r\n<p style=\"text-align: center;\">-\/14\/12<\/p>\r\n<\/td>\r\n<\/tr>\r\n<tr>\r\n<td width=\"37\">4<\/td>\r\n<td width=\"371\">Hauteur d\u2019alimentation en huile par rapport au tuyau de sortie, m (yd)<\/td>\r\n<td width=\"194\">\r\n<p style=\"text-align: center;\">20(22)<\/p>\r\n<\/td>\r\n<\/tr>\r\n<tr>\r\n<td width=\"37\">5<\/td>\r\n<td width=\"371\">Pression \u00e0 l\u2019entr\u00e9e, MPa (psi), pas plus de<\/td>\r\n<td width=\"194\">\r\n<p style=\"text-align: center;\">0,1 (14.5)<\/p>\r\n<\/td>\r\n<\/tr>\r\n<tr>\r\n<td width=\"37\">6<\/td>\r\n<td width=\"371\">Pression \u00e0 la sortie, \u041cPa (psi), pas plus de<\/td>\r\n<td width=\"194\">\r\n<p style=\"text-align: center;\">0,25\u00a0(36.3)<\/p>\r\n<\/td>\r\n<\/tr>\r\n<tr>\r\n<td width=\"37\">7<\/td>\r\n<td width=\"371\">Puissance r\u00e9chauffeur d\u2019huile, kW<\/td>\r\n<td width=\"194\">\r\n<p style=\"text-align: center;\">20,4<\/p>\r\n<\/td>\r\n<\/tr>\r\n<tr>\r\n<td width=\"37\"><strong>8<\/strong><\/td>\r\n<td width=\"371\">Puissance surfasique sp\u00e9cifique du r\u00e9chauffeur, W\/cm<sup>2<\/sup>, pas plus de<\/td>\r\n<td width=\"194\"><strong>\u00a0<\/strong>\r\n<p style=\"text-align: center;\">1,1<\/p>\r\n<\/td>\r\n<\/tr>\r\n<tr>\r\n<td width=\"37\">9<\/td>\r\n<td width=\"371\">Puissance install\u00e9e consomm\u00e9e, kW<\/td>\r\n<td width=\"194\">\r\n<p style=\"text-align: center;\">25<\/p>\r\n<\/td>\r\n<\/tr>\r\n<tr>\r\n<td width=\"37\">10<\/td>\r\n<td width=\"371\">Courant alternatif triphas\u00e9 (tension,\u00a0 V\/ fr\u00e9quence, Hz)<\/td>\r\n<td width=\"194\">\r\n<p style=\"text-align: center;\">\u00c0 la demande du client<\/p>\r\n<\/td>\r\n<\/tr>\r\n<tr>\r\n<td width=\"37\">11<\/td>\r\n<td width=\"371\">Dimensions hors tout, mm (po), pas plus de\r\n\r\n\u2013 longueur\r\n\r\n\u2013 largeur\r\n\r\n\u2013 hauteur<\/td>\r\n<td width=\"194\"><strong>\u00a0<\/strong>\r\n<p style=\"text-align: center;\">1500 (59.1)<\/p>\r\n<p style=\"text-align: center;\">1000\u00a0(39.4)<\/p>\r\n<p style=\"text-align: center;\">1550\u00a0(61)<\/p>\r\n<\/td>\r\n<\/tr>\r\n<tr>\r\n<td width=\"37\">12<\/td>\r\n<td width=\"371\">Masse, kg (lb), pas plus<\/td>\r\n<td width=\"194\">\r\n<p style=\"text-align: center;\">650 (1,433)<\/p>\r\n<\/td>\r\n<\/tr>\r\n<\/tbody>\r\n<\/table>\r\nRemarque\u00a0:\u00a0*\u00a0Param\u00e8tres d\u2019huile initiaux\u00a0:\r\n\r\nhumidit\u00e9 inf\u00e9rieure \u00e0 0,005% (50 ppm);\r\nhuile chauff\u00e9e \u00e0 + 60 \u00b1 5 \u00b0 pendant 30 minutes;\r\nteneur en gaz inf\u00e9rieure \u00e0 10 %."},{"tab_title":"Avantages","tab_content":"<ul>\r\n \t<li style=\"text-align: justify;\">format compact. L\u2019unit\u00e9 peut \u00eatre d\u00e9plac\u00e9e par diff\u00e9rents moyens de transportation (sol, mer, air);<\/li>\r\n \t<li style=\"text-align: justify;\">simple \u00e0 entretenir et fonctionner;<\/li>\r\n \t<li style=\"text-align: justify;\">augmentation de la rigidit\u00e9 di\u00e9lectrique de 15 \u00e0 75 kV en plusieurs passages \u00e0 travers l\u2019unit\u00e9;<\/li>\r\n \t<li style=\"text-align: justify;\">conception de r\u00e9chauffeur optimis\u00e9e ce qui permet d\u2019acc\u00e9l\u00e9rer le chauffage sans consommation excessive de puissance;<\/li>\r\n \t<li style=\"text-align: justify;\">dimension du regard est suffisante pour surveillance visuelle du traitement d\u2019huile.<\/li>\r\n<\/ul>"},{"tab_title":"Application","tab_content":"[product_oil_types]"},{"tab_title":"Webinaire","tab_content":"<div class=\"responsive-embed widescreen\">\r\n<div class=\"responsive-embed widescreen\">\r\n<div class=\"responsive-embed widescreen\">\r\n<div class=\"responsive-embed widescreen\">\r\n<div class=\"responsive-embed widescreen\">\r\n<div class=\"responsive-embed widescreen\"><iframe title=\"Maintenance du transformateur\" src=\"https:\/\/www.youtube.com\/embed\/wrpThx7GLbw?feature=oembed\" width=\"500\" height=\"281\" frameborder=\"0\" allowfullscreen=\"allowfullscreen\"><\/iframe><\/div>\r\n<\/div>\r\n<\/div>\r\n<\/div>\r\n<\/div>\r\n<\/div>"}],"add_video_tab":[{"video_tab_title":"Vid\u00e9o","add_video_id":[{"video_id":"KohHkxC9bfE"},{"video_id":"gS6aWFy2RLc"},{"video_id":"37hk_YFoAsw"}]}],"add_gallery_tab":[{"gallery_tab_title":"Photo","add_img":[33251,33315,33351,33342,33333,33324,33306,33297,33288]}],"add_price_tab":[{"price_tab_title":"Obtenir le prix"}]},"language":"fr","_links":{"self":[{"href":"https:\/\/globecore.com\/fr\/wp-json\/wp\/v2\/pages\/15956","targetHints":{"allow":["GET"]}}],"collection":[{"href":"https:\/\/globecore.com\/fr\/wp-json\/wp\/v2\/pages"}],"about":[{"href":"https:\/\/globecore.com\/fr\/wp-json\/wp\/v2\/types\/page"}],"author":[{"embeddable":true,"href":"https:\/\/globecore.com\/fr\/wp-json\/wp\/v2\/users\/7"}],"replies":[{"embeddable":true,"href":"https:\/\/globecore.com\/fr\/wp-json\/wp\/v2\/comments?post=15956"}],"version-history":[{"count":4,"href":"https:\/\/globecore.com\/fr\/wp-json\/wp\/v2\/pages\/15956\/revisions"}],"predecessor-version":[{"id":343035,"href":"https:\/\/globecore.com\/fr\/wp-json\/wp\/v2\/pages\/15956\/revisions\/343035"}],"up":[{"embeddable":true,"href":"https:\/\/globecore.com\/fr\/wp-json\/wp\/v2\/pages\/15380"}],"wp:featuredmedia":[{"embeddable":true,"href":"https:\/\/globecore.com\/fr\/wp-json\/wp\/v2\/media\/108978"}],"wp:attachment":[{"href":"https:\/\/globecore.com\/fr\/wp-json\/wp\/v2\/media?parent=15956"}],"wp:term":[{"taxonomy":"category","embeddable":true,"href":"https:\/\/globecore.com\/fr\/wp-json\/wp\/v2\/categories?post=15956"}],"curies":[{"name":"wp","href":"https:\/\/api.w.org\/{rel}","templated":true}]}}