{"id":15960,"date":"2018-07-30T07:12:07","date_gmt":"2018-07-30T07:12:07","guid":{"rendered":"https:\/\/globecore.com\/products\/oil-processing-equipment\/degassing-thermal-vacuum-drying-oil\/cmm-6-7-mobile-degassing-unit.html"},"modified":"2026-04-20T12:17:00","modified_gmt":"2026-04-20T12:17:00","slug":"cmm-6-7-mobile-degassing-unit","status":"publish","type":"page","link":"https:\/\/globecore.com\/fr\/products\/degazage-a-lhuile\/cmm-6-7-mobile-degassing-unit\/","title":{"rendered":"CMM-6\/7 Unit\u00e9 mobile de d\u00e9gazage"},"content":{"rendered":"","protected":false},"excerpt":{"rendered":"<p>La machine CMM-6\/7 est con\u00e7ue pour chauffer, pomper et traiter l\u2019huile utilis\u00e9e comme isolant ou liquide de refroidissement dans des \u00e9quipements \u00e9lectriques tels que transformateurs, OLTC, travers\u00e9es de transformateur et interrupteurs haute tension. Le processus de traitement de l\u2019huile \u00e9limine les particules, les gaz et l\u2019eau. L\u2019unit\u00e9 peut \u00e9galement \u00e9liminer l\u2019air et les gaz des r\u00e9servoirs de transformateurs lors de r\u00e9parations ou d\u2019entretien. Sa capacit\u00e9 de traitement varie de 3 000 \u00e0 7 000 litres par heure, selon le mode de fonctionnement choisi. La CMM-6\/7 poss\u00e8de plusieurs modes de fonctionnement : pompage de base de l\u2019huile avec pompes et filtres, chauffage et filtration o\u00f9 l\u2019huile est chauff\u00e9e et filtr\u00e9e, d\u00e9gazage o\u00f9 la chaleur et le vide \u00e9liminent l\u2019eau et les gaz, et \u00e9vacuation pour retirer l\u2019air des \u00e9quipements externes.<\/p>\n","protected":false},"author":7,"featured_media":59048,"parent":15380,"menu_order":0,"comment_status":"closed","ping_status":"closed","template":"templates\/single-product.php","meta":{"_acf_changed":false,"_bbp_topic_count":0,"_bbp_reply_count":0,"_bbp_total_topic_count":0,"_bbp_total_reply_count":0,"_bbp_voice_count":0,"_bbp_anonymous_reply_count":0,"_bbp_topic_count_hidden":0,"_bbp_reply_count_hidden":0,"_bbp_forum_subforum_count":0,"_wpml_language_code":"","footnotes":""},"categories":[1339],"class_list":["post-15960","page","type-page","status-publish","has-post-thumbnail","hentry","category-oil-maintenance-fr","oil_type-fluide-dielectrique-fr3","oil_type-fluide-dielectrique-midel-7131","oil_type-fluide-ignifuge-fyrquel","oil_type-huile-de-silicone","oil_type-huile-pour-transformateur","oil_type-huile-shell-diala","process_type-degazage","process_type-deshydratation","process_type-filtration-fr"],"acf":{"add_tab":[{"tab_title":"Description","tab_content":"<p style=\"text-align: justify;\">L\u2019unit\u00e9 CMM-6\/7 est con\u00e7ue pour l\u2019\u00e9vacuation des transformateurs et la purification d\u2019huile isolante des impuret\u00e9s m\u00e9caniques, de l\u2019eau et des gaz \u00e0 la viscosit\u00e9 inf\u00e9rieure \u00e0 70 mm\/c<sup>2<\/sup> (cSt) \u00e0 50\u00b0C.<\/p>\r\n<p style=\"text-align: justify;\">Cet appareil est normalement utilis\u00e9 lors de l\u2019installation, du fonctionnement et de la maintenance des \u00e9quipements haute tension remplis d\u2019huile (transformateur, interrupteurs haute tension et d\u2019autres).<\/p>\r\n<p style=\"text-align: justify;\">L\u2019unit\u00e9 peut travailler dans les modes suivants:<\/p>\r\n\r\n<ul>\r\n \t<li style=\"text-align: justify;\"><strong>chauffage d\u2019un transformateur.<\/strong> Dans ce mode, l\u2019huile est filtr\u00e9e et chauff\u00e9e;<\/li>\r\n \t<li style=\"text-align: justify;\"><strong>d\u00e9gazage de l\u2019huile. <\/strong>Dans ce mode, l\u2019huile est filtr\u00e9e, d\u00e9shydrat\u00e9e et d\u00e9gaz\u00e9e;<\/li>\r\n \t<li style=\"text-align: justify;\"><strong>\u00e9vacuation d\u2019un transformateur.<\/strong><\/li>\r\n<\/ul>"}],"add_def_tab":[{"tab_title":"Caract\u00e9ristiques","tab_content":"<table width=\"602\">\r\n<tbody>\r\n<tr>\r\n<td style=\"text-align: center;\" colspan=\"4\" width=\"500\"><strong>Performance<\/strong><\/td>\r\n<td width=\"101\"><strong>Valeur<\/strong><\/td>\r\n<\/tr>\r\n<tr>\r\n<td colspan=\"5\" width=\"601\">Capacit\u00e9, m<sup>3<\/sup>\/heure\u00a0(gpm),\u00a0 pas moins<\/td>\r\n<\/tr>\r\n<tr>\r\n<td colspan=\"3\" rowspan=\"2\" width=\"93\"><strong>\u00a0<\/strong><\/td>\r\n<td width=\"408\">\u2014 en mode d\u00e9gazage, s\u00e9chage et filtration<\/td>\r\n<td style=\"text-align: center;\" width=\"101\">2-6\u00a0(8.8-26.4)<\/td>\r\n<\/tr>\r\n<tr>\r\n<td width=\"408\">\u2014 en mode chauffage et filtration<\/td>\r\n<td style=\"text-align: center;\" width=\"101\">2-7\u00a0(8.8-30.8)<\/td>\r\n<\/tr>\r\n<tr>\r\n<td colspan=\"5\" width=\"601\">*Performances d\u2019huile trait\u00e9e:<\/td>\r\n<\/tr>\r\n<tr>\r\n<td colspan=\"2\" rowspan=\"3\" width=\"77\"><strong>\u00a0<\/strong><\/td>\r\n<td colspan=\"2\" width=\"423\">\u2014 teneur en gaz volumique %, pas plus de<\/td>\r\n<td style=\"text-align: center;\" width=\"101\">0,1<\/td>\r\n<\/tr>\r\n<tr>\r\n<td colspan=\"2\" width=\"423\">\u2014 teneur en humidit\u00e9 par masse d\u2019huile, g\/t, pas plus de<\/td>\r\n<td style=\"text-align: center;\" width=\"101\">10<\/td>\r\n<\/tr>\r\n<tr>\r\n<td colspan=\"2\" width=\"423\">\u2014 classe de propret\u00e9 industrielle d\u2019apr\u00e8s ISO 4406<\/td>\r\n<td style=\"text-align: center;\" width=\"101\">16\/14\/12<\/td>\r\n<\/tr>\r\n<tr>\r\n<td colspan=\"4\" width=\"500\">Temp\u00e9rature max. d\u2019huile \u00e0 la sortie, en mode chauffage, \u00ba\u0421<\/td>\r\n<td style=\"text-align: center;\" width=\"101\">90<\/td>\r\n<\/tr>\r\n<tr>\r\n<td colspan=\"4\" width=\"500\">Pression de sortie, MPa<\/td>\r\n<td style=\"text-align: center;\" width=\"101\">0,2<\/td>\r\n<\/tr>\r\n<tr>\r\n<td colspan=\"4\" width=\"500\">Puissance du r\u00e9chauffeur d\u2019huile, kW, pas plus de<\/td>\r\n<td style=\"text-align: center;\" width=\"101\">100<\/td>\r\n<\/tr>\r\n<tr>\r\n<td colspan=\"4\" width=\"500\">Puissance max. consomm\u00e9e, kW, pas plus de<\/td>\r\n<td style=\"text-align: center;\" width=\"101\">115<\/td>\r\n<\/tr>\r\n<tr>\r\n<td colspan=\"4\" width=\"500\">Pression r\u00e9siduelle dans la colonne \u00e0 vide pendant d\u00e9gazage, Pa (psi), pas plus de<\/td>\r\n<td style=\"text-align: center;\" width=\"101\">267\u00a0(0.038)<\/td>\r\n<\/tr>\r\n<tr>\r\n<td colspan=\"4\" width=\"500\">Pression r\u00e9siduelle dans la colonne \u00e0 vide pendant \u00e9preuve d\u2019\u00e9tanch\u00e9it\u00e9, Pa (psi), pas plus<\/td>\r\n<td style=\"text-align: center;\" width=\"101\">26,7 (0.0038)<\/td>\r\n<\/tr>\r\n<tr>\r\n<td colspan=\"4\" width=\"500\">Remplissage lors d\u2019\u00e9preuve d\u2019\u00e9tanch\u00e9it\u00e9 au cours de 1 heure, Pa (psi), pas plus de:<\/td>\r\n<td style=\"text-align: center;\" width=\"101\">267\u00a0(0.038)<\/td>\r\n<\/tr>\r\n<tr>\r\n<td colspan=\"5\" width=\"601\">Courant \u00e9lectrique<\/td>\r\n<\/tr>\r\n<tr>\r\n<td rowspan=\"2\" width=\"57\"><strong>\u00a0<\/strong><\/td>\r\n<td colspan=\"3\" width=\"443\">\u2014 tension, V<\/td>\r\n<td style=\"text-align: center;\" width=\"101\">400<\/td>\r\n<\/tr>\r\n<tr>\r\n<td colspan=\"3\" width=\"443\">\u2014 alternatif \u00e0 fr\u00e9quence, Hz**<\/td>\r\n<td style=\"text-align: center;\" width=\"101\">50\/60<\/td>\r\n<\/tr>\r\n<tr>\r\n<td colspan=\"5\" width=\"601\">Dimensions hors tout, mm (po), pas plus de (sans remorque\/avec remorque)<\/td>\r\n<\/tr>\r\n<tr>\r\n<td rowspan=\"3\" width=\"57\"><strong>\u00a0<\/strong><\/td>\r\n<td colspan=\"3\" width=\"443\">\u2014 longueur<\/td>\r\n<td style=\"text-align: center;\" width=\"101\">2600\/3750 (102.4\/147.6)<\/td>\r\n<\/tr>\r\n<tr>\r\n<td colspan=\"3\" width=\"443\">\u2014 hauteur<\/td>\r\n<td style=\"text-align: center;\" width=\"101\">1250\/1840\u00a0(49.3\/72.4)<\/td>\r\n<\/tr>\r\n<tr>\r\n<td colspan=\"3\" width=\"443\">\u2014 largeur<\/td>\r\n<td style=\"text-align: center;\" width=\"101\">1500\/1940\u00a0(59.1\/76.4)<\/td>\r\n<\/tr>\r\n<tr>\r\n<td colspan=\"4\" width=\"500\">Masse, kg (lb), pas plus (sans remorque\/avec remorque)<\/td>\r\n<td style=\"text-align: center;\" width=\"101\">1100\/1500\u00a0(2,425\/3,307)<\/td>\r\n<\/tr>\r\n<\/tbody>\r\n<\/table>\r\n<p style=\"text-align: justify;\">* <strong><em>Note: \u2014 <\/em><\/strong>\u00a0Aux param\u00e8tres initiaux d\u2019huile:<\/p>\r\n\r\n<ul>\r\n \t<li style=\"text-align: justify;\">teneur en gaz volumique \u2014 pas plus de 10,5%<\/li>\r\n \t<li style=\"text-align: justify;\">teneur en humidit\u00e9 par masse\u00a0 \u2014 pas plus de 0,005% (50 g\/t)<\/li>\r\n \t<li style=\"text-align: justify;\">temp\u00e9rature \u2013 pas inf\u00e9rieure \u00e0 0\u00ba\u0421\u00a0(32 \u00baF).<\/li>\r\n<\/ul>\r\n<p style=\"text-align: justify;\">**Tout l\u2019\u00e9quipement qu\u2019on fournit aux \u00c9tats-Unis travaille \u00e0 la fr\u00e9quence de 60 Hz du courant alternatif.<\/p>"},{"tab_title":"Avantages","tab_content":"<ul>\r\n \t<li style=\"text-align: justify;\">multifonctionnalit\u00e9;<\/li>\r\n \t<li style=\"text-align: justify;\">pas besoin d\u2019adsorbants pour d\u00e9shydrater l\u2019huile de transformateur;<\/li>\r\n \t<li style=\"text-align: justify;\">pas de pollution d\u2019air et pas d\u2019accumulation de d\u00e9chets \u00e0 \u00e9liminer ou \u00e0 stocker;<\/li>\r\n \t<li style=\"text-align: justify;\">simple fonctionnement et entretien;<\/li>\r\n \t<li style=\"text-align: justify;\">meilleure qualit\u00e9 d\u2019huile m\u00eame apr\u00e8s un seul cycle de traitement;<\/li>\r\n \t<li style=\"text-align: justify;\">faible consommation d\u2019\u00e9nergie;<\/li>\r\n \t<li style=\"text-align: justify;\">faible niveau de bruit.<\/li>\r\n<\/ul>"},{"tab_title":"Application","tab_content":"[product_oil_types]"},{"tab_title":"Webinaire","tab_content":"<div class=\"responsive-embed widescreen\">\r\n<div class=\"responsive-embed widescreen\">\r\n<div class=\"responsive-embed widescreen\">\r\n<div class=\"responsive-embed widescreen\">\r\n<div class=\"responsive-embed widescreen\">\r\n<div class=\"responsive-embed widescreen\"><iframe title=\"Maintenance du transformateur\" src=\"https:\/\/www.youtube.com\/embed\/wrpThx7GLbw?feature=oembed\" width=\"500\" height=\"281\" frameborder=\"0\" allowfullscreen=\"allowfullscreen\"><\/iframe><\/div>\r\n<\/div>\r\n<\/div>\r\n<\/div>\r\n<\/div>\r\n<\/div>"}],"add_video_tab":[{"video_tab_title":"Vid\u00e9o","add_video_id":[{"video_id":"R3mUJrPbhJE"},{"video_id":"yuVF88ASVKQ"},{"video_id":"yBO74dHrrv4"}]}],"add_gallery_tab":[{"gallery_tab_title":"Photo","add_img":[11138,11141,11159,13349,13354,13357,317070]}],"add_price_tab":[{"price_tab_title":"Obtenir le prix"}]},"language":"fr","_links":{"self":[{"href":"https:\/\/globecore.com\/fr\/wp-json\/wp\/v2\/pages\/15960","targetHints":{"allow":["GET"]}}],"collection":[{"href":"https:\/\/globecore.com\/fr\/wp-json\/wp\/v2\/pages"}],"about":[{"href":"https:\/\/globecore.com\/fr\/wp-json\/wp\/v2\/types\/page"}],"author":[{"embeddable":true,"href":"https:\/\/globecore.com\/fr\/wp-json\/wp\/v2\/users\/7"}],"replies":[{"embeddable":true,"href":"https:\/\/globecore.com\/fr\/wp-json\/wp\/v2\/comments?post=15960"}],"version-history":[{"count":2,"href":"https:\/\/globecore.com\/fr\/wp-json\/wp\/v2\/pages\/15960\/revisions"}],"predecessor-version":[{"id":343046,"href":"https:\/\/globecore.com\/fr\/wp-json\/wp\/v2\/pages\/15960\/revisions\/343046"}],"up":[{"embeddable":true,"href":"https:\/\/globecore.com\/fr\/wp-json\/wp\/v2\/pages\/15380"}],"wp:featuredmedia":[{"embeddable":true,"href":"https:\/\/globecore.com\/fr\/wp-json\/wp\/v2\/media\/59048"}],"wp:attachment":[{"href":"https:\/\/globecore.com\/fr\/wp-json\/wp\/v2\/media?parent=15960"}],"wp:term":[{"taxonomy":"category","embeddable":true,"href":"https:\/\/globecore.com\/fr\/wp-json\/wp\/v2\/categories?post=15960"}],"curies":[{"name":"wp","href":"https:\/\/api.w.org\/{rel}","templated":true}]}}