{"id":15991,"date":"2018-03-07T09:25:24","date_gmt":"2018-03-07T09:25:24","guid":{"rendered":"https:\/\/globecore.com\/products\/oil-processing-equipment\/vacuum-drying-oven\/transformer-vacuum-furnace.html"},"modified":"2026-04-20T13:29:31","modified_gmt":"2026-04-20T13:29:31","slug":"transformer-vacuum-furnace","status":"publish","type":"page","link":"https:\/\/globecore.com\/fr\/products\/%d1%81hambres-a-vide\/transformer-vacuum-furnace\/","title":{"rendered":"US-6S Installation de s\u00e9chage de transformateur"},"content":{"rendered":"","protected":false},"excerpt":{"rendered":"<p>Le four \u00e0 vide pour transformateurs US-6S est con\u00e7u pour le s\u00e9chage de l\u2019isolation solide des transformateurs de puissance. Le s\u00e9chage sous vide assure une \u00e9vaporation de l\u2019humidit\u00e9 plus intensive par rapport au s\u00e9chage \u00e0 l\u2019air chaud ou naturel, garantissant une efficacit\u00e9 accrue et une r\u00e9duction du temps de traitement. GlobeCore propose le US-6S en plusieurs versions adapt\u00e9es aux exigences des clients, avec des options de conception ajust\u00e9es \u00e0 la productivit\u00e9, aux dimensions, au lieu d\u2019installation, au mode de chargement et au niveau d\u2019automatisation.<\/p>\n","protected":false},"author":7,"featured_media":342123,"parent":15723,"menu_order":0,"comment_status":"closed","ping_status":"closed","template":"templates\/single-product.php","meta":{"_acf_changed":false,"_bbp_topic_count":0,"_bbp_reply_count":0,"_bbp_total_topic_count":0,"_bbp_total_reply_count":0,"_bbp_voice_count":0,"_bbp_anonymous_reply_count":0,"_bbp_topic_count_hidden":0,"_bbp_reply_count_hidden":0,"_bbp_forum_subforum_count":0,"_wpml_language_code":"","footnotes":""},"categories":[2480],"class_list":["post-15991","page","type-page","status-publish","has-post-thumbnail","hentry","category-maintenance-des-transformateurs","oil_type-transformateurs-a-usage-special","oil_type-transformateurs-abaisseurs","oil_type-transformateurs-de-distribution","oil_type-transformateurs-elevateurs","process_type-deshydratation"],"acf":{"add_tab":[{"tab_title":"Description","tab_content":"<p style=\"text-align: justify;\">Le syst\u00e8me US-6S comprend la commande automatis\u00e9e du s\u00e9chage de transformateur par enregistrement automatique des param\u00e8tres:<\/p>\r\n\r\n<ul style=\"text-align: justify;\">\r\n \t<li>mode thermique de chauffage;<\/li>\r\n \t<li>degr\u00e9 de vide dans l\u2019installation;<\/li>\r\n \t<li>variation du degr\u00e9 de l\u2019humidit\u00e9 d\u2019isolation pendant le processus de s\u00e9chage;<\/li>\r\n \t<li>pr\u00e9sence de condensat dans la chambre;<\/li>\r\n \t<li>iI est \u00e9galement possible d\u2019enregistrer automatiquement les param\u00e8tres list\u00e9s dans la m\u00e9moire du contr\u00f4leur pour g\u00e9n\u00e9rer un rapport et un protocole.<\/li>\r\n<\/ul>\r\n<h2 style=\"text-align: center;\">Technologie de s\u00e9chage de transformateur de puissance<\/h2>\r\n<p style=\"text-align: justify;\">La partie active du transformateur est charg\u00e9e sur le chariot coulissant par un pont roulant ou un chargeur. Le chariot est \u00e9quip\u00e9 d\u2019un entra\u00eenement m\u00e9canique; la commande est effectu\u00e9e par l\u2019op\u00e9rateur depuis l\u2019armoire de commande.<\/p>\r\n<p style=\"text-align: justify;\">La porte de la chambre de travail est enti\u00e8rement m\u00e9canis\u00e9e par l\u2019entra\u00eenement pneumatique, la fermeture et l\u2019ouverture sont effectu\u00e9es par l\u2019op\u00e9rateur depuis l\u2019armoire de commande.<\/p>\r\n<p style=\"text-align: justify;\">Le chauffage de la chambre de travail est assur\u00e9 par l\u2019huile pour machines \u00e0 travers les \u00e9changeurs de chaleur.\u00a0 Pour assurer l\u2019\u00e9chauffement d\u2019huile il y a un r\u00e9chauffeur instantan\u00e9 PP\u041c-18\u0421.<\/p>\r\n<p style=\"text-align: justify;\">La chambre de travail est en acier inoxydable. Elle est isol\u00e9e pour prot\u00e9ger le personnel de service contre les chocs thermiques \u00e9ventuels et pour r\u00e9duire l\u2019influence de la temp\u00e9rature ambiante sur le processus de s\u00e9chage.<\/p>\r\n<p style=\"text-align: justify;\">Le syst\u00e8me contient \u00e9galement un condenseur pour collecter l\u2019humidit\u00e9 du s\u00e9chage.<\/p>\r\n\r\n<h2 style=\"text-align: center;\">Commande de l'installation<\/h2>\r\n<p style=\"text-align: justify;\">L\u2019armoire de commande est plac\u00e9e s\u00e9par\u00e9ment comme un objet autonome. Elle est am\u00e9nag\u00e9e de tous les dispositifs de commande et de surveillance du processus technologique. Elle est aussi \u00e9quip\u00e9e d\u2019un syst\u00e8me automatique de protection contre les modes d\u2019urgence et d\u2019un syst\u00e8me de diagnostic des pannes.<\/p>\r\n<p style=\"text-align: justify;\">Le syst\u00e8me de commande permet \u00e0 l\u2019op\u00e9rateur de surveiller l\u2019\u00e9tat de la barre et les param\u00e8tres de fonctionnement de l\u2019installation tout au long du processus de s\u00e9chage.<\/p>"}],"add_def_tab":[{"tab_title":"Caract\u00e9ristiques","tab_content":"<table style=\"height: 1258px;\" width=\"792\">\r\n<tbody>\r\n<tr>\r\n<td width=\"38\"><strong>N<\/strong><\/td>\r\n<td width=\"435\">\r\n<p style=\"text-align: center;\"><strong>Param\u00e8tre<\/strong><\/p>\r\n<\/td>\r\n<td width=\"161\">\r\n<p style=\"text-align: center;\"><strong>Valeur<\/strong><\/p>\r\n<\/td>\r\n<\/tr>\r\n<tr>\r\n<td width=\"38\"><\/td>\r\n<td colspan=\"2\" width=\"595\"><strong>Chambre de s\u00e9chage<\/strong><\/td>\r\n<\/tr>\r\n<tr>\r\n<td rowspan=\"4\" width=\"38\">1<\/td>\r\n<td colspan=\"2\" width=\"595\">Dimensions internes, mm (po), max<\/td>\r\n<\/tr>\r\n<tr>\r\n<td width=\"435\">\u2013 profondeur<\/td>\r\n<td width=\"161\">\r\n<p style=\"text-align: center;\">2 000\u00a0(78.7)<\/p>\r\n<\/td>\r\n<\/tr>\r\n<tr>\r\n<td width=\"435\">\u2013 largeur<\/td>\r\n<td width=\"161\">\r\n<p style=\"text-align: center;\">1 300\u00a0(51.2)<\/p>\r\n<\/td>\r\n<\/tr>\r\n<tr>\r\n<td width=\"435\">\u2013 hauteur<\/td>\r\n<td width=\"161\">\r\n<p style=\"text-align: center;\">1 600\u00a0(63)<\/p>\r\n<\/td>\r\n<\/tr>\r\n<tr>\r\n<td width=\"38\"><\/td>\r\n<td colspan=\"2\" width=\"595\"><strong>Section de chauffage<\/strong><\/td>\r\n<\/tr>\r\n<tr>\r\n<td width=\"38\">2<\/td>\r\n<td width=\"435\">Puissance du chauffage, kW<\/td>\r\n<td width=\"161\">\r\n<p style=\"text-align: center;\">45<\/p>\r\n<\/td>\r\n<\/tr>\r\n<tr>\r\n<td width=\"38\">3<\/td>\r\n<td width=\"435\">Plage de r\u00e9glage de la temp\u00e9rature, \u00b0C\u00a0(\u00b0F)<\/td>\r\n<td width=\"161\">\r\n<p style=\"text-align: center;\">20\u2026120\u00a0(68\u2026248)<\/p>\r\n<\/td>\r\n<\/tr>\r\n<tr>\r\n<td width=\"38\">4<\/td>\r\n<td width=\"435\">Quantit\u00e9 de chauffages \u00e9lectriques thermiques, pcs<\/td>\r\n<td width=\"161\">\r\n<p style=\"text-align: center;\">15<\/p>\r\n<\/td>\r\n<\/tr>\r\n<tr>\r\n<td width=\"38\"><\/td>\r\n<td colspan=\"2\" width=\"595\"><strong>Section de vide<\/strong><\/td>\r\n<\/tr>\r\n<tr>\r\n<td width=\"38\">5<\/td>\r\n<td width=\"435\">Capacit\u00e9, m<sup>3<\/sup>\/h\u00a0(gpm)<\/td>\r\n<td width=\"161\">\r\n<p style=\"text-align: center;\">1,000 (4,402)<\/p>\r\n<\/td>\r\n<\/tr>\r\n<tr>\r\n<td width=\"38\">6<\/td>\r\n<td width=\"435\">Niveau de puissance total des moteurs, kW<\/td>\r\n<td width=\"161\">\r\n<p style=\"text-align: center;\">11<\/p>\r\n<\/td>\r\n<\/tr>\r\n<tr>\r\n<td width=\"38\">7<\/td>\r\n<td width=\"435\">Niveau de vide atteint, mbar (psi)<\/td>\r\n<td width=\"161\">\r\n<p style=\"text-align: center;\">1 (0.014)<\/p>\r\n<\/td>\r\n<\/tr>\r\n<tr>\r\n<td width=\"38\"><\/td>\r\n<td colspan=\"2\" width=\"595\"><strong>Syst\u00e8me de circulation<\/strong><\/td>\r\n<\/tr>\r\n<tr>\r\n<td width=\"38\">8<\/td>\r\n<td width=\"435\">Capacit\u00e9, m<sup>3<\/sup>\/h (gpm)<\/td>\r\n<td width=\"161\">\r\n<p style=\"text-align: center;\">2,000 (8,804)<\/p>\r\n<\/td>\r\n<\/tr>\r\n<tr>\r\n<td width=\"38\">9<\/td>\r\n<td width=\"435\">Puissance du ventilateur, kW<\/td>\r\n<td width=\"161\">\r\n<p style=\"text-align: center;\">2,2<\/p>\r\n<\/td>\r\n<\/tr>\r\n<tr>\r\n<td width=\"38\"><\/td>\r\n<td colspan=\"2\" width=\"595\"><strong>Syst\u00e8me d\u2019\u00e9chappement<\/strong><\/td>\r\n<\/tr>\r\n<tr>\r\n<td width=\"38\">10<\/td>\r\n<td width=\"435\">Capacit\u00e9, m<sup>3<\/sup>\/h (gpm)<\/td>\r\n<td width=\"161\">\r\n<p style=\"text-align: center;\">2,000 (8,804)<\/p>\r\n<\/td>\r\n<\/tr>\r\n<tr>\r\n<td width=\"38\">11<\/td>\r\n<td width=\"435\">Puissance du ventilateur, kW<\/td>\r\n<td width=\"161\">\r\n<p style=\"text-align: center;\">1,1<\/p>\r\n<\/td>\r\n<\/tr>\r\n<tr>\r\n<td width=\"38\"><\/td>\r\n<td colspan=\"2\" width=\"595\"><strong>Syst\u00e8me de condensation<\/strong><\/td>\r\n<\/tr>\r\n<tr>\r\n<td width=\"38\">12<\/td>\r\n<td width=\"435\">Puissance du refroidisseur, kW<\/td>\r\n<td width=\"161\">\r\n<p style=\"text-align: center;\">3,0<\/p>\r\n<\/td>\r\n<\/tr>\r\n<tr>\r\n<td width=\"38\">13<\/td>\r\n<td width=\"435\">Performance de refroidissement du refroidisseur, kcal\/h<\/td>\r\n<td width=\"161\">\r\n<p style=\"text-align: center;\">6 000<\/p>\r\n<\/td>\r\n<\/tr>\r\n<tr>\r\n<td width=\"38\">14<\/td>\r\n<td width=\"435\">Surface de condensation, (po<sup>2<\/sup>\u00a0<span style=\"font-size: 13.3333px;\">) <\/span>m<sup>2\u00a0\u00a0<\/sup><\/td>\r\n<td width=\"161\">\r\n<p style=\"text-align: center;\">7,5 (11,625)<\/p>\r\n<\/td>\r\n<\/tr>\r\n<tr>\r\n<td width=\"38\">15<\/td>\r\n<td width=\"435\">Type d\u2019\u00e9changeur de chaleur (condenseur)<\/td>\r\n<td width=\"161\">\r\n<p style=\"text-align: center;\">coquille-tube<\/p>\r\n<\/td>\r\n<\/tr>\r\n<tr>\r\n<td width=\"38\"><\/td>\r\n<td colspan=\"2\" width=\"595\"><strong>Syst\u00e8me pneumatique<\/strong><\/td>\r\n<\/tr>\r\n<tr>\r\n<td width=\"38\">16<\/td>\r\n<td width=\"435\">Puissance du compresseur, kW<\/td>\r\n<td width=\"161\">\r\n<p style=\"text-align: center;\">1,1<\/p>\r\n<\/td>\r\n<\/tr>\r\n<tr>\r\n<td width=\"38\">17<\/td>\r\n<td width=\"435\">Pression, bar (psi)<\/td>\r\n<td width=\"161\">\r\n<p style=\"text-align: center;\">9 (130.5)<\/p>\r\n<\/td>\r\n<\/tr>\r\n<\/tbody>\r\n<\/table>\r\n*\u2013 Les dimensions indiqu\u00e9es correspondent \u00e0 l\u2019une des configurations possibles de l\u2019unit\u00e9. GlobeCore fabrique des chambres \u00e0 vide de diff\u00e9rentes tailles selon la demande du client."},{"tab_title":"Avantages","tab_content":"<ul>\r\n \t<li style=\"text-align: justify;\">s\u00e9chage uniforme de la partie active du transformateur dans tout son volume;<\/li>\r\n \t<li style=\"text-align: justify;\">\u00e9conomie d\u2019\u00e9nergie \u00e9lectrique;<\/li>\r\n \t<li style=\"text-align: justify;\">dur\u00e9e de s\u00e9chage r\u00e9duite;<\/li>\r\n \t<li style=\"text-align: justify;\">simple \u00e0 commander;<\/li>\r\n \t<li style=\"text-align: justify;\">surveillance et enregistrement des param\u00e8tres du processus;<\/li>\r\n \t<li style=\"text-align: justify;\">syst\u00e8me d\u2019\u00e9limination de l\u2019humidit\u00e9 de la chambre de travail;<\/li>\r\n \t<li style=\"text-align: justify;\">chambre de travail est en mat\u00e9riau anti-corrosif.<\/li>\r\n<\/ul>"},{"tab_title":"Application","tab_content":"[product_oil_types]"},{"tab_title":"Configurateur","tab_content":"[ezfc id='123' \/]"},{"tab_title":"Webinaire","tab_content":"<div class=\"responsive-embed widescreen\">\r\n<div class=\"responsive-embed widescreen\">\r\n<div class=\"responsive-embed widescreen\">\r\n<div class=\"responsive-embed widescreen\">\r\n<div class=\"responsive-embed widescreen\">\r\n<div class=\"responsive-embed widescreen\"><iframe title=\"Webinaire - Fours sous vide. Chauffage basse fr\u00e9quence (25.11.2021)\" src=\"https:\/\/www.youtube.com\/embed\/9FpcEOAfubs?feature=oembed\" width=\"500\" height=\"281\" frameborder=\"0\" allowfullscreen=\"allowfullscreen\"><\/iframe><\/div>\r\n<\/div>\r\n<\/div>\r\n<\/div>\r\n<\/div>\r\n<\/div>"}],"add_video_tab":[{"video_tab_title":"Vid\u00e9o","add_video_id":[{"video_id":"gt3j-r9CNJw"},{"video_id":"eiXOoyZJ7Hw"},{"video_id":"UhjSYEQeODY"}]}],"add_gallery_tab":[{"gallery_tab_title":"Photo","add_img":[29598,29589,29580,29571,29562]}],"add_price_tab":[{"price_tab_title":"Obtenir le prix"}]},"language":"fr","_links":{"self":[{"href":"https:\/\/globecore.com\/fr\/wp-json\/wp\/v2\/pages\/15991","targetHints":{"allow":["GET"]}}],"collection":[{"href":"https:\/\/globecore.com\/fr\/wp-json\/wp\/v2\/pages"}],"about":[{"href":"https:\/\/globecore.com\/fr\/wp-json\/wp\/v2\/types\/page"}],"author":[{"embeddable":true,"href":"https:\/\/globecore.com\/fr\/wp-json\/wp\/v2\/users\/7"}],"replies":[{"embeddable":true,"href":"https:\/\/globecore.com\/fr\/wp-json\/wp\/v2\/comments?post=15991"}],"version-history":[{"count":4,"href":"https:\/\/globecore.com\/fr\/wp-json\/wp\/v2\/pages\/15991\/revisions"}],"predecessor-version":[{"id":343078,"href":"https:\/\/globecore.com\/fr\/wp-json\/wp\/v2\/pages\/15991\/revisions\/343078"}],"up":[{"embeddable":true,"href":"https:\/\/globecore.com\/fr\/wp-json\/wp\/v2\/pages\/15723"}],"wp:featuredmedia":[{"embeddable":true,"href":"https:\/\/globecore.com\/fr\/wp-json\/wp\/v2\/media\/342123"}],"wp:attachment":[{"href":"https:\/\/globecore.com\/fr\/wp-json\/wp\/v2\/media?parent=15991"}],"wp:term":[{"taxonomy":"category","embeddable":true,"href":"https:\/\/globecore.com\/fr\/wp-json\/wp\/v2\/categories?post=15991"}],"curies":[{"name":"wp","href":"https:\/\/api.w.org\/{rel}","templated":true}]}}