{"id":15995,"date":"2016-12-20T08:14:28","date_gmt":"2016-12-20T08:14:28","guid":{"rendered":"https:\/\/globecore.com\/products\/magnetic-mill\/chemical-mixing-machine-avs-150.html"},"modified":"2026-03-09T09:00:10","modified_gmt":"2026-03-09T09:00:10","slug":"chemical-mixing-machine-avs-150","status":"publish","type":"page","link":"https:\/\/globecore.com\/fr\/products\/moulin-magnetique\/chemical-mixing-machine-avs-150\/","title":{"rendered":"Appareil AVS-150 \u00e0 couche vortex"},"content":{"rendered":"<div id=\"s3gt_translate_tooltip\" class=\"s3gt_translate_tooltip\">\n<div id=\"s3gt_translate_tooltip_mini_sound\" class=\"s3gt_translate_tooltip_mini\" title=\"\u041f\u0440\u043e\u0441\u043b\u0443\u0448\u0430\u0442\u044c\"><\/div>\n<div id=\"s3gt_translate_tooltip_mini_copy\" class=\"s3gt_translate_tooltip_mini\" title=\"\u0421\u043a\u043e\u043f\u0438\u0440\u043e\u0432\u0430\u0442\u044c \u0442\u0435\u043a\u0441\u0442 \u0432 \u0431\u0443\u0444\u0435\u0440 \u043e\u0431\u043c\u0435\u043d\u0430\"><\/div>\n<\/div>\n","protected":false},"excerpt":{"rendered":"<p>GlobeCore est la seule entreprise de haute technologie au monde \u00e0 produire des dispositifs industriels \u00e0 couche vortex avec des performances \u00e9prouv\u00e9es en conditions r\u00e9elles. La Machine de M\u00e9lange Chimique fonctionne en transformant l\u2019\u00e9nergie d\u2019un champ \u00e9lectromagn\u00e9tique en d\u2019autres formes d\u2019\u00e9nergie. L\u2019unit\u00e9 ABC-150, \u00e9quip\u00e9e d\u2019\u00e9l\u00e9ments de travail ferromagn\u00e9tiques, est con\u00e7ue pour le broyage fin et ultrafin de tous types de mat\u00e9riaux en vrac. Pendant le traitement, les mat\u00e9riaux ne sont pas seulement r\u00e9duits en taille, mais subissent \u00e9galement une activation m\u00e9canique, am\u00e9liorant les propri\u00e9t\u00e9s des composants trait\u00e9s.<\/p>\n","protected":false},"author":7,"featured_media":13117,"parent":15544,"menu_order":0,"comment_status":"closed","ping_status":"closed","template":"templates\/single-product.php","meta":{"_acf_changed":false,"_bbp_topic_count":0,"_bbp_reply_count":0,"_bbp_total_topic_count":0,"_bbp_total_reply_count":0,"_bbp_voice_count":0,"_bbp_anonymous_reply_count":0,"_bbp_topic_count_hidden":0,"_bbp_reply_count_hidden":0,"_bbp_forum_subforum_count":0,"footnotes":""},"categories":[1382],"class_list":["post-15995","page","type-page","status-publish","has-post-thumbnail","hentry","category-fraisage","oil_type-industrie-alimentaire","oil_type-industrie-chimique","oil_type-industrie-du-batiment","oil_type-industrie-petroliere","oil_type-industrie-pharmaceutique","process_type-activation-fr","process_type-broyage","process_type-melange"],"acf":{"add_tab":[{"tab_title":"Description","tab_content":"<p style=\"text-align: justify;\">La conception de l\u2019appareil assure son fonctionnement fiable et efficace. On peut effectuer les processus dans un tel dispositif par cycles ou en continue.<\/p>\r\n<p style=\"text-align: justify;\">Les appareils sont herm\u00e9tiques et n\u2019ont pas de joints d\u2019\u00e9tanch\u00e9it\u00e9 dynamiques. Ils se composent d\u2019un dispositif \u00e9lectromagn\u00e9tique avec le syst\u00e8me de refroidissement, la chambre de travail et le panneau de commande.<\/p>\r\n<p style=\"text-align: justify;\">Vous \u00eates pri\u00e9 \u00e0 nous contacter si vous voulez avoir plus d\u2019informations sur l\u2019appareil \u00e0 couche vortex et son industrialisation dans vos proc\u00e9d\u00e9s technologiques.<\/p>\r\n<p style=\"text-align: justify;\">La gamme des appareils \u00e0 couche vortex comprend divers mod\u00e8les qui diff\u00e8rent en capacit\u00e9 et conception.<\/p>\r\n<p style=\"text-align: justify;\"><strong>Ces appareils sont polyvalents dans son emploi et uniques en son genre.<\/strong> Les AVS trouvent aussi son emploi dans les laboratoires pour la mise au point de nouveaux mat\u00e9riels car elles sont id\u00e9ales aux proc\u00e9d\u00e9s de malaxage: fr\u00e9quence et amplitude de r\u00e9sonance sont variables dans le temps; la plus compliqu\u00e9e mouvement d\u2019\u00e9l\u00e9ment fonctionnel; intensit\u00e9 de r\u00e9sonance est homog\u00e8ne \u00e0 travers tout le volume d\u2019un milieu \u00e0 traiter.<\/p>\r\n\r\n<h3 style=\"text-align: center;\"><strong>Principe de fonctionnement et structure d\u2019AVS<\/strong><\/h3>\r\n<p style=\"text-align: justify;\">Le principe de fonctionnement de cet appareil ABC consiste en conversion d\u2019\u00e9nergie du champ \u00e9lectromagn\u00e9tique en d\u2019autres formes d\u2019\u00e9nergie. L\u2019unit\u00e9 est une chambre (tube) de 90-136 mm de diam\u00e8tre, situ\u00e9e \u00e0 l\u2019int\u00e9rieur d\u2019un inducteur du champ \u00e9lectromagn\u00e9tique rotatif. Il y a des \u00e9l\u00e9ments cylindriques ferromagn\u00e9tiques de 0,5 \u00e0 5 mm de diam\u00e8tre et de 0,5 \u00e0 60 mm de longueur dans la zone active du tube, au nombre de plusieurs dizaines \u00e0 plusieurs centaines, en fonction du volume de cette zone de l\u2019appareil (fig.2).<\/p>\r\n<p style=\"text-align: center;\"><img class=\"alignnone size-thumbnail wp-image-15998\" src=\"https:\/\/globecore.com\/wp-content\/uploads\/2018\/10\/AVS-300x300.jpg\" alt=\"\" width=\"300\" height=\"300\" \/><\/p>\r\n<p style=\"text-align: justify;\"><strong>Sch\u00e9ma de l\u2019appareil \u00e9lectromagn\u00e9tique \u00e0 couche vortex: 1 - manchon de protection; 2 - inducteur du champ \u00e9lectromagn\u00e9tique rotatif; 3 - corps de l\u2019inducteur; 4 - chambre de travail au mat\u00e9riau non magn\u00e9tique; 5 - \u00e9l\u00e9ments ferromagn\u00e9tiques<\/strong><\/p>\r\n<p style=\"text-align: justify;\">Cependant, on peut les diviser en deux classes principales: <strong>appareils aux proc\u00e9d\u00e9s en phase liquide et h\u00e9t\u00e9rog\u00e8ne et les appareils aux proc\u00e9d\u00e9s de m\u00e9lange et dispersion des mat\u00e9riaux pulv\u00e9rulents.<\/strong><\/p>\r\n<p style=\"text-align: justify;\">La conception de l\u2019appareil assure son fonctionnement fiable et efficace. On peut effectuer les processus dans un tel dispositif par cycles ou en continue.<\/p>\r\n<p style=\"text-align: justify;\">Les appareils sont herm\u00e9tiques et n\u2019ont pas de joints d\u2019\u00e9tanch\u00e9it\u00e9 dynamiques. Ils se composent d\u2019un dispositif \u00e9lectromagn\u00e9tique avec le syst\u00e8me de refroidissement, la chambre de travail et le panneau de commande.<\/p>\r\n<p style=\"text-align: justify;\">Il ressort de ce qui pr\u00e9c\u00e8de qui les parties constructives principales d\u2019un appareil \u00e9lectromagn\u00e9tique \u00e0 couche vortex sont: l\u2019inducteur du champ \u00e9lectromagn\u00e9tique rotatif avec un syst\u00e8me de refroidissement connect\u00e9 au r\u00e9seau du courant alternatif triphas\u00e9 \u00e0 la tension de 380\/220 V, la fr\u00e9quence de 50 Hz et la chambre de travail aux \u00e9l\u00e9ments ferromagn\u00e9tiques.<\/p>\r\n<p style=\"text-align: justify;\">Sous l\u2019effet du champ \u00e9lectromagn\u00e9tique rotatif, les \u00e9l\u00e9ments ferromagn\u00e9tiques se d\u00e9placent dans la zone de travail et cr\u00e9ent ce que l'on appelle la \"couche vortex\".<\/p>\r\n<p style=\"text-align: justify;\">Pour r\u00e9sumer les choses, ci dessous les principales industries et processus dans lesquels l\u2019utilisation du dispositif \u00e0 Couche Vortex est la plus efficace et la plus rentable pour obtenir \u00e0 la sortie un produit qualitativement nouveau.<\/p>\r\n\r\n<ul style=\"text-align: justify;\">\r\n \t<li>intensification des proc\u00e9d\u00e9s chimiques (traitement des eaux d\u2019\u00e9gouts);<\/li>\r\n \t<li>fabrication de caoutchouc;<\/li>\r\n \t<li>m\u00e9tallurgie des poudres;<\/li>\r\n \t<li>broyage de cellulose;<\/li>\r\n \t<li>pour la fabrication de mat\u00e9riaux compos\u00e9s m\u00e9tal-polym\u00e8re;<\/li>\r\n \t<li>en fonderie;<\/li>\r\n \t<li>pour former les boues de forage;<\/li>\r\n \t<li>pour produire les m\u00e9langes combustibles aux unit\u00e9s de navires;<\/li>\r\n \t<li>pour le traitement de pi\u00e8ces en m\u00e9taux et en mati\u00e8res plastiques;<\/li>\r\n \t<li>au refroidissement de produits de laminage;<\/li>\r\n \t<li>pour la r\u00e9g\u00e9n\u00e9ration de polym\u00e8res structur\u00e9s;<\/li>\r\n \t<li>pour les r\u00e9actions m\u00e9canochimiques;<\/li>\r\n \t<li>synth\u00e8se de produits polym\u00e8res;<\/li>\r\n \t<li>activation des solides, etc.<\/li>\r\n<\/ul>\r\n<p style=\"text-align: justify;\">Lors de la fabrication de dispositifs \u00e9lectromagn\u00e9tiques \u00e0 la la productivit\u00e9 sp\u00e9cifiques, les param\u00e8tres importants sont les param\u00e8tres du champ magn\u00e9tique dans la zone de travail de l\u2019appareil et les dimensions g\u00e9om\u00e9triques de la chambre de travail. Le champ magn\u00e9tique de l\u2019inducteur se caract\u00e9rise par une intensit\u00e9 qui ne d\u00e9pend pas du milieu, mais uniquement de dimensions g\u00e9om\u00e9triques du pourtour et la valeur du courant, sa dimensionnalit\u00e9 (A\/m). La principale caract\u00e9ristique de l\u2019action mutuelle des forces du champ magn\u00e9tique et du courant \u00e9lectrique est l\u2019induction magn\u00e9tique, mesur\u00e9e en T (Tesla) dans le syst\u00e8me SI, dans le syst\u00e8me CGS en Gs (Gauss).<\/p>\r\n\r\n<h3 style=\"text-align: justify;\"><strong>Domaine d\u2019application de l\u2019appareil:<\/strong><\/h3>\r\n<ul style=\"text-align: justify;\">\r\n \t<li>Industrie du b\u00e2timent;<\/li>\r\n \t<li>Industrie de la construction m\u00e9canique;<\/li>\r\n \t<li>Industrie chimique;<\/li>\r\n \t<li>Sph\u00e8re agricole;<\/li>\r\n \t<li>Industrie alimentaire;<\/li>\r\n \t<li>Industrie mini\u00e8re;<\/li>\r\n \t<li>en m\u00e9decine (pharmacologie) et d\u2019autres.<\/li>\r\n<\/ul>\r\n<h3 style=\"text-align: justify;\"><strong>Les broyeurs \u00e9lectromagn\u00e9tiques sont particuli\u00e8rement efficaces pour:<\/strong><\/h3>\r\n<ul>\r\n \t<li style=\"text-align: justify;\">formation de suspensions et d'\u00e9mulsions \u00e0 composants multiples;<\/li>\r\n \t<li style=\"text-align: justify;\">acc\u00e9l\u00e9ration des proc\u00e9d\u00e9s de formation de m\u00e9langes finement dispers\u00e9s, activation de mat\u00e9riaux secs ou dispers\u00e9s dans l\u2019eau ce qui fait am\u00e9liorer les propri\u00e9t\u00e9s physiques et chimiques du caoutchouc et r\u00e9duit la dur\u00e9e de vulcanisation;<\/li>\r\n \t<li style=\"text-align: justify;\">pour la purification compl\u00e8te des eaux us\u00e9es industrielles \u00e0 partir du ph\u00e9nol, du formald\u00e9hyde, des m\u00e9taux lourds, de l\u2019arsenic, des cyanures; l\u2019acc\u00e9l\u00e9ration du traitement thermique, la formation de mati\u00e8re prot\u00e9ique \u00e0 partir de cellules de levure;<\/li>\r\n \t<li style=\"text-align: justify;\">am\u00e9lioration de la stabilit\u00e9 microbiologique des produits alimentaires et l\u2019activation de la levure dans la panification;<\/li>\r\n \t<li style=\"text-align: justify;\">am\u00e9lioration de la qualit\u00e9 des produits semi-finis et des produits finis \u00e0 base de viande et de poisson;<\/li>\r\n \t<li style=\"text-align: justify;\">intensification des proc\u00e9d\u00e9s d\u2019extraction, y compris dans la pr\u00e9paration des bouillons, la production de boissons \u00e0 base de fruits (jus), de pectine, etc.<\/li>\r\n \t<li style=\"text-align: justify;\">pour la production de suspensions et d\u2019\u00e9mulsions de haute s\u00e9curit\u00e9 microbiologique dans l\u2019industrie alimentaire sans utilisation de stabilisants, et \u00e9galement pour augmenter le rendement des produits finis.<\/li>\r\n<\/ul>"}],"add_def_tab":[{"tab_title":"Caract\u00e9ristiques","tab_content":"<table width=\"602\">\r\n<tbody>\r\n<tr>\r\n<td width=\"222\">\r\n<p style=\"text-align: center;\"><strong><em>Performances de l\u2019appareil AVS-150<\/em><\/strong><\/p>\r\n<\/td>\r\n<td width=\"379\">\r\n<p style=\"text-align: center;\"><strong><em>\u00e0 couche vortex<\/em><\/strong><\/p>\r\n<\/td>\r\n<\/tr>\r\n<tr>\r\n<td width=\"222\">Capacit\u00e9 de production max, m<sup>3<\/sup>\/heure\r\n\r\n\u2013 purification des eaux d\u2019\u00e9gouts<\/td>\r\n<td width=\"379\">\r\n<p style=\"text-align: center;\">30<\/p>\r\n<\/td>\r\n<\/tr>\r\n<tr>\r\n<td width=\"222\">\u2013 formation de suspension<\/td>\r\n<td width=\"379\">\r\n<p style=\"text-align: center;\">15<\/p>\r\n<\/td>\r\n<\/tr>\r\n<tr>\r\n<td width=\"222\">Pression de service, MPa (kgf\/\u0441m<sup>2<\/sup>), pas plus de:<\/td>\r\n<td width=\"379\">\r\n<p style=\"text-align: center;\">0,25 (2,5)<\/p>\r\n<\/td>\r\n<\/tr>\r\n<tr>\r\n<td width=\"222\">Diam\u00e8tre de la zone active, mm<\/td>\r\n<td width=\"379\">\r\n<p style=\"text-align: center;\">136<\/p>\r\n<\/td>\r\n<\/tr>\r\n<tr>\r\n<td width=\"222\">Induction magn\u00e9tique dans la zone active, T<\/td>\r\n<td width=\"379\">\r\n<p style=\"text-align: center;\">0,15<\/p>\r\n<\/td>\r\n<\/tr>\r\n<tr>\r\n<td width=\"222\">Alimentation \u00e9lectrique<\/td>\r\n<td width=\"379\">\r\n<p style=\"text-align: center;\">du r\u00e9seau de courant alternatif<\/p>\r\n<\/td>\r\n<\/tr>\r\n<tr>\r\n<td width=\"222\">Fr\u00e9quence, Hz<\/td>\r\n<td width=\"379\">\r\n<p style=\"text-align: center;\">50<\/p>\r\n<\/td>\r\n<\/tr>\r\n<tr>\r\n<td width=\"222\">Tension, V<\/td>\r\n<td width=\"379\">\r\n<p style=\"text-align: center;\">380<\/p>\r\n<\/td>\r\n<\/tr>\r\n<tr>\r\n<td width=\"222\">Vitesse de rotation du champ magn\u00e9tique dans la chambre de travail, r\/min<\/td>\r\n<td width=\"379\">\r\n<p style=\"text-align: center;\">3\u00a0000<\/p>\r\n<\/td>\r\n<\/tr>\r\n<tr>\r\n<td width=\"222\">Puissance consomm\u00e9e, \u043aW<\/td>\r\n<td width=\"379\">\r\n<p style=\"text-align: center;\">9,5<\/p>\r\n<\/td>\r\n<\/tr>\r\n<tr>\r\n<td width=\"222\">Dimensions hors tout, mm,\r\n\r\n\u2013 appareil<\/td>\r\n<td width=\"379\">\r\n<p style=\"text-align: center;\">1300\u00d71100\u00d71\u00a0690<\/p>\r\n<\/td>\r\n<\/tr>\r\n<tr>\r\n<td width=\"222\">\u2013 bloc de commande<\/td>\r\n<td width=\"379\">\r\n<p style=\"text-align: center;\">1\u00a0060\u00d71030\u00d71\u00a0900<\/p>\r\n<\/td>\r\n<\/tr>\r\n<tr>\r\n<td width=\"222\">Masse, kg\r\n\r\n\u2013 appareil\r\n\r\n\u2013 bloc de commande<\/td>\r\n<td width=\"379\">\r\n<p style=\"text-align: center;\">500<\/p>\r\n<p style=\"text-align: center;\">450<\/p>\r\n<\/td>\r\n<\/tr>\r\n<\/tbody>\r\n<\/table>"},{"tab_title":"Avantages","tab_content":"<h3 style=\"text-align: justify;\"><strong>Les AVS servent comme:<\/strong><\/h3>\r\n<ul>\r\n \t<li style=\"text-align: justify;\">r\u00e9acteurs;<\/li>\r\n \t<li style=\"text-align: justify;\">m\u00e9langeurs,<\/li>\r\n \t<li style=\"text-align: justify;\">broyeurs (moulin \u00e9lectromagn\u00e9tique sans rotor);<\/li>\r\n \t<li style=\"text-align: justify;\">broyage de mat\u00e9riau abrasif;<\/li>\r\n \t<li style=\"text-align: justify;\">broyage \u00e0 sec;<\/li>\r\n \t<li style=\"text-align: justify;\">extracteurs;<\/li>\r\n \t<li style=\"text-align: justify;\">au traitement magn\u00e9tique;<\/li>\r\n \t<li style=\"text-align: justify;\">pour la fusion de m\u00e9taux collo\u00efdaux (par exemple, fer collo\u00efdal ou argent collo\u00efdal);<\/li>\r\n \t<li style=\"text-align: justify;\">activation de diverses substances et autres fins.<\/li>\r\n<\/ul>"},{"tab_title":"Application","tab_content":"[product_oil_types]"}],"add_video_tab":[{"video_tab_title":"Vid\u00e9o","add_video_id":[{"video_id":"rp-PEcTQhAA"},{"video_id":"093XPH5hOQY"},{"video_id":"d-bNe_Sdnrs"},{"video_id":"FAjc2d7ds4M"}]}],"add_gallery_tab":[{"gallery_tab_title":"Photo","add_img":[60134,60125,60116,42065,42074,60096]}],"add_price_tab":[{"price_tab_title":"Obtenir le prix"}]},"language":"fr","_links":{"self":[{"href":"https:\/\/globecore.com\/fr\/wp-json\/wp\/v2\/pages\/15995","targetHints":{"allow":["GET"]}}],"collection":[{"href":"https:\/\/globecore.com\/fr\/wp-json\/wp\/v2\/pages"}],"about":[{"href":"https:\/\/globecore.com\/fr\/wp-json\/wp\/v2\/types\/page"}],"author":[{"embeddable":true,"href":"https:\/\/globecore.com\/fr\/wp-json\/wp\/v2\/users\/7"}],"replies":[{"embeddable":true,"href":"https:\/\/globecore.com\/fr\/wp-json\/wp\/v2\/comments?post=15995"}],"version-history":[{"count":2,"href":"https:\/\/globecore.com\/fr\/wp-json\/wp\/v2\/pages\/15995\/revisions"}],"predecessor-version":[{"id":341806,"href":"https:\/\/globecore.com\/fr\/wp-json\/wp\/v2\/pages\/15995\/revisions\/341806"}],"up":[{"embeddable":true,"href":"https:\/\/globecore.com\/fr\/wp-json\/wp\/v2\/pages\/15544"}],"wp:featuredmedia":[{"embeddable":true,"href":"https:\/\/globecore.com\/fr\/wp-json\/wp\/v2\/media\/13117"}],"wp:attachment":[{"href":"https:\/\/globecore.com\/fr\/wp-json\/wp\/v2\/media?parent=15995"}],"wp:term":[{"taxonomy":"category","embeddable":true,"href":"https:\/\/globecore.com\/fr\/wp-json\/wp\/v2\/categories?post=15995"}],"curies":[{"name":"wp","href":"https:\/\/api.w.org\/{rel}","templated":true}]}}