{"id":18112,"date":"2018-11-26T07:03:15","date_gmt":"2018-11-26T07:03:15","guid":{"rendered":"https:\/\/globecore.com\/products\/colloid-mill\/colloid-mill-clm-40.html"},"modified":"2026-03-09T08:33:44","modified_gmt":"2026-03-09T08:33:44","slug":"colloid-mill-clm-40","status":"publish","type":"page","link":"https:\/\/globecore.com\/fr\/products\/broyeur-colloidal\/colloid-mills-for-bitumen-modification\/colloid-mill-clm-40\/","title":{"rendered":"CLM-40.2 Moulin collo\u00efdal"},"content":{"rendered":"","protected":false},"excerpt":{"rendered":"<p>Le broyeur collo\u00efdal CLM-40.2 est con\u00e7u pour le broyage des granul\u00e9s de polym\u00e8re SBS pour la production de bitume modifi\u00e9. L\u2019unit\u00e9 peut \u00eatre fournie dans le cadre d\u2019une installation compl\u00e8te ou s\u00e9par\u00e9ment pour moderniser des \u00e9quipements existants. Elle offre une capacit\u00e9 de 30\u202fm\u00b3\/h, assure la r\u00e9sistance \u00e0 la d\u00e9lamination du m\u00e9lange et permet de r\u00e9gler l\u2019\u00e9cart rotor-stator sans d\u00e9montage.<\/p>\n","protected":false},"author":7,"featured_media":18080,"parent":68017,"menu_order":0,"comment_status":"closed","ping_status":"closed","template":"templates\/single-product.php","meta":{"_acf_changed":false,"_bbp_topic_count":0,"_bbp_reply_count":0,"_bbp_total_topic_count":0,"_bbp_total_reply_count":0,"_bbp_voice_count":0,"_bbp_anonymous_reply_count":0,"_bbp_topic_count_hidden":0,"_bbp_reply_count_hidden":0,"_bbp_forum_subforum_count":0,"footnotes":""},"categories":[1382],"class_list":["post-18112","page","type-page","status-publish","has-post-thumbnail","hentry","category-fraisage","oil_type-industrie-chimique","oil_type-industrie-petroliere","process_type-broyage","process_type-melange"],"acf":{"add_tab":[{"tab_title":"Description","tab_content":"<p style=\"text-align: justify;\">Le moulin collo\u00efdal CLM-40.2 est con\u00e7u pour le broyage de granules ou de particules de polym\u00e8re SBS lors de la production de bitume modifi\u00e9.<\/p>\r\n<p style=\"text-align: justify;\">L'unit\u00e9 peut \u00eatre fournie soit en tant qu'une partie de l'installation USB-3 de la modification de bitume, soit s\u00e9par\u00e9ment pour \u00eatre int\u00e9gr\u00e9e ult\u00e9rieurement \u00e0 l'\u00e9quipement existant.<\/p>\r\n<p style=\"text-align: justify;\">Le CLM-40.2 est con\u00e7u pour travailler \u00e0 l'int\u00e9rieur ou \u00e0 l'ext\u00e9rieur sous un auvent adapt\u00e9. La conception de l'appareil permet un fonctionnement \u00e0 des temp\u00e9ratures comprises entre +5\u00b0C et +40\u00b0C.<\/p>"}],"add_def_tab":[{"tab_title":"Caract\u00e9ristiques","tab_content":"<table>\r\n<tbody>\r\n<tr>\r\n<td colspan=\"2\" width=\"516\">\r\n<p style=\"text-align: center;\"><strong>Performance<\/strong><\/p>\r\n<\/td>\r\n<td width=\"96\">\r\n<p style=\"text-align: center;\"><strong>Valeur<\/strong><\/p>\r\n<\/td>\r\n<\/tr>\r\n<tr>\r\n<td colspan=\"2\" width=\"516\">Capacit\u00e9 , \u00a0m<sup>3<\/sup>\/h<\/td>\r\n<td width=\"96\">\r\n<p style=\"text-align: center;\">30<\/p>\r\n<\/td>\r\n<\/tr>\r\n<tr>\r\n<td colspan=\"2\" width=\"516\">Pression de service, MPa<\/td>\r\n<td width=\"96\">\r\n<p style=\"text-align: center;\">0,6<\/p>\r\n<\/td>\r\n<\/tr>\r\n<tr>\r\n<td colspan=\"2\" width=\"516\">Vitesse de rotation, tr\/min<\/td>\r\n<td width=\"96\">\r\n<p style=\"text-align: center;\">3000*<\/p>\r\n<\/td>\r\n<\/tr>\r\n<tr>\r\n<td colspan=\"2\" width=\"516\">Puissance du moteur d\u2019entrainement, kW<\/td>\r\n<td width=\"96\">\r\n<p style=\"text-align: center;\">110*<\/p>\r\n<\/td>\r\n<\/tr>\r\n<tr>\r\n<td colspan=\"2\" width=\"516\">Diam\u00e8tre du passage fictif \u00e0 l\u2019aspiration\/refoulement, mm<\/td>\r\n<td width=\"96\">\r\n<p style=\"text-align: center;\">200\/80<\/p>\r\n<\/td>\r\n<\/tr>\r\n<tr>\r\n<td colspan=\"2\" width=\"516\">Temp\u00e9rature maximale du caloporteur, \u00b0C<\/td>\r\n<td width=\"96\">\r\n<p style=\"text-align: center;\">180<\/p>\r\n<\/td>\r\n<\/tr>\r\n<tr>\r\n<td colspan=\"3\" width=\"612\">Dimension hors tout, mm:<\/td>\r\n<\/tr>\r\n<tr>\r\n<td width=\"491\">\u2013 longueur<\/td>\r\n<td colspan=\"2\" width=\"121\">\r\n<p style=\"text-align: center;\">1700*<\/p>\r\n<\/td>\r\n<\/tr>\r\n<tr>\r\n<td width=\"491\">\u2013 largeur<\/td>\r\n<td colspan=\"2\" width=\"121\">\r\n<p style=\"text-align: center;\">900*<\/p>\r\n<\/td>\r\n<\/tr>\r\n<tr>\r\n<td width=\"491\">\u2013 hauteur<\/td>\r\n<td colspan=\"2\" width=\"121\">\r\n<p style=\"text-align: center;\">1500*<\/p>\r\n<\/td>\r\n<\/tr>\r\n<tr>\r\n<td width=\"491\">Masse, kg<\/td>\r\n<td colspan=\"2\" width=\"121\">\r\n<p style=\"text-align: center;\">1150*<\/p>\r\n<\/td>\r\n<\/tr>\r\n<tr>\r\n<td colspan=\"3\" width=\"612\"><strong>Note.<\/strong>* \u2013 broyeur fourni sans moteur \u00e9lectrique<\/td>\r\n<\/tr>\r\n<\/tbody>\r\n<\/table>"},{"tab_title":"Avantages","tab_content":"<ul>\r\n \t<li style=\"text-align: justify;\">r\u00e9sistance \u00e0 la d\u00e9mixtion du m\u00e9lange;<\/li>\r\n \t<li style=\"text-align: justify;\">r\u00e9glage du degr\u00e9 de broyage.<\/li>\r\n<\/ul>"},{"tab_title":"Webinaire","tab_content":"<div class=\"responsive-embed widescreen\">\r\n<div class=\"responsive-embed widescreen\">\r\n<div class=\"responsive-embed widescreen\">\r\n<div class=\"responsive-embed widescreen\"><iframe title=\"Webinaire - Broyage ultra-fin dans l'industrie alimentaire (17.11.2021)\" src=\"https:\/\/www.youtube.com\/embed\/jqEwm2QOx8c?feature=oembed\" width=\"500\" height=\"281\" frameborder=\"0\" allowfullscreen=\"allowfullscreen\"><\/iframe><\/div>\r\n<\/div>\r\n<\/div>\r\n<\/div>"}],"add_video_tab":[{"video_tab_title":"Vid\u00e9o","add_video_id":[{"video_id":"T0bZ7JH6Tyo"},{"video_id":"B-VX5VdEIJQ"}]}],"add_gallery_tab":null,"add_price_tab":[{"price_tab_title":"Obtenir le prix"}]},"language":"fr","_links":{"self":[{"href":"https:\/\/globecore.com\/fr\/wp-json\/wp\/v2\/pages\/18112","targetHints":{"allow":["GET"]}}],"collection":[{"href":"https:\/\/globecore.com\/fr\/wp-json\/wp\/v2\/pages"}],"about":[{"href":"https:\/\/globecore.com\/fr\/wp-json\/wp\/v2\/types\/page"}],"author":[{"embeddable":true,"href":"https:\/\/globecore.com\/fr\/wp-json\/wp\/v2\/users\/7"}],"replies":[{"embeddable":true,"href":"https:\/\/globecore.com\/fr\/wp-json\/wp\/v2\/comments?post=18112"}],"version-history":[{"count":2,"href":"https:\/\/globecore.com\/fr\/wp-json\/wp\/v2\/pages\/18112\/revisions"}],"predecessor-version":[{"id":341787,"href":"https:\/\/globecore.com\/fr\/wp-json\/wp\/v2\/pages\/18112\/revisions\/341787"}],"up":[{"embeddable":true,"href":"https:\/\/globecore.com\/fr\/wp-json\/wp\/v2\/pages\/68017"}],"wp:featuredmedia":[{"embeddable":true,"href":"https:\/\/globecore.com\/fr\/wp-json\/wp\/v2\/media\/18080"}],"wp:attachment":[{"href":"https:\/\/globecore.com\/fr\/wp-json\/wp\/v2\/media?parent=18112"}],"wp:term":[{"taxonomy":"category","embeddable":true,"href":"https:\/\/globecore.com\/fr\/wp-json\/wp\/v2\/categories?post=18112"}],"curies":[{"name":"wp","href":"https:\/\/api.w.org\/{rel}","templated":true}]}}