{"id":228170,"date":"2024-06-25T13:05:43","date_gmt":"2024-06-25T13:05:43","guid":{"rendered":"https:\/\/globecore.com\/products\/accessoires\/filters\/fine-filter-with-filtration-coefficient-beta-4000\/"},"modified":"2026-02-17T09:31:10","modified_gmt":"2026-02-17T09:31:10","slug":"fine-filter-with-filtration-coefficient-beta-4000","status":"publish","type":"page","link":"https:\/\/globecore.com\/fr\/products\/accessoires\/filters\/fine-filter-with-filtration-coefficient-beta-4000\/","title":{"rendered":"GC Filtre fin avec coefficient de filtration \u03b2 = 4000"},"content":{"rendered":"","protected":false},"excerpt":{"rendered":"<p>Le filtre fin GC est con\u00e7u pour \u00e9liminer les impuret\u00e9s m\u00e9caniques avec un facteur de filtration \u03b2 = 4000. La pr\u00e9cision du filtre peut \u00eatre choisie dans une plage nominale de 0,9 \u00e0 22 microns.<br \/>\nLe filtre est une structure ferm\u00e9e compos\u00e9e du bo\u00eetier inf\u00e9rieur, d\u2019un corps tubulaire et d\u2019un couvercle sup\u00e9rieur. Toutes les parties du bo\u00eetier sont \u00e9tanch\u00e9ifi\u00e9es entre elles. L\u2019\u00e9l\u00e9ment filtrant est install\u00e9 \u00e0 l\u2019int\u00e9rieur et scell\u00e9 avec des anneaux en caoutchouc.<\/p>\n","protected":false},"author":7,"featured_media":116483,"parent":227718,"menu_order":0,"comment_status":"closed","ping_status":"closed","template":"templates\/single-product.php","meta":{"_acf_changed":false,"_bbp_topic_count":0,"_bbp_reply_count":0,"_bbp_total_topic_count":0,"_bbp_total_reply_count":0,"_bbp_voice_count":0,"_bbp_anonymous_reply_count":0,"_bbp_topic_count_hidden":0,"_bbp_reply_count_hidden":0,"_bbp_forum_subforum_count":0,"footnotes":""},"categories":[2571],"class_list":["post-228170","page","type-page","status-publish","has-post-thumbnail","hentry","category-accessoires","oil_type-carburant-diesel","oil_type-huile-hydraulique","oil_type-huile-industrielle","oil_type-huile-pour-transformateur","process_type-filtration-fr"],"acf":{"add_tab":[{"tab_title":"Description","tab_content":"<p style=\"text-align: justify;\">Le filtre GC Fine est con\u00e7u pour \u00e9liminer les impuret\u00e9s m\u00e9caniques avec un facteur de filtration \u03b2 = 4000. La pr\u00e9cision du filtre peut \u00eatre s\u00e9lectionn\u00e9e dans une plage nominale de 0,9 \u00e0 22 microns.<\/p>\r\n<p style=\"text-align: justify;\">Le filtre est une structure ferm\u00e9e compos\u00e9e d'un bo\u00eetier inf\u00e9rieur, d'un bo\u00eetier tubulaire et d'un couvercle sup\u00e9rieur. Toutes les parties du bo\u00eetier sont herm\u00e9tiquement scell\u00e9es les unes aux autres. L'\u00e9l\u00e9ment filtrant est install\u00e9 \u00e0 l'int\u00e9rieur et scell\u00e9 par des anneaux en caoutchouc.<\/p>\r\n<p style=\"text-align: justify;\">Le bo\u00eetier inf\u00e9rieur contient des points de connexion pour les conduites de liquide contamin\u00e9 et nettoy\u00e9. Des bouchons de drainage y sont \u00e9galement plac\u00e9s.<\/p>\r\n<p style=\"text-align: justify;\">Le couvercle sup\u00e9rieur contient un bouchon d'a\u00e9ration.<\/p>"}],"add_def_tab":[{"tab_title":"Sp\u00e9cifications","tab_content":"<table>\r\n<tbody>\r\n<tr>\r\n<td width=\"36\"><strong>#<\/strong><\/td>\r\n<td style=\"text-align: center;\" width=\"375\"><strong>Param\u00e8tres<\/strong><\/td>\r\n<td style=\"text-align: center;\" width=\"205\"><strong>Valeur<\/strong><\/td>\r\n<\/tr>\r\n<tr>\r\n<td width=\"36\">1<\/td>\r\n<td width=\"375\">Capacit\u00e9 de production, litres\/heure<\/td>\r\n<td style=\"text-align: center;\" width=\"205\">12000<\/td>\r\n<\/tr>\r\n<tr>\r\n<td width=\"36\">2<\/td>\r\n<td width=\"375\">Pression maximale, bar<\/td>\r\n<td style=\"text-align: center;\" width=\"205\">12<\/td>\r\n<\/tr>\r\n<tr>\r\n<td width=\"36\">3<\/td>\r\n<td width=\"375\">Mat\u00e9riau de la structure<\/td>\r\n<td style=\"text-align: center;\" width=\"205\">Acier, fonte<\/td>\r\n<\/tr>\r\n<tr>\r\n<td width=\"36\">4<\/td>\r\n<td width=\"375\">Temp\u00e9rature du liquide de filtration, \u00b0C<\/td>\r\n<td style=\"text-align: center;\" width=\"205\">De -25 \u00e0 +120<\/td>\r\n<\/tr>\r\n<tr>\r\n<td width=\"36\">5<\/td>\r\n<td width=\"375\">Raccordement au processus<\/td>\r\n<td style=\"text-align: center;\" width=\"205\">Brides, \u00d830mm<\/td>\r\n<\/tr>\r\n<tr>\r\n<td width=\"36\">6<\/td>\r\n<td width=\"375\">Dimensions, mm:<\/td>\r\n<td width=\"205\"><\/td>\r\n<\/tr>\r\n<tr>\r\n<td width=\"36\"><\/td>\r\n<td width=\"375\">\u2014 Hauteur<\/td>\r\n<td style=\"text-align: center;\" width=\"205\">1190<\/td>\r\n<\/tr>\r\n<tr>\r\n<td width=\"36\"><\/td>\r\n<td width=\"375\">\u2014 Largeur<\/td>\r\n<td style=\"text-align: center;\" width=\"205\">240<\/td>\r\n<\/tr>\r\n<tr>\r\n<td width=\"36\"><\/td>\r\n<td width=\"375\">\u2014 Profondeur<\/td>\r\n<td style=\"text-align: center;\" width=\"205\">210<\/td>\r\n<\/tr>\r\n<tr>\r\n<td width=\"36\">7<\/td>\r\n<td width=\"375\">Poids, kg<\/td>\r\n<td style=\"text-align: center;\" width=\"205\">56<\/td>\r\n<\/tr>\r\n<\/tbody>\r\n<\/table>"},{"tab_title":"Avantages","tab_content":"<ul>\r\n \t<li>Efficacit\u00e9 de filtration \u00e9lev\u00e9e ;<\/li>\r\n \t<li>Haute pr\u00e9cision de filtration ;<\/li>\r\n \t<li>Structure durable.<\/li>\r\n<\/ul>"}],"add_video_tab":null,"add_gallery_tab":null,"add_price_tab":null},"language":"fr","_links":{"self":[{"href":"https:\/\/globecore.com\/fr\/wp-json\/wp\/v2\/pages\/228170","targetHints":{"allow":["GET"]}}],"collection":[{"href":"https:\/\/globecore.com\/fr\/wp-json\/wp\/v2\/pages"}],"about":[{"href":"https:\/\/globecore.com\/fr\/wp-json\/wp\/v2\/types\/page"}],"author":[{"embeddable":true,"href":"https:\/\/globecore.com\/fr\/wp-json\/wp\/v2\/users\/7"}],"replies":[{"embeddable":true,"href":"https:\/\/globecore.com\/fr\/wp-json\/wp\/v2\/comments?post=228170"}],"version-history":[{"count":1,"href":"https:\/\/globecore.com\/fr\/wp-json\/wp\/v2\/pages\/228170\/revisions"}],"predecessor-version":[{"id":333659,"href":"https:\/\/globecore.com\/fr\/wp-json\/wp\/v2\/pages\/228170\/revisions\/333659"}],"up":[{"embeddable":true,"href":"https:\/\/globecore.com\/fr\/wp-json\/wp\/v2\/pages\/227718"}],"wp:featuredmedia":[{"embeddable":true,"href":"https:\/\/globecore.com\/fr\/wp-json\/wp\/v2\/media\/116483"}],"wp:attachment":[{"href":"https:\/\/globecore.com\/fr\/wp-json\/wp\/v2\/media?parent=228170"}],"wp:term":[{"taxonomy":"category","embeddable":true,"href":"https:\/\/globecore.com\/fr\/wp-json\/wp\/v2\/categories?post=228170"}],"curies":[{"name":"wp","href":"https:\/\/api.w.org\/{rel}","templated":true}]}}