{"id":233564,"date":"2021-02-15T06:56:53","date_gmt":"2021-02-15T06:56:53","guid":{"rendered":"https:\/\/globecore.com\/products\/systemes-de-melange\/impeller-stirrer-usb-4\/"},"modified":"2026-03-06T14:46:29","modified_gmt":"2026-03-06T14:46:29","slug":"impeller-stirrer-usb-4","status":"publish","type":"page","link":"https:\/\/globecore.com\/fr\/products\/systemes-de-melange\/impeller-stirrer-usb-4\/","title":{"rendered":"USB-6 Agitateur \u00e0 roue"},"content":{"rendered":"","protected":false},"excerpt":{"rendered":"<p>L\u2019agitateur \u00e0 h\u00e9lice USB-6 est con\u00e7u pour m\u00e9langer des liquides dans des r\u00e9cipients ou des cuves. Il est tr\u00e8s polyvalent et peut \u00eatre utilis\u00e9 pour produire des \u00e9mulsions et des suspensions, dissoudre des solides (jusqu\u2019\u00e0 50\u202f% de particules), am\u00e9liorer le transfert de chaleur, \u00e9galiser la temp\u00e9rature et m\u00e9langer des mat\u00e9riaux fibreux. Les agitateurs peuvent \u00eatre install\u00e9s dans diff\u00e9rents r\u00e9cipients pour r\u00e9pondre \u00e0 divers besoins de production.<\/p>\n","protected":false},"author":7,"featured_media":33652,"parent":35100,"menu_order":0,"comment_status":"closed","ping_status":"closed","template":"templates\/single-product.php","meta":{"_acf_changed":false,"_bbp_topic_count":0,"_bbp_reply_count":0,"_bbp_total_topic_count":0,"_bbp_total_reply_count":0,"_bbp_voice_count":0,"_bbp_anonymous_reply_count":0,"_bbp_topic_count_hidden":0,"_bbp_reply_count_hidden":0,"_bbp_forum_subforum_count":0,"footnotes":""},"categories":[1380],"class_list":["post-233564","page","type-page","status-publish","has-post-thumbnail","hentry","category-melange-homogeneisation","oil_type-industrie-alimentaire","oil_type-industrie-chimique","oil_type-industrie-cosmetique","oil_type-industrie-du-batiment","oil_type-industrie-petroliere","oil_type-industrie-pharmaceutique","process_type-melange"],"acf":{"add_tab":[{"tab_title":"Description","tab_content":"<p style=\"text-align: justify;\">L'agitateur \u00e0 h\u00e9lice USB-6 est con\u00e7u pour m\u00e9langer les couches liquides dans un r\u00e9cipient ou un r\u00e9servoir. Il est utilis\u00e9 pour la production de diff\u00e9rentes \u00e9mulsions et suspensions, y compris des antiseptiques et des d\u00e9sinfectants.<\/p>\r\n\r\n<h2 style=\"text-align: center;\">Principe de fonctionnement<\/h2>\r\n<p style=\"text-align: justify;\">Le dispositif d'agitation est compos\u00e9 d'un arbre rotatif sur lequel des h\u00e9lices sont install\u00e9es \u00e0 plusieurs niveaux. Ces h\u00e9lices poussent le liquide le long d'un tube guide. Le tube guide est \u00e9quip\u00e9 de fen\u00eatres par lesquelles le liquide est aspir\u00e9, permettant ainsi un m\u00e9lange homog\u00e8ne, quel que soit le niveau du liquide dans le r\u00e9cipient.<\/p>\r\n<p style=\"text-align: justify;\">Les dispositifs sont con\u00e7us pour un montage vertical sur des r\u00e9servoirs horizontaux. Un trou est r\u00e9alis\u00e9 dans le r\u00e9cipient pour ins\u00e9rer l'agitateur, et la bride de l'agitateur est soud\u00e9e au r\u00e9servoir.<\/p>"}],"add_def_tab":[{"tab_title":"Caract\u00e9ristiques","tab_content":"<table>\r\n<tbody>\r\n<tr>\r\n<td><b>\u2116<\/b><\/td>\r\n<td>\r\n<p style=\"text-align: center;\"><strong>Param\u00e8tre<\/strong><\/p>\r\n<\/td>\r\n<td>\r\n<p style=\"text-align: center;\"><strong>Valeur<\/strong><\/p>\r\n<\/td>\r\n<\/tr>\r\n<tr>\r\n<td>1<\/td>\r\n<td>\r\n<p style=\"text-align: left;\">Fr\u00e9quence de rotation, tr\/min<\/p>\r\n<\/td>\r\n<td>\r\n<p style=\"text-align: center;\">750<\/p>\r\n<\/td>\r\n<\/tr>\r\n<tr>\r\n<td>2<\/td>\r\n<td>\r\n<p style=\"text-align: left;\">Longueur de la partie immerg\u00e9e du m\u00e9langeur, m<\/p>\r\n<\/td>\r\n<td>\r\n<p style=\"text-align: center;\">1,5-2<\/p>\r\n<\/td>\r\n<\/tr>\r\n<tr>\r\n<td>3<\/td>\r\n<td>\r\n<p style=\"text-align: left;\">Puissance install\u00e9e, kW (maximum)<\/p>\r\n<\/td>\r\n<td>\r\n<p style=\"text-align: center;\">5,5<\/p>\r\n<\/td>\r\n<\/tr>\r\n<tr>\r\n<td>4<\/td>\r\n<td>\r\n<p style=\"text-align: left;\">Dimensions, mm*<\/p>\r\n<\/td>\r\n<td><\/td>\r\n<\/tr>\r\n<tr>\r\n<td><\/td>\r\n<td>\r\n<p style=\"text-align: left;\">\u2013 Longueur<\/p>\r\n<\/td>\r\n<td>\r\n<p style=\"text-align: center;\">1180<\/p>\r\n<\/td>\r\n<\/tr>\r\n<tr>\r\n<td><\/td>\r\n<td>\r\n<p style=\"text-align: left;\">\u2013 Largeur<\/p>\r\n<\/td>\r\n<td>\r\n<p style=\"text-align: center;\">1000<\/p>\r\n<\/td>\r\n<\/tr>\r\n<tr>\r\n<td><\/td>\r\n<td>\r\n<p style=\"text-align: left;\">\u2013 Hauteur<\/p>\r\n<\/td>\r\n<td>\r\n<p style=\"text-align: center;\">1800<\/p>\r\n<\/td>\r\n<\/tr>\r\n<tr>\r\n<td>5<\/td>\r\n<td>\r\n<p style=\"text-align: left;\">Poids, kg (maximum)<\/p>\r\n<\/td>\r\n<td>\r\n<p style=\"text-align: center;\">105<\/p>\r\n<\/td>\r\n<\/tr>\r\n<\/tbody>\r\n<\/table>\r\n* \u2013 Les dimensions globales sont donn\u00e9es en tenant compte des dimensions du r\u00e9cipient, qui n\u2019est pas inclus dans le kit de livraison standard."},{"tab_title":"Avantages","tab_content":"<ul>\r\n \t<li style=\"text-align: justify;\"><strong>Universalit\u00e9.<\/strong> Les agitateurs sont install\u00e9s dans diff\u00e9rents r\u00e9cipients et utilis\u00e9s pour obtenir divers produits.<\/li>\r\n \t<li style=\"text-align: justify;\"><strong>Polyvalence.<\/strong> Les agitateurs sont utilis\u00e9s pour dissoudre, \u00e9mulsionner, peser des solides (teneur massique en particules allant jusqu\u2019\u00e0 50 %), intensifier les transferts de chaleur, \u00e9galiser la temp\u00e9rature et m\u00e9langer des mat\u00e9riaux fibreux.<\/li>\r\n<\/ul>"},{"tab_title":"Application","tab_content":"[product_oil_types]"}],"add_video_tab":[{"video_tab_title":"Vid\u00e9o","add_video_id":[{"video_id":"ceMAx8fxGlo"},{"video_id":"K_CnN9wNFpA"}]}],"add_gallery_tab":null,"add_price_tab":[{"price_tab_title":"1"}]},"language":"fr","_links":{"self":[{"href":"https:\/\/globecore.com\/fr\/wp-json\/wp\/v2\/pages\/233564","targetHints":{"allow":["GET"]}}],"collection":[{"href":"https:\/\/globecore.com\/fr\/wp-json\/wp\/v2\/pages"}],"about":[{"href":"https:\/\/globecore.com\/fr\/wp-json\/wp\/v2\/types\/page"}],"author":[{"embeddable":true,"href":"https:\/\/globecore.com\/fr\/wp-json\/wp\/v2\/users\/7"}],"replies":[{"embeddable":true,"href":"https:\/\/globecore.com\/fr\/wp-json\/wp\/v2\/comments?post=233564"}],"version-history":[{"count":2,"href":"https:\/\/globecore.com\/fr\/wp-json\/wp\/v2\/pages\/233564\/revisions"}],"predecessor-version":[{"id":336259,"href":"https:\/\/globecore.com\/fr\/wp-json\/wp\/v2\/pages\/233564\/revisions\/336259"}],"up":[{"embeddable":true,"href":"https:\/\/globecore.com\/fr\/wp-json\/wp\/v2\/pages\/35100"}],"wp:featuredmedia":[{"embeddable":true,"href":"https:\/\/globecore.com\/fr\/wp-json\/wp\/v2\/media\/33652"}],"wp:attachment":[{"href":"https:\/\/globecore.com\/fr\/wp-json\/wp\/v2\/media?parent=233564"}],"wp:term":[{"taxonomy":"category","embeddable":true,"href":"https:\/\/globecore.com\/fr\/wp-json\/wp\/v2\/categories?post=233564"}],"curies":[{"name":"wp","href":"https:\/\/api.w.org\/{rel}","templated":true}]}}