{"id":245458,"date":"2021-08-18T13:05:22","date_gmt":"2021-08-18T13:05:22","guid":{"rendered":"https:\/\/globecore.com\/products\/modification-de-bitume\/bitumen-modification-unit-usb-3-12-m3-h\/"},"modified":"2026-03-09T09:54:12","modified_gmt":"2026-03-09T09:54:12","slug":"bitumen-modification-unit-usb-3-12-m3-h","status":"publish","type":"page","link":"https:\/\/globecore.com\/fr\/products\/modification-de-bitume\/bitumen-modification-unit-usb-3-12-m3-h\/","title":{"rendered":"USB-3 Unit\u00e9 continue de modification du bitume (12 m\u00b3\/heure)"},"content":{"rendered":"","protected":false},"excerpt":{"rendered":"<p>L\u2019unit\u00e9 USB-3 est con\u00e7ue pour la production continue de bitume modifi\u00e9 et fonctionne en mode continu avec une capacit\u00e9 nominale de 12 m\u00b3\/h. Au cours du processus de pr\u00e9paration, l\u2019unit\u00e9 permet l\u2019utilisation de tous les modificateurs actuellement connus, y compris le caoutchouc broy\u00e9, divers additifs sp\u00e9ciaux et tous les types de polym\u00e8res SBS fournis sous forme de granul\u00e9s, de poudre ou de liquide. La USB-3 permet \u00e9galement la mise en \u0153uvre de nouvelles formulations de bitume modifi\u00e9 int\u00e9grant des additifs d\u2019adh\u00e9rence et des plastifiants, offrant une grande flexibilit\u00e9 pour r\u00e9pondre aux diff\u00e9rentes exigences de production.<\/p>\n","protected":false},"author":7,"featured_media":40133,"parent":14755,"menu_order":0,"comment_status":"closed","ping_status":"closed","template":"templates\/single-product.php","meta":{"_acf_changed":false,"_bbp_topic_count":0,"_bbp_reply_count":0,"_bbp_total_topic_count":0,"_bbp_total_reply_count":0,"_bbp_voice_count":0,"_bbp_anonymous_reply_count":0,"_bbp_topic_count_hidden":0,"_bbp_reply_count_hidden":0,"_bbp_forum_subforum_count":0,"footnotes":""},"categories":[1383],"class_list":["post-245458","page","type-page","status-publish","has-post-thumbnail","hentry","category-production-de-bitume","oil_type-industrie-du-batiment","process_type-broyage","process_type-melange"],"acf":{"add_tab":[{"tab_title":"Description","tab_content":"L\u2019unit\u00e9 USB-3 est con\u00e7ue pour la production continue de bitume modifi\u00e9 (unit\u00e9 de fonctionnement en continu). La capacit\u00e9 nominale de l\u2019unit\u00e9 est de 12 m\u00e8tres cubes par heure.\r\n\r\nLors de la pr\u00e9paration de bitume modifi\u00e9, l\u2019unit\u00e9 USB-3 permet d\u2019utiliser tous les modificateurs connus \u00e0 ce jour, y compris le caoutchouc recycl\u00e9 et divers additifs sp\u00e9ciaux, ainsi que tous les polym\u00e8res SBS connus, qui peuvent \u00eatre introduits sous forme de granul\u00e9s, de poudre ou de liquide.\r\n\r\nL\u2019unit\u00e9 permet \u00e9galement d\u2019appliquer de nouvelles formulations de bitume modifi\u00e9 int\u00e9grant des additifs d\u2019adh\u00e9sion et des plastifiants.\r\n\r\n<strong>L\u2019unit\u00e9 peut \u00eatre \u00e9quip\u00e9e en option des composants suivants :<\/strong>\r\n<ul>\r\n \t<li>Alimenteur de soufre ;<\/li>\r\n \t<li>Alimenteur d\u2019acide polyphosphorique ;<\/li>\r\n \t<li>Treuil monorail pour Big-Bag ;<\/li>\r\n \t<li>Doseur de pes\u00e9e ;<\/li>\r\n \t<li>Compresseur ;<\/li>\r\n<\/ul>\r\nLe moulin peut \u00eatre \u00e9quip\u00e9 d\u2019un joint m\u00e9canique incluant un syst\u00e8me de support.\r\n<h2 style=\"text-align: center;\">Principe de fonctionnement<\/h2>\r\n<p style=\"text-align: center;\"><img class=\"aligncenter wp-image-40166\" src=\"https:\/\/globecore.com\/wp-content\/uploads\/2021\/08\/usb-3-stroeniye-1.jpg\" alt=\"\" width=\"800\" height=\"565\" \/><\/p>\r\n<p style=\"text-align: center;\"><img class=\"aligncenter wp-image-40177\" src=\"https:\/\/globecore.com\/wp-content\/uploads\/2021\/08\/usb-3-stroyeniye-2.jpg\" alt=\"\" width=\"800\" height=\"565\" \/><\/p>\r\n<p style=\"text-align: center;\"><strong>Figure 1 \u2014 Conception de l\u2019unit\u00e9 USB-3<\/strong><\/p>\r\n\r\n<ol>\r\n \t<li style=\"text-align: justify;\"><strong>Introduction du polym\u00e8re :<\/strong> Le polym\u00e8re est introduit dans la tr\u00e9mie.<\/li>\r\n \t<li style=\"text-align: justify;\"><strong>Param\u00e9trage de la formule :<\/strong> L'op\u00e9rateur configure la formule du bitume modifi\u00e9 au polym\u00e8re (pourcentage de polym\u00e8re et d'additifs) sur l'armoire de commande.<\/li>\r\n \t<li style=\"text-align: justify;\"><strong>Mise en marche :<\/strong> L\u2019unit\u00e9 est d\u00e9marr\u00e9e.<\/li>\r\n \t<li style=\"text-align: justify;\"><strong>Dosage initial :<\/strong> Le bitume est dos\u00e9 dans le r\u00e9servoir interm\u00e9diaire, o\u00f9 le polym\u00e8re est \u00e9galement ajout\u00e9 et dos\u00e9.<\/li>\r\n \t<li style=\"text-align: justify;\"><strong>Ajout des additifs liquides :<\/strong> Les plastifiants, additifs d\u2019adh\u00e9sion, etc., sont pr\u00e9alablement m\u00e9lang\u00e9s au bitume.<\/li>\r\n \t<li style=\"text-align: justify;\"><strong>M\u00e9lange pr\u00e9liminaire :<\/strong> Un m\u00e9langeur \u00e0 haute vitesse dans le r\u00e9servoir m\u00e9lange initialement le polym\u00e8re et le bitume.<\/li>\r\n \t<li style=\"text-align: justify;\"><strong>Homog\u00e9n\u00e9isation :<\/strong> Une pompe \u00e0 engrenages envoie ce m\u00e9lange au moulin, o\u00f9 le bitume modifi\u00e9 est broy\u00e9 et homog\u00e9n\u00e9is\u00e9.<\/li>\r\n \t<li style=\"text-align: justify;\"><strong>Nettoyage automatique :<\/strong> Une fois le processus termin\u00e9, l\u2019unit\u00e9 se rince automatiquement avec du bitume propre pour \u00e9viter les obstructions dans les conduits et assemblages.<\/li>\r\n \t<li style=\"text-align: justify;\"><strong>Disponibilit\u00e9 :<\/strong> L\u2019unit\u00e9 est pr\u00eate \u00e0 \u00eatre utilis\u00e9e \u00e0 tout moment.<\/li>\r\n<\/ol>\r\n<div class=\"flex-1 overflow-hidden @container\/thread\">\r\n<div class=\"h-full\">\r\n<div class=\"react-scroll-to-bottom--css-rraec-79elbk h-full\">\r\n<div class=\"react-scroll-to-bottom--css-rraec-1n7m0yu\">\r\n<div class=\"flex flex-col text-sm md:pb-9\"><article class=\"w-full scroll-mb-[var(--thread-trailing-height,150px)] text-token-text-primary focus-visible:outline-2 focus-visible:outline-offset-[-4px]\" dir=\"auto\" data-testid=\"conversation-turn-39\" data-scroll-anchor=\"true\">\r\n<div class=\"m-auto text-base py-[18px] px-3 md:px-4 w-full md:px-5 lg:px-4 xl:px-5\">\r\n<div class=\"mx-auto flex flex-1 gap-4 text-base md:gap-5 lg:gap-6 md:max-w-3xl lg:max-w-[40rem] xl:max-w-[48rem]\">\r\n<div class=\"group\/conversation-turn relative flex w-full min-w-0 flex-col agent-turn\">\r\n<div class=\"flex-col gap-1 md:gap-3\">\r\n<div class=\"flex max-w-full flex-col flex-grow\">\r\n<div class=\"min-h-8 text-message flex w-full flex-col items-end gap-2 whitespace-normal break-words text-start [.text-message+&amp;]:mt-5\" dir=\"auto\" data-message-author-role=\"assistant\" data-message-id=\"0e035fa7-3a0a-4b49-b2b7-fb55ced88977\" data-message-model-slug=\"gpt-4o\">\r\n<div class=\"flex w-full flex-col gap-1 empty:hidden first:pt-[3px]\">\r\n<div class=\"markdown prose w-full break-words dark:prose-invert dark\">\r\n<h2 style=\"text-align: center;\">Caract\u00e9ristiques techniques<\/h2>\r\n<ul>\r\n \t<li><strong>Transportabilit\u00e9 :<\/strong> L\u2019unit\u00e9 USB-3 est install\u00e9e dans une structure spatiale dont les dimensions permettent son transport dans un conteneur standard de 20 pieds.<\/li>\r\n \t<li><strong>Structure rigide :<\/strong> La structure encadr\u00e9e offre une rigidit\u00e9 accrue, permettant un montage et un d\u00e9montage rapides sur le terrain, id\u00e9al pour les d\u00e9placements fr\u00e9quents des usines d\u2019asphalte et de b\u00e9ton.<\/li>\r\n \t<li><strong>Moulin \u00e0 collo\u00efdes performant :<\/strong> \u00c9quip\u00e9 d\u2019un moulin \u00e0 collo\u00efdes \u00e0 haute vitesse, dont les couteaux au profil sp\u00e9cial broient, d\u00e9coupent et homog\u00e9n\u00e9isent le bitume polym\u00e8re pour obtenir un produit de haute qualit\u00e9 en un seul passage.<\/li>\r\n \t<li><strong>Double dur\u00e9e de vie des couteaux :<\/strong> Le profil sym\u00e9trique des couteaux permet de doubler leur dur\u00e9e de vie en changeant simplement le sens de rotation.<\/li>\r\n \t<li><strong>R\u00e9glage pr\u00e9cis :<\/strong> L\u2019\u00e9cart entre les couteaux peut \u00eatre ajust\u00e9 de 0,1 \u00e0 1 mm selon les besoins.<\/li>\r\n \t<li><strong>Pompage optimis\u00e9 :<\/strong> L\u2019\u00e9quipement de pompage est \u00e9quip\u00e9 d\u2019un variateur de fr\u00e9quence, permettant un d\u00e9bit pr\u00e9cis du m\u00e9lange bitume-polym\u00e8re vers le moulin sans surcharge des fonctions d\u2019aspiration et de d\u00e9charge.<\/li>\r\n \t<li><strong>Syst\u00e8me de dosage de polym\u00e8re :<\/strong> Une tr\u00e9mie avec un convoyeur \u00e0 spirale, contr\u00f4l\u00e9 par un variateur, dose les polym\u00e8res \u00e0 partir de sacs standards ou de Big-Bags selon le ratio d\u00e9fini par l\u2019op\u00e9rateur.<\/li>\r\n \t<li><strong>R\u00e9servoir interm\u00e9diaire :<\/strong> Assure le m\u00e9lange pr\u00e9liminaire du polym\u00e8re avec le bitume, prolongeant le temps de contact pour all\u00e9ger la charge du moulin.<\/li>\r\n \t<li><strong>Additifs liquides :<\/strong> Les plastifiants et additifs d\u2019adh\u00e9sion sont dos\u00e9s par des pompes sp\u00e9cifiques et m\u00e9lang\u00e9s uniform\u00e9ment avant d\u2019atteindre le moulin.<\/li>\r\n \t<li><strong>Ind\u00e9pendance pneumatique :<\/strong> Les vannes \u00e9lectro-pneumatiques peuvent \u00eatre aliment\u00e9es par un compresseur int\u00e9gr\u00e9 (optionnel), \u00e9liminant le besoin d\u2019une source d\u2019air comprim\u00e9 externe.<\/li>\r\n \t<li><strong>Chauffage efficace :<\/strong> Tous les conduits, pompes, moulins et r\u00e9servoirs sont chauff\u00e9s avec de l\u2019huile thermique pour un chauffage doux et efficace.<\/li>\r\n<\/ul>\r\n<h2 style=\"text-align: center;\">Domaines d\u2019application des bitumes modifi\u00e9s<\/h2>\r\n<ol>\r\n \t<li><strong>Construction routi\u00e8re :<\/strong>\r\n<ul>\r\n \t<li>Fabrication de b\u00e9ton bitumineux pour les routes de premi\u00e8re classe, ponts, et \u00e9changeurs.<\/li>\r\n \t<li>Production d\u2019enrob\u00e9s \u00e0 matrice de pierre (SMA).<\/li>\r\n \t<li>Mise en \u0153uvre de membranes anti-fissures.<\/li>\r\n<\/ul>\r\n<\/li>\r\n \t<li><strong>Installations hydrauliques :<\/strong>\r\n<ul>\r\n \t<li>Fabrication de produits \u00e0 base de PMB pour l\u2019\u00e9tanch\u00e9it\u00e9 des r\u00e9servoirs, piscines et conduites d\u2019eau.<\/li>\r\n<\/ul>\r\n<\/li>\r\n \t<li><strong>Toitures :<\/strong>\r\n<ul>\r\n \t<li>Fabrication de mat\u00e9riaux de toiture en rouleaux (Ruberoid, Euroruberoid).<\/li>\r\n \t<li>Fabrication de bardeaux bitumineux.<\/li>\r\n<\/ul>\r\n<\/li>\r\n \t<li><strong>Mortiers bitumineux :<\/strong>\r\n<ul>\r\n \t<li>Imperm\u00e9abilisation des surfaces.<\/li>\r\n \t<li>Protection anticorrosion des structures m\u00e9talliques.<\/li>\r\n \t<li>R\u00e9paration de fondations et de structures immerg\u00e9es.<\/li>\r\n<\/ul>\r\n<\/li>\r\n<\/ol>\r\n<\/div>\r\n<\/div>\r\n<\/div>\r\n<\/div>\r\n<div class=\"mb-2 flex gap-3 empty:hidden -ml-2\"><\/div>\r\n<\/div>\r\n<\/div>\r\n<\/div>\r\n<\/div>\r\n<\/article><\/div>\r\n<\/div>\r\n<\/div>\r\n<\/div>\r\n<\/div>"}],"add_def_tab":[{"tab_title":"Caract\u00e9ristiques","tab_content":"<table width=\"630\">\r\n<thead>\r\n<tr>\r\n<td width=\"309\">\r\n<p style=\"text-align: center;\"><strong>Param\u00e8tre<\/strong><\/p>\r\n<\/td>\r\n<td width=\"77\">\r\n<p style=\"text-align: center;\"><strong>Unit\u00e9<\/strong><\/p>\r\n<\/td>\r\n<td width=\"118\">\r\n<p style=\"text-align: center;\"><strong>Valeur<\/strong><\/p>\r\n<\/td>\r\n<\/tr>\r\n<tr>\r\n<td width=\"309\">\r\n<p style=\"text-align: left;\">\u00a0Capacit\u00e9<\/p>\r\n<\/td>\r\n<td width=\"77\">\r\n<p style=\"text-align: center;\">m<sup>3<\/sup>\/h<\/p>\r\n<\/td>\r\n<td width=\"118\">\r\n<p style=\"text-align: center;\">8\u2026 12<\/p>\r\n<\/td>\r\n<\/tr>\r\n<tr>\r\n<td width=\"309\">\r\n<p style=\"text-align: left;\">Quantit\u00e9 de polym\u00e8re<\/p>\r\n<\/td>\r\n<td width=\"77\">\r\n<p style=\"text-align: center;\">%<\/p>\r\n<\/td>\r\n<td width=\"118\">\r\n<p style=\"text-align: center;\">1\u2026 5<\/p>\r\n<\/td>\r\n<\/tr>\r\n<tr>\r\n<td width=\"309\">\r\n<p style=\"text-align: left;\">\u00a0Quantit\u00e9 de plastifiant par 1 m\u00b3 de bitume<\/p>\r\n<\/td>\r\n<td width=\"77\">\r\n<p style=\"text-align: center;\">kg<\/p>\r\n<\/td>\r\n<td width=\"118\">\r\n<p style=\"text-align: center;\">0\u2026100<\/p>\r\n<\/td>\r\n<\/tr>\r\n<tr>\r\n<td width=\"309\">\r\n<p style=\"text-align: left;\">Quantit\u00e9 d\u2019additif d\u2019adh\u00e9rence par 1 m\u00b3 de bitume<\/p>\r\n<\/td>\r\n<td width=\"77\">\r\n<p style=\"text-align: center;\">kg<\/p>\r\n<\/td>\r\n<td width=\"118\">\r\n<p style=\"text-align: center;\">0\u202610<\/p>\r\n<\/td>\r\n<\/tr>\r\n<tr>\r\n<td width=\"309\">\r\n<p style=\"text-align: left;\">\u00a0Mode de fonctionnement<\/p>\r\n<\/td>\r\n<td width=\"77\"><\/td>\r\n<td colspan=\"2\" width=\"129\">\r\n<p style=\"text-align: center;\">continu<\/p>\r\n<\/td>\r\n<\/tr>\r\n<tr>\r\n<td width=\"309\">\r\n<p style=\"text-align: left;\">\u00a0Puissance requise<\/p>\r\n<\/td>\r\n<td width=\"77\"><\/td>\r\n<td colspan=\"3\" width=\"131\"><\/td>\r\n<\/tr>\r\n<tr>\r\n<td width=\"309\">-moulin, kW<\/td>\r\n<td width=\"77\">\r\n<p style=\"text-align: center;\"><\/p>\r\n<\/td>\r\n<td colspan=\"3\" width=\"131\">\r\n<p style=\"text-align: center;\">75<\/p>\r\n<\/td>\r\n<\/tr>\r\n<tr>\r\n<td width=\"309\">-totale, kW<\/td>\r\n<td width=\"77\">\r\n<p style=\"text-align: center;\"><\/p>\r\n<\/td>\r\n<td colspan=\"3\" width=\"131\">\r\n<p style=\"text-align: center;\">110<\/p>\r\n<\/td>\r\n<\/tr>\r\n<tr>\r\n<td width=\"309\">\r\n<p style=\"text-align: left;\">Courant \u00e9lectrique<\/p>\r\n<\/td>\r\n<td width=\"77\"><\/td>\r\n<td colspan=\"3\" width=\"131\"><\/td>\r\n<\/tr>\r\n<tr>\r\n<td width=\"309\">-tension, V<\/td>\r\n<td width=\"77\">\r\n<p style=\"text-align: center;\"><\/p>\r\n<\/td>\r\n<td colspan=\"3\" width=\"131\">\r\n<p style=\"text-align: center;\">personnalisable<\/p>\r\n<\/td>\r\n<\/tr>\r\n<tr>\r\n<td width=\"309\">-fr\u00e9quence du courant alternatif (CA), Hz<\/td>\r\n<td width=\"77\">\r\n<p style=\"text-align: center;\"><\/p>\r\n<\/td>\r\n<td colspan=\"3\" width=\"131\">\r\n<p style=\"text-align: center;\">personnalisable<\/p>\r\n&nbsp;\r\n\r\n&nbsp;<\/td>\r\n<\/tr>\r\n<tr>\r\n<td width=\"309\">\r\n<p style=\"text-align: left;\">\u00a0Dimensions, maximum :<\/p>\r\n<\/td>\r\n<td width=\"77\"><\/td>\r\n<td colspan=\"3\" width=\"131\"><\/td>\r\n<\/tr>\r\n<tr>\r\n<td width=\"309\">\r\n<p style=\"text-align: left;\">\u00a0\u00a0\u00a0\u00a0\u00a0\u00a0\u00a0\u00a0 -longueur, mm<\/p>\r\n<\/td>\r\n<td width=\"77\">\r\n<p style=\"text-align: center;\"><\/p>\r\n<\/td>\r\n<td colspan=\"3\" width=\"131\">\r\n<p style=\"text-align: center;\">5,400<\/p>\r\n<\/td>\r\n<\/tr>\r\n<tr>\r\n<td width=\"309\">\r\n<p style=\"text-align: left;\">\u00a0\u00a0\u00a0\u00a0\u00a0\u00a0\u00a0\u00a0 -largeur, mm<\/p>\r\n<\/td>\r\n<td width=\"77\">\r\n<p style=\"text-align: center;\"><\/p>\r\n<\/td>\r\n<td colspan=\"3\" width=\"131\">\r\n<p style=\"text-align: center;\">1,620<\/p>\r\n<\/td>\r\n<\/tr>\r\n<tr>\r\n<td width=\"309\">\r\n<p style=\"text-align: left;\">\u00a0\u00a0\u00a0\u00a0\u00a0\u00a0\u00a0\u00a0 -hauteur (en position de fonctionnement), mm<\/p>\r\n<\/td>\r\n<td width=\"77\">\r\n<p style=\"text-align: center;\"><\/p>\r\n<\/td>\r\n<td colspan=\"3\" width=\"131\">\r\n<p style=\"text-align: center;\">2,650<\/p>\r\n<\/td>\r\n<\/tr>\r\n<tr>\r\n<td width=\"309\">\r\n<p style=\"text-align: left;\">\u00a0Poids, maximum, kg<\/p>\r\n<\/td>\r\n<td width=\"77\">\r\n<p style=\"text-align: center;\"><\/p>\r\n<\/td>\r\n<td colspan=\"3\" width=\"131\">\r\n<p style=\"text-align: center;\">3,500<\/p>\r\n<\/td>\r\n<\/tr>\r\n<\/thead>\r\n<\/table>"},{"tab_title":"Avantages","tab_content":"<ul>\r\n \t<li><strong>Fonctionnement continu<\/strong><\/li>\r\n \t<li><strong>Compatibilit\u00e9 avec tous types de modificateurs<\/strong> : introduits sous forme de granul\u00e9s, de poudre ou de liquide<\/li>\r\n \t<li><strong>Flexibilit\u00e9 de production<\/strong> : possibilit\u00e9 de fabriquer des produits en toute quantit\u00e9 et avec des concentrations vari\u00e9es d\u2019additifs<\/li>\r\n \t<li><strong>Haute qualit\u00e9<\/strong> : produit obtenu rapidement avec un niveau de qualit\u00e9 \u00e9lev\u00e9<\/li>\r\n \t<li><strong>Facilit\u00e9 d\u2019utilisation et d\u2019entretien<\/strong><\/li>\r\n \t<li><strong>Compacit\u00e9<\/strong> : unit\u00e9 transportable dans un conteneur standard de 20 pieds<\/li>\r\n \t<li><strong>Syst\u00e8me de chauffage int\u00e9gr\u00e9<\/strong> : utilisation d\u2019huile thermique pour un chauffage efficace<\/li>\r\n \t<li><strong>Syst\u00e8me de contr\u00f4le moderne<\/strong><\/li>\r\n<\/ul>"},{"tab_title":"Application","tab_content":"[product_oil_types]"},{"tab_title":"Webinaire","tab_content":"<div class=\"responsive-embed widescreen\">\r\n<div class=\"responsive-embed widescreen\">\r\n<div class=\"responsive-embed widescreen\">\r\n<div class=\"responsive-embed widescreen\">\r\n<div class=\"responsive-embed widescreen\">\r\n<div class=\"responsive-embed widescreen\"><iframe title=\"Production de bitume modifi\u00e9. Approche moderne\" src=\"https:\/\/www.youtube.com\/embed\/Q0SRGxA9L4g?feature=oembed\" width=\"500\" height=\"281\" frameborder=\"0\" allowfullscreen=\"allowfullscreen\"><\/iframe><\/div>\r\n<\/div>\r\n<\/div>\r\n<\/div>\r\n<\/div>\r\n<\/div>"}],"add_video_tab":[{"video_tab_title":"Vid\u00e9o","add_video_id":[{"video_id":"SfCxG5ZkIe8"},{"video_id":"B-VX5VdEIJQ"}]}],"add_gallery_tab":[{"gallery_tab_title":" Photo","add_img":[40238,40229]}],"add_price_tab":[{"price_tab_title":"Get a quote"}]},"language":"fr","_links":{"self":[{"href":"https:\/\/globecore.com\/fr\/wp-json\/wp\/v2\/pages\/245458","targetHints":{"allow":["GET"]}}],"collection":[{"href":"https:\/\/globecore.com\/fr\/wp-json\/wp\/v2\/pages"}],"about":[{"href":"https:\/\/globecore.com\/fr\/wp-json\/wp\/v2\/types\/page"}],"author":[{"embeddable":true,"href":"https:\/\/globecore.com\/fr\/wp-json\/wp\/v2\/users\/7"}],"replies":[{"embeddable":true,"href":"https:\/\/globecore.com\/fr\/wp-json\/wp\/v2\/comments?post=245458"}],"version-history":[{"count":1,"href":"https:\/\/globecore.com\/fr\/wp-json\/wp\/v2\/pages\/245458\/revisions"}],"predecessor-version":[{"id":341835,"href":"https:\/\/globecore.com\/fr\/wp-json\/wp\/v2\/pages\/245458\/revisions\/341835"}],"up":[{"embeddable":true,"href":"https:\/\/globecore.com\/fr\/wp-json\/wp\/v2\/pages\/14755"}],"wp:featuredmedia":[{"embeddable":true,"href":"https:\/\/globecore.com\/fr\/wp-json\/wp\/v2\/media\/40133"}],"wp:attachment":[{"href":"https:\/\/globecore.com\/fr\/wp-json\/wp\/v2\/media?parent=245458"}],"wp:term":[{"taxonomy":"category","embeddable":true,"href":"https:\/\/globecore.com\/fr\/wp-json\/wp\/v2\/categories?post=245458"}],"curies":[{"name":"wp","href":"https:\/\/api.w.org\/{rel}","templated":true}]}}