{"id":248806,"date":"2021-04-22T06:57:22","date_gmt":"2021-04-22T06:57:22","guid":{"rendered":"https:\/\/globecore.com\/products\/moulin-magnetique\/avsp-100-vortex-layer-device-semi-automated\/"},"modified":"2026-03-09T09:08:40","modified_gmt":"2026-03-09T09:08:40","slug":"avsp-100-vortex-layer-device-semi-automated","status":"publish","type":"page","link":"https:\/\/globecore.com\/fr\/products\/moulin-magnetique\/avsp-100-vortex-layer-device-semi-automated\/","title":{"rendered":"AVSp-100 Dispositif \u00e0 couche vortex (Semi-automatis\u00e9)"},"content":{"rendered":"","protected":false},"excerpt":{"rendered":"<p>GlobeCore est la seule entreprise de haute technologie au monde \u00e0 fabriquer des dispositifs industriels \u00e0 couche vortex ayant fait leurs preuves dans des applications r\u00e9elles. Le dispositif \u00e0 couche vortex AVSp-100 (version semi-automatis\u00e9e, capacit\u00e9 jusqu\u2019\u00e0 50 kg\/h) est con\u00e7u pour la dispersion cyclique de syst\u00e8mes multicomposants et le m\u00e9lange de mat\u00e9riaux secs \u00e0 \u00e9coulement libre, \u00e0 l\u2019exclusion des m\u00e9langes explosifs. Il convient aux travaux de recherche dans les installations pilotes et les laboratoires, permettant le traitement d\u2019une large gamme de produits en petits lots.<\/p>\n","protected":false},"author":7,"featured_media":36020,"parent":15544,"menu_order":0,"comment_status":"closed","ping_status":"closed","template":"templates\/single-product.php","meta":{"_acf_changed":false,"_bbp_topic_count":0,"_bbp_reply_count":0,"_bbp_total_topic_count":0,"_bbp_total_reply_count":0,"_bbp_voice_count":0,"_bbp_anonymous_reply_count":0,"_bbp_topic_count_hidden":0,"_bbp_reply_count_hidden":0,"_bbp_forum_subforum_count":0,"footnotes":""},"categories":[1382],"class_list":["post-248806","page","type-page","status-publish","has-post-thumbnail","hentry","category-fraisage","oil_type-industrie-chimique","oil_type-industrie-du-batiment","process_type-activation-fr","process_type-broyage","process_type-melange"],"acf":{"add_tab":[{"tab_title":"Description","tab_content":"<p style=\"text-align: justify;\">GlobeCore est la seule entreprise high-tech au monde qui produit des dispositifs \u00e0 couche vortex op\u00e9rationnels avec des applications r\u00e9elles dans le secteur industriel, offrant des r\u00e9sultats conformes aux attentes.<\/p>\r\n<p style=\"text-align: justify;\">Le dispositif \u00e0 couche vortex AVSp-100 (semi-automatis\u00e9) est con\u00e7u pour la dispersion cyclique de syst\u00e8mes multicomposants ainsi que pour le m\u00e9lange de mat\u00e9riaux secs et fluides (\u00e0 l\u2019exception des m\u00e9langes explosifs). Il peut \u00eatre utilis\u00e9 \u00e0 des fins de recherche dans des usines pilotes traitant une large gamme de produits et de petites quantit\u00e9s de mat\u00e9riaux secs, ainsi que dans des conditions de laboratoire.<\/p>\r\n<p style=\"text-align: justify;\">L'AVSp-100 se compose :<\/p>\r\n\r\n<ul style=\"text-align: justify;\">\r\n \t<li>D\u2019un support,<\/li>\r\n \t<li>D\u2019un bo\u00eetier contenant une bobine d\u2019induction \u00e0 champ tournant,<\/li>\r\n \t<li>D\u2019une chambre de r\u00e9action \u00e9quip\u00e9e d\u2019une chemise de refroidissement et d\u2019un insert rempla\u00e7able.<\/li>\r\n<\/ul>\r\n<p style=\"text-align: justify;\">La partie sup\u00e9rieure du support est \u00e9quip\u00e9e d\u2019un syst\u00e8me de d\u00e9placement de la chambre de r\u00e9action.<\/p>\r\n<p style=\"text-align: justify;\">Sur la face avant du support, sous la chambre de r\u00e9action, se trouve une table pour les op\u00e9rations auxiliaires. La partie inf\u00e9rieure du support contient les \u00e9l\u00e9ments du syst\u00e8me de refroidissement de la bobine d\u2019induction : un r\u00e9servoir d\u2019huile, une pompe \u00e0 huile et un \u00e9changeur thermique.<\/p>\r\n<p style=\"text-align: justify;\">Le syst\u00e8me semi-automatis\u00e9 est contr\u00f4l\u00e9 \u00e0 partir d\u2019un panneau de commande \u00e9quip\u00e9 des dispositifs n\u00e9cessaires de surveillance et de signalisation.<\/p>"}],"add_def_tab":[{"tab_title":" Sp\u00e9cifications","tab_content":"<table>\r\n<tbody>\r\n<tr>\r\n<td>\r\n<p style=\"text-align: center;\"><strong>\u2116<\/strong><\/p>\r\n<\/td>\r\n<td style=\"text-align: center;\"><strong>Param\u00e8tre<\/strong><\/td>\r\n<td>\r\n<p style=\"text-align: center;\"><strong>Valeur<\/strong><\/p>\r\n<\/td>\r\n<\/tr>\r\n<tr>\r\n<td><span style=\"font-weight: 400;\">1<\/span><\/td>\r\n<td><span style=\"font-weight: 400;\">Longueur de la zone active de la chambre, mm<\/span><\/td>\r\n<td>\r\n<p style=\"text-align: center;\"><span style=\"font-weight: 400;\">100<\/span><\/p>\r\n<\/td>\r\n<\/tr>\r\n<tr>\r\n<td><span style=\"font-weight: 400;\">2<\/span><\/td>\r\n<td><span style=\"font-weight: 400;\">Volume de la chambre de travail, l<\/span><\/td>\r\n<td>\r\n<p style=\"text-align: center;\"><span style=\"font-weight: 400;\">2,5<\/span><\/p>\r\n<\/td>\r\n<\/tr>\r\n<tr>\r\n<td><span style=\"font-weight: 400;\">3<\/span><\/td>\r\n<td><span style=\"font-weight: 400;\">Capacit\u00e9, jusqu\u2019\u00e0 kg\/heure*<\/span><\/td>\r\n<td>\r\n<p style=\"text-align: center;\"><span style=\"font-weight: 400;\">50<\/span><\/p>\r\n<\/td>\r\n<\/tr>\r\n<tr>\r\n<td><span style=\"font-weight: 400;\">4<\/span><\/td>\r\n<td><span style=\"font-weight: 400;\">Tension nominale, V<\/span><\/td>\r\n<td>\r\n<p style=\"text-align: center;\"><span style=\"font-weight: 400;\">380<\/span><\/p>\r\n<\/td>\r\n<\/tr>\r\n<tr>\r\n<td><span style=\"font-weight: 400;\">5<\/span><\/td>\r\n<td><span style=\"font-weight: 400;\">Fr\u00e9quence, Hz<\/span><\/td>\r\n<td>\r\n<p style=\"text-align: center;\"><span style=\"font-weight: 400;\">50<\/span><\/p>\r\n<\/td>\r\n<\/tr>\r\n<tr>\r\n<td><span style=\"font-weight: 400;\">6<\/span><\/td>\r\n<td><span style=\"font-weight: 400;\">Puissance active, kW<\/span><\/td>\r\n<td>\r\n<p style=\"text-align: center;\"><span style=\"font-weight: 400;\">4,5<\/span><\/p>\r\n<\/td>\r\n<\/tr>\r\n<tr>\r\n<td><span style=\"font-weight: 400;\">7<\/span><\/td>\r\n<td><span style=\"font-weight: 400;\">Puissance totale, kWA<\/span><\/td>\r\n<td>\r\n<p style=\"text-align: center;\"><span style=\"font-weight: 400;\">15<\/span><\/p>\r\n<\/td>\r\n<\/tr>\r\n<tr>\r\n<td><span style=\"font-weight: 400;\">8<\/span><\/td>\r\n<td><span style=\"font-weight: 400;\">Dimensions, mm, maximum :<\/span><\/td>\r\n<td><\/td>\r\n<\/tr>\r\n<tr>\r\n<td><\/td>\r\n<td><span style=\"font-weight: 400;\">Section de commande :<\/span>\r\n\r\n<span style=\"font-weight: 400;\">\u2013 longueur<\/span>\r\n\r\n<span style=\"font-weight: 400;\">\u2013 largeur<\/span>\r\n\r\n<span style=\"font-weight: 400;\">\u2013 hauteur<\/span><\/td>\r\n<td><span style=\"font-weight: 400;\">\u00a0<\/span>\r\n<p style=\"text-align: center;\"><span style=\"font-weight: 400;\">1073<\/span><\/p>\r\n<p style=\"text-align: center;\"><span style=\"font-weight: 400;\">552<\/span><\/p>\r\n<p style=\"text-align: center;\"><span style=\"font-weight: 400;\">1532<\/span><\/p>\r\n<\/td>\r\n<\/tr>\r\n<tr>\r\n<td><\/td>\r\n<td><span style=\"font-weight: 400;\">Section de fonctionnement :<\/span>\r\n\r\n<span style=\"font-weight: 400;\">\u2013 longueur<\/span>\r\n\r\n<span style=\"font-weight: 400;\">\u2013 largeur<\/span>\r\n\r\n<span style=\"font-weight: 400;\">\u2013 hauteur<\/span><\/td>\r\n<td>\r\n<p style=\"text-align: center;\"><span style=\"font-weight: 400;\">1637<\/span><span style=\"font-weight: 400;\">\r\n<\/span><span style=\"font-weight: 400;\">835<\/span><span style=\"font-weight: 400;\">\r\n<\/span><span style=\"font-weight: 400;\">1375<\/span><\/p>\r\n<\/td>\r\n<\/tr>\r\n<tr>\r\n<td><span style=\"font-weight: 400;\">9<\/span><\/td>\r\n<td><span style=\"font-weight: 400;\">Poids, kg, maximum :<\/span><\/td>\r\n<td><\/td>\r\n<\/tr>\r\n<tr>\r\n<td><\/td>\r\n<td><span style=\"font-weight: 400;\">Section de commande<\/span>\r\n\r\n<span style=\"font-weight: 400;\">Section de fonctionnement<\/span><\/td>\r\n<td>\r\n<p style=\"text-align: center;\"><span style=\"font-weight: 400;\">300<\/span><\/p>\r\n<p style=\"text-align: center;\"><span style=\"font-weight: 400;\">530<\/span><\/p>\r\n<\/td>\r\n<\/tr>\r\n<\/tbody>\r\n<\/table>\r\n<span style=\"font-weight: 400;\">*D\u00e9pend du produit trait\u00e9<\/span>"},{"tab_title":"Avantages","tab_content":"<ul>\r\n \t<li style=\"text-align: justify;\"><strong>Multiples fonctions<\/strong> : pulv\u00e9risation, broyage, m\u00e9lange et activation des milieux trait\u00e9s ;<\/li>\r\n \t<li style=\"text-align: justify;\"><strong>Haute pr\u00e9cision de broyage<\/strong> ;<\/li>\r\n \t<li style=\"text-align: justify;\"><strong>Intensification des processus<\/strong> : le traitement dure quelques secondes, voire moins ;<\/li>\r\n \t<li style=\"text-align: justify;\"><strong>R\u00e9duction de la consommation d\u2019\u00e9nergie<\/strong> ;<\/li>\r\n \t<li style=\"text-align: justify;\"><strong>\u00c9conomie de mati\u00e8res premi\u00e8res<\/strong> ;<\/li>\r\n \t<li style=\"text-align: justify;\"><strong>Int\u00e9gration simple<\/strong> dans les lignes de processus existantes.<\/li>\r\n<\/ul>"},{"tab_title":"Application","tab_content":"[product_oil_types]"}],"add_video_tab":[{"video_tab_title":"Vid\u00e9o","add_video_id":[{"video_id":"URT13REkgs8"},{"video_id":"GbNfxxdOKrQ"},{"video_id":"cjPU-kPP0bg"}]}],"add_gallery_tab":null,"add_price_tab":[{"price_tab_title":"Get a quote"}]},"language":"fr","_links":{"self":[{"href":"https:\/\/globecore.com\/fr\/wp-json\/wp\/v2\/pages\/248806","targetHints":{"allow":["GET"]}}],"collection":[{"href":"https:\/\/globecore.com\/fr\/wp-json\/wp\/v2\/pages"}],"about":[{"href":"https:\/\/globecore.com\/fr\/wp-json\/wp\/v2\/types\/page"}],"author":[{"embeddable":true,"href":"https:\/\/globecore.com\/fr\/wp-json\/wp\/v2\/users\/7"}],"replies":[{"embeddable":true,"href":"https:\/\/globecore.com\/fr\/wp-json\/wp\/v2\/comments?post=248806"}],"version-history":[{"count":1,"href":"https:\/\/globecore.com\/fr\/wp-json\/wp\/v2\/pages\/248806\/revisions"}],"predecessor-version":[{"id":341810,"href":"https:\/\/globecore.com\/fr\/wp-json\/wp\/v2\/pages\/248806\/revisions\/341810"}],"up":[{"embeddable":true,"href":"https:\/\/globecore.com\/fr\/wp-json\/wp\/v2\/pages\/15544"}],"wp:featuredmedia":[{"embeddable":true,"href":"https:\/\/globecore.com\/fr\/wp-json\/wp\/v2\/media\/36020"}],"wp:attachment":[{"href":"https:\/\/globecore.com\/fr\/wp-json\/wp\/v2\/media?parent=248806"}],"wp:term":[{"taxonomy":"category","embeddable":true,"href":"https:\/\/globecore.com\/fr\/wp-json\/wp\/v2\/categories?post=248806"}],"curies":[{"name":"wp","href":"https:\/\/api.w.org\/{rel}","templated":true}]}}