{"id":248820,"date":"2024-03-18T12:40:57","date_gmt":"2024-03-18T12:40:57","guid":{"rendered":"https:\/\/globecore.com\/products\/moulin-magnetique\/avsp-150-vortex-layer-device-semi-automated\/"},"modified":"2026-03-09T09:12:54","modified_gmt":"2026-03-09T09:12:54","slug":"avsp-150-vortex-layer-device-semi-automated","status":"publish","type":"page","link":"https:\/\/globecore.com\/fr\/products\/moulin-magnetique\/avsp-150-vortex-layer-device-semi-automated\/","title":{"rendered":"AVSp-150 Dispositif \u00e0 couche vortex (semi-automatis\u00e9)"},"content":{"rendered":"","protected":false},"excerpt":{"rendered":"<p>GlobeCore est la seule entreprise de haute technologie au monde \u00e0 fabriquer des dispositifs industriels \u00e0 couche vortex avec des performances prouv\u00e9es et pr\u00e9visibles. Le dispositif \u00e0 couche vortex semi-automatis\u00e9 AVSp-150 est con\u00e7u pour intensifier les processus physiques et chimiques, assurant une dispersion efficace et un m\u00e9lange \u00e0 sec des mat\u00e9riaux en vrac, y compris les micropoudres, ainsi que l\u2019activation et la modification des additifs, la pulv\u00e9risation des poudres de ferrite et le traitement des mat\u00e9riaux pulv\u00e9rulents \u00e0 l\u2019\u00e9tat sec et liquide.<\/p>\n","protected":false},"author":7,"featured_media":111205,"parent":15544,"menu_order":0,"comment_status":"closed","ping_status":"closed","template":"templates\/single-product.php","meta":{"_acf_changed":false,"_bbp_topic_count":0,"_bbp_reply_count":0,"_bbp_total_topic_count":0,"_bbp_total_reply_count":0,"_bbp_voice_count":0,"_bbp_anonymous_reply_count":0,"_bbp_topic_count_hidden":0,"_bbp_reply_count_hidden":0,"_bbp_forum_subforum_count":0,"footnotes":""},"categories":[1382],"class_list":["post-248820","page","type-page","status-publish","has-post-thumbnail","hentry","category-fraisage","oil_type-industrie-chimique","oil_type-industrie-du-batiment","process_type-activation-fr","process_type-broyage","process_type-melange"],"acf":{"add_tab":[{"tab_title":"Description","tab_content":"<p style=\"text-align: justify;\">GlobeCore est la seule entreprise high-tech au monde qui produit des dispositifs \u00e0 couche vortex op\u00e9rationnels avec des applications r\u00e9elles dans le secteur industriel, offrant des r\u00e9sultats conformes aux attentes.<\/p>\r\n<p style=\"text-align: justify;\">Le dispositif \u00e0 couche vortex AVSp-150 (version semi-automatis\u00e9e) est con\u00e7u pour intensifier un large \u00e9ventail de processus physiques et chimiques. Ce dispositif fonctionne efficacement avec une vari\u00e9t\u00e9 de mat\u00e9riaux solides en vrac et assure leur dispersion, leur m\u00e9lange \u00e0 sec, y compris des micro-poudres, ainsi que l\u2019activation et la modification d\u2019additifs dans les caoutchoucs purs, la pulv\u00e9risation de poudres de ferrite pour la production de ferrites, et d\u2019autres traitements de mat\u00e9riaux en poudre \u00e0 l\u2019\u00e9tat sec ou liquide.<\/p>\r\n<p style=\"text-align: justify;\"><strong>Conception du dispositif<\/strong><\/p>\r\n<p style=\"text-align: justify;\">Le dispositif ne comporte aucun joint dynamique et est organis\u00e9 autour de deux composants cl\u00e9s : la section de fonctionnement et la section de commande.<\/p>\r\n\r\n<ul>\r\n \t<li style=\"text-align: justify;\"><strong>Section de fonctionnement :<\/strong>\r\n<ul>\r\n \t<li>Contient un cadre avec un bo\u00eetier d\u2019inducteur mont\u00e9 dessus.<\/li>\r\n \t<li>Un bo\u00eetier de protection est fix\u00e9 \u00e0 la couverture arri\u00e8re du bo\u00eetier de l\u2019inducteur et du cadre, comprenant des alimentateurs avec un entra\u00eenement et un chariot.<\/li>\r\n \t<li>Sous le bo\u00eetier de protection, des bo\u00eetes sont pr\u00e9vues pour le stockage des r\u00e9acteurs pendant le transport ou lorsque le dispositif n\u2019est pas utilis\u00e9.<\/li>\r\n \t<li>La couverture avant du bo\u00eetier de l\u2019inducteur comprend un bo\u00eetier de protection avant pour assurer la s\u00e9curit\u00e9 des op\u00e9rateurs.<\/li>\r\n<\/ul>\r\n<\/li>\r\n \t<li>\r\n<p style=\"text-align: justify;\"><strong>Section de commande :<\/strong><\/p>\r\n\r\n<ul>\r\n \t<li style=\"text-align: justify;\">Comprend un r\u00e9servoir d\u2019huile avec un cadre et un corps de bo\u00eetier, un syst\u00e8me de refroidissement et une pompe.<\/li>\r\n \t<li style=\"text-align: justify;\">Le panneau avant de la section de commande est \u00e9quip\u00e9 d\u2019un tableau de commande \u00e0 distance contenant les contr\u00f4les du dispositif.<\/li>\r\n<\/ul>\r\n<\/li>\r\n<\/ul>"}],"add_def_tab":[{"tab_title":"Sp\u00e9cifications","tab_content":"<table>\r\n<tbody>\r\n<tr>\r\n<td>\r\n<p style=\"text-align: center;\"><strong>\u2116<\/strong><\/p>\r\n<\/td>\r\n<td style=\"text-align: center;\"><strong>Param\u00e8tre<\/strong><\/td>\r\n<td>\r\n<p style=\"text-align: center;\"><strong>Valeur<\/strong><\/p>\r\n<\/td>\r\n<\/tr>\r\n<tr>\r\n<td><span style=\"font-weight: 400;\">1<\/span><\/td>\r\n<td><span style=\"font-weight: 400;\">Diam\u00e8tre de la chambre de fonctionnement, mm<\/span><\/td>\r\n<td>\r\n<p style=\"text-align: center;\"><span style=\"font-weight: 400;\">128<\/span><\/p>\r\n<\/td>\r\n<\/tr>\r\n<tr>\r\n<td><span style=\"font-weight: 400;\">2<\/span><\/td>\r\n<td><span style=\"font-weight: 400;\">Longueur de la zone active de la chambre, mm<\/span><\/td>\r\n<td>\r\n<p style=\"text-align: center;\"><span style=\"font-weight: 400;\">150<\/span><\/p>\r\n<\/td>\r\n<\/tr>\r\n<tr>\r\n<td><span style=\"font-weight: 400;\">3<\/span><\/td>\r\n<td><span style=\"font-weight: 400;\">Pression de fonctionnement, MPa, max :<\/span><\/td>\r\n<td>\r\n<p style=\"text-align: center;\"><span style=\"font-weight: 400;\">0,6<\/span><\/p>\r\n<\/td>\r\n<\/tr>\r\n<tr>\r\n<td><span style=\"font-weight: 400;\">4<\/span><\/td>\r\n<td><span style=\"font-weight: 400;\">Volume de la chambre de travail, l<\/span><\/td>\r\n<td>\r\n<p style=\"text-align: center;\"><span style=\"font-weight: 400;\">7,5<\/span><\/p>\r\n<\/td>\r\n<\/tr>\r\n<tr>\r\n<td><span style=\"font-weight: 400;\">5<\/span><\/td>\r\n<td><span style=\"font-weight: 400;\">Capacit\u00e9, kg\/heure*<\/span><\/td>\r\n<td>\r\n<p style=\"text-align: center;\"><span style=\"font-weight: 400;\">50<\/span><\/p>\r\n<\/td>\r\n<\/tr>\r\n<tr>\r\n<td><span style=\"font-weight: 400;\">6<\/span><\/td>\r\n<td><span style=\"font-weight: 400;\">Tension nominale, V<\/span><\/td>\r\n<td>\r\n<p style=\"text-align: center;\"><span style=\"font-weight: 400;\">380<\/span><\/p>\r\n<\/td>\r\n<\/tr>\r\n<tr>\r\n<td><span style=\"font-weight: 400;\">7<\/span><\/td>\r\n<td><span style=\"font-weight: 400;\">Fr\u00e9quence, Hz<\/span><\/td>\r\n<td>\r\n<p style=\"text-align: center;\"><span style=\"font-weight: 400;\">50<\/span><\/p>\r\n<\/td>\r\n<\/tr>\r\n<tr>\r\n<td><span style=\"font-weight: 400;\">8<\/span><\/td>\r\n<td><span style=\"font-weight: 400;\">Puissance active, kW<\/span><\/td>\r\n<td>\r\n<p style=\"text-align: center;\"><span style=\"font-weight: 400;\">9<\/span><\/p>\r\n<\/td>\r\n<\/tr>\r\n<tr>\r\n<td><span style=\"font-weight: 400;\">9<\/span><\/td>\r\n<td><span style=\"font-weight: 400;\">Puissance totale, kWA<\/span><\/td>\r\n<td>\r\n<p style=\"text-align: center;\"><span style=\"font-weight: 400;\">21<\/span><\/p>\r\n<\/td>\r\n<\/tr>\r\n<tr>\r\n<td><span style=\"font-weight: 400;\">10<\/span><\/td>\r\n<td><span style=\"font-weight: 400;\">Dimensions, mm, maximum :<\/span><\/td>\r\n<td><\/td>\r\n<\/tr>\r\n<tr>\r\n<td><\/td>\r\n<td><span style=\"font-weight: 400;\">Section de commande :<\/span>\r\n\r\n<span style=\"font-weight: 400;\">\u2013 longueur<\/span>\r\n\r\n<span style=\"font-weight: 400;\">\u2013 largeur<\/span>\r\n\r\n<span style=\"font-weight: 400;\">\u2013 hauteur<\/span><\/td>\r\n<td><span style=\"font-weight: 400;\">\u00a0<\/span>\r\n<p style=\"text-align: center;\"><span style=\"font-weight: 400;\">1073<\/span><\/p>\r\n<p style=\"text-align: center;\"><span style=\"font-weight: 400;\">552<\/span><\/p>\r\n<p style=\"text-align: center;\"><span style=\"font-weight: 400;\">1532<\/span><\/p>\r\n<\/td>\r\n<\/tr>\r\n<tr>\r\n<td><\/td>\r\n<td><span style=\"font-weight: 400;\">Section de fonctionnement :<\/span>\r\n\r\n<span style=\"font-weight: 400;\">\u2013 longueur<\/span>\r\n\r\n<span style=\"font-weight: 400;\">\u2013 largeur<\/span>\r\n\r\n<span style=\"font-weight: 400;\">\u2013 hauteur<\/span><\/td>\r\n<td>\r\n<p style=\"text-align: center;\"><span style=\"font-weight: 400;\">1637<\/span><span style=\"font-weight: 400;\">\r\n<\/span><span style=\"font-weight: 400;\">835<\/span><span style=\"font-weight: 400;\">\r\n<\/span><span style=\"font-weight: 400;\">1376<\/span><\/p>\r\n<\/td>\r\n<\/tr>\r\n<tr>\r\n<td><span style=\"font-weight: 400;\">11<\/span><\/td>\r\n<td><span style=\"font-weight: 400;\">Poids, kg, maximum :<\/span><\/td>\r\n<td><\/td>\r\n<\/tr>\r\n<tr>\r\n<td><\/td>\r\n<td><span style=\"font-weight: 400;\">Section de commande<\/span>\r\n\r\n<span style=\"font-weight: 400;\">Section de fonctionnement<\/span><\/td>\r\n<td>\r\n<p style=\"text-align: center;\"><span style=\"font-weight: 400;\">300<\/span><\/p>\r\n<p style=\"text-align: center;\"><span style=\"font-weight: 400;\">530<\/span><\/p>\r\n<\/td>\r\n<\/tr>\r\n<\/tbody>\r\n<\/table>\r\n<span style=\"font-weight: 400;\">*D\u00e9pend du produit trait\u00e9<\/span>"},{"tab_title":"Avantages","tab_content":"<ul>\r\n \t<li style=\"text-align: justify;\"><strong>Polyvalence d\u2019application :<\/strong> capacit\u00e9 de broyage, de m\u00e9lange et d\u2019activation des mat\u00e9riaux trait\u00e9s ;<\/li>\r\n \t<li style=\"text-align: justify;\"><strong>Broyage fin<\/strong> ;<\/li>\r\n \t<li style=\"text-align: justify;\"><strong>Am\u00e9lioration de l\u2019efficacit\u00e9 des processus :<\/strong> le traitement s\u2019effectue en quelques secondes ou fractions de seconde ;<\/li>\r\n \t<li style=\"text-align: justify;\"><strong>R\u00e9duction des co\u00fbts d\u2019\u00e9lectricit\u00e9<\/strong> ;<\/li>\r\n \t<li style=\"text-align: justify;\"><strong>Optimisation de l\u2019utilisation des mati\u00e8res premi\u00e8res et consommables<\/strong> ;<\/li>\r\n \t<li style=\"text-align: justify;\"><strong>Facilit\u00e9 d\u2019int\u00e9gration :<\/strong> int\u00e9gration simple dans les lignes de production existantes.<\/li>\r\n<\/ul>"},{"tab_title":"Application","tab_content":"[product_oil_types]"}],"add_video_tab":[{"video_tab_title":"Vid\u00e9o","add_video_id":[{"video_id":"URT13REkgs8"},{"video_id":"GbNfxxdOKrQ"},{"video_id":"cjPU-kPP0bg"}]}],"add_gallery_tab":[{"gallery_tab_title":"Photo","add_img":[111214,111226,111238,111250,111262,111274,111286,111298,111310,111322]}],"add_price_tab":null},"language":"fr","_links":{"self":[{"href":"https:\/\/globecore.com\/fr\/wp-json\/wp\/v2\/pages\/248820","targetHints":{"allow":["GET"]}}],"collection":[{"href":"https:\/\/globecore.com\/fr\/wp-json\/wp\/v2\/pages"}],"about":[{"href":"https:\/\/globecore.com\/fr\/wp-json\/wp\/v2\/types\/page"}],"author":[{"embeddable":true,"href":"https:\/\/globecore.com\/fr\/wp-json\/wp\/v2\/users\/7"}],"replies":[{"embeddable":true,"href":"https:\/\/globecore.com\/fr\/wp-json\/wp\/v2\/comments?post=248820"}],"version-history":[{"count":3,"href":"https:\/\/globecore.com\/fr\/wp-json\/wp\/v2\/pages\/248820\/revisions"}],"predecessor-version":[{"id":341814,"href":"https:\/\/globecore.com\/fr\/wp-json\/wp\/v2\/pages\/248820\/revisions\/341814"}],"up":[{"embeddable":true,"href":"https:\/\/globecore.com\/fr\/wp-json\/wp\/v2\/pages\/15544"}],"wp:featuredmedia":[{"embeddable":true,"href":"https:\/\/globecore.com\/fr\/wp-json\/wp\/v2\/media\/111205"}],"wp:attachment":[{"href":"https:\/\/globecore.com\/fr\/wp-json\/wp\/v2\/media?parent=248820"}],"wp:term":[{"taxonomy":"category","embeddable":true,"href":"https:\/\/globecore.com\/fr\/wp-json\/wp\/v2\/categories?post=248820"}],"curies":[{"name":"wp","href":"https:\/\/api.w.org\/{rel}","templated":true}]}}