{"id":248828,"date":"2024-02-15T07:48:48","date_gmt":"2024-02-15T07:48:48","guid":{"rendered":"https:\/\/globecore.com\/products\/systemes-de-melange\/laboratory-blending-unit-usb-l\/"},"modified":"2026-03-06T14:30:09","modified_gmt":"2026-03-06T14:30:09","slug":"laboratory-blending-unit-usb-l","status":"publish","type":"page","link":"https:\/\/globecore.com\/fr\/products\/systemes-de-melange\/laboratory-blending-unit-usb-l\/","title":{"rendered":"USBL-1 Syst\u00e8me de m\u00e9lange de laboratoire"},"content":{"rendered":"","protected":false},"excerpt":{"rendered":"<p>L\u2019unit\u00e9 de m\u00e9lange de laboratoire \u00e0 grande vitesse USBL-1 est con\u00e7ue pour le m\u00e9lange pr\u00e9cis de produits p\u00e9troliers bicomposants, m\u00eame en petits volumes, garantissant des r\u00e9sultats coh\u00e9rents et de haute qualit\u00e9. Elle est destin\u00e9e \u00e0 une utilisation dans les laboratoires de raffineries, permettant aux sp\u00e9cialistes de d\u00e9terminer rapidement les proportions optimales des composants. L\u2019\u00e9chantillon m\u00e9lang\u00e9 peut ensuite \u00eatre utilis\u00e9 directement pour une analyse de laboratoire d\u00e9taill\u00e9e afin de v\u00e9rifier la conformit\u00e9 aux normes de qualit\u00e9.<\/p>\n","protected":false},"author":7,"featured_media":110263,"parent":35100,"menu_order":0,"comment_status":"closed","ping_status":"closed","template":"templates\/single-product.php","meta":{"_acf_changed":false,"_bbp_topic_count":0,"_bbp_reply_count":0,"_bbp_total_topic_count":0,"_bbp_total_reply_count":0,"_bbp_voice_count":0,"_bbp_anonymous_reply_count":0,"_bbp_topic_count_hidden":0,"_bbp_reply_count_hidden":0,"_bbp_forum_subforum_count":0,"footnotes":""},"categories":[1380],"class_list":["post-248828","page","type-page","status-publish","has-post-thumbnail","hentry","category-melange-homogeneisation","oil_type-industrie-chimique","oil_type-industrie-petroliere","process_type-melange-fr"],"acf":{"add_tab":[{"tab_title":"Description","tab_content":"<p style=\"text-align: justify;\">Le syst\u00e8me de m\u00e9lange de laboratoire USBL-1 est con\u00e7u pour le m\u00e9lange pr\u00e9cis et de haute qualit\u00e9 de liquides \u00e0 deux composants de produits p\u00e9troliers, m\u00eame en petits volumes. Cela garantit une qualit\u00e9 \u00e9lev\u00e9e et une homog\u00e9n\u00e9it\u00e9 du produit final.<\/p>\r\n<p style=\"text-align: justify;\"><strong>Applications principales :<\/strong>\r\nCette unit\u00e9 peut \u00eatre utilis\u00e9e dans les laboratoires des raffineries de p\u00e9trole. Son objectif principal est de m\u00e9langer rapidement et avec pr\u00e9cision 2 composants, permettant aux sp\u00e9cialistes de d\u00e9terminer avec exactitude le rapport optimal des composants pour obtenir le meilleur r\u00e9sultat.<\/p>"}],"add_def_tab":[{"tab_title":"Caract\u00e9ristiques","tab_content":"<table>\r\n<thead>\r\n<tr>\r\n<th><b>\u2116<\/b><\/th>\r\n<th>Param\u00e8tre<\/th>\r\n<th><b>Valeur<\/b><\/th>\r\n<\/tr>\r\n<\/thead>\r\n<tbody>\r\n<tr>\r\n<td>1<\/td>\r\n<td>Nombre de liquides \u00e0 m\u00e9langer (maximum)<\/td>\r\n<td>\r\n<p style=\"text-align: center;\">2<\/p>\r\n<\/td>\r\n<\/tr>\r\n<tr>\r\n<td>2<\/td>\r\n<td>Capacit\u00e9 nominale de l\u2019unit\u00e9 lors du m\u00e9lange de tous les composants, l\/h :\r\n\r\n\u2014 \u00e0 50 Hz\r\n\r\n\u2014 \u00e0 100 Hz<\/td>\r\n<td><b>\u00a0<\/b>\r\n<p style=\"text-align: center;\"><b>\r\n<\/b>70<\/p>\r\n<p style=\"text-align: center;\">112<\/p>\r\n<\/td>\r\n<\/tr>\r\n<tr>\r\n<td>4<\/td>\r\n<td>Pression maximale de conception pour la sortie du fluide principal, MPa<\/td>\r\n<td>\r\n<p style=\"text-align: center;\">1,0<\/p>\r\n<\/td>\r\n<\/tr>\r\n<tr>\r\n<td>5<\/td>\r\n<td>Puissance de l\u2019unit\u00e9, kW (maximum)\r\n\r\n\u2014 \u00e0 50 Hz\r\n\r\n\u2014 \u00e0 60 Hz<\/td>\r\n<td><b>\u00a0<\/b>\r\n<p style=\"text-align: center;\">0,76<\/p>\r\n<p style=\"text-align: center;\">0,92<\/p>\r\n<\/td>\r\n<\/tr>\r\n<tr>\r\n<td>6<\/td>\r\n<td>Dimensions globales, mm (maximum)\r\n\r\n\u2014 longueur\r\n\r\n\u2014 largeur\r\n\r\n\u2014 hauteur<\/td>\r\n<td><b>\u00a0<\/b>\r\n<p style=\"text-align: center;\">410<\/p>\r\n<p style=\"text-align: center;\">360<\/p>\r\n<p style=\"text-align: center;\">400<\/p>\r\n<\/td>\r\n<\/tr>\r\n<tr>\r\n<td>7<\/td>\r\n<td>Poids, kg (maximum)<\/td>\r\n<td>\r\n<p style=\"text-align: center;\">25<\/p>\r\n<\/td>\r\n<\/tr>\r\n<\/tbody>\r\n<\/table>"},{"tab_title":"Avantages","tab_content":"<ul>\r\n \t<li style=\"text-align: justify;\">Peut \u00eatre utilis\u00e9 par des institutions de recherche et des laboratoires ;<\/li>\r\n \t<li style=\"text-align: justify;\">Produit des \u00e9chantillons de liquides m\u00e9lang\u00e9s pour des tests en laboratoire ;<\/li>\r\n \t<li style=\"text-align: justify;\">Aide \u00e0 tester l\u2019efficacit\u00e9 de divers additifs et \u00e0 optimiser les formules de m\u00e9lange.<\/li>\r\n<\/ul>"},{"tab_title":"Application","tab_content":"[product_oil_types]"}],"add_video_tab":[{"video_tab_title":"Vid\u00e9o","add_video_id":[{"video_id":"IDTSq8M4ofs"},{"video_id":"GsnFruyhifc"},{"video_id":"_dFT40GiOkw"}]}],"add_gallery_tab":null,"add_price_tab":null},"language":"fr","_links":{"self":[{"href":"https:\/\/globecore.com\/fr\/wp-json\/wp\/v2\/pages\/248828","targetHints":{"allow":["GET"]}}],"collection":[{"href":"https:\/\/globecore.com\/fr\/wp-json\/wp\/v2\/pages"}],"about":[{"href":"https:\/\/globecore.com\/fr\/wp-json\/wp\/v2\/types\/page"}],"author":[{"embeddable":true,"href":"https:\/\/globecore.com\/fr\/wp-json\/wp\/v2\/users\/7"}],"replies":[{"embeddable":true,"href":"https:\/\/globecore.com\/fr\/wp-json\/wp\/v2\/comments?post=248828"}],"version-history":[{"count":2,"href":"https:\/\/globecore.com\/fr\/wp-json\/wp\/v2\/pages\/248828\/revisions"}],"predecessor-version":[{"id":336241,"href":"https:\/\/globecore.com\/fr\/wp-json\/wp\/v2\/pages\/248828\/revisions\/336241"}],"up":[{"embeddable":true,"href":"https:\/\/globecore.com\/fr\/wp-json\/wp\/v2\/pages\/35100"}],"wp:featuredmedia":[{"embeddable":true,"href":"https:\/\/globecore.com\/fr\/wp-json\/wp\/v2\/media\/110263"}],"wp:attachment":[{"href":"https:\/\/globecore.com\/fr\/wp-json\/wp\/v2\/media?parent=248828"}],"wp:term":[{"taxonomy":"category","embeddable":true,"href":"https:\/\/globecore.com\/fr\/wp-json\/wp\/v2\/categories?post=248828"}],"curies":[{"name":"wp","href":"https:\/\/api.w.org\/{rel}","templated":true}]}}