{"id":248834,"date":"2021-11-03T08:01:30","date_gmt":"2021-11-03T08:01:30","guid":{"rendered":"https:\/\/globecore.com\/products\/systemes-de-melange\/usb-5-high-speed-mixing-unit-for-production-of-sanitizers-0-15-0-3-m3-h\/"},"modified":"2026-03-06T14:38:21","modified_gmt":"2026-03-06T14:38:21","slug":"usb-5-high-speed-mixing-unit-for-production-of-sanitizers-0-15-0-3-m3-h","status":"publish","type":"page","link":"https:\/\/globecore.com\/fr\/products\/systemes-de-melange\/usb-5-high-speed-mixing-unit-for-production-of-sanitizers-0-15-0-3-m3-h\/","title":{"rendered":"USB-5 Unit\u00e9 de m\u00e9lange \u00e0 haute vitesse pour la production de d\u00e9sinfectants (0,15 \u2013 0,3 m\u00b3\/h)"},"content":{"rendered":"","protected":false},"excerpt":{"rendered":"<p>L\u2019unit\u00e9 de m\u00e9lange haute vitesse USB-5 est con\u00e7ue pour m\u00e9langer de deux \u00e0 quatre composants liquides distincts, selon la formulation. Les ingr\u00e9dients sont introduits par lots \u00e0 l\u2019aide d\u2019une pompe de transfert dans un r\u00e9servoir \u00e9quip\u00e9 d\u2019un agitateur. La quantit\u00e9 d\u2019ingr\u00e9dients m\u00e9lang\u00e9s peut \u00eatre augment\u00e9e si n\u00e9cessaire. Les ingr\u00e9dients \u00e0 \u00e9coulement libre, solubles dans le liquide et respectant les limites de taille de particules de la pompe de transfert, peuvent \u00eatre ajout\u00e9s par une trappe d\u2019alimentation.<\/p>\n","protected":false},"author":7,"featured_media":43463,"parent":35100,"menu_order":0,"comment_status":"closed","ping_status":"closed","template":"templates\/single-product.php","meta":{"_acf_changed":false,"_bbp_topic_count":0,"_bbp_reply_count":0,"_bbp_total_topic_count":0,"_bbp_total_reply_count":0,"_bbp_voice_count":0,"_bbp_anonymous_reply_count":0,"_bbp_topic_count_hidden":0,"_bbp_reply_count_hidden":0,"_bbp_forum_subforum_count":0,"footnotes":""},"categories":[1380],"class_list":["post-248834","page","type-page","status-publish","has-post-thumbnail","hentry","category-melange-homogeneisation","oil_type-industrie-alimentaire","oil_type-industrie-chimique","oil_type-industrie-cosmetique","oil_type-industrie-petroliere","oil_type-industrie-pharmaceutique","process_type-melange"],"acf":{"add_tab":[{"tab_title":"Description","tab_content":"<p style=\"text-align: justify;\">L'unit\u00e9 de m\u00e9lange \u00e0 haute vitesse USB-5 est con\u00e7ue pour la production de d\u00e9sinfectants \u00e0 base d'alcools et de solutions aqueuses.<\/p>\r\n<p style=\"text-align: justify;\"><strong>Caract\u00e9ristiques principales :<\/strong><\/p>\r\n\r\n<ul>\r\n \t<li style=\"text-align: justify;\">Permet de m\u00e9langer <strong>deux \u00e0 quatre liquides distincts<\/strong> (ingr\u00e9dient principal et ingr\u00e9dients suppl\u00e9mentaires) d\u00e9finis par la formulation.<\/li>\r\n \t<li style=\"text-align: justify;\">Les liquides sont introduits par lots dans un r\u00e9servoir \u00e9quip\u00e9 d'un m\u00e9langeur \u00e0 l'aide d'une pompe de transfert.<\/li>\r\n \t<li style=\"text-align: justify;\">Il est possible d'augmenter le nombre d'ingr\u00e9dients m\u00e9lang\u00e9s si n\u00e9cessaire.<\/li>\r\n \t<li style=\"text-align: justify;\">Les ingr\u00e9dients solides solubles dans un liquide et dont les tailles de particules sont compatibles avec la pompe de transfert utilis\u00e9e peuvent \u00eatre ajout\u00e9s via une trappe d'alimentation.<\/li>\r\n<\/ul>"}],"add_def_tab":[{"tab_title":"Caract\u00e9ristiques","tab_content":"<table>\r\n<tbody>\r\n<tr>\r\n<td><b>\u2116<\/b><\/td>\r\n<td>\r\n<p style=\"text-align: center;\"><b>Indicateurs<\/b><\/p>\r\n<\/td>\r\n<td><b>Valeurs<\/b><\/td>\r\n<\/tr>\r\n<tr>\r\n<td><b>1.\u00a0\u00a0<\/b><\/td>\r\n<td>Quantit\u00e9 d\u2019ingr\u00e9dients m\u00e9lang\u00e9s<\/td>\r\n<td>\r\n<p style=\"text-align: center;\"><b>2\u20134*<\/b><\/p>\r\n<\/td>\r\n<\/tr>\r\n<tr>\r\n<td><b>2.\u00a0\u00a0<\/b><\/td>\r\n<td>Capacit\u00e9, L\/cycle, pas moins de<\/td>\r\n<td>\r\n<p style=\"text-align: center;\"><b>150*<\/b><\/p>\r\n<\/td>\r\n<\/tr>\r\n<tr>\r\n<td><b>3.\u00a0\u00a0<\/b><\/td>\r\n<td>Nombre de cycles de fonctionnement recommand\u00e9s, cycles\/heure<\/td>\r\n<td>\r\n<p style=\"text-align: center;\"><b>2<\/b><\/p>\r\n<\/td>\r\n<\/tr>\r\n<tr>\r\n<td><b>4.\u00a0\u00a0<\/b><\/td>\r\n<td>Volume total du r\u00e9servoir, L<\/td>\r\n<td>\r\n<p style=\"text-align: center;\"><b>250<\/b><\/p>\r\n<\/td>\r\n<\/tr>\r\n<tr>\r\n<td><b>5.\u00a0\u00a0<\/b><\/td>\r\n<td>Puissance requise, kW<\/td>\r\n<td>\r\n<p style=\"text-align: center;\"><b>1.1<\/b><\/p>\r\n<\/td>\r\n<\/tr>\r\n<tr>\r\n<td><b>6.\u00a0\u00a0<\/b><\/td>\r\n<td>Tension d\u2019alimentation (50 Hz, 3 phases), V<\/td>\r\n<td>\r\n<p style=\"text-align: center;\"><b>380<\/b><\/p>\r\n<\/td>\r\n<\/tr>\r\n<tr>\r\n<td><b>7.\u00a0\u00a0<\/b><\/td>\r\n<td>Dimensions en position de travail, mm\r\n\r\n\u2014 longueur\r\n\r\n\u2014 largeur\r\n\r\n\u2014 hauteur<\/td>\r\n<td><b>\u00a0<\/b>\r\n<p style=\"text-align: center;\"><b>810<\/b><\/p>\r\n<p style=\"text-align: center;\"><b>770<\/b><\/p>\r\n<p style=\"text-align: center;\"><b>1,600<\/b><\/p>\r\n<\/td>\r\n<\/tr>\r\n<tr>\r\n<td><b>8.\u00a0\u00a0<\/b><\/td>\r\n<td>Poids, kg (lb), pas plus de<\/td>\r\n<td>\r\n<p style=\"text-align: center;\"><b>150<\/b><\/p>\r\n<\/td>\r\n<\/tr>\r\n<\/tbody>\r\n<\/table>\r\n* La quantit\u00e9 d\u2019ingr\u00e9dients m\u00e9lang\u00e9s et la capacit\u00e9 d\u00e9pendent de la formulation."},{"tab_title":"Avantages","tab_content":"<ul>\r\n \t<li style=\"text-align: justify;\">Prix raisonnable ;<\/li>\r\n \t<li style=\"text-align: justify;\">Dimensions compactes et poids l\u00e9ger ;<\/li>\r\n \t<li style=\"text-align: justify;\">Simplicit\u00e9 de conception ;<\/li>\r\n \t<li style=\"text-align: justify;\">M\u00e9lange de deux \u00e0 quatre ingr\u00e9dients ;<\/li>\r\n \t<li style=\"text-align: justify;\">Conception adapt\u00e9e \u00e0 une utilisation dans des entreprises nouvelles ou existantes.<\/li>\r\n<\/ul>"},{"tab_title":"Application","tab_content":"[product_oil_types]"}],"add_video_tab":[{"video_tab_title":"Vid\u00e9o","add_video_id":[{"video_id":"ceMAx8fxGlo"},{"video_id":"K_CnN9wNFpA"},{"video_id":"ewYYbdZwLFw"}]}],"add_gallery_tab":null,"add_price_tab":null},"language":"fr","_links":{"self":[{"href":"https:\/\/globecore.com\/fr\/wp-json\/wp\/v2\/pages\/248834","targetHints":{"allow":["GET"]}}],"collection":[{"href":"https:\/\/globecore.com\/fr\/wp-json\/wp\/v2\/pages"}],"about":[{"href":"https:\/\/globecore.com\/fr\/wp-json\/wp\/v2\/types\/page"}],"author":[{"embeddable":true,"href":"https:\/\/globecore.com\/fr\/wp-json\/wp\/v2\/users\/7"}],"replies":[{"embeddable":true,"href":"https:\/\/globecore.com\/fr\/wp-json\/wp\/v2\/comments?post=248834"}],"version-history":[{"count":1,"href":"https:\/\/globecore.com\/fr\/wp-json\/wp\/v2\/pages\/248834\/revisions"}],"predecessor-version":[{"id":336249,"href":"https:\/\/globecore.com\/fr\/wp-json\/wp\/v2\/pages\/248834\/revisions\/336249"}],"up":[{"embeddable":true,"href":"https:\/\/globecore.com\/fr\/wp-json\/wp\/v2\/pages\/35100"}],"wp:featuredmedia":[{"embeddable":true,"href":"https:\/\/globecore.com\/fr\/wp-json\/wp\/v2\/media\/43463"}],"wp:attachment":[{"href":"https:\/\/globecore.com\/fr\/wp-json\/wp\/v2\/media?parent=248834"}],"wp:term":[{"taxonomy":"category","embeddable":true,"href":"https:\/\/globecore.com\/fr\/wp-json\/wp\/v2\/categories?post=248834"}],"curies":[{"name":"wp","href":"https:\/\/api.w.org\/{rel}","templated":true}]}}