{"id":248838,"date":"2021-11-03T07:50:33","date_gmt":"2021-11-03T07:50:33","guid":{"rendered":"https:\/\/globecore.com\/products\/systemes-de-melange\/usb-5-high-speed-mixing-unit-for-production-of-sanitizers-1-1-m3-cycle\/"},"modified":"2026-03-06T14:42:31","modified_gmt":"2026-03-06T14:42:31","slug":"usb-5-high-speed-mixing-unit-for-production-of-sanitizers-1-1-m3-cycle","status":"publish","type":"page","link":"https:\/\/globecore.com\/fr\/products\/systemes-de-melange\/usb-5-high-speed-mixing-unit-for-production-of-sanitizers-1-1-m3-cycle\/","title":{"rendered":"USB-5 Unit\u00e9 de m\u00e9lange \u00e0 haute vitesse pour la production de d\u00e9sinfectants (1,1 m\u00b3\/cycle)"},"content":{"rendered":"","protected":false},"excerpt":{"rendered":"<p>L\u2019unit\u00e9 de m\u00e9lange par lots USB-5 est con\u00e7ue pour combiner de deux \u00e0 quatre composants liquides distincts. Les ingr\u00e9dients sont introduits par lots \u00e0 l\u2019aide d\u2019une pompe de transfert dans un r\u00e9servoir \u00e9quip\u00e9 d\u2019un agitateur. La quantit\u00e9 d\u2019ingr\u00e9dients m\u00e9lang\u00e9s peut \u00eatre augment\u00e9e si n\u00e9cessaire. Les composants \u00e0 \u00e9coulement libre, solubles dans le liquide et respectant la taille de particule autoris\u00e9e pour la pompe de transfert, peuvent \u00eatre ajout\u00e9s par une trappe d\u2019alimentation.<\/p>\n","protected":false},"author":7,"featured_media":43449,"parent":35100,"menu_order":0,"comment_status":"closed","ping_status":"closed","template":"templates\/single-product.php","meta":{"_acf_changed":false,"_bbp_topic_count":0,"_bbp_reply_count":0,"_bbp_total_topic_count":0,"_bbp_total_reply_count":0,"_bbp_voice_count":0,"_bbp_anonymous_reply_count":0,"_bbp_topic_count_hidden":0,"_bbp_reply_count_hidden":0,"_bbp_forum_subforum_count":0,"footnotes":""},"categories":[1380],"class_list":["post-248838","page","type-page","status-publish","has-post-thumbnail","hentry","category-melange-homogeneisation","oil_type-industrie-alimentaire","oil_type-industrie-chimique","oil_type-industrie-cosmetique","oil_type-industrie-petroliere","oil_type-industrie-pharmaceutique","process_type-melange"],"acf":{"add_tab":[{"tab_title":"Description","tab_content":"<p style=\"text-align: justify;\">L\u2019unit\u00e9 USB-5 de type batch est con\u00e7ue pour la production de d\u00e9sinfectants \u00e0 base d\u2019alcools et de solutions aqueuses.<\/p>\r\n<p style=\"text-align: justify;\"><strong>Caract\u00e9ristiques principales :<\/strong><\/p>\r\n\r\n<ul>\r\n \t<li style=\"text-align: justify;\">Permet de m\u00e9langer <strong>deux \u00e0 quatre liquides distincts<\/strong> (ingr\u00e9dient principal et ingr\u00e9dients suppl\u00e9mentaires) introduits par lots dans un r\u00e9servoir \u00e9quip\u00e9 d\u2019un m\u00e9langeur \u00e0 l\u2019aide d\u2019une pompe de transfert.<\/li>\r\n \t<li style=\"text-align: justify;\">La quantit\u00e9 d\u2019ingr\u00e9dients m\u00e9lang\u00e9s peut \u00eatre augment\u00e9e si n\u00e9cessaire.<\/li>\r\n \t<li style=\"text-align: justify;\">Les ingr\u00e9dients libres et solubles dans un liquide, dont la taille des particules est compatible avec la pompe de transfert utilis\u00e9e, peuvent \u00eatre ajout\u00e9s via une trappe d\u2019alimentation.<\/li>\r\n<\/ul>"}],"add_def_tab":[{"tab_title":"Caract\u00e9ristiques","tab_content":"<table>\r\n<tbody>\r\n<tr>\r\n<td><strong>Seq.<\/strong>\r\n<strong>No.<\/strong><\/td>\r\n<td>\r\n<p style=\"text-align: center;\"><strong>Indicateurs<\/strong><\/p>\r\n<\/td>\r\n<td>\r\n<p style=\"text-align: center;\"><strong>Valeurs<\/strong><\/p>\r\n<\/td>\r\n<\/tr>\r\n<tr>\r\n<td>1.<\/td>\r\n<td>Quantit\u00e9 d\u2019ingr\u00e9dients m\u00e9lang\u00e9s<\/td>\r\n<td>\r\n<p style=\"text-align: center;\">2\u20134*<\/p>\r\n<\/td>\r\n<\/tr>\r\n<tr>\r\n<td>2.<\/td>\r\n<td>Capacit\u00e9, gal.\/cycle, pas moins de<\/td>\r\n<td>\r\n<p style=\"text-align: center;\">300*<\/p>\r\n<\/td>\r\n<\/tr>\r\n<tr>\r\n<td>3.<\/td>\r\n<td>Nombre de cycles de fonctionnement recommand\u00e9s, cycles\/heure<\/td>\r\n<td>\r\n<p style=\"text-align: center;\">2<\/p>\r\n<\/td>\r\n<\/tr>\r\n<tr>\r\n<td>4.<\/td>\r\n<td>Volume total du r\u00e9servoir, gal.<\/td>\r\n<td>\r\n<p style=\"text-align: center;\">450<\/p>\r\n<\/td>\r\n<\/tr>\r\n<tr>\r\n<td>5.<\/td>\r\n<td>Volume de fonctionnement minimum, gal.<\/td>\r\n<td>\r\n<p style=\"text-align: center;\">200<\/p>\r\n<\/td>\r\n<\/tr>\r\n<tr>\r\n<td>6.<\/td>\r\n<td>Volume de fonctionnement maximum, gal.<\/td>\r\n<td>\r\n<p style=\"text-align: center;\">375<\/p>\r\n<\/td>\r\n<\/tr>\r\n<tr>\r\n<td>7.<\/td>\r\n<td>Vitesse de rotation du m\u00e9langeur, tr\/min<\/td>\r\n<td>\r\n<p style=\"text-align: center;\">1,141<\/p>\r\n<\/td>\r\n<\/tr>\r\n<tr>\r\n<td>8.<\/td>\r\n<td>Puissance requise, kW<\/td>\r\n<td>\r\n<p style=\"text-align: center;\">5.3<\/p>\r\n<\/td>\r\n<\/tr>\r\n<tr>\r\n<td>9.<\/td>\r\n<td>Tension d\u2019alimentation (60 Hz, 3 phases), V<\/td>\r\n<td>\r\n<p style=\"text-align: center;\">480<\/p>\r\n<\/td>\r\n<\/tr>\r\n<tr>\r\n<td>10.<\/td>\r\n<td>Dimensions en position de travail, mm (pouces)\r\n\u2014 longueur\r\n\u2014 largeur\r\n\u2014 hauteur<\/td>\r\n<td>&nbsp;\r\n<p style=\"text-align: center;\">2,200 (86.6)<\/p>\r\n<p style=\"text-align: center;\">1,550 (61)<\/p>\r\n<p style=\"text-align: center;\">2,300 (90.6)<\/p>\r\n<\/td>\r\n<\/tr>\r\n<tr>\r\n<td>11.<\/td>\r\n<td>Poids, kg (lb), pas plus de<\/td>\r\n<td>\r\n<p style=\"text-align: center;\">450 (204)<\/p>\r\n<\/td>\r\n<\/tr>\r\n<tr>\r\n<td>12.<\/td>\r\n<td>Dimensions en emballage, mm (pouces)\r\n\u2014 longueur\r\n\u2014 largeur\r\n\u2014 hauteur<\/td>\r\n<td>&nbsp;\r\n<p style=\"text-align: center;\">2,500 (98.4)<\/p>\r\n<p style=\"text-align: center;\">1,650 (65)<\/p>\r\n<p style=\"text-align: center;\">1,500 (59)<\/p>\r\n<\/td>\r\n<\/tr>\r\n<tr>\r\n<td>13.<\/td>\r\n<td>Poids en emballage, kg (lb), pas plus de<\/td>\r\n<td>\r\n<p style=\"text-align: center;\">600 (272)<\/p>\r\n<\/td>\r\n<\/tr>\r\n<\/tbody>\r\n<\/table>\r\n* La quantit\u00e9 d\u2019ingr\u00e9dients m\u00e9lang\u00e9s et la capacit\u00e9 d\u00e9pendent de la formulation."},{"tab_title":"Avantages","tab_content":"<ul>\r\n \t<li style=\"text-align: justify;\">Prix raisonnable ;<\/li>\r\n \t<li style=\"text-align: justify;\">Dimensions compactes et poids l\u00e9ger ;<\/li>\r\n \t<li style=\"text-align: justify;\">Simplicit\u00e9 de conception ;<\/li>\r\n \t<li style=\"text-align: justify;\">M\u00e9lange de deux \u00e0 quatre ingr\u00e9dients ;<\/li>\r\n \t<li style=\"text-align: justify;\">Conception adapt\u00e9e \u00e0 une utilisation dans des entreprises nouvelles ou existantes.<\/li>\r\n<\/ul>"},{"tab_title":"Application","tab_content":"[product_oil_types]"}],"add_video_tab":[{"video_tab_title":"Vid\u00e9o","add_video_id":[{"video_id":"OY-IFpOzdeg"},{"video_id":"ceMAx8fxGlo"},{"video_id":"K_CnN9wNFpA"}]}],"add_gallery_tab":null,"add_price_tab":null},"language":"fr","_links":{"self":[{"href":"https:\/\/globecore.com\/fr\/wp-json\/wp\/v2\/pages\/248838","targetHints":{"allow":["GET"]}}],"collection":[{"href":"https:\/\/globecore.com\/fr\/wp-json\/wp\/v2\/pages"}],"about":[{"href":"https:\/\/globecore.com\/fr\/wp-json\/wp\/v2\/types\/page"}],"author":[{"embeddable":true,"href":"https:\/\/globecore.com\/fr\/wp-json\/wp\/v2\/users\/7"}],"replies":[{"embeddable":true,"href":"https:\/\/globecore.com\/fr\/wp-json\/wp\/v2\/comments?post=248838"}],"version-history":[{"count":2,"href":"https:\/\/globecore.com\/fr\/wp-json\/wp\/v2\/pages\/248838\/revisions"}],"predecessor-version":[{"id":336253,"href":"https:\/\/globecore.com\/fr\/wp-json\/wp\/v2\/pages\/248838\/revisions\/336253"}],"up":[{"embeddable":true,"href":"https:\/\/globecore.com\/fr\/wp-json\/wp\/v2\/pages\/35100"}],"wp:featuredmedia":[{"embeddable":true,"href":"https:\/\/globecore.com\/fr\/wp-json\/wp\/v2\/media\/43449"}],"wp:attachment":[{"href":"https:\/\/globecore.com\/fr\/wp-json\/wp\/v2\/media?parent=248838"}],"wp:term":[{"taxonomy":"category","embeddable":true,"href":"https:\/\/globecore.com\/fr\/wp-json\/wp\/v2\/categories?post=248838"}],"curies":[{"name":"wp","href":"https:\/\/api.w.org\/{rel}","templated":true}]}}