{"id":248855,"date":"2024-11-01T12:57:30","date_gmt":"2024-11-01T12:57:30","guid":{"rendered":"https:\/\/globecore.com\/products\/appareils-de-mesure\/tor-6-transformer-oil-moisture-and-particles-tester\/"},"modified":"2026-03-06T13:32:44","modified_gmt":"2026-03-06T13:32:44","slug":"tor-6-transformer-oil-moisture-and-particles-tester","status":"publish","type":"page","link":"https:\/\/globecore.com\/fr\/products\/appareils-de-mesure\/tor-6-transformer-oil-moisture-and-particles-tester\/","title":{"rendered":"TOR-6 Testeur d&rsquo;humidit\u00e9 et de particules pour huile de transformateur"},"content":{"rendered":"","protected":false},"excerpt":{"rendered":"<p>Le TOR-6 est un testeur express d\u2019huile pour transformateurs qui effectue des mesures de haute pr\u00e9cision de la teneur en humidit\u00e9 et de la puret\u00e9 (niveaux de contamination) dans les huiles min\u00e9rales et \u00e0 base d\u2019esters. Il mesure l\u2019activit\u00e9 de l\u2019eau (aw) de 0 \u00e0 1 avec une pr\u00e9cision de \u00b110\u202f% ou \u00b110\u202fppm \u00e0 20\u202f\u00b0C et enregistre \u00e9galement la temp\u00e9rature. L\u2019appareil \u00e9value la puret\u00e9 de l\u2019huile selon les normes ISO 99 (ISO 4406:1999), SAE AS 4059, ISO 87 (ISO 4406:1987) et NAS 1638.<\/p>\n","protected":false},"author":7,"featured_media":129844,"parent":32160,"menu_order":0,"comment_status":"closed","ping_status":"closed","template":"templates\/single-product.php","meta":{"_acf_changed":false,"_bbp_topic_count":0,"_bbp_reply_count":0,"_bbp_total_topic_count":0,"_bbp_total_reply_count":0,"_bbp_voice_count":0,"_bbp_anonymous_reply_count":0,"_bbp_topic_count_hidden":0,"_bbp_reply_count_hidden":0,"_bbp_forum_subforum_count":0,"footnotes":""},"categories":[1632],"class_list":["post-248855","page","type-page","status-publish","has-post-thumbnail","hentry","category-appareils-de-mesure","oil_type-carburant-diesel","oil_type-huile-hydraulique","oil_type-huile-industrielle","oil_type-huile-pour-transformateur","process_type-test-dhumidite","process_type-test-de-classe-de-proprete-des-particules"],"acf":{"add_tab":[{"tab_title":"Description","tab_content":"<p style=\"text-align: justify;\">Le TOR-6 effectue des tests de haute pr\u00e9cision pour d\u00e9terminer la teneur en humidit\u00e9 et les niveaux de puret\u00e9 ou de contamination des huiles \u00e0 base min\u00e9rale et ester.<\/p>"}],"add_def_tab":[{"tab_title":"Sp\u00e9cifications","tab_content":"<table width=\"602\">\r\n<tbody>\r\n<tr>\r\n<td width=\"52\"><strong>No.<\/strong><\/td>\r\n<td width=\"269\"><strong>Param\u00e8tre<\/strong><\/td>\r\n<td width=\"281\"><strong>Valeur<\/strong><\/td>\r\n<\/tr>\r\n<tr>\r\n<td colspan=\"3\" width=\"602\">\r\n<p style=\"text-align: center;\"><strong>Caract\u00e9ristiques de mesure de l\u2019humidit\u00e9<\/strong><\/p>\r\n<\/td>\r\n<\/tr>\r\n<tr>\r\n<td width=\"52\">1<\/td>\r\n<td width=\"269\">Plage de fonctionnement, aw (eau active)<\/td>\r\n<td width=\"281\">\r\n<p style=\"text-align: center;\">0\u20261<\/p>\r\n<\/td>\r\n<\/tr>\r\n<tr>\r\n<td width=\"52\">2<\/td>\r\n<td width=\"269\">Pr\u00e9cision \u00e0 20 \u00b0C<\/td>\r\n<td width=\"281\">\r\n<p style=\"text-align: center;\">\u00b110 % ou \u00b110 ppm<\/p>\r\n<\/td>\r\n<\/tr>\r\n<tr>\r\n<td width=\"52\">3<\/td>\r\n<td width=\"269\">Mesure de la temp\u00e9rature<\/td>\r\n<td width=\"281\">\r\n<p style=\"text-align: center;\">Oui<\/p>\r\n<\/td>\r\n<\/tr>\r\n<tr>\r\n<td colspan=\"3\" width=\"602\">\r\n<p style=\"text-align: center;\"><strong>Caract\u00e9ristiques de puret\u00e9 ou de niveau de contamination<\/strong><\/p>\r\n<\/td>\r\n<\/tr>\r\n<tr>\r\n<td width=\"52\">4<\/td>\r\n<td width=\"269\">Plage de viscosit\u00e9 admissible, mm\u00b2\/sec<\/td>\r\n<td width=\"281\">\r\n<p style=\"text-align: center;\">1 \u00e0 1,000<\/p>\r\n<\/td>\r\n<\/tr>\r\n<tr>\r\n<td width=\"52\">5<\/td>\r\n<td width=\"269\">Normes respect\u00e9es pour d\u00e9terminer la classe de puret\u00e9<\/td>\r\n<td width=\"281\">\r\n<p style=\"text-align: center;\">ISO 99 (ISO 4406:1999)<\/p>\r\n<p style=\"text-align: center;\">SAE (SAE AS 4059) ou<\/p>\r\n<p style=\"text-align: center;\">ISO 87 (ISO 4406:1987)<\/p>\r\n<p style=\"text-align: center;\">NAS (NAS 1638)<\/p>\r\n<\/td>\r\n<\/tr>\r\n<tr>\r\n<td width=\"52\">6<\/td>\r\n<td width=\"269\">Plage de mesure<\/td>\r\n<td width=\"281\">\r\n<p style=\"text-align: center;\">De ISO 9\/8\/7 (min) \u00e0 ISO 25\/24\/23 (max)<\/p>\r\n<p style=\"text-align: center;\">Calibr\u00e9 dans la plage ISO de 13\/11\/10 \u00e0 23\/21\/18<\/p>\r\n<\/td>\r\n<\/tr>\r\n<tr>\r\n<td width=\"52\">7<\/td>\r\n<td width=\"269\">Pr\u00e9cision<\/td>\r\n<td width=\"281\">\r\n<p style=\"text-align: center;\">Classe ISO \u00b1 1\/2 dans la plage calibr\u00e9e<\/p>\r\n<\/td>\r\n<\/tr>\r\n<tr>\r\n<td width=\"52\">8<\/td>\r\n<td width=\"269\">Puissance requise, W<\/td>\r\n<td width=\"281\">\r\n<p style=\"text-align: center;\">3<\/p>\r\n<\/td>\r\n<\/tr>\r\n<tr>\r\n<td width=\"52\">9<\/td>\r\n<td width=\"269\">Tension d\u2019alimentation CA monophas\u00e9e 50 Hz, V<\/td>\r\n<td width=\"281\">\r\n<p style=\"text-align: center;\">220<\/p>\r\n<\/td>\r\n<\/tr>\r\n<tr>\r\n<td width=\"52\">10<\/td>\r\n<td width=\"269\">Dimensions, mm, maximum\r\n\r\n\u2014 longueur\r\n\r\n\u2014 largeur\r\n\r\n\u2014 hauteur<\/td>\r\n<td width=\"281\">&nbsp;\r\n<p style=\"text-align: center;\">235<\/p>\r\n<p style=\"text-align: center;\">275<\/p>\r\n<p style=\"text-align: center;\">370<\/p>\r\n<\/td>\r\n<\/tr>\r\n<tr>\r\n<td width=\"52\">11<\/td>\r\n<td width=\"269\">Poids, kg, pas plus de<\/td>\r\n<td width=\"281\">\r\n<p style=\"text-align: center;\">10<\/p>\r\n<\/td>\r\n<\/tr>\r\n<\/tbody>\r\n<\/table>"},{"tab_title":"Avantages","tab_content":"<ul>\r\n \t<li>Taille compacte<\/li>\r\n \t<li>Polyvalence<\/li>\r\n<\/ul>"},{"tab_title":"Application","tab_content":"[product_oil_types]"}],"add_video_tab":null,"add_gallery_tab":null,"add_price_tab":null},"language":"fr","_links":{"self":[{"href":"https:\/\/globecore.com\/fr\/wp-json\/wp\/v2\/pages\/248855","targetHints":{"allow":["GET"]}}],"collection":[{"href":"https:\/\/globecore.com\/fr\/wp-json\/wp\/v2\/pages"}],"about":[{"href":"https:\/\/globecore.com\/fr\/wp-json\/wp\/v2\/types\/page"}],"author":[{"embeddable":true,"href":"https:\/\/globecore.com\/fr\/wp-json\/wp\/v2\/users\/7"}],"replies":[{"embeddable":true,"href":"https:\/\/globecore.com\/fr\/wp-json\/wp\/v2\/comments?post=248855"}],"version-history":[{"count":2,"href":"https:\/\/globecore.com\/fr\/wp-json\/wp\/v2\/pages\/248855\/revisions"}],"predecessor-version":[{"id":336195,"href":"https:\/\/globecore.com\/fr\/wp-json\/wp\/v2\/pages\/248855\/revisions\/336195"}],"up":[{"embeddable":true,"href":"https:\/\/globecore.com\/fr\/wp-json\/wp\/v2\/pages\/32160"}],"wp:featuredmedia":[{"embeddable":true,"href":"https:\/\/globecore.com\/fr\/wp-json\/wp\/v2\/media\/129844"}],"wp:attachment":[{"href":"https:\/\/globecore.com\/fr\/wp-json\/wp\/v2\/media?parent=248855"}],"wp:term":[{"taxonomy":"category","embeddable":true,"href":"https:\/\/globecore.com\/fr\/wp-json\/wp\/v2\/categories?post=248855"}],"curies":[{"name":"wp","href":"https:\/\/api.w.org\/{rel}","templated":true}]}}