{"id":248859,"date":"2023-05-05T11:33:16","date_gmt":"2023-05-05T11:33:16","guid":{"rendered":"https:\/\/globecore.com\/products\/appareils-de-mesure\/breakdown-voltage-tester-tor-60-tor-60-lsl\/"},"modified":"2026-03-06T13:49:12","modified_gmt":"2026-03-06T13:49:12","slug":"breakdown-voltage-tester-tor-60-tor-60-lsl","status":"publish","type":"page","link":"https:\/\/globecore.com\/fr\/products\/appareils-de-mesure\/breakdown-voltage-tester-tor-60-tor-60-lsl\/","title":{"rendered":"TOR-60 (TOR-60 SL) Testeur de tension de claquage"},"content":{"rendered":"","protected":false},"excerpt":{"rendered":"<p>L\u2019unit\u00e9 TOR-60 est con\u00e7ue pour la mesure automatis\u00e9e et pr\u00e9cise de la rigidit\u00e9 di\u00e9lectrique (tension de claquage jusqu\u2019\u00e0 60\u202fkV) de l\u2019huile de transformateur et d\u2019autres fluides di\u00e9lectriques selon IEC 60156, ASTM D877 et ASTM D1816. Elle peut fonctionner de mani\u00e8re autonome ou en r\u00e9seau, transf\u00e9rant les r\u00e9sultats vers un PC pour cr\u00e9er une base de donn\u00e9es locale, g\u00e9n\u00e9rer des rapports, tracer des graphiques et imprimer les r\u00e9sultats. L\u2019appareil est enti\u00e8rement automatique et permet les tests selon les proc\u00e9dures standard ainsi que selon des proc\u00e9dures personnalis\u00e9es d\u00e9finies par l\u2019utilisateur.<\/p>\n","protected":false},"author":7,"featured_media":110604,"parent":32160,"menu_order":0,"comment_status":"closed","ping_status":"closed","template":"templates\/single-product.php","meta":{"_acf_changed":false,"_bbp_topic_count":0,"_bbp_reply_count":0,"_bbp_total_topic_count":0,"_bbp_total_reply_count":0,"_bbp_voice_count":0,"_bbp_anonymous_reply_count":0,"_bbp_topic_count_hidden":0,"_bbp_reply_count_hidden":0,"_bbp_forum_subforum_count":0,"footnotes":""},"categories":[1632],"class_list":["post-248859","page","type-page","status-publish","has-post-thumbnail","hentry","category-appareils-de-mesure","oil_type-fluide-dielectrique-fr3","oil_type-fluide-dielectrique-midel-7131","oil_type-huile-de-silicone","oil_type-huile-pour-transformateur","process_type-test-de-tension-de-claquage"],"acf":{"add_tab":[{"tab_title":"Description","tab_content":"L\u2019unit\u00e9 TOR-60 est con\u00e7ue pour mesurer la rigidit\u00e9 di\u00e9lectrique de l\u2019huile de transformateur et d\u2019autres fluides di\u00e9lectriques conform\u00e9ment aux normes <strong>IEC 60156<\/strong>, <strong>ASTM D877<\/strong> et <strong>ASTM D1816<\/strong>.\r\n\r\n<strong>Caract\u00e9ristiques principales :<\/strong>\r\n<ul>\r\n \t<li><strong>Automatisation compl\u00e8te :<\/strong> permet de tester selon les proc\u00e9dures d\u00e9finies par ces normes ou selon les proc\u00e9dures personnalis\u00e9es sp\u00e9cifi\u00e9es dans le menu de configuration.<\/li>\r\n<\/ul>\r\n<h3 style=\"text-align: center;\"><strong>Principe de fonctionnement<\/strong><\/h3>\r\nLe c\u0153ur de l'unit\u00e9 est compos\u00e9 d'un <strong>transformateur haute tension<\/strong> et de modules \u00e9lectroniques.\r\n<ol>\r\n \t<li><strong>Mont\u00e9e progressive de la tension :<\/strong>\r\nLa tension sur l\u2019enroulement secondaire du transformateur haute tension augmente progressivement, partant de z\u00e9ro jusqu'\u00e0 la tension maximale ou jusqu\u2019\u00e0 la tension \u00e0 laquelle un claquage \u00e9lectrique se produit dans le fluide di\u00e9lectrique.<\/li>\r\n \t<li><strong>Commandes \u00e9lectroniques :<\/strong>\r\n<ul>\r\n \t<li>La tension dans l\u2019enroulement secondaire est g\u00e9n\u00e9r\u00e9e gr\u00e2ce \u00e0 l\u2019augmentation progressive de la tension dans l\u2019enroulement primaire, aliment\u00e9 par une tension sinuso\u00efdale provenant de l\u2019onduleur de commande (un des modules \u00e9lectroniques).<\/li>\r\n \t<li>La mont\u00e9e en tension est g\u00e9r\u00e9e par un microcontr\u00f4leur via l\u2019onduleur de commande, lui-m\u00eame pilot\u00e9 par le module de contr\u00f4le de l\u2019unit\u00e9.<\/li>\r\n<\/ul>\r\n<\/li>\r\n \t<li><strong>Processus de mesure :<\/strong>\r\n<ul>\r\n \t<li>Une tension alternative (AC, 50-60Hz) est appliqu\u00e9e aux bornes de l\u2019enroulement secondaire, passant par les \u00e9lectrodes de la cellule de mesure, dans le fluide di\u00e9lectrique.<\/li>\r\n \t<li>Un claquage \u00e9lectrique se produit entre les \u00e9lectrodes dans l\u2019espace rempli du fluide di\u00e9lectrique.<\/li>\r\n<\/ul>\r\n<\/li>\r\n<\/ol>\r\nLe TOR-60 permet une mesure pr\u00e9cise et conforme, garantissant une \u00e9valuation fiable de la qualit\u00e9 et de la s\u00e9curit\u00e9 des fluides di\u00e9lectriques utilis\u00e9s dans les transformateurs et autres \u00e9quipements."}],"add_def_tab":[{"tab_title":"Caract\u00e9ristiques","tab_content":"<table width=\"614\">\r\n<tbody>\r\n<tr>\r\n<td width=\"40\"><strong>No<\/strong><\/td>\r\n<td style=\"text-align: center;\" width=\"267\"><strong>Param\u00e8tre<\/strong><\/td>\r\n<td style=\"text-align: center;\" width=\"153\"><strong>Valeur<\/strong><\/td>\r\n<\/tr>\r\n<tr>\r\n<td width=\"40\">1<\/td>\r\n<td style=\"text-align: left;\" width=\"267\">Tension CA de fonctionnement (batterie rechargeable interne), V<\/td>\r\n<td style=\"text-align: center;\" width=\"153\">85 \u2014 264<\/td>\r\n<\/tr>\r\n<tr>\r\n<td width=\"40\">2<\/td>\r\n<td style=\"text-align: left;\" width=\"267\">Fr\u00e9quence d\u2019alimentation, Hz<\/td>\r\n<td style=\"text-align: center;\" width=\"153\">48 \u2013 63<\/td>\r\n<\/tr>\r\n<tr>\r\n<td width=\"40\">3<\/td>\r\n<td style=\"text-align: left;\" width=\"267\">Puissance requise, VA<\/td>\r\n<td style=\"text-align: center;\" width=\"153\">70 max<\/td>\r\n<\/tr>\r\n<tr>\r\n<td width=\"40\">3<\/td>\r\n<td style=\"text-align: left;\" width=\"267\">Tension de sortie maximale, kV<\/td>\r\n<td style=\"text-align: center;\" width=\"153\">Sinuso\u00efdale, jusqu\u2019\u00e0 60 kV<\/td>\r\n<\/tr>\r\n<tr>\r\n<td width=\"40\">4<\/td>\r\n<td style=\"text-align: left;\" width=\"267\">Pr\u00e9cision de mesure de la tension de sortie<\/td>\r\n<td style=\"text-align: center;\" width=\"153\">\u00b11 %<\/td>\r\n<\/tr>\r\n<tr>\r\n<td width=\"40\">5<\/td>\r\n<td style=\"text-align: left;\" width=\"267\">Taux d\u2019augmentation de la tension, kV\/s<\/td>\r\n<td style=\"text-align: center;\" width=\"153\">0,5 \u00e0 10 *<\/td>\r\n<\/tr>\r\n<tr>\r\n<td width=\"40\">6<\/td>\r\n<td style=\"text-align: left;\" width=\"267\">R\u00e9solution de l\u2019indication de la tension de sortie, V<\/td>\r\n<td style=\"text-align: center;\" width=\"153\">100<\/td>\r\n<\/tr>\r\n<tr>\r\n<td width=\"40\">7<\/td>\r\n<td style=\"text-align: left;\" width=\"267\">Temps d\u2019arr\u00eat haute tension apr\u00e8s claquage, \u03bcs<\/td>\r\n<td width=\"153\">\r\n<p style=\"text-align: center;\">10 max, 4 typique<\/p>\r\n<\/td>\r\n<\/tr>\r\n<tr>\r\n<td width=\"40\">8<\/td>\r\n<td width=\"267\">Volume de la cellule de mesure, cm<sup>3<\/sup> (in<sup>3<\/sup>)<\/td>\r\n<td style=\"text-align: center;\" width=\"153\">500 (30)<\/td>\r\n<\/tr>\r\n<tr>\r\n<td width=\"40\">9<\/td>\r\n<td width=\"267\">Plage de temp\u00e9rature ambiante mesur\u00e9e, \u00b0\u0421 (\u00b0F)<\/td>\r\n<td style=\"text-align: center;\" width=\"153\">-10 \u2013 50 (14 \u2013 212)<\/td>\r\n<\/tr>\r\n<tr>\r\n<td width=\"40\">10<\/td>\r\n<td width=\"267\">R\u00e9solution de la mesure de temp\u00e9rature, \u00b0\u0421 (\u00b0F)<\/td>\r\n<td style=\"text-align: center;\" width=\"153\">0,1 (32,18)<\/td>\r\n<\/tr>\r\n<tr>\r\n<td width=\"40\">11<\/td>\r\n<td width=\"267\">Imprimante int\u00e9gr\u00e9e<\/td>\r\n<td style=\"text-align: center;\" width=\"153\">Oui<\/td>\r\n<\/tr>\r\n<tr>\r\n<td width=\"40\">12<\/td>\r\n<td width=\"267\">Temp\u00e9rature de fonctionnement, \u00b0\u0421 (\u00b0F)<\/td>\r\n<td style=\"text-align: center;\" width=\"153\">-10 \u2013 50 (14 \u2013 122)<\/td>\r\n<\/tr>\r\n<tr>\r\n<td width=\"40\">13<\/td>\r\n<td width=\"267\">Temp\u00e9rature de stockage, \u00b0\u0421 (\u00b0F)<\/td>\r\n<td style=\"text-align: center;\" width=\"153\">De -20 (-4) \u00e0 +60 (140)<\/td>\r\n<\/tr>\r\n<tr>\r\n<td width=\"40\">14<\/td>\r\n<td style=\"text-align: left;\" width=\"267\">Humidit\u00e9 relative, %<\/td>\r\n<td style=\"text-align: center;\" width=\"153\">Jusqu\u2019\u00e0 90 sans condensation<\/td>\r\n<\/tr>\r\n<tr>\r\n<td width=\"40\">15<\/td>\r\n<td style=\"text-align: left;\" width=\"267\">Dimensions, mm (in)<\/td>\r\n<td style=\"text-align: center;\" width=\"153\">510 (20) \u0425 300 (12) \u0425 334 (13)<\/td>\r\n<\/tr>\r\n<tr>\r\n<td width=\"40\">16<\/td>\r\n<td style=\"text-align: left;\" width=\"267\">Poids, kg (lbs), max<\/td>\r\n<td style=\"text-align: center;\" width=\"153\">30 (66)<\/td>\r\n<\/tr>\r\n<\/tbody>\r\n<\/table>\r\n*- R\u00e9glable"},{"tab_title":"Avantages","tab_content":"<ul>\r\n \t<li style=\"text-align: justify;\"><strong>Mesure automatis\u00e9e et pr\u00e9cise<\/strong> de la tension de rupture jusqu\u2019\u00e0 60 kV ;<\/li>\r\n \t<li style=\"text-align: justify;\"><strong>D\u00e9connexion instantan\u00e9e<\/strong> (4 \u03bcs) de la tension d\u2019essai en cas de claquage ;<\/li>\r\n \t<li style=\"text-align: justify;\"><strong>Fonctionnement autonome ou en r\u00e9seau<\/strong> avec transfert des r\u00e9sultats vers un PC, cr\u00e9ation d\u2019une base de donn\u00e9es locale, g\u00e9n\u00e9ration de rapports, tra\u00e7age de graphiques et impression des r\u00e9sultats ;<\/li>\r\n \t<li style=\"text-align: justify;\"><strong>Logiciel int\u00e9gr\u00e9<\/strong> pour la mise en \u0153uvre de proc\u00e9dures de mesure standard et personnalis\u00e9es \u2014 le dispositif peut \u00eatre utilis\u00e9 \u00e0 des fins de recherche ;<\/li>\r\n \t<li style=\"text-align: justify;\"><strong>Simplicit\u00e9 d\u2019utilisation et d\u2019entretien<\/strong>.<\/li>\r\n<\/ul>"},{"tab_title":"Application","tab_content":"[product_oil_types]"}],"add_video_tab":null,"add_gallery_tab":null,"add_price_tab":null},"language":"fr","_links":{"self":[{"href":"https:\/\/globecore.com\/fr\/wp-json\/wp\/v2\/pages\/248859","targetHints":{"allow":["GET"]}}],"collection":[{"href":"https:\/\/globecore.com\/fr\/wp-json\/wp\/v2\/pages"}],"about":[{"href":"https:\/\/globecore.com\/fr\/wp-json\/wp\/v2\/types\/page"}],"author":[{"embeddable":true,"href":"https:\/\/globecore.com\/fr\/wp-json\/wp\/v2\/users\/7"}],"replies":[{"embeddable":true,"href":"https:\/\/globecore.com\/fr\/wp-json\/wp\/v2\/comments?post=248859"}],"version-history":[{"count":3,"href":"https:\/\/globecore.com\/fr\/wp-json\/wp\/v2\/pages\/248859\/revisions"}],"predecessor-version":[{"id":336208,"href":"https:\/\/globecore.com\/fr\/wp-json\/wp\/v2\/pages\/248859\/revisions\/336208"}],"up":[{"embeddable":true,"href":"https:\/\/globecore.com\/fr\/wp-json\/wp\/v2\/pages\/32160"}],"wp:featuredmedia":[{"embeddable":true,"href":"https:\/\/globecore.com\/fr\/wp-json\/wp\/v2\/media\/110604"}],"wp:attachment":[{"href":"https:\/\/globecore.com\/fr\/wp-json\/wp\/v2\/media?parent=248859"}],"wp:term":[{"taxonomy":"category","embeddable":true,"href":"https:\/\/globecore.com\/fr\/wp-json\/wp\/v2\/categories?post=248859"}],"curies":[{"name":"wp","href":"https:\/\/api.w.org\/{rel}","templated":true}]}}