{"id":248864,"date":"2023-12-29T12:43:30","date_gmt":"2023-12-29T12:43:30","guid":{"rendered":"https:\/\/globecore.com\/products\/appareils-de-mesure\/universal-transformer-oil-tester-tor-7-moisture-gases-solid-particles\/"},"modified":"2026-03-06T13:36:44","modified_gmt":"2026-03-06T13:36:44","slug":"universal-transformer-oil-tester-tor-7-moisture-gases-solid-particles","status":"publish","type":"page","link":"https:\/\/globecore.com\/fr\/products\/appareils-de-mesure\/universal-transformer-oil-tester-tor-7-moisture-gases-solid-particles\/","title":{"rendered":"TOR-7 Testeur universel pour huile de transformateur (humidit\u00e9, gaz, particules solides)"},"content":{"rendered":"","protected":false},"excerpt":{"rendered":"<p>Le TOR-7 est un testeur d\u2019huile pour transformateurs qui mesure l\u2019humidit\u00e9, l\u2019hydrog\u00e8ne, la teneur en gaz et la contamination par des particules solides dans un seul appareil. L\u2019activit\u00e9 de l\u2019eau (aw) est mesur\u00e9e de 0 \u00e0 1 avec une grande pr\u00e9cision et la temp\u00e9rature est \u00e9galement enregistr\u00e9e. L\u2019hydrog\u00e8ne et la contamination sont mesur\u00e9s de 25 \u00e0 5.000\u202fppm avec une bonne pr\u00e9cision et une faible sensibilit\u00e9 crois\u00e9e aux autres gaz. La puret\u00e9 de l\u2019huile est \u00e9valu\u00e9e selon les normes ISO 4406 et SAE, couvrant une plage de viscosit\u00e9 de 1 \u00e0 1.000\u202fmm\u00b2\/s et des classes de contamination ISO de 9\/8\/7 \u00e0 25\/24\/23.<\/p>\n","protected":false},"author":7,"featured_media":109875,"parent":32160,"menu_order":0,"comment_status":"closed","ping_status":"closed","template":"templates\/single-product.php","meta":{"_acf_changed":false,"_bbp_topic_count":0,"_bbp_reply_count":0,"_bbp_total_topic_count":0,"_bbp_total_reply_count":0,"_bbp_voice_count":0,"_bbp_anonymous_reply_count":0,"_bbp_topic_count_hidden":0,"_bbp_reply_count_hidden":0,"_bbp_forum_subforum_count":0,"footnotes":""},"categories":[1632],"class_list":["post-248864","page","type-page","status-publish","has-post-thumbnail","hentry","category-appareils-de-mesure","oil_type-fluide-dielectrique-fr3","oil_type-fluide-dielectrique-midel-7131","oil_type-huile-de-silicone","oil_type-huile-pour-transformateur","process_type-test-a-lhydrogene","process_type-test-dhumidite","process_type-test-de-classe-de-proprete-des-particules","process_type-test-de-gaz-residuel"],"acf":{"add_tab":[{"tab_title":"Description","tab_content":"<p style=\"text-align: justify;\">Le TOR-7 est con\u00e7u pour d\u00e9terminer le contenu volumique en gaz, l'humidit\u00e9, la contamination par des particules solides et la teneur en hydrog\u00e8ne dans l'huile de transformateur. L'appareil permet d'analyser les huiles de transformateur min\u00e9rales ayant les caract\u00e9ristiques suivantes :<\/p>\r\n\r\n<ul style=\"text-align: justify;\">\r\n \t<li><strong>Viscosit\u00e9 cin\u00e9matique \u00e0 50 \u00b0C :<\/strong> 2...12 mm\u00b2\/s ;<\/li>\r\n \t<li><strong>Densit\u00e9 \u00e0 20 \u00b0C :<\/strong> 800...950 kg\/m\u00b3 ;<\/li>\r\n \t<li><strong>Teneur massique en humidit\u00e9 :<\/strong> pas plus de 10 ppm ;<\/li>\r\n \t<li><strong>Classe de puret\u00e9 industrielle selon ISO 4406 :<\/strong> pas inf\u00e9rieure \u00e0 21\/19\/16.<\/li>\r\n<\/ul>\r\n<h3 style=\"text-align: center;\"><strong>Principe de fonctionnement<\/strong><\/h3>\r\n<p style=\"text-align: justify;\">Les mesures sont bas\u00e9es sur le suivi des variations de pression du gaz dans un cylindre mis sous vide pendant le versement d'une portion d'huile.<\/p>\r\n\r\n<ol style=\"text-align: justify;\">\r\n \t<li>En consid\u00e9rant les volumes du cylindre et de l'huile vers\u00e9e ainsi que la pression \u00e0 l'int\u00e9rieur du cylindre avant et apr\u00e8s le versement, la teneur volumique en gaz est d\u00e9termin\u00e9e.<\/li>\r\n \t<li>Gr\u00e2ce \u00e0 des capteurs et une carte de contr\u00f4le, les param\u00e8tres suivants sont calcul\u00e9s et affich\u00e9s sur l'\u00e9cran :\r\n<ul>\r\n \t<li><strong>Contenu en humidit\u00e9<\/strong> ;<\/li>\r\n \t<li><strong>Temp\u00e9rature de l'huile<\/strong> ;<\/li>\r\n \t<li><strong>Teneur en hydrog\u00e8ne<\/strong> ;<\/li>\r\n \t<li><strong>Nombre de particules solides<\/strong>.<\/li>\r\n<\/ul>\r\n<\/li>\r\n<\/ol>\r\n<p style=\"text-align: justify;\">Le TOR-7 est un outil pr\u00e9cis et polyvalent pour \u00e9valuer la qualit\u00e9 de l'huile de transformateur, garantissant une utilisation optimale des \u00e9quipements \u00e9lectriques.<\/p>"}],"add_def_tab":[{"tab_title":"Caract\u00e9ristiques","tab_content":"<h2 style=\"text-align: center;\">Sp\u00e9cifications techniques g\u00e9n\u00e9rales<\/h2>\r\n<table>\r\n<tbody>\r\n<tr>\r\n<td><strong>\u2116<\/strong><\/td>\r\n<td>\r\n<p style=\"text-align: center;\"><strong>Param\u00e8tre<\/strong><\/p>\r\n<\/td>\r\n<td>\r\n<p style=\"text-align: center;\"><strong>Valeur<\/strong><\/p>\r\n<\/td>\r\n<\/tr>\r\n<tr>\r\n<td><em>1<\/em><\/td>\r\n<td>Volume de la cellule de mesure, l<\/td>\r\n<td>\r\n<p style=\"text-align: center;\">1,2<\/p>\r\n<\/td>\r\n<\/tr>\r\n<tr>\r\n<td><em>2<\/em><\/td>\r\n<td>Volume de l\u2019\u00e9chantillon d\u2019huile, l<\/td>\r\n<td style=\"text-align: center;\">0,5 \u2013 0,7<\/td>\r\n<\/tr>\r\n<tr>\r\n<td><em>3<\/em><\/td>\r\n<td>Pression maximale dans l\u2019appareil, Pa<\/td>\r\n<td>\r\n<p style=\"text-align: center;\">0,3<\/p>\r\n<\/td>\r\n<\/tr>\r\n<tr>\r\n<td><em>4<\/em><\/td>\r\n<td>Fuite maximale dans l\u2019appareil, Pa<\/td>\r\n<td>\r\n<p style=\"text-align: center;\">26<\/p>\r\n<\/td>\r\n<\/tr>\r\n<tr>\r\n<td><em>5<\/em><\/td>\r\n<td>Pression d\u2019entr\u00e9e d\u2019huile, bar<\/td>\r\n<td>\r\n<p style=\"text-align: center;\">0,3 \u2014 3<\/p>\r\n<\/td>\r\n<\/tr>\r\n<tr>\r\n<td><em>6<\/em><\/td>\r\n<td>Temp\u00e9rature de l\u2019huile mesur\u00e9e, \u00ba\u0421<\/td>\r\n<td>\r\n<p style=\"text-align: center;\">20 \u2014 90<\/p>\r\n<\/td>\r\n<\/tr>\r\n<tr>\r\n<td><em>7<\/em><\/td>\r\n<td>Consommation \u00e9lectrique maximale, kW, pas plus<\/td>\r\n<td>\r\n<p style=\"text-align: center;\">1<\/p>\r\n<\/td>\r\n<\/tr>\r\n<tr>\r\n<td><em>8<\/em><\/td>\r\n<td>Param\u00e8tres du courant \u00e9lectrique :\r\n\u2014 tension, V\r\n\u2014 variable avec fr\u00e9quence, Hz<\/td>\r\n<td>\r\n<p style=\"text-align: center;\">Sur demande du client<\/p>\r\n<\/td>\r\n<\/tr>\r\n<tr>\r\n<td><em>9<\/em><\/td>\r\n<td>Dimensions globales, mm, pas plus :\r\n\u2014 longueur\r\n\u2014 hauteur\r\n\u2014 largeur<\/td>\r\n<td>\r\n<p style=\"text-align: center;\">465<\/p>\r\n<p style=\"text-align: center;\">530<\/p>\r\n<p style=\"text-align: center;\">375<\/p>\r\n<\/td>\r\n<\/tr>\r\n<tr>\r\n<td>10<\/td>\r\n<td>Poids, kg, pas plus<\/td>\r\n<td>\r\n<p style=\"text-align: center;\">40<\/p>\r\n<\/td>\r\n<\/tr>\r\n<\/tbody>\r\n<\/table>\r\n<h2 style=\"text-align: center;\">Caract\u00e9ristiques de mesure de l\u2019huile<\/h2>\r\n<table>\r\n<tbody>\r\n<tr>\r\n<td><strong>\u2116<\/strong><\/td>\r\n<td style=\"text-align: center;\"><strong>Param\u00e8tre<\/strong><\/td>\r\n<td style=\"text-align: center;\"><strong>Valeur<\/strong><\/td>\r\n<td><\/td>\r\n<\/tr>\r\n<tr>\r\n<td style=\"text-align: center;\" colspan=\"4\"><strong>Caract\u00e9ristiques de mesure de l\u2019humidit\u00e9<\/strong><\/td>\r\n<\/tr>\r\n<tr>\r\n<td>1<\/td>\r\n<td>Plage de fonctionnement, aw (activit\u00e9 de l\u2019eau)<\/td>\r\n<td style=\"text-align: center;\">0\u20261<\/td>\r\n<td><\/td>\r\n<\/tr>\r\n<tr>\r\n<td>2<\/td>\r\n<td>Pr\u00e9cision \u00e0 20 \u00b0C<\/td>\r\n<td style=\"text-align: center;\">\u00b10.02 aw (0\u20260.9 aw) \u00b10.03 aw (0.9\u20261 aw)<\/td>\r\n<td><\/td>\r\n<\/tr>\r\n<tr>\r\n<td>3<\/td>\r\n<td>Mesure de temp\u00e9rature<\/td>\r\n<td style=\"text-align: center;\">Oui<\/td>\r\n<td><\/td>\r\n<\/tr>\r\n<tr>\r\n<td>4<\/td>\r\n<td>Temp\u00e9rature de l\u2019environnement de travail, \u00b0C<\/td>\r\n<td style=\"text-align: center;\">0\u202655<\/td>\r\n<td><\/td>\r\n<\/tr>\r\n<tr>\r\n<td style=\"text-align: center;\" colspan=\"4\"><strong>Caract\u00e9ristiques de mesure de l\u2019hydrog\u00e8ne<\/strong><\/td>\r\n<\/tr>\r\n<tr>\r\n<td>6<\/td>\r\n<td>Plage de mesure, ppm<\/td>\r\n<td style=\"text-align: center;\">25-5000<\/td>\r\n<td><\/td>\r\n<\/tr>\r\n<tr>\r\n<td>7<\/td>\r\n<td>Pr\u00e9cision<\/td>\r\n<td style=\"text-align: center;\">20 % de la mesure ou 25 ppm<\/td>\r\n<td><\/td>\r\n<\/tr>\r\n<tr>\r\n<td>8<\/td>\r\n<td>R\u00e9p\u00e9tabilit\u00e9<\/td>\r\n<td style=\"text-align: center;\">10 % de la mesure ou 15 ppm<\/td>\r\n<td><\/td>\r\n<\/tr>\r\n<tr>\r\n<td>9<\/td>\r\n<td>Temps de r\u00e9ponse<\/td>\r\n<td style=\"text-align: center;\">&lt;60 min (90 % de changement d\u2019\u00e9tape)<\/td>\r\n<td><\/td>\r\n<\/tr>\r\n<tr>\r\n<td>10<\/td>\r\n<td>Sensibilit\u00e9 crois\u00e9e<\/td>\r\n<td style=\"text-align: center;\">Moins de 2 % de sensibilit\u00e9 crois\u00e9e avec d\u2019autres gaz (CO, CO2, hydrocarbures)<\/td>\r\n<td><\/td>\r\n<\/tr>\r\n<tr>\r\n<td>11<\/td>\r\n<td>Temp\u00e9rature de l\u2019environnement de travail, \u00b0C<\/td>\r\n<td style=\"text-align: center;\">0\u202655<\/td>\r\n<td><\/td>\r\n<\/tr>\r\n<tr>\r\n<td style=\"text-align: center;\" colspan=\"4\"><strong>Caract\u00e9ristiques de mesure de la contamination<\/strong><\/td>\r\n<\/tr>\r\n<tr>\r\n<td>12<\/td>\r\n<td>Plage acceptable de viscosit\u00e9<\/td>\r\n<td style=\"text-align: center;\">1 \u00e0 1000 mm\u00b2\/s<\/td>\r\n<td><\/td>\r\n<\/tr>\r\n<tr>\r\n<td>13<\/td>\r\n<td>Variables mesur\u00e9es<\/td>\r\n<td>\r\n<p style=\"text-align: center;\">ISO 99 (ISO 4406:1999)<\/p>\r\n<p style=\"text-align: center;\">SAE (SAE AS 4059) ou<\/p>\r\n<p style=\"text-align: center;\">ISO 87 (ISO 4406:1987)<\/p>\r\n<p style=\"text-align: center;\">NAS (NAS 1638)<\/p>\r\n<\/td>\r\n<td><\/td>\r\n<\/tr>\r\n<tr>\r\n<td>14<\/td>\r\n<td>Plage de mesure<\/td>\r\n<td>\r\n<p style=\"text-align: center;\">De la classe ISO 9\/8\/7 (MIN) \u00e0 la classe ISO 25\/24\/23 (MAX)<\/p>\r\n<p style=\"text-align: center;\">Calibr\u00e9 \u00e0 la plage ISO de 11\/13\/10 \u00e0 23\/21\/18<\/p>\r\n<\/td>\r\n<td><\/td>\r\n<\/tr>\r\n<tr>\r\n<td>15<\/td>\r\n<td>Pr\u00e9cision<\/td>\r\n<td style=\"text-align: center;\">+\/- \u00bd classe ISO dans la plage calibr\u00e9e<\/td>\r\n<td><\/td>\r\n<\/tr>\r\n<tr>\r\n<td>16<\/td>\r\n<td>Temp\u00e9rature de l\u2019environnement de travail, \u00b0C<\/td>\r\n<td style=\"text-align: center;\">0 \u2026 +85<\/td>\r\n<td><\/td>\r\n<\/tr>\r\n<\/tbody>\r\n<\/table>"},{"tab_title":"Avantages","tab_content":"<ul>\r\n \t<li style=\"text-align: justify;\"><strong>Mesure de quatre param\u00e8tres essentiels de l\u2019huile de transformateur<\/strong> (humidit\u00e9, hydrog\u00e8ne, contamination par particules solides, teneur en gaz) dans un seul appareil ;<\/li>\r\n \t<li style=\"text-align: justify;\"><strong>Imprimante int\u00e9gr\u00e9e<\/strong> pour l\u2019impression directe des r\u00e9sultats de mesure ;<\/li>\r\n \t<li style=\"text-align: justify;\"><strong>Performance fiable<\/strong> ;<\/li>\r\n \t<li style=\"text-align: justify;\"><strong>Bo\u00eetier pratique et durable<\/strong>.<\/li>\r\n<\/ul>"},{"tab_title":"Application","tab_content":"[product_oil_types]"},{"tab_title":"Webinaire","tab_content":"<div class=\"responsive-embed widescreen\">\r\n<div class=\"responsive-embed widescreen\">\r\n<div class=\"responsive-embed widescreen\">\r\n<div class=\"responsive-embed widescreen\"><iframe title=\"M\u00e9thodes de d\u00e9tection des defauts dans l'huile di\u00e9lectrique des transformateurs avec les appareils d\" src=\"https:\/\/www.youtube.com\/embed\/kVbmhzYAY6k?feature=oembed\" width=\"500\" height=\"281\" frameborder=\"0\" allowfullscreen=\"allowfullscreen\"><\/iframe><\/div>\r\n<\/div>\r\n<\/div>\r\n<\/div>"}],"add_video_tab":null,"add_gallery_tab":null,"add_price_tab":null},"language":"fr","_links":{"self":[{"href":"https:\/\/globecore.com\/fr\/wp-json\/wp\/v2\/pages\/248864","targetHints":{"allow":["GET"]}}],"collection":[{"href":"https:\/\/globecore.com\/fr\/wp-json\/wp\/v2\/pages"}],"about":[{"href":"https:\/\/globecore.com\/fr\/wp-json\/wp\/v2\/types\/page"}],"author":[{"embeddable":true,"href":"https:\/\/globecore.com\/fr\/wp-json\/wp\/v2\/users\/7"}],"replies":[{"embeddable":true,"href":"https:\/\/globecore.com\/fr\/wp-json\/wp\/v2\/comments?post=248864"}],"version-history":[{"count":2,"href":"https:\/\/globecore.com\/fr\/wp-json\/wp\/v2\/pages\/248864\/revisions"}],"predecessor-version":[{"id":336199,"href":"https:\/\/globecore.com\/fr\/wp-json\/wp\/v2\/pages\/248864\/revisions\/336199"}],"up":[{"embeddable":true,"href":"https:\/\/globecore.com\/fr\/wp-json\/wp\/v2\/pages\/32160"}],"wp:featuredmedia":[{"embeddable":true,"href":"https:\/\/globecore.com\/fr\/wp-json\/wp\/v2\/media\/109875"}],"wp:attachment":[{"href":"https:\/\/globecore.com\/fr\/wp-json\/wp\/v2\/media?parent=248864"}],"wp:term":[{"taxonomy":"category","embeddable":true,"href":"https:\/\/globecore.com\/fr\/wp-json\/wp\/v2\/categories?post=248864"}],"curies":[{"name":"wp","href":"https:\/\/api.w.org\/{rel}","templated":true}]}}